{"id":6501,"date":"2018-04-14T12:46:06","date_gmt":"2018-04-14T12:46:06","guid":{"rendered":"https:\/\/dev.firestorm.ch\/?page_id=6501"},"modified":"2019-07-23T11:21:56","modified_gmt":"2019-07-23T11:21:56","slug":"protezione-ddos","status":"publish","type":"page","link":"https:\/\/www.firestorm.ch\/it\/protezione-ddos\/","title":{"rendered":"Protezione DDOS"},"content":{"rendered":"<p>[vc_row full_width=&#8221;stretch_row_content_no_spaces&#8221; content_placement=&#8221;middle&#8221; wk_overlay=&#8221;true&#8221; css=&#8221;.vc_custom_1530371942535{background-image: url(https:\/\/www.firestorm.ch\/wp-content\/uploads\/2018\/06\/DDoS-Schutz.jpg?id=7508) !important;background-position: center !important;background-repeat: no-repeat !important;background-size: cover !important;}&#8221; el_class=&#8221;wk-header&#8221;][vc_column][vc_row_inner][vc_column_inner][vc_separator color=&#8221;custom&#8221; border_width=&#8221;7&#8243; el_width=&#8221;10&#8243; accent_color=&#8221;#197dc8&#8243;][vc_column_text el_class=&#8221;wk-header-text&#8221;]<\/p>\n<p style=\"text-align: center;\"><strong>Sito web sicuro<\/strong><\/p>\n<p style=\"text-align: center;\">Proteggiamo la tua homepage dagli attacchi DDoS<\/p>\n<p>[\/vc_column_text][\/vc_column_inner][\/vc_row_inner][\/vc_column][\/vc_row][vc_row full_width=&#8221;stretch_row&#8221; el_class=&#8221;wk-row-grey&#8221; el_id=&#8221;rechenzentrum&#8221;][vc_column][vc_column_text]<\/p>\n<div class=\"wpb_text_column wpb_content_element wk-large-font\">\n<div class=\"wpb_wrapper\">\n<h4>Protezione DDOS<\/h4>\n<h2>Che cos&#8217;\u00e8 DDOS e come protegge FireStorm?<\/h2>\n<p>Purtroppo oggi i servizi forniti su Internet vengono deliberatamente attaccati da terze persone con un attacco DoS (Denial of Service). Lo scopo di tale attacco \u00e8 paralizzare i server e interrompere il funzionamento ininterrotto. I computer, i server e i telefoni cellulari piratati vengono spesso utilizzati come cosiddette botnet per produrre enormi quantit\u00e0 di dati. Le conseguenze di questo attacco sono tempi di caricamento lenti del tuo sito web, servizio e-mail o anche un guasto totale del server. FireStorm protegge i vostri siti web, server, applicazioni e servizi per proteggerli da queste minacce. Utilizziamo dispositivi e firewall che rilevano e respingono i modelli di attacco in una fase precoce. La cosiddetta applicazione hardware e con la tecnologia di filtraggio si \u00e8 meglio protetti contro tali attacchi e questo gratuitamente con tutti i nostri servizi.<\/p>\n<\/div>\n<\/div>\n<p>[\/vc_column_text][\/vc_column][\/vc_row][vc_row full_width=&#8221;stretch_row&#8221; el_class=&#8221;wk-row&#8221;][vc_column][vc_column_text]<\/p>\n<div class=\"wpb_text_column wpb_content_element wk-large-font\">\n<h2 style=\"font-size: 28px;\"><span style=\"color: #197dc8;\">Rilevamento automatico dei modelli di attacco<\/span><\/h2>\n<p>Il FireWall hardware rileva non solo la quantit\u00e0 di traffico e pacchetti, ma anche altri pacchetti e utilizza determinati modelli per determinare il tipo di attacco al fine di bloccarlo. Il compito del FireWall \u00e8 ora quello di rilevare questi pacchetti in modo affidabile. Per questo utilizziamo diverse tecnologie di filtraggio di diversi produttori che aggiorniamo ogni 10 minuti e quindi il FireWall rileva gli attacchi in modo affidabile.<\/p>\n<\/div>\n<p>[\/vc_column_text][\/vc_column][\/vc_row][vc_row full_width=&#8221;stretch_row&#8221; el_class=&#8221;wk-row-grey&#8221;][vc_column][vc_column_text]<\/p>\n<div class=\"wpb_text_column wpb_content_element wk-large-font\">\n<h2 style=\"font-size: 28px;\"><span style=\"color: #197dc8;\">Autentificazione Challenge-Response<\/span><\/h2>\n<p>La procedura challenge-response \u00e8 un metodo di autenticazione sicuro che legittima il traffico grazie a semplici e complicate conferme. Inoltre, il FireWall impara a bloccare gli accessi dannosi in base al comportamento d&#8217;uso. Le nostre procedure rendono tutti i servizi FireStorm ancora pi\u00f9 protetti dagli attacchi. Di regola, il nostro metodo di filtraggio non influisce sul servizio. La protezione DDoS \u00e8 sempre attiva ed \u00e8 disponibile gratuitamente per tutti i nostri clienti. Se avete ulteriori domande sulla sicurezza della rete o sulla protezione DDoS, contattateci.<\/p>\n<\/div>\n<p>[\/vc_column_text][\/vc_column][\/vc_row]<\/p>\n","protected":false},"excerpt":{"rendered":"<p>[vc_row full_width=&#8221;stretch_row_content_no_spaces&#8221; content_placement=&#8221;middle&#8221; wk_overlay=&#8221;true&#8221; css=&#8221;.vc_custom_1530371942535{background-image: url(https:\/\/www.firestorm.ch\/wp-content\/uploads\/2018\/06\/DDoS-Schutz.jpg?id=7508) !important;background-position: center !important;background-repeat: no-repeat !important;background-size: cover !important;}&#8221; el_class=&#8221;wk-header&#8221;][vc_column][vc_row_inner][vc_column_inner][vc_separator color=&#8221;custom&#8221; border_width=&#8221;7&#8243; el_width=&#8221;10&#8243; accent_color=&#8221;#197dc8&#8243;][vc_column_text el_class=&#8221;wk-header-text&#8221;] Sito web sicuro Proteggiamo la tua homepage dagli attacchi DDoS [\/vc_column_text][\/vc_column_inner][\/vc_row_inner][\/vc_column][\/vc_row][vc_row full_width=&#8221;stretch_row&#8221; el_class=&#8221;wk-row-grey&#8221; el_id=&#8221;rechenzentrum&#8221;][vc_column][vc_column_text] Protezione DDOS Che cos&#8217;\u00e8 DDOS e come protegge FireStorm? Purtroppo oggi i servizi forniti su Internet vengono deliberatamente attaccati da terze persone [&hellip;]<\/p>\n","protected":false},"author":1,"featured_media":0,"parent":0,"menu_order":0,"comment_status":"closed","ping_status":"closed","template":"","meta":{"_relevanssi_hide_post":"","_relevanssi_pin_for_all":"","_relevanssi_pin_keywords":"","_relevanssi_unpin_keywords":"","_relevanssi_related_keywords":"","_relevanssi_related_include_ids":"","_relevanssi_related_exclude_ids":"","_relevanssi_related_no_append":"","_relevanssi_related_not_related":"","_relevanssi_related_posts":"","_relevanssi_noindex_reason":"","footnotes":""},"class_list":["post-6501","page","type-page","status-publish","hentry"],"yoast_head":"<!-- This site is optimized with the Yoast SEO Premium plugin v27.1 (Yoast SEO v27.5) - https:\/\/yoast.com\/product\/yoast-seo-premium-wordpress\/ -->\n<title>Protezione DDOS - FireStorm ISP<\/title>\n<meta name=\"description\" content=\"FireStorm protegge i vostri siti web, server, applicazioni e servizi con la protezione Ddos per proteggersi dalle minacce.\" \/>\n<meta name=\"robots\" content=\"index, follow, max-snippet:-1, max-image-preview:large, max-video-preview:-1\" \/>\n<link rel=\"canonical\" href=\"https:\/\/www.firestorm.ch\/it\/protezione-ddos\/\" \/>\n<meta property=\"og:locale\" content=\"it_IT\" \/>\n<meta property=\"og:type\" content=\"article\" \/>\n<meta property=\"og:title\" content=\"Protezione DDOS\" \/>\n<meta property=\"og:description\" content=\"FireStorm protegge i vostri siti web, server, applicazioni e servizi con la protezione Ddos per proteggersi dalle minacce.\" \/>\n<meta property=\"og:url\" content=\"https:\/\/www.firestorm.ch\/it\/protezione-ddos\/\" \/>\n<meta property=\"og:site_name\" content=\"FireStorm ISP\" \/>\n<meta property=\"article:publisher\" content=\"https:\/\/www.facebook.com\/firestorm.ch\/\" \/>\n<meta property=\"article:modified_time\" content=\"2019-07-23T11:21:56+00:00\" \/>\n<meta name=\"twitter:card\" content=\"summary_large_image\" \/>\n<meta name=\"twitter:label1\" content=\"Est. reading time\" \/>\n\t<meta name=\"twitter:data1\" content=\"2 minutes\" \/>\n<script type=\"application\/ld+json\" class=\"yoast-schema-graph\">{\"@context\":\"https:\\\/\\\/schema.org\",\"@graph\":[{\"@type\":\"WebPage\",\"@id\":\"https:\\\/\\\/www.firestorm.ch\\\/it\\\/protezione-ddos\\\/\",\"url\":\"https:\\\/\\\/www.firestorm.ch\\\/it\\\/protezione-ddos\\\/\",\"name\":\"Protezione DDOS - FireStorm ISP\",\"isPartOf\":{\"@id\":\"https:\\\/\\\/www.firestorm.ch\\\/#website\"},\"datePublished\":\"2018-04-14T12:46:06+00:00\",\"dateModified\":\"2019-07-23T11:21:56+00:00\",\"description\":\"FireStorm protegge i vostri siti web, server, applicazioni e servizi con la protezione Ddos per proteggersi dalle minacce.\",\"breadcrumb\":{\"@id\":\"https:\\\/\\\/www.firestorm.ch\\\/it\\\/protezione-ddos\\\/#breadcrumb\"},\"inLanguage\":\"it-CH\",\"potentialAction\":[{\"@type\":\"ReadAction\",\"target\":[\"https:\\\/\\\/www.firestorm.ch\\\/it\\\/protezione-ddos\\\/\"]}]},{\"@type\":\"BreadcrumbList\",\"@id\":\"https:\\\/\\\/www.firestorm.ch\\\/it\\\/protezione-ddos\\\/#breadcrumb\",\"itemListElement\":[{\"@type\":\"ListItem\",\"position\":1,\"name\":\"Startseite\",\"item\":\"https:\\\/\\\/www.firestorm.ch\\\/it\\\/\"},{\"@type\":\"ListItem\",\"position\":2,\"name\":\"Protezione DDOS\"}]},{\"@type\":\"WebSite\",\"@id\":\"https:\\\/\\\/www.firestorm.ch\\\/#website\",\"url\":\"https:\\\/\\\/www.firestorm.ch\\\/\",\"name\":\"FireStorm\",\"description\":\"Webhosting, Domainnamen, Server, Mailserver und Hosting mit Homepagebaukasten und Free SSL Zertifikat\",\"publisher\":{\"@id\":\"https:\\\/\\\/www.firestorm.ch\\\/#organization\"},\"potentialAction\":[{\"@type\":\"SearchAction\",\"target\":{\"@type\":\"EntryPoint\",\"urlTemplate\":\"https:\\\/\\\/www.firestorm.ch\\\/?s={search_term_string}\"},\"query-input\":{\"@type\":\"PropertyValueSpecification\",\"valueRequired\":true,\"valueName\":\"search_term_string\"}}],\"inLanguage\":\"it-CH\"},{\"@type\":\"Organization\",\"@id\":\"https:\\\/\\\/www.firestorm.ch\\\/#organization\",\"name\":\"FireStorm\",\"url\":\"https:\\\/\\\/www.firestorm.ch\\\/\",\"logo\":{\"@type\":\"ImageObject\",\"inLanguage\":\"it-CH\",\"@id\":\"https:\\\/\\\/www.firestorm.ch\\\/#\\\/schema\\\/logo\\\/image\\\/\",\"url\":\"https:\\\/\\\/www.firestorm.ch\\\/wp-content\\\/uploads\\\/2026\\\/03\\\/FireStormLogo.png\",\"contentUrl\":\"https:\\\/\\\/www.firestorm.ch\\\/wp-content\\\/uploads\\\/2026\\\/03\\\/FireStormLogo.png\",\"width\":589,\"height\":60,\"caption\":\"FireStorm\"},\"image\":{\"@id\":\"https:\\\/\\\/www.firestorm.ch\\\/#\\\/schema\\\/logo\\\/image\\\/\"},\"sameAs\":[\"https:\\\/\\\/www.facebook.com\\\/firestorm.ch\\\/\"]}]}<\/script>\n<!-- \/ Yoast SEO Premium plugin. -->","yoast_head_json":{"title":"Protezione DDOS - FireStorm ISP","description":"FireStorm protegge i vostri siti web, server, applicazioni e servizi con la protezione Ddos per proteggersi dalle minacce.","robots":{"index":"index","follow":"follow","max-snippet":"max-snippet:-1","max-image-preview":"max-image-preview:large","max-video-preview":"max-video-preview:-1"},"canonical":"https:\/\/www.firestorm.ch\/it\/protezione-ddos\/","og_locale":"it_IT","og_type":"article","og_title":"Protezione DDOS","og_description":"FireStorm protegge i vostri siti web, server, applicazioni e servizi con la protezione Ddos per proteggersi dalle minacce.","og_url":"https:\/\/www.firestorm.ch\/it\/protezione-ddos\/","og_site_name":"FireStorm ISP","article_publisher":"https:\/\/www.facebook.com\/firestorm.ch\/","article_modified_time":"2019-07-23T11:21:56+00:00","twitter_card":"summary_large_image","twitter_misc":{"Est. reading time":"2 minutes"},"schema":{"@context":"https:\/\/schema.org","@graph":[{"@type":"WebPage","@id":"https:\/\/www.firestorm.ch\/it\/protezione-ddos\/","url":"https:\/\/www.firestorm.ch\/it\/protezione-ddos\/","name":"Protezione DDOS - FireStorm ISP","isPartOf":{"@id":"https:\/\/www.firestorm.ch\/#website"},"datePublished":"2018-04-14T12:46:06+00:00","dateModified":"2019-07-23T11:21:56+00:00","description":"FireStorm protegge i vostri siti web, server, applicazioni e servizi con la protezione Ddos per proteggersi dalle minacce.","breadcrumb":{"@id":"https:\/\/www.firestorm.ch\/it\/protezione-ddos\/#breadcrumb"},"inLanguage":"it-CH","potentialAction":[{"@type":"ReadAction","target":["https:\/\/www.firestorm.ch\/it\/protezione-ddos\/"]}]},{"@type":"BreadcrumbList","@id":"https:\/\/www.firestorm.ch\/it\/protezione-ddos\/#breadcrumb","itemListElement":[{"@type":"ListItem","position":1,"name":"Startseite","item":"https:\/\/www.firestorm.ch\/it\/"},{"@type":"ListItem","position":2,"name":"Protezione DDOS"}]},{"@type":"WebSite","@id":"https:\/\/www.firestorm.ch\/#website","url":"https:\/\/www.firestorm.ch\/","name":"FireStorm","description":"Webhosting, Domainnamen, Server, Mailserver und Hosting mit Homepagebaukasten und Free SSL Zertifikat","publisher":{"@id":"https:\/\/www.firestorm.ch\/#organization"},"potentialAction":[{"@type":"SearchAction","target":{"@type":"EntryPoint","urlTemplate":"https:\/\/www.firestorm.ch\/?s={search_term_string}"},"query-input":{"@type":"PropertyValueSpecification","valueRequired":true,"valueName":"search_term_string"}}],"inLanguage":"it-CH"},{"@type":"Organization","@id":"https:\/\/www.firestorm.ch\/#organization","name":"FireStorm","url":"https:\/\/www.firestorm.ch\/","logo":{"@type":"ImageObject","inLanguage":"it-CH","@id":"https:\/\/www.firestorm.ch\/#\/schema\/logo\/image\/","url":"https:\/\/www.firestorm.ch\/wp-content\/uploads\/2026\/03\/FireStormLogo.png","contentUrl":"https:\/\/www.firestorm.ch\/wp-content\/uploads\/2026\/03\/FireStormLogo.png","width":589,"height":60,"caption":"FireStorm"},"image":{"@id":"https:\/\/www.firestorm.ch\/#\/schema\/logo\/image\/"},"sameAs":["https:\/\/www.facebook.com\/firestorm.ch\/"]}]}},"rttpg_featured_image_url":null,"rttpg_author":{"display_name":"FireStorm","author_link":"https:\/\/www.firestorm.ch\/it\/news\/author\/webkoenig\/"},"rttpg_comment":0,"rttpg_category":" <a href=\"https:\/\/www.firestorm.ch\/it\/?taxonomy=translation_priority&#038;term=opzionale\" rel=\"tag\">Opzionale<\/a>","rttpg_excerpt":"[vc_row full_width=&#8221;stretch_row_content_no_spaces&#8221; content_placement=&#8221;middle&#8221; wk_overlay=&#8221;true&#8221; css=&#8221;.vc_custom_1530371942535{background-image: url(https:\/\/www.firestorm.ch\/wp-content\/uploads\/2018\/06\/DDoS-Schutz.jpg?id=7508) !important;background-position: center !important;background-repeat: no-repeat !important;background-size: cover !important;}&#8221; el_class=&#8221;wk-header&#8221;][vc_column][vc_row_inner][vc_column_inner][vc_separator color=&#8221;custom&#8221; border_width=&#8221;7&#8243; el_width=&#8221;10&#8243; accent_color=&#8221;#197dc8&#8243;][vc_column_text el_class=&#8221;wk-header-text&#8221;] Sito web sicuro Proteggiamo la tua homepage dagli attacchi DDoS [\/vc_column_text][\/vc_column_inner][\/vc_row_inner][\/vc_column][\/vc_row][vc_row full_width=&#8221;stretch_row&#8221; el_class=&#8221;wk-row-grey&#8221; el_id=&#8221;rechenzentrum&#8221;][vc_column][vc_column_text] Protezione DDOS Che cos&#8217;\u00e8 DDOS e come protegge FireStorm? Purtroppo oggi i servizi forniti su Internet vengono deliberatamente attaccati da terze persone&hellip;","_links":{"self":[{"href":"https:\/\/www.firestorm.ch\/it\/wp-json\/wp\/v2\/pages\/6501","targetHints":{"allow":["GET"]}}],"collection":[{"href":"https:\/\/www.firestorm.ch\/it\/wp-json\/wp\/v2\/pages"}],"about":[{"href":"https:\/\/www.firestorm.ch\/it\/wp-json\/wp\/v2\/types\/page"}],"author":[{"embeddable":true,"href":"https:\/\/www.firestorm.ch\/it\/wp-json\/wp\/v2\/users\/1"}],"replies":[{"embeddable":true,"href":"https:\/\/www.firestorm.ch\/it\/wp-json\/wp\/v2\/comments?post=6501"}],"version-history":[{"count":0,"href":"https:\/\/www.firestorm.ch\/it\/wp-json\/wp\/v2\/pages\/6501\/revisions"}],"wp:attachment":[{"href":"https:\/\/www.firestorm.ch\/it\/wp-json\/wp\/v2\/media?parent=6501"}],"curies":[{"name":"wp","href":"https:\/\/api.w.org\/{rel}","templated":true}]}}