{"id":5876,"date":"2018-01-05T15:59:34","date_gmt":"2018-01-05T15:59:34","guid":{"rendered":"https:\/\/dev.firestorm.ch\/ueber-uns\/"},"modified":"2024-02-02T14:55:01","modified_gmt":"2024-02-02T14:55:01","slug":"su-di-noi","status":"publish","type":"page","link":"https:\/\/www.firestorm.ch\/it\/su-di-noi\/","title":{"rendered":"Su di noi"},"content":{"rendered":"<p>[vc_row full_width=&#8221;stretch_row_content_no_spaces&#8221; content_placement=&#8221;middle&#8221; wk_overlay=&#8221;true&#8221; css=&#8221;.vc_custom_1652368952064{background-image: url(https:\/\/www.firestorm.ch\/wp-content\/uploads\/2022\/05\/teamwork-g81a4ed3d2_1920-2.jpg?id=24627) !important;background-position: center !important;background-repeat: no-repeat !important;background-size: cover !important;}&#8221; el_class=&#8221;wk-header&#8221;][vc_column][\/vc_column][\/vc_row][vc_row full_width=&#8221;stretch_row&#8221; el_class=&#8221;wk-row-grey&#8221; css=&#8221;.vc_custom_1519203772701{background-color: #eeeeee !important;}&#8221;][vc_column][vc_row_inner css=&#8221;.vc_custom_1515147827020{background-color: #eeeeee !important;}&#8221;][vc_column_inner width=&#8221;1\/6&#8243;][\/vc_column_inner][vc_column_inner width=&#8221;2\/3&#8243;][vc_column_text el_class=&#8221;wk-large-font&#8221;]<\/p>\n<h4>Il tuo team<\/h4>\n<h1>Su di noi<\/h1>\n<p><span lang=\"DE\">Amiamo Internet. E vogliamo che amiate anche Internet. Dal 2002 offriamo ai nostri clienti un pacchetto completo e spensierato, in modo che possiate modellarlo secondo le vostre idee e i vostri desideri. Dal web design all&#8217;hosting della posta fino ai server e ai domini root. Che cosa ci distingue? Un uso semplice, massima qualit\u00e0 e prezzi imbattibili. In modo che siate completamente soddisfatti e in grado di portare tutte le visioni in vita in digitale.<\/span>[\/vc_column_text][\/vc_column_inner][vc_column_inner width=&#8221;1\/6&#8243;][\/vc_column_inner][\/vc_row_inner][\/vc_column][\/vc_row][vc_row full_width=&#8221;stretch_row&#8221; el_class=&#8221;wk-row-grey&#8221; css=&#8221;.vc_custom_1515147866087{background-color: #ffffff !important;}&#8221;][vc_column][vc_row_inner css=&#8221;.vc_custom_1515589052743{background-color: #ffffff !important;}&#8221;][vc_column_inner][vc_column_text]<\/p>\n<h4>I clienti ci amano!<\/h4>\n<h2><strong>Oltre 15 anni di soddisfazione del cliente<\/strong><\/h2>\n<p><span lang=\"DE\">Tutto \u00e8 iniziato nel 2002 con pochi domini e un numero ancora inferiore di clienti. Oggi siamo uno dei maggiori fornitori di hosting web in Svizzera. Una manciata di clienti si \u00e8 rapidamente trasformata in migliaia. I singoli domini sono diventati oltre 40.000 siti web gestiti. I nostri clienti sono privati, imprenditori, grandi aziende, banche, comuni, forze dell&#8217;ordine e persino autorit\u00e0 federali. Il nostro segreto del successo? Un ampio know-how, prodotti di prima classe e un servizio clienti unico nel suo genere.<\/span>[\/vc_column_text][\/vc_column_inner][\/vc_row_inner][\/vc_column][\/vc_row][vc_row full_width=&#8221;stretch_row&#8221; content_placement=&#8221;middle&#8221; iw_layout=&#8221;wide-bg&#8221; iw_parallax=&#8221;1&#8243; iw_parallax_overlay=&#8221;0&#8243; iw_parallax_speed=&#8221;0&#8243; el_class=&#8221;wk-parallax&#8221; css=&#8221;.vc_custom_1537519915344{background-image: url(https:\/\/www.firestorm.ch\/wp-content\/uploads\/2018\/06\/Mehrwert-als-Mission.jpg?id=7497) !important;background-position: center !important;background-repeat: no-repeat !important;background-size: cover !important;}&#8221;][vc_column width=&#8221;1\/6&#8243;][\/vc_column][vc_column width=&#8221;2\/3&#8243;][vc_row_inner][vc_column_inner el_class=&#8221;wk-box&#8221;][vc_column_text el_class=&#8221;wk-large-font&#8221;]<\/p>\n<h3>Il valore aggiunto come missione<\/h3>\n<p>I vostri obiettivi sono anche i nostri. Niente e nessuno dovrebbe ostacolarvi ed \u00e8 proprio su questo punto che vi sosteniamo. Perch\u00e9 la vostra realizzazione \u00e8 importante per noi. Affinch\u00e9 per la pagina web adatta non sia pi\u00f9 necessario Designagentur pi\u00f9 costoso, vorremmo che si pu\u00f2 creare la vostra pagina web semplicemente completamente semplice. In questo modo si risparmia tempo e denaro. Non importa quale progetto online si desidera implementare, con il nostro servizio \u00e8 possibile per voi. ecessario Designagentur pi\u00f9 costoso, vorremmo che si pu\u00f2 creare la vostra pagina web semplicemente completamente semplice. In questo modo si risparmia tempo e denaro. Non importa quale progetto online si desidera implementare, con il nostro servizio \u00e8 possibile per voi.[\/vc_column_text][\/vc_column_inner][\/vc_row_inner][\/vc_column][vc_column width=&#8221;1\/6&#8243;][\/vc_column][\/vc_row][vc_row full_width=&#8221;stretch_row&#8221; el_class=&#8221;wk-row-grey&#8221;][vc_column][vc_column_text el_class=&#8221;wk-large-font&#8221;]<\/p>\n<h4>Paga<\/h4>\n<h2>La sostenibilit\u00e0 come obiettivo<\/h2>\n<p>[\/vc_column_text][vc_column_text el_class=&#8221;wk-large-font&#8221;]Il nostro ambiente comune \u00e8 importante per noi. Per questo motivo utilizziamo esclusivamente energie rispettose del clima per la nostra elettricit\u00e0 e per il raffreddamento del nostro data center: sole, vento e acqua. Inoltre, facciamo tutto il possibile per proteggere i vostri dati in modo ottimale. Gestiamo i nostri server in centri dati in Svizzera, Germania e Austria e siamo soggetti alla severa legge svizzera sulla protezione dei dati.[\/vc_column_text][vc_row_inner][vc_column_inner width=&#8221;1\/2&#8243;]<div class=\"info-item  style2\"><div class=\"info-item-content\"><div class=\"info-item-desc\"><\/p>\n<h3>1. corrente<\/h3>\n<p>Per la nostra elettricit\u00e0 e per il raffreddamento dei nostri data center utilizziamo solo energie rispettose del clima: sole, vento e acqua.<\/p>\n<\/div><\/div><\/div>[\/vc_column_inner][vc_column_inner width=&#8221;1\/2&#8243;]<div class=\"info-item  style2\"><div class=\"info-item-content\"><div class=\"info-item-desc\"><\/p>\n<h3>2. protezione dei dati<\/h3>\n<p>Inoltre, facciamo tutto il possibile per proteggere i vostri dati in modo ottimale. Gestiamo i nostri server in centri dati in Svizzera, Germania e Austria e siamo soggetti alla severa legge svizzera sulla protezione dei dati.<\/p>\n<\/div><\/div><\/div>[\/vc_column_inner][\/vc_row_inner][vc_row_inner][vc_column_inner][vc_images_carousel images=&#8221;7579,7581,7580&#8243; img_size=&#8221;full&#8221; onclick=&#8221;link_no&#8221; speed=&#8221;3000&#8243; autoplay=&#8221;yes&#8221; wrap=&#8221;yes&#8221;][\/vc_column_inner][\/vc_row_inner][\/vc_column][\/vc_row][vc_row full_width=&#8221;stretch_row&#8221; el_class=&#8221;wk-row&#8221;][vc_column][vc_column_text el_class=&#8221;wk-large-font&#8221;]<\/p>\n<h4>Abbiamo spento il fuoco prima che iniziasse<\/h4>\n<h2>Affidabile e sicuro<\/h2>\n<p>[\/vc_column_text][vc_empty_space][vc_row_inner][vc_column_inner width=&#8221;1\/2&#8243;]<div class=\"info-item  style1\"><div class=\"icon\"><i style=\"font-size:60px\" class=\"theme-color fas fa-lock\"><\/i><\/div><div class=\"info-item-content\"><div class=\"info-item-desc\"><\/p>\n<h3>Certificati SSL gratuiti<\/h3>\n<p>Dal 2002 criptiamo tutti i servizi di trasmissione dati e comunicazione sui nostri server. Questi includono certificati IMAP, POP3, SMTP, FTP e dal 2015 certificati SSL gratuiti per i nostri clienti.<\/p>\n<\/div><\/div><\/div>[\/vc_column_inner][vc_column_inner width=&#8221;1\/2&#8243;]<div class=\"info-item  style1\"><div class=\"icon\"><i style=\"font-size:60px\" class=\"theme-color fas fa-users\"><\/i><\/div><div class=\"info-item-content\"><div class=\"info-item-desc\"><\/p>\n<h3>Tecnici brillanti<\/h3>\n<p>Inoltre, i nostri server sono monitorati e gestiti 24 ore su 24 da almeno due tecnici. Non solo ci assicuriamo che tutto sia aggiornato e funzioni senza intoppi, ma garantiamo anche un intervento immediato in caso di emergenza. In questo modo si garantisce che non ci siano ustioni.<\/p>\n<\/div><\/div><\/div>[\/vc_column_inner][\/vc_row_inner][\/vc_column][\/vc_row][vc_row full_width=&#8221;stretch_row&#8221; el_class=&#8221;wk-row-grey&#8221;][vc_column][vc_row_inner][vc_column_inner width=&#8221;1\/2&#8243;][vc_single_image image=&#8221;7499&#8243; img_size=&#8221;full&#8221;][\/vc_column_inner][vc_column_inner width=&#8221;1\/2&#8243; css=&#8221;.vc_custom_1515589056679{margin-left: 10% !important;}&#8221;][vc_column_text]<\/p>\n<h4>Rispetto per l&#8217;ambiente e stato dell&#8217;arte<\/h4>\n<h2><strong>Infrastrutture all&#8217;avanguardia<\/strong><\/h2>\n<p><span lang=\"DE\">Lo sappiamo: Alcuni concorrenti utilizzano tecnologie e server obsoleti, non sicuri e che consumano energia. \u00c8 diverso con noi. La nostra infrastruttura non solo \u00e8 rispettosa dell&#8217;ambiente, ma \u00e8 anche costituita dall&#8217;hardware e dalla tecnologia pi\u00f9 recenti, veloci e sicuri presenti sul mercato. In modo che possiamo soddisfare le pi\u00f9 alte esigenze e si pu\u00f2 godere i migliori servizi. Non accontentatevi di meno.<\/span>[\/vc_column_text][\/vc_column_inner][\/vc_row_inner][\/vc_column][\/vc_row][vc_row full_width=&#8221;stretch_row&#8221; content_placement=&#8221;middle&#8221; iw_layout=&#8221;wide-bg&#8221; iw_parallax=&#8221;1&#8243; iw_parallax_overlay=&#8221;0&#8243; iw_parallax_speed=&#8221;0&#8243; el_class=&#8221;wk-parallax&#8221; css=&#8221;.vc_custom_1537519967432{background-image: url(https:\/\/www.firestorm.ch\/wp-content\/uploads\/2018\/06\/Zusammen-stark.jpg?id=7504) !important;background-position: center !important;background-repeat: no-repeat !important;background-size: cover !important;}&#8221;][vc_column width=&#8221;1\/6&#8243;][\/vc_column][vc_column width=&#8221;2\/3&#8243;][vc_row_inner][vc_column_inner el_class=&#8221;wk-box&#8221;][vc_column_text el_class=&#8221;wk-large-font&#8221;]<\/p>\n<h2>Siamo sempre a vostra disposizione<\/h2>\n<p>E aiutarvi con le parole e le azioni. Vi offriamo un supporto diretto e competente per telefono o chat dal vivo. Anche nel cuore della notte o quando \u00e8 particolarmente urgente. Il nostro servizio di emergenza \u00e8 a vostra disposizione 7 giorni su 7, 24 ore su 24. Nessuna domanda rimane senza risposta e nessun problema rimane irrisolto. Prometto![\/vc_column_text][\/vc_column_inner][\/vc_row_inner][\/vc_column][vc_column width=&#8221;1\/6&#8243;][\/vc_column][\/vc_row][vc_row full_width=&#8221;stretch_row&#8221; el_class=&#8221;wk-row&#8221; css=&#8221;.vc_custom_1515147486596{background-color: #ffffff !important;}&#8221;][vc_column width=&#8221;3\/4&#8243;][vc_column_text]<\/p>\n<h4>Interazione perfetta<\/h4>\n<h2>Lavoro di squadra per il successo<\/h2>\n<p>Il lavoro di squadra \u00e8 parte integrante della nostra filosofia aziendale. Solo come team raggiungiamo i vostri obiettivi in modo rapido ed efficiente. Per questo motivo organizziamo regolarmente corsi di perfezionamento per i nostri collaboratori e formiamo con successo gli apprendisti. Continuiamo a crescere e ad espandere la nostra posizione di mercato.[\/vc_column_text][\/vc_column][vc_column width=&#8221;1\/4&#8243;][\/vc_column][\/vc_row]<\/p>\n","protected":false},"excerpt":{"rendered":"<p>[vc_row full_width=&#8221;stretch_row_content_no_spaces&#8221; content_placement=&#8221;middle&#8221; wk_overlay=&#8221;true&#8221; css=&#8221;.vc_custom_1652368952064{background-image: url(https:\/\/www.firestorm.ch\/wp-content\/uploads\/2022\/05\/teamwork-g81a4ed3d2_1920-2.jpg?id=24627) !important;background-position: center !important;background-repeat: no-repeat !important;background-size: cover !important;}&#8221; el_class=&#8221;wk-header&#8221;][vc_column][\/vc_column][\/vc_row][vc_row full_width=&#8221;stretch_row&#8221; el_class=&#8221;wk-row-grey&#8221; css=&#8221;.vc_custom_1519203772701{background-color: #eeeeee !important;}&#8221;][vc_column][vc_row_inner css=&#8221;.vc_custom_1515147827020{background-color: #eeeeee !important;}&#8221;][vc_column_inner width=&#8221;1\/6&#8243;][\/vc_column_inner][vc_column_inner width=&#8221;2\/3&#8243;][vc_column_text el_class=&#8221;wk-large-font&#8221;] Il tuo team Su di noi Amiamo Internet. E vogliamo che amiate anche Internet. Dal 2002 offriamo ai nostri clienti un pacchetto completo e spensierato, in modo che possiate modellarlo [&hellip;]<\/p>\n","protected":false},"author":1,"featured_media":0,"parent":0,"menu_order":0,"comment_status":"closed","ping_status":"closed","template":"","meta":{"_relevanssi_hide_post":"","_relevanssi_pin_for_all":"","_relevanssi_pin_keywords":"","_relevanssi_unpin_keywords":"","_relevanssi_related_keywords":"","_relevanssi_related_include_ids":"","_relevanssi_related_exclude_ids":"","_relevanssi_related_no_append":"","_relevanssi_related_not_related":"","_relevanssi_related_posts":"","_relevanssi_noindex_reason":"","footnotes":""},"class_list":["post-5876","page","type-page","status-publish","hentry"],"yoast_head":"<!-- This site is optimized with the Yoast SEO Premium plugin v27.1 (Yoast SEO v27.4) - https:\/\/yoast.com\/product\/yoast-seo-premium-wordpress\/ -->\n<title>Su di noi - FireStorm ISP<\/title>\n<meta name=\"description\" content=\"Cosa ci distingue? Un uso semplice, la pi\u00f9 alta qualit\u00e0 e prezzi imbattibili. in modo che siate completamente soddisfatti.\" \/>\n<meta name=\"robots\" content=\"index, follow, max-snippet:-1, max-image-preview:large, max-video-preview:-1\" \/>\n<link rel=\"canonical\" href=\"https:\/\/www.firestorm.ch\/it\/su-di-noi\/\" \/>\n<meta property=\"og:locale\" content=\"it_IT\" \/>\n<meta property=\"og:type\" content=\"article\" \/>\n<meta property=\"og:title\" content=\"Su di noi\" \/>\n<meta property=\"og:description\" content=\"Cosa ci distingue? Un uso semplice, la pi\u00f9 alta qualit\u00e0 e prezzi imbattibili. in modo che siate completamente soddisfatti.\" \/>\n<meta property=\"og:url\" content=\"https:\/\/www.firestorm.ch\/it\/su-di-noi\/\" \/>\n<meta property=\"og:site_name\" content=\"FireStorm ISP\" \/>\n<meta property=\"article:publisher\" content=\"https:\/\/www.facebook.com\/firestorm.ch\/\" \/>\n<meta property=\"article:modified_time\" content=\"2024-02-02T14:55:01+00:00\" \/>\n<meta name=\"twitter:card\" content=\"summary_large_image\" \/>\n<meta name=\"twitter:label1\" content=\"Est. reading time\" \/>\n\t<meta name=\"twitter:data1\" content=\"6 minutes\" \/>\n<script type=\"application\/ld+json\" class=\"yoast-schema-graph\">{\"@context\":\"https:\\\/\\\/schema.org\",\"@graph\":[{\"@type\":\"WebPage\",\"@id\":\"https:\\\/\\\/www.firestorm.ch\\\/it\\\/su-di-noi\\\/\",\"url\":\"https:\\\/\\\/www.firestorm.ch\\\/it\\\/su-di-noi\\\/\",\"name\":\"Su di noi - FireStorm ISP\",\"isPartOf\":{\"@id\":\"https:\\\/\\\/www.firestorm.ch\\\/#website\"},\"datePublished\":\"2018-01-05T15:59:34+00:00\",\"dateModified\":\"2024-02-02T14:55:01+00:00\",\"description\":\"Cosa ci distingue? Un uso semplice, la pi\u00f9 alta qualit\u00e0 e prezzi imbattibili. in modo che siate completamente soddisfatti.\",\"breadcrumb\":{\"@id\":\"https:\\\/\\\/www.firestorm.ch\\\/it\\\/su-di-noi\\\/#breadcrumb\"},\"inLanguage\":\"it-CH\",\"potentialAction\":[{\"@type\":\"ReadAction\",\"target\":[\"https:\\\/\\\/www.firestorm.ch\\\/it\\\/su-di-noi\\\/\"]}]},{\"@type\":\"BreadcrumbList\",\"@id\":\"https:\\\/\\\/www.firestorm.ch\\\/it\\\/su-di-noi\\\/#breadcrumb\",\"itemListElement\":[{\"@type\":\"ListItem\",\"position\":1,\"name\":\"Startseite\",\"item\":\"https:\\\/\\\/www.firestorm.ch\\\/it\\\/\"},{\"@type\":\"ListItem\",\"position\":2,\"name\":\"Su di noi\"}]},{\"@type\":\"WebSite\",\"@id\":\"https:\\\/\\\/www.firestorm.ch\\\/#website\",\"url\":\"https:\\\/\\\/www.firestorm.ch\\\/\",\"name\":\"FireStorm\",\"description\":\"Webhosting, Domainnamen, Server, Mailserver und Hosting mit Homepagebaukasten und Free SSL Zertifikat\",\"publisher\":{\"@id\":\"https:\\\/\\\/www.firestorm.ch\\\/#organization\"},\"potentialAction\":[{\"@type\":\"SearchAction\",\"target\":{\"@type\":\"EntryPoint\",\"urlTemplate\":\"https:\\\/\\\/www.firestorm.ch\\\/?s={search_term_string}\"},\"query-input\":{\"@type\":\"PropertyValueSpecification\",\"valueRequired\":true,\"valueName\":\"search_term_string\"}}],\"inLanguage\":\"it-CH\"},{\"@type\":\"Organization\",\"@id\":\"https:\\\/\\\/www.firestorm.ch\\\/#organization\",\"name\":\"FireStorm\",\"url\":\"https:\\\/\\\/www.firestorm.ch\\\/\",\"logo\":{\"@type\":\"ImageObject\",\"inLanguage\":\"it-CH\",\"@id\":\"https:\\\/\\\/www.firestorm.ch\\\/#\\\/schema\\\/logo\\\/image\\\/\",\"url\":\"https:\\\/\\\/www.firestorm.ch\\\/wp-content\\\/uploads\\\/2026\\\/03\\\/FireStormLogo.png\",\"contentUrl\":\"https:\\\/\\\/www.firestorm.ch\\\/wp-content\\\/uploads\\\/2026\\\/03\\\/FireStormLogo.png\",\"width\":589,\"height\":60,\"caption\":\"FireStorm\"},\"image\":{\"@id\":\"https:\\\/\\\/www.firestorm.ch\\\/#\\\/schema\\\/logo\\\/image\\\/\"},\"sameAs\":[\"https:\\\/\\\/www.facebook.com\\\/firestorm.ch\\\/\"]}]}<\/script>\n<!-- \/ Yoast SEO Premium plugin. -->","yoast_head_json":{"title":"Su di noi - FireStorm ISP","description":"Cosa ci distingue? Un uso semplice, la pi\u00f9 alta qualit\u00e0 e prezzi imbattibili. in modo che siate completamente soddisfatti.","robots":{"index":"index","follow":"follow","max-snippet":"max-snippet:-1","max-image-preview":"max-image-preview:large","max-video-preview":"max-video-preview:-1"},"canonical":"https:\/\/www.firestorm.ch\/it\/su-di-noi\/","og_locale":"it_IT","og_type":"article","og_title":"Su di noi","og_description":"Cosa ci distingue? Un uso semplice, la pi\u00f9 alta qualit\u00e0 e prezzi imbattibili. in modo che siate completamente soddisfatti.","og_url":"https:\/\/www.firestorm.ch\/it\/su-di-noi\/","og_site_name":"FireStorm ISP","article_publisher":"https:\/\/www.facebook.com\/firestorm.ch\/","article_modified_time":"2024-02-02T14:55:01+00:00","twitter_card":"summary_large_image","twitter_misc":{"Est. reading time":"6 minutes"},"schema":{"@context":"https:\/\/schema.org","@graph":[{"@type":"WebPage","@id":"https:\/\/www.firestorm.ch\/it\/su-di-noi\/","url":"https:\/\/www.firestorm.ch\/it\/su-di-noi\/","name":"Su di noi - FireStorm ISP","isPartOf":{"@id":"https:\/\/www.firestorm.ch\/#website"},"datePublished":"2018-01-05T15:59:34+00:00","dateModified":"2024-02-02T14:55:01+00:00","description":"Cosa ci distingue? Un uso semplice, la pi\u00f9 alta qualit\u00e0 e prezzi imbattibili. in modo che siate completamente soddisfatti.","breadcrumb":{"@id":"https:\/\/www.firestorm.ch\/it\/su-di-noi\/#breadcrumb"},"inLanguage":"it-CH","potentialAction":[{"@type":"ReadAction","target":["https:\/\/www.firestorm.ch\/it\/su-di-noi\/"]}]},{"@type":"BreadcrumbList","@id":"https:\/\/www.firestorm.ch\/it\/su-di-noi\/#breadcrumb","itemListElement":[{"@type":"ListItem","position":1,"name":"Startseite","item":"https:\/\/www.firestorm.ch\/it\/"},{"@type":"ListItem","position":2,"name":"Su di noi"}]},{"@type":"WebSite","@id":"https:\/\/www.firestorm.ch\/#website","url":"https:\/\/www.firestorm.ch\/","name":"FireStorm","description":"Webhosting, Domainnamen, Server, Mailserver und Hosting mit Homepagebaukasten und Free SSL Zertifikat","publisher":{"@id":"https:\/\/www.firestorm.ch\/#organization"},"potentialAction":[{"@type":"SearchAction","target":{"@type":"EntryPoint","urlTemplate":"https:\/\/www.firestorm.ch\/?s={search_term_string}"},"query-input":{"@type":"PropertyValueSpecification","valueRequired":true,"valueName":"search_term_string"}}],"inLanguage":"it-CH"},{"@type":"Organization","@id":"https:\/\/www.firestorm.ch\/#organization","name":"FireStorm","url":"https:\/\/www.firestorm.ch\/","logo":{"@type":"ImageObject","inLanguage":"it-CH","@id":"https:\/\/www.firestorm.ch\/#\/schema\/logo\/image\/","url":"https:\/\/www.firestorm.ch\/wp-content\/uploads\/2026\/03\/FireStormLogo.png","contentUrl":"https:\/\/www.firestorm.ch\/wp-content\/uploads\/2026\/03\/FireStormLogo.png","width":589,"height":60,"caption":"FireStorm"},"image":{"@id":"https:\/\/www.firestorm.ch\/#\/schema\/logo\/image\/"},"sameAs":["https:\/\/www.facebook.com\/firestorm.ch\/"]}]}},"rttpg_featured_image_url":null,"rttpg_author":{"display_name":"FireStorm","author_link":"https:\/\/www.firestorm.ch\/it\/news\/author\/webkoenig\/"},"rttpg_comment":0,"rttpg_category":" <a href=\"https:\/\/www.firestorm.ch\/it\/?taxonomy=translation_priority&#038;term=opzionale\" rel=\"tag\">Opzionale<\/a>","rttpg_excerpt":"[vc_row full_width=&#8221;stretch_row_content_no_spaces&#8221; content_placement=&#8221;middle&#8221; wk_overlay=&#8221;true&#8221; css=&#8221;.vc_custom_1652368952064{background-image: url(https:\/\/www.firestorm.ch\/wp-content\/uploads\/2022\/05\/teamwork-g81a4ed3d2_1920-2.jpg?id=24627) !important;background-position: center !important;background-repeat: no-repeat !important;background-size: cover !important;}&#8221; el_class=&#8221;wk-header&#8221;][vc_column][\/vc_column][\/vc_row][vc_row full_width=&#8221;stretch_row&#8221; el_class=&#8221;wk-row-grey&#8221; css=&#8221;.vc_custom_1519203772701{background-color: #eeeeee !important;}&#8221;][vc_column][vc_row_inner css=&#8221;.vc_custom_1515147827020{background-color: #eeeeee !important;}&#8221;][vc_column_inner width=&#8221;1\/6&#8243;][\/vc_column_inner][vc_column_inner width=&#8221;2\/3&#8243;][vc_column_text el_class=&#8221;wk-large-font&#8221;] Il tuo team Su di noi Amiamo Internet. E vogliamo che amiate anche Internet. Dal 2002 offriamo ai nostri clienti un pacchetto completo e spensierato, in modo che possiate modellarlo&hellip;","_links":{"self":[{"href":"https:\/\/www.firestorm.ch\/it\/wp-json\/wp\/v2\/pages\/5876","targetHints":{"allow":["GET"]}}],"collection":[{"href":"https:\/\/www.firestorm.ch\/it\/wp-json\/wp\/v2\/pages"}],"about":[{"href":"https:\/\/www.firestorm.ch\/it\/wp-json\/wp\/v2\/types\/page"}],"author":[{"embeddable":true,"href":"https:\/\/www.firestorm.ch\/it\/wp-json\/wp\/v2\/users\/1"}],"replies":[{"embeddable":true,"href":"https:\/\/www.firestorm.ch\/it\/wp-json\/wp\/v2\/comments?post=5876"}],"version-history":[{"count":0,"href":"https:\/\/www.firestorm.ch\/it\/wp-json\/wp\/v2\/pages\/5876\/revisions"}],"wp:attachment":[{"href":"https:\/\/www.firestorm.ch\/it\/wp-json\/wp\/v2\/media?parent=5876"}],"curies":[{"name":"wp","href":"https:\/\/api.w.org\/{rel}","templated":true}]}}