{"id":5803,"date":"2018-01-05T10:27:53","date_gmt":"2018-01-05T10:27:53","guid":{"rendered":"https:\/\/dev.firestorm.ch\/impressum-und-datenschutz\/"},"modified":"2023-04-26T06:07:54","modified_gmt":"2023-04-26T06:07:54","slug":"impronta-e-informativa-sulla-privacy","status":"publish","type":"page","link":"https:\/\/www.firestorm.ch\/it\/impronta-e-informativa-sulla-privacy\/","title":{"rendered":"Impronta e Informativa sulla privacy"},"content":{"rendered":"<p>[vc_row full_width=&#8221;stretch_row&#8221; el_class=&#8221;wk-row-grey&#8221; css=&#8221;.vc_custom_1515147818556{background-color: #eeeeee !important;}&#8221;][vc_column 0=&#8221;&#8221;][vc_row_inner css=&#8221;.vc_custom_1515147827020{background-color: #eeeeee !important;}&#8221;][vc_column_inner][vc_column_text el_class=&#8221;wk-large-font&#8221;]<\/p>\n<h1>Impronta e Informativa sulla privacy<\/h1>\n<h2>Indirizzo di contatto<\/h2>\n<p>FireStorm ISP GmbH<br \/>\nKirchenrainstrasse 27<br \/>\n8632 Tann<br \/>\nSvizzera<br \/>\nTelefono: 0844 300 200[\/vc_column_text][\/vc_column_inner][\/vc_row_inner][\/vc_column][\/vc_row][vc_row full_width=&#8221;stretch_row&#8221; el_class=&#8221;wk-row-grey&#8221; css=&#8221;.vc_custom_1515147866087{background-color: #ffffff !important;}&#8221;][vc_column 0=&#8221;&#8221;][vc_row_inner 0=&#8221;&#8221; css=&#8221;.vc_custom_1515147874498{background-color: #ffffff !important;}&#8221;][vc_column_inner][vc_column_text el_class=&#8221;wk-large-font&#8221;]<\/p>\n<h2>Iscrizione nel registro di commercio<\/h2>\n<p>Nome dell&#8217;azienda registrata: FireStorm ISP GmbH<br \/>\nNumero di codice: CHE-114.927.665<br \/>\nUfficio del registro di commercio: Z\u00fcrich ZH<br \/>\nForo competente: Hinwil ZH<\/p>\n<p>&nbsp;<\/p>\n<h2>Partita IVA<\/h2>\n<p>CHE-114.927.665-MWST<\/p>\n<p>&nbsp;<\/p>\n<h2>Sistema autonomo (numero AS)<\/h2>\n<p>AS199646[\/vc_column_text][\/vc_column_inner][\/vc_row_inner][\/vc_column][\/vc_row][vc_row full_width=&#8221;stretch_row&#8221; el_class=&#8221;wk-row&#8221; css=&#8221;.vc_custom_1515147446281{background-color: #ffffff !important;}&#8221;][vc_column][vc_column_text el_class=&#8221;wk-large-font&#8221;]<\/p>\n<h2>Esclusione di responsabilit\u00e0<\/h2>\n<p>L&#8217;autore si riserva il diritto di non essere responsabile per l&#8217;attualit\u00e0, la correttezza, la completezza, l&#8217;affidabilit\u00e0 o la qualit\u00e0 delle informazioni fornite.<\/p>\n<p>Sono escluse rivendicazioni di responsabilit\u00e0 nei confronti dell&#8217;autore per danni materiali o immateriali derivanti dall&#8217;accesso, dall&#8217;utilizzo o dal mancato utilizzo delle informazioni pubblicate, dall&#8217;abuso del collegamento o da difetti tecnici.<\/p>\n<p>Tutte le offerte non sono vincolanti. L&#8217;autore si riserva espressamente il diritto di modificare, integrare o cancellare parti delle pagine o l&#8217;intera offerta senza preavviso separato o di cessare la pubblicazione temporaneamente o permanentemente.[\/vc_column_text][\/vc_column][\/vc_row][vc_row full_width=&#8221;stretch_row&#8221; el_class=&#8221;wk-row&#8221; css=&#8221;.vc_custom_1515147474336{background-color: #eeeeee !important;}&#8221;][vc_column 0=&#8221;&#8221;][vc_column_text el_class=&#8221;wk-large-font&#8221;]<\/p>\n<h2>Responsabilit\u00e0 per i link<\/h2>\n<p>Riferimenti e link a siti web di terze parti esulano dalla nostra area di responsabilit\u00e0. Nessuna responsabilit\u00e0 \u00e8 accettata per tali siti web. L&#8217;accesso e l&#8217;utilizzo di tali siti web sono a rischio e pericolo dell&#8217;utente.[\/vc_column_text][\/vc_column][\/vc_row][vc_row full_width=&#8221;stretch_row&#8221; el_class=&#8221;wk-row&#8221; css=&#8221;.vc_custom_1515147486596{background-color: #ffffff !important;}&#8221;][vc_column 0=&#8221;&#8221;][vc_column_text el_class=&#8221;wk-large-font&#8221;]<\/p>\n<h2>Diritti d&#8217;autore<\/h2>\n<p>I diritti d&#8217;autore e tutti gli altri diritti su contenuti, immagini, foto o altri file presenti sul sito appartengono esclusivamente a FireStorm GmbH o ai rispettivi proprietari. Per la riproduzione di qualsiasi elemento \u00e8 necessario ottenere in anticipo il consenso scritto dei titolari dei diritti d&#8217;autore.[\/vc_column_text][\/vc_column][\/vc_row][vc_row full_width=&#8221;stretch_row&#8221; el_class=&#8221;wk-row&#8221; css=&#8221;.vc_custom_1515147514628{background-color: #eeeeee !important;}&#8221;][vc_column 0=&#8221;&#8221;][vc_column_text el_class=&#8221;wk-large-font&#8221;]<\/p>\n<h2>Privacy dei dati<\/h2>\n<p>In base all&#8217;articolo 13 della Costituzione federale e alle disposizioni sulla protezione dei dati della Confederazione (Legge sulla protezione dei dati, LPD), ogni persona ha diritto alla protezione della sua sfera privata e alla protezione contro l&#8217;abuso dei suoi dati personali. Ci atteniamo a queste disposizioni. I dati personali saranno trattati con la massima riservatezza e non verranno venduti o ceduti a terzi.<\/p>\n<p>In stretta collaborazione con i nostri fornitori di hosting, ci impegniamo a proteggere i database nel miglior modo possibile da accessi non autorizzati, perdita, uso improprio o falsificazione.<\/p>\n<p>Quando si accede al nostro sito Web, i seguenti dati vengono memorizzati in file di registro: Indirizzo IP, data, ora, richiesta del browser e in generale informazioni trasmesse sul sistema operativo o sul browser. Questi dati d&#8217;uso costituiscono la base per valutazioni statistiche anonime, in modo da poter identificare le tendenze e migliorare di conseguenza le nostre offerte.<\/p>\n<p>bem\u00fchen wir uns, die Datenbanken so gut wie m\u00f6glich vor fremden Zugriffen, Verlusten, Missbrauch oder vor F\u00e4lschung zu sch\u00fctzen.<\/p>\n<p>Beim Zugriff auf unsere Webseiten werden folgende Daten in Logfiles gespeichert: IP-Adresse, Datum, Uhrzeit, Browser-Anfrage und allg. \u00fcbertragene Informationen zum Betriebssystem resp. Browser. Diese Nutzungsdaten bilden die Basis f\u00fcr statistische, anonyme Auswertungen, so dass Trends erkennbar sind, anhand derer wir unsere Angebote entsprechend verbessern k\u00f6nnen.[\/vc_column_text][\/vc_column][\/vc_row][vc_row full_width=&#8221;stretch_row&#8221; el_class=&#8221;wk-row&#8221; css=&#8221;.vc_custom_1515147486596{background-color: #ffffff !important;}&#8221;][vc_column 0=&#8221;&#8221;][vc_column_text el_class=&#8221;wk-large-font&#8221;]<\/p>\n<h2>Informativa sulla privacy per l&#8217;utilizzo di Google Adsense<\/h2>\n<p>Questo sito web utilizza Google AdSense, un servizio per l&#8217;integrazione di annunci di Google Inc. &#8220;(&#8220;Google&#8221;). Google AdSense utilizza dei &#8220;cookies&#8221;, che sono file di testo che vengono depositati sul Vostro computer per consentire al sito web di analizzare come gli utenti utilizzano il sito. Google AdSense utilizza anche i cosiddetti web beacon (grafica invisibile). Questi web beacon possono essere utilizzati per valutare informazioni quali il traffico dei visitatori su queste pagine.<\/p>\n<p>Le informazioni generate dai cookie e dai web beacon sull&#8217;utilizzo di questo sito web (compreso il vostro indirizzo IP) e sulla fornitura di formati pubblicitari vengono trasmesse a un server di Google negli Stati Uniti e l\u00ec memorizzate. Google pu\u00f2 trasmettere queste informazioni ai partner contrattuali di Google. Google non fonder\u00e0 tuttavia il vostro indirizzo IP con altri dati da voi memorizzati.<\/p>\n<p>\u00c8 possibile rifiutare l&#8217;uso dei cookie selezionando le impostazioni appropriate sul browser, tuttavia si prega di notare che se si esegue questa operazione potrebbe non essere in grado di utilizzare tutte le funzionalit\u00e0 di questo sito web. Utilizzando questo sito web, acconsentite al trattamento dei vostri dati da parte di Google per le modalit\u00e0 e i fini sopraindicati.[\/vc_column_text][\/vc_column][\/vc_row][vc_row full_width=&#8221;stretch_row&#8221; el_class=&#8221;wk-row&#8221; css=&#8221;.vc_custom_1515147514628{background-color: #eeeeee !important;}&#8221;][vc_column 0=&#8221;&#8221;][vc_column_text el_class=&#8221;wk-large-font&#8221;]<\/p>\n<h2>INFORMATIVA SULLA PRIVACY PER L&#8217;UTILIZZO DI GOOGLE ANALYTICS<\/h2>\n<p>Questo sito web utilizza Google Analytics, un servizio di analisi web di Google Inc. &#8220;(&#8220;Google&#8221;). Google Analytics utilizza dei &#8220;cookies&#8221;, che sono file di testo che vengono depositati sul Vostro computer per consentire al sito web di analizzare come gli utenti utilizzano il sito. Le informazioni generate dal cookie sull&#8217;utilizzo di questo sito web vengono di norma trasferite a un server di Google negli Stati Uniti e memorizzate in quest&#8217;ultimo. Tuttavia, se su questo sito web viene attivato l&#8217;anonimato IP, Google ridurr\u00e0 il vostro indirizzo IP negli Stati membri dell&#8217;Unione europea o in altri paesi parti dell&#8217;accordo sullo Spazio economico europeo.<\/p>\n<p>Solo in casi eccezionali l&#8217;indirizzo IP completo viene trasmesso a un server di Google negli USA e l\u00ec abbreviato. Google utilizzer\u00e0 queste informazioni allo scopo di tracciare ed esaminare il Vostro utilizzo del sito web, compilare report sulle attivit\u00e0 del sito web per gli operatori del sito web e fornire altri servizi relativi alle attivit\u00e0 del sito web e all&#8217;utilizzo di Internet. Google pu\u00f2 anche trasferire queste informazioni a terzi, se ci\u00f2 \u00e8 imposto dalla legge o se terzi elaborano queste informazioni per conto di Google. L&#8217;indirizzo IP trasmesso dal vostro browser nell&#8217;ambito di Google Analytics non si fonde con altri dati di Google.<\/p>\n<p>\u00c8 possibile rifiutare l&#8217;uso dei cookie selezionando le impostazioni appropriate sul browser, tuttavia si prega di notare che se si esegue questa operazione potrebbe non essere in grado di utilizzare tutte le funzionalit\u00e0 di questo sito web. Utilizzando questo sito web, acconsentite al trattamento dei vostri dati da parte di Google per le modalit\u00e0 e i fini sopraindicati.[\/vc_column_text][\/vc_column][\/vc_row]<\/p>\n","protected":false},"excerpt":{"rendered":"<p>[vc_row full_width=&#8221;stretch_row&#8221; el_class=&#8221;wk-row-grey&#8221; css=&#8221;.vc_custom_1515147818556{background-color: #eeeeee !important;}&#8221;][vc_column 0=&#8221;&#8221;][vc_row_inner css=&#8221;.vc_custom_1515147827020{background-color: #eeeeee !important;}&#8221;][vc_column_inner][vc_column_text el_class=&#8221;wk-large-font&#8221;] Impronta e Informativa sulla privacy Indirizzo di contatto FireStorm ISP GmbH Kirchenrainstrasse 27 8632 Tann Svizzera Telefono: 0844 300 200[\/vc_column_text][\/vc_column_inner][\/vc_row_inner][\/vc_column][\/vc_row][vc_row full_width=&#8221;stretch_row&#8221; el_class=&#8221;wk-row-grey&#8221; css=&#8221;.vc_custom_1515147866087{background-color: #ffffff !important;}&#8221;][vc_column 0=&#8221;&#8221;][vc_row_inner 0=&#8221;&#8221; css=&#8221;.vc_custom_1515147874498{background-color: #ffffff !important;}&#8221;][vc_column_inner][vc_column_text el_class=&#8221;wk-large-font&#8221;] Iscrizione nel registro di commercio Nome dell&#8217;azienda registrata: FireStorm ISP GmbH Numero di [&hellip;]<\/p>\n","protected":false},"author":1,"featured_media":0,"parent":0,"menu_order":0,"comment_status":"closed","ping_status":"closed","template":"","meta":{"_relevanssi_hide_post":"","_relevanssi_pin_for_all":"","_relevanssi_pin_keywords":"","_relevanssi_unpin_keywords":"","_relevanssi_related_keywords":"","_relevanssi_related_include_ids":"","_relevanssi_related_exclude_ids":"","_relevanssi_related_no_append":"","_relevanssi_related_not_related":"","_relevanssi_related_posts":"","_relevanssi_noindex_reason":"","footnotes":""},"class_list":["post-5803","page","type-page","status-publish","hentry"],"yoast_head":"<!-- This site is optimized with the Yoast SEO Premium plugin v27.1 (Yoast SEO v27.5) - https:\/\/yoast.com\/product\/yoast-seo-premium-wordpress\/ -->\n<title>Impronta e Informativa sulla privacy - FireStorm ISP<\/title>\n<meta name=\"description\" content=\"Note legali e informativa sulla privacy di FireStorm ISP. Informazioni sulla protezione dei dati e i tuoi diritti.\" \/>\n<meta name=\"robots\" content=\"index, follow, max-snippet:-1, max-image-preview:large, max-video-preview:-1\" \/>\n<link rel=\"canonical\" href=\"https:\/\/www.firestorm.ch\/it\/impronta-e-informativa-sulla-privacy\/\" \/>\n<meta property=\"og:locale\" content=\"it_IT\" \/>\n<meta property=\"og:type\" content=\"article\" \/>\n<meta property=\"og:title\" content=\"Impronta e Informativa sulla privacy\" \/>\n<meta property=\"og:description\" content=\"Note legali e informativa sulla privacy di FireStorm ISP. Informazioni sulla protezione dei dati e i tuoi diritti.\" \/>\n<meta property=\"og:url\" content=\"https:\/\/www.firestorm.ch\/it\/impronta-e-informativa-sulla-privacy\/\" \/>\n<meta property=\"og:site_name\" content=\"FireStorm ISP\" \/>\n<meta property=\"article:publisher\" content=\"https:\/\/www.facebook.com\/firestorm.ch\/\" \/>\n<meta property=\"article:modified_time\" content=\"2023-04-26T06:07:54+00:00\" \/>\n<meta name=\"twitter:card\" content=\"summary_large_image\" \/>\n<meta name=\"twitter:label1\" content=\"Est. reading time\" \/>\n\t<meta name=\"twitter:data1\" content=\"6 minutes\" \/>\n<script type=\"application\/ld+json\" class=\"yoast-schema-graph\">{\"@context\":\"https:\\\/\\\/schema.org\",\"@graph\":[{\"@type\":\"WebPage\",\"@id\":\"https:\\\/\\\/www.firestorm.ch\\\/it\\\/impronta-e-informativa-sulla-privacy\\\/\",\"url\":\"https:\\\/\\\/www.firestorm.ch\\\/it\\\/impronta-e-informativa-sulla-privacy\\\/\",\"name\":\"Impronta e Informativa sulla privacy - FireStorm ISP\",\"isPartOf\":{\"@id\":\"https:\\\/\\\/www.firestorm.ch\\\/#website\"},\"datePublished\":\"2018-01-05T10:27:53+00:00\",\"dateModified\":\"2023-04-26T06:07:54+00:00\",\"description\":\"Note legali e informativa sulla privacy di FireStorm ISP. Informazioni sulla protezione dei dati e i tuoi diritti.\",\"breadcrumb\":{\"@id\":\"https:\\\/\\\/www.firestorm.ch\\\/it\\\/impronta-e-informativa-sulla-privacy\\\/#breadcrumb\"},\"inLanguage\":\"it-CH\",\"potentialAction\":[{\"@type\":\"ReadAction\",\"target\":[\"https:\\\/\\\/www.firestorm.ch\\\/it\\\/impronta-e-informativa-sulla-privacy\\\/\"]}]},{\"@type\":\"BreadcrumbList\",\"@id\":\"https:\\\/\\\/www.firestorm.ch\\\/it\\\/impronta-e-informativa-sulla-privacy\\\/#breadcrumb\",\"itemListElement\":[{\"@type\":\"ListItem\",\"position\":1,\"name\":\"Startseite\",\"item\":\"https:\\\/\\\/www.firestorm.ch\\\/it\\\/\"},{\"@type\":\"ListItem\",\"position\":2,\"name\":\"Impronta e Informativa sulla privacy\"}]},{\"@type\":\"WebSite\",\"@id\":\"https:\\\/\\\/www.firestorm.ch\\\/#website\",\"url\":\"https:\\\/\\\/www.firestorm.ch\\\/\",\"name\":\"FireStorm\",\"description\":\"Webhosting, Domainnamen, Server, Mailserver und Hosting mit Homepagebaukasten und Free SSL Zertifikat\",\"publisher\":{\"@id\":\"https:\\\/\\\/www.firestorm.ch\\\/#organization\"},\"potentialAction\":[{\"@type\":\"SearchAction\",\"target\":{\"@type\":\"EntryPoint\",\"urlTemplate\":\"https:\\\/\\\/www.firestorm.ch\\\/?s={search_term_string}\"},\"query-input\":{\"@type\":\"PropertyValueSpecification\",\"valueRequired\":true,\"valueName\":\"search_term_string\"}}],\"inLanguage\":\"it-CH\"},{\"@type\":\"Organization\",\"@id\":\"https:\\\/\\\/www.firestorm.ch\\\/#organization\",\"name\":\"FireStorm\",\"url\":\"https:\\\/\\\/www.firestorm.ch\\\/\",\"logo\":{\"@type\":\"ImageObject\",\"inLanguage\":\"it-CH\",\"@id\":\"https:\\\/\\\/www.firestorm.ch\\\/#\\\/schema\\\/logo\\\/image\\\/\",\"url\":\"https:\\\/\\\/www.firestorm.ch\\\/wp-content\\\/uploads\\\/2026\\\/03\\\/FireStormLogo.png\",\"contentUrl\":\"https:\\\/\\\/www.firestorm.ch\\\/wp-content\\\/uploads\\\/2026\\\/03\\\/FireStormLogo.png\",\"width\":589,\"height\":60,\"caption\":\"FireStorm\"},\"image\":{\"@id\":\"https:\\\/\\\/www.firestorm.ch\\\/#\\\/schema\\\/logo\\\/image\\\/\"},\"sameAs\":[\"https:\\\/\\\/www.facebook.com\\\/firestorm.ch\\\/\"]}]}<\/script>\n<!-- \/ Yoast SEO Premium plugin. -->","yoast_head_json":{"title":"Impronta e Informativa sulla privacy - FireStorm ISP","description":"Note legali e informativa sulla privacy di FireStorm ISP. Informazioni sulla protezione dei dati e i tuoi diritti.","robots":{"index":"index","follow":"follow","max-snippet":"max-snippet:-1","max-image-preview":"max-image-preview:large","max-video-preview":"max-video-preview:-1"},"canonical":"https:\/\/www.firestorm.ch\/it\/impronta-e-informativa-sulla-privacy\/","og_locale":"it_IT","og_type":"article","og_title":"Impronta e Informativa sulla privacy","og_description":"Note legali e informativa sulla privacy di FireStorm ISP. Informazioni sulla protezione dei dati e i tuoi diritti.","og_url":"https:\/\/www.firestorm.ch\/it\/impronta-e-informativa-sulla-privacy\/","og_site_name":"FireStorm ISP","article_publisher":"https:\/\/www.facebook.com\/firestorm.ch\/","article_modified_time":"2023-04-26T06:07:54+00:00","twitter_card":"summary_large_image","twitter_misc":{"Est. reading time":"6 minutes"},"schema":{"@context":"https:\/\/schema.org","@graph":[{"@type":"WebPage","@id":"https:\/\/www.firestorm.ch\/it\/impronta-e-informativa-sulla-privacy\/","url":"https:\/\/www.firestorm.ch\/it\/impronta-e-informativa-sulla-privacy\/","name":"Impronta e Informativa sulla privacy - FireStorm ISP","isPartOf":{"@id":"https:\/\/www.firestorm.ch\/#website"},"datePublished":"2018-01-05T10:27:53+00:00","dateModified":"2023-04-26T06:07:54+00:00","description":"Note legali e informativa sulla privacy di FireStorm ISP. Informazioni sulla protezione dei dati e i tuoi diritti.","breadcrumb":{"@id":"https:\/\/www.firestorm.ch\/it\/impronta-e-informativa-sulla-privacy\/#breadcrumb"},"inLanguage":"it-CH","potentialAction":[{"@type":"ReadAction","target":["https:\/\/www.firestorm.ch\/it\/impronta-e-informativa-sulla-privacy\/"]}]},{"@type":"BreadcrumbList","@id":"https:\/\/www.firestorm.ch\/it\/impronta-e-informativa-sulla-privacy\/#breadcrumb","itemListElement":[{"@type":"ListItem","position":1,"name":"Startseite","item":"https:\/\/www.firestorm.ch\/it\/"},{"@type":"ListItem","position":2,"name":"Impronta e Informativa sulla privacy"}]},{"@type":"WebSite","@id":"https:\/\/www.firestorm.ch\/#website","url":"https:\/\/www.firestorm.ch\/","name":"FireStorm","description":"Webhosting, Domainnamen, Server, Mailserver und Hosting mit Homepagebaukasten und Free SSL Zertifikat","publisher":{"@id":"https:\/\/www.firestorm.ch\/#organization"},"potentialAction":[{"@type":"SearchAction","target":{"@type":"EntryPoint","urlTemplate":"https:\/\/www.firestorm.ch\/?s={search_term_string}"},"query-input":{"@type":"PropertyValueSpecification","valueRequired":true,"valueName":"search_term_string"}}],"inLanguage":"it-CH"},{"@type":"Organization","@id":"https:\/\/www.firestorm.ch\/#organization","name":"FireStorm","url":"https:\/\/www.firestorm.ch\/","logo":{"@type":"ImageObject","inLanguage":"it-CH","@id":"https:\/\/www.firestorm.ch\/#\/schema\/logo\/image\/","url":"https:\/\/www.firestorm.ch\/wp-content\/uploads\/2026\/03\/FireStormLogo.png","contentUrl":"https:\/\/www.firestorm.ch\/wp-content\/uploads\/2026\/03\/FireStormLogo.png","width":589,"height":60,"caption":"FireStorm"},"image":{"@id":"https:\/\/www.firestorm.ch\/#\/schema\/logo\/image\/"},"sameAs":["https:\/\/www.facebook.com\/firestorm.ch\/"]}]}},"rttpg_featured_image_url":null,"rttpg_author":{"display_name":"FireStorm","author_link":"https:\/\/www.firestorm.ch\/it\/news\/author\/webkoenig\/"},"rttpg_comment":0,"rttpg_category":" <a href=\"https:\/\/www.firestorm.ch\/it\/?taxonomy=translation_priority&#038;term=opzionale\" rel=\"tag\">Opzionale<\/a>","rttpg_excerpt":"[vc_row full_width=&#8221;stretch_row&#8221; el_class=&#8221;wk-row-grey&#8221; css=&#8221;.vc_custom_1515147818556{background-color: #eeeeee !important;}&#8221;][vc_column 0=&#8221;&#8221;][vc_row_inner css=&#8221;.vc_custom_1515147827020{background-color: #eeeeee !important;}&#8221;][vc_column_inner][vc_column_text el_class=&#8221;wk-large-font&#8221;] Impronta e Informativa sulla privacy Indirizzo di contatto FireStorm ISP GmbH Kirchenrainstrasse 27 8632 Tann Svizzera Telefono: 0844 300 200[\/vc_column_text][\/vc_column_inner][\/vc_row_inner][\/vc_column][\/vc_row][vc_row full_width=&#8221;stretch_row&#8221; el_class=&#8221;wk-row-grey&#8221; css=&#8221;.vc_custom_1515147866087{background-color: #ffffff !important;}&#8221;][vc_column 0=&#8221;&#8221;][vc_row_inner 0=&#8221;&#8221; css=&#8221;.vc_custom_1515147874498{background-color: #ffffff !important;}&#8221;][vc_column_inner][vc_column_text el_class=&#8221;wk-large-font&#8221;] Iscrizione nel registro di commercio Nome dell&#8217;azienda registrata: FireStorm ISP GmbH Numero di&hellip;","_links":{"self":[{"href":"https:\/\/www.firestorm.ch\/it\/wp-json\/wp\/v2\/pages\/5803","targetHints":{"allow":["GET"]}}],"collection":[{"href":"https:\/\/www.firestorm.ch\/it\/wp-json\/wp\/v2\/pages"}],"about":[{"href":"https:\/\/www.firestorm.ch\/it\/wp-json\/wp\/v2\/types\/page"}],"author":[{"embeddable":true,"href":"https:\/\/www.firestorm.ch\/it\/wp-json\/wp\/v2\/users\/1"}],"replies":[{"embeddable":true,"href":"https:\/\/www.firestorm.ch\/it\/wp-json\/wp\/v2\/comments?post=5803"}],"version-history":[{"count":0,"href":"https:\/\/www.firestorm.ch\/it\/wp-json\/wp\/v2\/pages\/5803\/revisions"}],"wp:attachment":[{"href":"https:\/\/www.firestorm.ch\/it\/wp-json\/wp\/v2\/media?parent=5803"}],"curies":[{"name":"wp","href":"https:\/\/api.w.org\/{rel}","templated":true}]}}