{"id":28706,"date":"2025-06-02T14:35:56","date_gmt":"2025-06-02T14:35:56","guid":{"rendered":"https:\/\/www.firestorm.ch\/?page_id=28706"},"modified":"2025-06-02T14:35:57","modified_gmt":"2025-06-02T14:35:57","slug":"changelog2023-2","status":"publish","type":"page","link":"https:\/\/www.firestorm.ch\/it\/changelog2023-2\/","title":{"rendered":"Changelog 2024"},"content":{"rendered":"<p>[vc_row full_width=&#8221;stretch_row_content_no_spaces&#8221; content_placement=&#8221;middle&#8221; wk_overlay=&#8221;true&#8221; css=&#8221;.vc_custom_1530191496071{background-image: url(https:\/\/www.firestorm.ch\/wp-content\/uploads\/2018\/06\/immer-auf-neustem-Stand.jpg?id=7495) !important;background-position: center !important;background-repeat: no-repeat !important;background-size: cover !important;}&#8221; el_class=&#8221;wk-header&#8221;][vc_column][vc_row_inner][vc_column_inner][vc_separator color=&#8221;custom&#8221; border_width=&#8221;7&#8243; el_width=&#8221;10&#8243; accent_color=&#8221;#197dc8&#8243;][vc_column_text el_class=&#8221;wk-header-text&#8221;]<\/p>\n<p style=\"text-align: center;\"><strong>Cosa sta succedendo?<\/strong><\/p>\n<p style=\"text-align: center;\">Vi terremo aggiornati<\/p>\n<p>[\/vc_column_text][\/vc_column_inner][\/vc_row_inner][\/vc_column][\/vc_row][vc_row full_width=&#8221;stretch_row&#8221; el_class=&#8221;wk-row&#8221;][vc_column][vc_column_text]<\/p>\n<h4>Tutto in un colpo d&#8217;occhio<\/h4>\n<h1>Changelog<\/h1>\n<p>[\/vc_column_text][vc_row_inner][vc_column_inner width=&#8221;1\/6&#8243;]<div class=\"info-item  style2\"><div class=\"icon\"><i class=\"theme-color fas fa-plus-circle\"><\/i><\/div><div class=\"info-item-content\"><div class=\"info-item-desc\"><p>Nuovo<\/p>\n<\/div><\/div><\/div>[\/vc_column_inner][vc_column_inner width=&#8221;1\/6&#8243;]<div class=\"info-item  style2\"><div class=\"icon\"><i class=\"theme-color fas fa-sync\"><\/i><\/div><div class=\"info-item-content\"><div class=\"info-item-desc\"><p>Aggiornamento<\/p>\n<\/div><\/div><\/div>[\/vc_column_inner][vc_column_inner width=&#8221;1\/6&#8243;]<div class=\"info-item  style2\"><div class=\"icon\"><i class=\"theme-color fas fa-check-circle\"><\/i><\/div><div class=\"info-item-content\"><div class=\"info-item-desc\"><p>Risoluzione dei problemi<\/p>\n<\/div><\/div><\/div>[\/vc_column_inner][\/vc_row_inner]<div class=\"info-item  style1\"><div class=\"info-item-content\"><div class=\"info-item-desc\"><p style=\"text-align: left;\">Weitere News: <a href=\"https:\/\/www.firestorm.ch\/changelog2023\/\">2023<\/a> <a href=\"https:\/\/www.firestorm.ch\/changelog-2022\/\">2022 <\/a><a href=\"https:\/\/www.firestorm.ch\/changelog-2021\/\">2021<\/a> <a href=\"https:\/\/www.firestorm.ch\/changelog-2020\/\">2020<\/a> <a href=\"https:\/\/www.firestorm.ch\/changelog-2019\/\" rel=\"noopener noreferrer\">2019<\/a><\/p>\n<\/div><\/div><\/div>[\/vc_column][\/vc_row][vc_row][vc_column][vc_empty_space height=&#8221;40px&#8221;]<div class=\"info-item  style2\"><div class=\"icon\"><i class=\"theme-color fas fa-sync-alt\"><\/i><\/div><div class=\"info-item-content\"><h4 class=\"theme-color info-item-title\">PHP Update<\/h4><div class=\"info-item-desc\"><p><strong>01. Settembre 2024<\/strong><\/p>\n<p>PHP 8.2 \u00e8 stato aggiornato alla versione 8.2.23.<br \/>\nPHP 8.3 \u00e8 stato aggiornato alla versione 8.3.11.<\/p>\n<\/div><\/div><\/div>[vc_empty_space height=&#8221;40px&#8221;]<div class=\"info-item  style2\"><div class=\"icon\"><i class=\"theme-color fas fa-sync-alt\"><\/i><\/div><div class=\"info-item-content\"><h4 class=\"theme-color info-item-title\">PHP Update<\/h4><div class=\"info-item-desc\"><p><strong>05. Agosto 2024<\/strong><\/p>\n<p>PHP 8.2 \u00e8 stato aggiornato alla versione 8.2.22.<br \/>\nPHP 8.3 \u00e8 stato aggiornato alla versione 8.3.10.<\/p>\n<\/div><\/div><\/div>[vc_empty_space height=&#8221;40px&#8221;]<div class=\"info-item  style2\"><div class=\"icon\"><i class=\"theme-color fas fa-sync-alt\"><\/i><\/div><div class=\"info-item-content\"><h4 class=\"theme-color info-item-title\">PHP Update<\/h4><div class=\"info-item-desc\"><p><strong>8. Luglio 2024<\/strong><\/p>\n<p>PHP 8.3 \u00e8 stato aggiornato alla versione 8.3.9.<\/p>\n<p>PHP 8.2 \u00e8 stato aggiornato alla versione 8.2.21.<\/p>\n<\/div><\/div><\/div>[vc_empty_space height=&#8221;40px&#8221;]<div class=\"info-item  style2\"><div class=\"icon\"><i class=\"theme-color fas fa-sync-alt\"><\/i><\/div><div class=\"info-item-content\"><h4 class=\"theme-color info-item-title\">PHP Update<\/h4><div class=\"info-item-desc\"><p><strong>10. Giugno 2024<\/strong><\/p>\n<p>PHP 8.3 \u00e8 stato aggiornato alla versione 8.3.8.<\/p>\n<p>PHP 8.1 \u00e8 stato aggiornato alla versione 8.1.29.<\/p>\n<p>PHP 8.2 \u00e8 stato aggiornato alla versione 8.2.20.<\/p>\n<\/div><\/div><\/div>[vc_empty_space height=&#8221;40px&#8221;]<div class=\"info-item  style2\"><div class=\"icon\"><i class=\"theme-color fas fa-sync-alt\"><\/i><\/div><div class=\"info-item-content\"><h4 class=\"theme-color info-item-title\">Aggiornamento del software di archiviazione cloud<\/h4><div class=\"info-item-desc\"><p><strong>3. Giugno 2024<\/strong><\/p>\n<p>Abbiamo aggiornato il nostro software di cloud storage all&#8217;ultima versione. La gestione del team Hub8 \u00e8 ora disponibile.<\/p>\n<\/div><\/div><\/div>[vc_empty_space height=&#8221;40px&#8221;]<div class=\"info-item  style2\"><div class=\"icon\"><i class=\"theme-color fas fa-sync-alt\"><\/i><\/div><div class=\"info-item-content\"><h4 class=\"theme-color info-item-title\">Server Windows aggiornati<\/h4><div class=\"info-item-desc\"><p><strong>30. Maggio 2024<\/strong><\/p>\n<p>Abbiamo aggiornato tutti i server Windows ad ASP .Net 4.8.1.<\/p>\n<\/div><\/div><\/div>[vc_empty_space height=&#8221;40px&#8221;]<div class=\"info-item  style2\"><div class=\"icon\"><i class=\"theme-color fas fa-plus-circle\"><\/i><\/div><div class=\"info-item-content\"><h4 class=\"theme-color info-item-title\">Software di archiviazione cloud Aggiornato<\/h4><div class=\"info-item-desc\"><p><strong>19. Aprile 2024<\/strong><\/p>\n<p>Abbiamo migliorato l&#8217;interfaccia utente, risolto i bug e aggiunto nuove funzionalit\u00e0 per ottimizzare la vostra esperienza.<\/p>\n<\/div><\/div><\/div>[vc_empty_space height=&#8221;40px&#8221;]<div class=\"info-item  style2\"><div class=\"icon\"><i class=\"theme-color fas fa-plus-circle\"><\/i><\/div><div class=\"info-item-content\"><h4 class=\"theme-color info-item-title\">WP Forms<\/h4><div class=\"info-item-desc\"><p><strong>15. Aprile 2024<\/strong><\/p>\n<p>WPForms \u00e8 ora disponibile nell&#8217;area download del portale clienti. WPForms \u00e8 uno dei pi\u00f9 potenti costruttori di moduli per WordPress presenti sul mercato.<\/p>\n<\/div><\/div><\/div>[vc_empty_space height=&#8221;40px&#8221;]<div class=\"info-item  style2\"><div class=\"icon\"><i class=\"theme-color fas fa-plus-circle\"><\/i><\/div><div class=\"info-item-content\"><h4 class=\"theme-color info-item-title\">Pannello di amministrazione<\/h4><div class=\"info-item-desc\"><p><strong>27. Marzo 2024<\/strong><\/p>\n<p>Abbiamo ridipinto il pannello di amministrazione admin.firestorm.ch <\/p>\n<\/div><\/div><\/div>[vc_empty_space height=&#8221;40px&#8221;]<div class=\"info-item  style2\"><div class=\"icon\"><i class=\"theme-color fas fa-plus-circle\"><\/i><\/div><div class=\"info-item-content\"><h4 class=\"theme-color info-item-title\">SiteDesigner - Descrizioni uniche dei prodotti grazie all'intelligenza artificiale<\/h4><div class=\"info-item-desc\"><p><strong>15. Marzo 2024<\/strong><\/p>\n<p>Siamo entusiasti di presentare una funzione innovativa che utilizza l&#8217;intelligenza artificiale per generare automaticamente descrizioni uniche dei prodotti. Questa innovazione consente alle aziende di presentare i propri prodotti in modo pi\u00f9 efficiente e coinvolgente, con conseguenti tassi di conversione pi\u00f9 elevati e una maggiore fidelizzazione dei clienti. Grazie a questa soluzione automatizzata, le aziende possono concentrarsi su attivit\u00e0 creative e strategiche, garantendo al contempo la qualit\u00e0 e la pertinenza delle descrizioni dei prodotti.<\/p>\n<p>Versione 1.0.0<\/p>\n<ul>\n<li><strong>Introduzione di descrizioni dei prodotti guidate dall&#8217; IA<\/strong>: Generazione automatica di descrizioni uniche e convincenti per ogni prodotto.<\/li>\n<li><strong>Migliore rappresentazione dei prodotti<\/strong>: descrizioni personalizzate basate su caratteristiche e peculiarit\u00e0 uniche..<\/li>\n<li><strong>Miglioramento della SEO<\/strong>: posizionamento e visibilit\u00e0 pi\u00f9 elevati grazie a contenuti unici e pertinenti.<\/li>\n<li><strong>Risparmio di tempo<\/strong>: l&#8217;automazione riduce lo sforzo manuale per le descrizioni.<\/li>\n<li><strong>Opzioni di personalizzazione<\/strong>: Personalizzazione flessibile del linguaggio, del tono e dello stile per adattarsi all&#8217;identit\u00e0 del marchio.<\/li>\n<li><strong>Feedback gradito<\/strong>: miglioramento continuo basato sul feedback degli utenti.<\/li>\n<li><strong>Aggiornamenti continui<\/strong>: ulteriori miglioramenti previsti per le versioni future.<\/li>\n<li><strong>Correzioni di bug e ottimizzazioni delle prestazioni<\/strong>: Per un&#8217;esperienza d&#8217;uso fluida.<\/li>\n<\/ul>\n<p>\n<\/div><\/div><\/div>[vc_empty_space height=&#8221;40px&#8221;]<div class=\"info-item  style2\"><div class=\"icon\"><i class=\"theme-color fas fa-sync\"><\/i><\/div><div class=\"info-item-content\"><h4 class=\"theme-color info-item-title\">Reindirizzamento dei domini<\/h4><div class=\"info-item-desc\"><p><strong>15. Marzo 2024<\/strong><\/p>\n<p>Abbiamo esteso e ottimizzato il reindirizzamento gratuito dei domini.<\/p>\n<p>\n<\/div><\/div><\/div>[vc_empty_space height=&#8221;40px&#8221;]<div class=\"info-item  style2\"><div class=\"icon\"><i class=\"theme-color fas fa-sync\"><\/i><\/div><div class=\"info-item-content\"><h4 class=\"theme-color info-item-title\">MariaDB 10.11<\/h4><div class=\"info-item-desc\"><p><strong>28. Febbraio 2024<\/strong><\/p>\n<p>MariaDB 10.11 \u00e8 stato attivato in tutti i pacchetti di hosting Linux, il che significa un aumento della sicurezza e della velocit\u00e0 per tutti i siti web.<\/p>\n<\/div><\/div><\/div>[vc_empty_space height=&#8221;40px&#8221;]<div class=\"info-item  style2\"><div class=\"icon\"><i class=\"theme-color fas fa-sync\"><\/i><\/div><div class=\"info-item-content\"><h4 class=\"theme-color info-item-title\">SMS<\/h4><div class=\"info-item-desc\"><p><strong>15. Febbraio 2024<\/strong><\/p>\n<p>D&#8217;ora in poi troverete il registro di invio degli SMS nell&#8217;interfaccia di amministrazione. Questo vi permette di controllare lo stato di tutti i vostri messaggi SMS.<\/p>\n<\/div><\/div><\/div>[vc_empty_space height=&#8221;40px&#8221;]<div class=\"info-item  style2\"><div class=\"icon\"><i class=\"theme-color fas fa-sync\"><\/i><\/div><div class=\"info-item-content\"><h4 class=\"theme-color info-item-title\">PHP Update<\/h4><div class=\"info-item-desc\"><p><strong>2. Gennaio 2024<\/strong><\/p>\n<p>PHP 8.3 \u00e8 stato aggiornato alla versione 8.3.1.<\/p>\n<\/div><\/div><\/div>[vc_empty_space height=&#8221;40px&#8221;][\/vc_column][\/vc_row]<\/p>\n","protected":false},"excerpt":{"rendered":"<p>[vc_row full_width=&#8221;stretch_row_content_no_spaces&#8221; content_placement=&#8221;middle&#8221; wk_overlay=&#8221;true&#8221; css=&#8221;.vc_custom_1530191496071{background-image: url(https:\/\/www.firestorm.ch\/wp-content\/uploads\/2018\/06\/immer-auf-neustem-Stand.jpg?id=7495) !important;background-position: center !important;background-repeat: no-repeat !important;background-size: cover !important;}&#8221; el_class=&#8221;wk-header&#8221;][vc_column][vc_row_inner][vc_column_inner][vc_separator color=&#8221;custom&#8221; border_width=&#8221;7&#8243; el_width=&#8221;10&#8243; accent_color=&#8221;#197dc8&#8243;][vc_column_text el_class=&#8221;wk-header-text&#8221;] Cosa sta succedendo? Vi terremo aggiornati [\/vc_column_text][\/vc_column_inner][\/vc_row_inner][\/vc_column][\/vc_row][vc_row full_width=&#8221;stretch_row&#8221; el_class=&#8221;wk-row&#8221;][vc_column][vc_column_text] Tutto in un colpo d&#8217;occhio Changelog [\/vc_column_text][vc_row_inner][vc_column_inner width=&#8221;1\/6&#8243;][\/vc_column_inner][vc_column_inner width=&#8221;1\/6&#8243;][\/vc_column_inner][vc_column_inner width=&#8221;1\/6&#8243;][\/vc_column_inner][\/vc_row_inner][\/vc_column][\/vc_row][vc_row][vc_column][vc_empty_space height=&#8221;40px&#8221;][vc_empty_space height=&#8221;40px&#8221;][vc_empty_space height=&#8221;40px&#8221;][vc_empty_space height=&#8221;40px&#8221;][vc_empty_space height=&#8221;40px&#8221;][vc_empty_space height=&#8221;40px&#8221;][vc_empty_space height=&#8221;40px&#8221;][vc_empty_space height=&#8221;40px&#8221;][vc_empty_space height=&#8221;40px&#8221;][vc_empty_space height=&#8221;40px&#8221;][vc_empty_space height=&#8221;40px&#8221;][vc_empty_space height=&#8221;40px&#8221;][vc_empty_space height=&#8221;40px&#8221;][vc_empty_space height=&#8221;40px&#8221;][vc_empty_space height=&#8221;40px&#8221;][\/vc_column][\/vc_row]<\/p>\n","protected":false},"author":1,"featured_media":0,"parent":0,"menu_order":0,"comment_status":"closed","ping_status":"closed","template":"","meta":{"_relevanssi_hide_post":"","_relevanssi_pin_for_all":"","_relevanssi_pin_keywords":"","_relevanssi_unpin_keywords":"","_relevanssi_related_keywords":"","_relevanssi_related_include_ids":"","_relevanssi_related_exclude_ids":"","_relevanssi_related_no_append":"","_relevanssi_related_not_related":"","_relevanssi_related_posts":"","_relevanssi_noindex_reason":"","footnotes":""},"class_list":["post-28706","page","type-page","status-publish","hentry"],"yoast_head":"<!-- This site is optimized with the Yoast SEO Premium plugin v27.1 (Yoast SEO v27.4) - https:\/\/yoast.com\/product\/yoast-seo-premium-wordpress\/ -->\n<title>Changelog 2024 - Tutte le modifiche in un colpo d&#039;occhio - FireStorm ISP da Zurigo<\/title>\n<meta name=\"description\" content=\"da ZurigoElenco dei pi\u00f9 importanti cambiamenti, innovazioni e aggiornamenti di FireStorm nell&#039;ambito di hosting, server, domini, root server, SiteDesigner e molto altro ancora.\" \/>\n<meta name=\"robots\" content=\"index, follow, max-snippet:-1, max-image-preview:large, max-video-preview:-1\" \/>\n<link rel=\"canonical\" href=\"https:\/\/www.firestorm.ch\/it\/changelog2023-2\/\" \/>\n<meta property=\"og:locale\" content=\"it_IT\" \/>\n<meta property=\"og:type\" content=\"article\" \/>\n<meta property=\"og:title\" content=\"Changelog 2024\" \/>\n<meta property=\"og:description\" content=\"da ZurigoElenco dei pi\u00f9 importanti cambiamenti, innovazioni e aggiornamenti di FireStorm nell&#039;ambito di hosting, server, domini, root server, SiteDesigner e molto altro ancora.\" \/>\n<meta property=\"og:url\" content=\"https:\/\/www.firestorm.ch\/it\/changelog2023-2\/\" \/>\n<meta property=\"og:site_name\" content=\"FireStorm ISP\" \/>\n<meta property=\"article:publisher\" content=\"https:\/\/www.facebook.com\/firestorm.ch\/\" \/>\n<meta property=\"article:modified_time\" content=\"2025-06-02T14:35:57+00:00\" \/>\n<meta name=\"twitter:card\" content=\"summary_large_image\" \/>\n<meta name=\"twitter:label1\" content=\"Est. reading time\" \/>\n\t<meta name=\"twitter:data1\" content=\"4 minutes\" \/>\n<script type=\"application\/ld+json\" class=\"yoast-schema-graph\">{\"@context\":\"https:\\\/\\\/schema.org\",\"@graph\":[{\"@type\":\"WebPage\",\"@id\":\"https:\\\/\\\/www.firestorm.ch\\\/it\\\/changelog2023-2\\\/\",\"url\":\"https:\\\/\\\/www.firestorm.ch\\\/it\\\/changelog2023-2\\\/\",\"name\":\"Changelog 2024 - Tutte le modifiche in un colpo d'occhio - FireStorm ISP da Zurigo\",\"isPartOf\":{\"@id\":\"https:\\\/\\\/www.firestorm.ch\\\/#website\"},\"datePublished\":\"2025-06-02T14:35:56+00:00\",\"dateModified\":\"2025-06-02T14:35:57+00:00\",\"description\":\"da ZurigoElenco dei pi\u00f9 importanti cambiamenti, innovazioni e aggiornamenti di FireStorm nell'ambito di hosting, server, domini, root server, SiteDesigner e molto altro ancora.\",\"breadcrumb\":{\"@id\":\"https:\\\/\\\/www.firestorm.ch\\\/it\\\/changelog2023-2\\\/#breadcrumb\"},\"inLanguage\":\"it-CH\",\"potentialAction\":[{\"@type\":\"ReadAction\",\"target\":[\"https:\\\/\\\/www.firestorm.ch\\\/it\\\/changelog2023-2\\\/\"]}]},{\"@type\":\"BreadcrumbList\",\"@id\":\"https:\\\/\\\/www.firestorm.ch\\\/it\\\/changelog2023-2\\\/#breadcrumb\",\"itemListElement\":[{\"@type\":\"ListItem\",\"position\":1,\"name\":\"Startseite\",\"item\":\"https:\\\/\\\/www.firestorm.ch\\\/it\\\/\"},{\"@type\":\"ListItem\",\"position\":2,\"name\":\"Changelog 2024\"}]},{\"@type\":\"WebSite\",\"@id\":\"https:\\\/\\\/www.firestorm.ch\\\/#website\",\"url\":\"https:\\\/\\\/www.firestorm.ch\\\/\",\"name\":\"FireStorm\",\"description\":\"Webhosting, Domainnamen, Server, Mailserver und Hosting mit Homepagebaukasten und Free SSL Zertifikat\",\"publisher\":{\"@id\":\"https:\\\/\\\/www.firestorm.ch\\\/#organization\"},\"potentialAction\":[{\"@type\":\"SearchAction\",\"target\":{\"@type\":\"EntryPoint\",\"urlTemplate\":\"https:\\\/\\\/www.firestorm.ch\\\/?s={search_term_string}\"},\"query-input\":{\"@type\":\"PropertyValueSpecification\",\"valueRequired\":true,\"valueName\":\"search_term_string\"}}],\"inLanguage\":\"it-CH\"},{\"@type\":\"Organization\",\"@id\":\"https:\\\/\\\/www.firestorm.ch\\\/#organization\",\"name\":\"FireStorm\",\"url\":\"https:\\\/\\\/www.firestorm.ch\\\/\",\"logo\":{\"@type\":\"ImageObject\",\"inLanguage\":\"it-CH\",\"@id\":\"https:\\\/\\\/www.firestorm.ch\\\/#\\\/schema\\\/logo\\\/image\\\/\",\"url\":\"https:\\\/\\\/www.firestorm.ch\\\/wp-content\\\/uploads\\\/2026\\\/03\\\/FireStormLogo.png\",\"contentUrl\":\"https:\\\/\\\/www.firestorm.ch\\\/wp-content\\\/uploads\\\/2026\\\/03\\\/FireStormLogo.png\",\"width\":589,\"height\":60,\"caption\":\"FireStorm\"},\"image\":{\"@id\":\"https:\\\/\\\/www.firestorm.ch\\\/#\\\/schema\\\/logo\\\/image\\\/\"},\"sameAs\":[\"https:\\\/\\\/www.facebook.com\\\/firestorm.ch\\\/\"]}]}<\/script>\n<!-- \/ Yoast SEO Premium plugin. -->","yoast_head_json":{"title":"Changelog 2024 - Tutte le modifiche in un colpo d'occhio - FireStorm ISP da Zurigo","description":"da ZurigoElenco dei pi\u00f9 importanti cambiamenti, innovazioni e aggiornamenti di FireStorm nell'ambito di hosting, server, domini, root server, SiteDesigner e molto altro ancora.","robots":{"index":"index","follow":"follow","max-snippet":"max-snippet:-1","max-image-preview":"max-image-preview:large","max-video-preview":"max-video-preview:-1"},"canonical":"https:\/\/www.firestorm.ch\/it\/changelog2023-2\/","og_locale":"it_IT","og_type":"article","og_title":"Changelog 2024","og_description":"da ZurigoElenco dei pi\u00f9 importanti cambiamenti, innovazioni e aggiornamenti di FireStorm nell'ambito di hosting, server, domini, root server, SiteDesigner e molto altro ancora.","og_url":"https:\/\/www.firestorm.ch\/it\/changelog2023-2\/","og_site_name":"FireStorm ISP","article_publisher":"https:\/\/www.facebook.com\/firestorm.ch\/","article_modified_time":"2025-06-02T14:35:57+00:00","twitter_card":"summary_large_image","twitter_misc":{"Est. reading time":"4 minutes"},"schema":{"@context":"https:\/\/schema.org","@graph":[{"@type":"WebPage","@id":"https:\/\/www.firestorm.ch\/it\/changelog2023-2\/","url":"https:\/\/www.firestorm.ch\/it\/changelog2023-2\/","name":"Changelog 2024 - Tutte le modifiche in un colpo d'occhio - FireStorm ISP da Zurigo","isPartOf":{"@id":"https:\/\/www.firestorm.ch\/#website"},"datePublished":"2025-06-02T14:35:56+00:00","dateModified":"2025-06-02T14:35:57+00:00","description":"da ZurigoElenco dei pi\u00f9 importanti cambiamenti, innovazioni e aggiornamenti di FireStorm nell'ambito di hosting, server, domini, root server, SiteDesigner e molto altro ancora.","breadcrumb":{"@id":"https:\/\/www.firestorm.ch\/it\/changelog2023-2\/#breadcrumb"},"inLanguage":"it-CH","potentialAction":[{"@type":"ReadAction","target":["https:\/\/www.firestorm.ch\/it\/changelog2023-2\/"]}]},{"@type":"BreadcrumbList","@id":"https:\/\/www.firestorm.ch\/it\/changelog2023-2\/#breadcrumb","itemListElement":[{"@type":"ListItem","position":1,"name":"Startseite","item":"https:\/\/www.firestorm.ch\/it\/"},{"@type":"ListItem","position":2,"name":"Changelog 2024"}]},{"@type":"WebSite","@id":"https:\/\/www.firestorm.ch\/#website","url":"https:\/\/www.firestorm.ch\/","name":"FireStorm","description":"Webhosting, Domainnamen, Server, Mailserver und Hosting mit Homepagebaukasten und Free SSL Zertifikat","publisher":{"@id":"https:\/\/www.firestorm.ch\/#organization"},"potentialAction":[{"@type":"SearchAction","target":{"@type":"EntryPoint","urlTemplate":"https:\/\/www.firestorm.ch\/?s={search_term_string}"},"query-input":{"@type":"PropertyValueSpecification","valueRequired":true,"valueName":"search_term_string"}}],"inLanguage":"it-CH"},{"@type":"Organization","@id":"https:\/\/www.firestorm.ch\/#organization","name":"FireStorm","url":"https:\/\/www.firestorm.ch\/","logo":{"@type":"ImageObject","inLanguage":"it-CH","@id":"https:\/\/www.firestorm.ch\/#\/schema\/logo\/image\/","url":"https:\/\/www.firestorm.ch\/wp-content\/uploads\/2026\/03\/FireStormLogo.png","contentUrl":"https:\/\/www.firestorm.ch\/wp-content\/uploads\/2026\/03\/FireStormLogo.png","width":589,"height":60,"caption":"FireStorm"},"image":{"@id":"https:\/\/www.firestorm.ch\/#\/schema\/logo\/image\/"},"sameAs":["https:\/\/www.facebook.com\/firestorm.ch\/"]}]}},"rttpg_featured_image_url":null,"rttpg_author":{"display_name":"FireStorm","author_link":"https:\/\/www.firestorm.ch\/it\/news\/author\/webkoenig\/"},"rttpg_comment":0,"rttpg_category":" <a href=\"https:\/\/www.firestorm.ch\/it\/?taxonomy=translation_priority&#038;term=opzionale\" rel=\"tag\">Opzionale<\/a>","rttpg_excerpt":"[vc_row full_width=&#8221;stretch_row_content_no_spaces&#8221; content_placement=&#8221;middle&#8221; wk_overlay=&#8221;true&#8221; css=&#8221;.vc_custom_1530191496071{background-image: url(https:\/\/www.firestorm.ch\/wp-content\/uploads\/2018\/06\/immer-auf-neustem-Stand.jpg?id=7495) !important;background-position: center !important;background-repeat: no-repeat !important;background-size: cover !important;}&#8221; el_class=&#8221;wk-header&#8221;][vc_column][vc_row_inner][vc_column_inner][vc_separator color=&#8221;custom&#8221; border_width=&#8221;7&#8243; el_width=&#8221;10&#8243; accent_color=&#8221;#197dc8&#8243;][vc_column_text el_class=&#8221;wk-header-text&#8221;] Cosa sta succedendo? Vi terremo aggiornati [\/vc_column_text][\/vc_column_inner][\/vc_row_inner][\/vc_column][\/vc_row][vc_row full_width=&#8221;stretch_row&#8221; el_class=&#8221;wk-row&#8221;][vc_column][vc_column_text] Tutto in un colpo d&#8217;occhio Changelog [\/vc_column_text][vc_row_inner][vc_column_inner width=&#8221;1\/6&#8243;][\/vc_column_inner][vc_column_inner width=&#8221;1\/6&#8243;][\/vc_column_inner][vc_column_inner width=&#8221;1\/6&#8243;][\/vc_column_inner][\/vc_row_inner][\/vc_column][\/vc_row][vc_row][vc_column][vc_empty_space height=&#8221;40px&#8221;][vc_empty_space height=&#8221;40px&#8221;][vc_empty_space height=&#8221;40px&#8221;][vc_empty_space height=&#8221;40px&#8221;][vc_empty_space height=&#8221;40px&#8221;][vc_empty_space height=&#8221;40px&#8221;][vc_empty_space height=&#8221;40px&#8221;][vc_empty_space height=&#8221;40px&#8221;][vc_empty_space height=&#8221;40px&#8221;][vc_empty_space height=&#8221;40px&#8221;][vc_empty_space height=&#8221;40px&#8221;][vc_empty_space height=&#8221;40px&#8221;][vc_empty_space height=&#8221;40px&#8221;][vc_empty_space height=&#8221;40px&#8221;][vc_empty_space height=&#8221;40px&#8221;][\/vc_column][\/vc_row]","_links":{"self":[{"href":"https:\/\/www.firestorm.ch\/it\/wp-json\/wp\/v2\/pages\/28706","targetHints":{"allow":["GET"]}}],"collection":[{"href":"https:\/\/www.firestorm.ch\/it\/wp-json\/wp\/v2\/pages"}],"about":[{"href":"https:\/\/www.firestorm.ch\/it\/wp-json\/wp\/v2\/types\/page"}],"author":[{"embeddable":true,"href":"https:\/\/www.firestorm.ch\/it\/wp-json\/wp\/v2\/users\/1"}],"replies":[{"embeddable":true,"href":"https:\/\/www.firestorm.ch\/it\/wp-json\/wp\/v2\/comments?post=28706"}],"version-history":[{"count":0,"href":"https:\/\/www.firestorm.ch\/it\/wp-json\/wp\/v2\/pages\/28706\/revisions"}],"wp:attachment":[{"href":"https:\/\/www.firestorm.ch\/it\/wp-json\/wp\/v2\/media?parent=28706"}],"curies":[{"name":"wp","href":"https:\/\/api.w.org\/{rel}","templated":true}]}}