{"id":25383,"date":"2023-01-03T13:23:57","date_gmt":"2023-01-03T13:23:57","guid":{"rendered":"https:\/\/www.firestorm.ch\/?page_id=25383"},"modified":"2023-01-03T13:23:57","modified_gmt":"2023-01-03T13:23:57","slug":"changelog-2022","status":"publish","type":"page","link":"https:\/\/www.firestorm.ch\/it\/changelog-2022\/","title":{"rendered":"Changelog 2022"},"content":{"rendered":"<p>[vc_row full_width=&#8221;stretch_row_content_no_spaces&#8221; content_placement=&#8221;middle&#8221; wk_overlay=&#8221;true&#8221; css=&#8221;.vc_custom_1530191496071{background-image: url(https:\/\/www.firestorm.ch\/wp-content\/uploads\/2018\/06\/immer-auf-neustem-Stand.jpg?id=7495) !important;background-position: center !important;background-repeat: no-repeat !important;background-size: cover !important;}&#8221; el_class=&#8221;wk-header&#8221;][vc_column][vc_row_inner][vc_column_inner][vc_separator color=&#8221;custom&#8221; border_width=&#8221;7&#8243; el_width=&#8221;10&#8243; accent_color=&#8221;#197dc8&#8243;][vc_column_text el_class=&#8221;wk-header-text&#8221;]<\/p>\n<p style=\"text-align: center;\"><strong>Cosa sta succedendo?<\/strong><\/p>\n<p style=\"text-align: center;\">Vi terremo informati<\/p>\n<p>[\/vc_column_text][\/vc_column_inner][\/vc_row_inner][\/vc_column][\/vc_row][vc_row full_width=&#8221;stretch_row&#8221; el_class=&#8221;wk-row&#8221;][vc_column][vc_column_text]<\/p>\n<h4>Tutto in sintesi<\/h4>\n<h1>Changelog<\/h1>\n<p>[\/vc_column_text][vc_row_inner][vc_column_inner width=&#8221;1\/6&#8243;]<div class=\"info-item  style2\"><div class=\"icon\"><i class=\"theme-color fas fa-plus-circle\"><\/i><\/div><div class=\"info-item-content\"><div class=\"info-item-desc\"><p>Nuova<\/p>\n<\/div><\/div><\/div>[\/vc_column_inner][vc_column_inner width=&#8221;1\/6&#8243;]<div class=\"info-item  style2\"><div class=\"icon\"><i class=\"theme-color fas fa-sync\"><\/i><\/div><div class=\"info-item-content\"><div class=\"info-item-desc\"><p>Attualizzazione<\/p>\n<\/div><\/div><\/div>[\/vc_column_inner][vc_column_inner width=&#8221;1\/6&#8243;]<div class=\"info-item  style2\"><div class=\"icon\"><i class=\"theme-color fas fa-check-circle\"><\/i><\/div><div class=\"info-item-content\"><div class=\"info-item-desc\"><p>correzione di bug<\/p>\n<\/div><\/div><\/div>[\/vc_column_inner][\/vc_row_inner]<div class=\"info-item  style2\"><div class=\"info-item-content\"><div class=\"info-item-desc\"><p>Altre notizie: <a href=\"https:\/\/www.firestorm.ch\/it\/changelog-2021\/\">2021,<\/a> <a href=\"https:\/\/www.firestorm.ch\/it\/changelog-2020\/\">2020,<\/a> <a href=\"https:\/\/www.firestorm.ch\/it\/changelog-2019\/\" rel=\"noopener noreferrer\">2019<\/a><\/p>\n<\/div><\/div><\/div>[\/vc_column][\/vc_row][vc_row][vc_column][\/vc_column][\/vc_row][vc_row][vc_column]<div class=\"info-item  style2\"><div class=\"icon\"><i class=\"theme-color fas fa-plus-circle\"><\/i><\/div><div class=\"info-item-content\"><h4 class=\"theme-color info-item-title\">Ottimizzazioni per i database e l'SSD<\/h4><div class=\"info-item-desc\"><p><strong>30. dicembre 2022<\/strong><\/p>\n<p>Abbiamo apportato ottimizzazioni ai database e all&#8217;SSD per aumentare la velocit\u00e0 dei siti web.<\/p>\n<\/div><\/div><\/div>[vc_empty_space height=&#8221;40px&#8221;]<div class=\"info-item  style2\"><div class=\"icon\"><i class=\"theme-color fas fa-plus-circle\"><\/i><\/div><div class=\"info-item-content\"><h4 class=\"theme-color info-item-title\">Ambiente di programmazione Laravel disponibile ora<\/h4><div class=\"info-item-desc\"><p><strong>14. Ottobre 2022<\/strong><\/p>\n<p>Tutti gli hosting Linux includono Laravel come ambiente di programmazione. Maggiori informazioni: https:\/\/www.plesk.com\/extensions\/laravel\/<\/p>\n<\/div><\/div><\/div>[vc_empty_space height=&#8221;40px&#8221;]<div class=\"info-item  style2\"><div class=\"icon\"><i class=\"theme-color fas fa-sync\"><\/i><\/div><div class=\"info-item-content\"><h4 class=\"theme-color info-item-title\">Server di posta in entrata\/uscita<\/h4><div class=\"info-item-desc\"><p><strong>29. Settembre 2022<\/strong><\/p>\n<p>Stiamo aggiornando tutti i nostri server da Ubuntu 20 a Ubuntu 22. L&#8217;aggiornamento sar\u00e0 installato nella notte del 1\u00b0 ottobre. Non ci saranno interruzioni.<\/p>\n<p>\n<\/div><\/div><\/div>[vc_empty_space height=&#8221;40px&#8221;]<div class=\"info-item  style2\"><div class=\"icon\"><i class=\"theme-color fas fa-plus-circle\"><\/i><\/div><div class=\"info-item-content\"><h4 class=\"theme-color info-item-title\">Server di posta in entrata\/uscita<\/h4><div class=\"info-item-desc\"><p><strong>29. Settembre 2022<\/strong><\/p>\n<p>Ora \u00e8 possibile utilizzare i seguenti server di posta in\/out al posto di &#8220;sr00.firestorm.ch&#8221;:<\/p>\n<p>&#8211; SMTP: smtp.firestorm.ch (465 \/ SSL)<\/p>\n<p>&#8211; IMAP: imap.firestorm.ch (993 \/ SSL)<\/p>\n<p>&#8211; POP3: pop3.firestorm.ch (995 \/ SSL)<\/p>\n<p>&nbsp;<\/p>\n<p>Questo funziona solo se il dominio dell&#8217;indirizzo di posta \u00e8 configurato correttamente (MX &amp; *.domain.tld A entry) e punta a un hosting\/server con noi.<\/p>\n<p>Le istruzioni sono gi\u00e0 state adattate di conseguenza: <a href=\"https:\/\/www.firestorm.ch\/it\/kb\/e-mail-konto-einrichten\/\">https:\/\/www.firestorm.ch\/it\/kb\/e-mail-konto-einrichten\/<\/a><\/p>\n<\/div><\/div><\/div>[vc_empty_space height=&#8221;40px&#8221;]<div class=\"info-item  style2\"><div class=\"icon\"><i class=\"theme-color fas fa-plus-circle\"><\/i><\/div><div class=\"info-item-content\"><h4 class=\"theme-color info-item-title\">Installazione di .Net Core<\/h4><div class=\"info-item-desc\"><p><strong>02. Settembre 2022<\/strong><\/p>\n<p>Novit\u00e0: Tutti i piani di hosting Linux includono .Net Core 3.1, 5.0 e 6.0 gratuitamente.<\/p>\n<\/div><\/div><\/div>[vc_empty_space height=&#8221;40px&#8221;]<div class=\"info-item  style2\"><div class=\"icon\"><i class=\"theme-color fas fa-plus-circle\"><\/i><\/div><div class=\"info-item-content\"><h4 class=\"theme-color info-item-title\">HA Sistema<\/h4><div class=\"info-item-desc\"><p><strong>17. agosto 2022<\/strong><\/p>\n<p>Per garantire che tutto continui a funzionare in caso di guasto del server principale, \u00e8 ora possibile ordinare un sistema HA aggiuntivo al server esistente.<\/p>\n<\/div><\/div><\/div>[vc_empty_space height=&#8221;40px&#8221;]<div class=\"info-item  style2\"><div class=\"icon\"><i class=\"theme-color fas fa-sync\"><\/i><\/div><div class=\"info-item-content\"><h4 class=\"theme-color info-item-title\">PHP Update<\/h4><div class=\"info-item-desc\"><p><strong>15. Giugno 2022<\/strong><\/p>\n<p>Aggiornato PHP 8.1 alla versione 8.1.6.<\/p>\n<p>Aggiornato PHP 8.0 alla versione 8.0.19.<\/p>\n<\/div><\/div><\/div>[vc_empty_space height=&#8221;40px&#8221;]<div class=\"info-item  style2\"><div class=\"icon\"><i class=\"theme-color fas fa-sync\"><\/i><\/div><div class=\"info-item-content\"><h4 class=\"theme-color info-item-title\">PHP Update<\/h4><div class=\"info-item-desc\"><p><strong>14. Giugno 2022<\/strong><\/p>\n<p>Aggiornato PHP 8.1 alla versione 8.1.5.<\/p>\n<p>Aggiornato PHP 8.0 alla versione 8.0.18.<\/p>\n<p>Aggiornato PHP 7.4 alla versione 7.4.29.<\/p>\n<\/div><\/div><\/div>[vc_empty_space height=&#8221;40px&#8221;]<div class=\"info-item  style2\"><div class=\"icon\"><i class=\"theme-color fas fa-sync\"><\/i><\/div><div class=\"info-item-content\"><h4 class=\"theme-color info-item-title\">DNS Manager<\/h4><div class=\"info-item-desc\"><p><strong>29. aprile 2022<\/strong><\/p>\n<p>Abbiamo aggiornato il DNS Manager.<br \/>\nD&#8217;ora in poi non \u00e8 pi\u00f9 necessario inserire l&#8217;intero dominio, inoltre \u00e8 disponibile una funzione di massa e una funzione di backup. Inoltre, sono stati aggiunti diversi miglioramenti.<\/p>\n<\/div><\/div><\/div>[vc_empty_space height=&#8221;40px&#8221;]<div class=\"info-item  style2\"><div class=\"icon\"><i class=\"theme-color fas fa-sync\"><\/i><\/div><div class=\"info-item-content\"><h4 class=\"theme-color info-item-title\">MariaDB<\/h4><div class=\"info-item-desc\"><p><strong>19. aprile 2022<\/strong><\/p>\n<p>We have upgraded the database server from MariaDB 10.5 to 10.6 on all Windows servers.<\/p>\n<\/div><\/div><\/div>[vc_empty_space height=&#8221;40px&#8221;]<div class=\"info-item  style2\"><div class=\"icon\"><i class=\"theme-color fas fa-plus-circle\"><\/i><\/div><div class=\"info-item-content\"><h4 class=\"theme-color info-item-title\">SiteDesigner<\/h4><div class=\"info-item-desc\"><p><strong>11. aprile 2022<\/strong><\/p>\n<p>Ora puoi visualizzare le tue immagini in diverse forme semplicemente aggiungendo un&#8217;immagine alla pagina e selezionando la forma desiderata dal menu a discesa nelle impostazioni. La funzione offre una maggiore variet\u00e0 e modi pi\u00f9 flessibili per progettare la tua offerta di prodotti o servizi con 10 forme diverse.<\/p>\n\n<p>\n<\/div><\/div><\/div>[vc_empty_space height=&#8221;40px&#8221;]<div class=\"info-item  style2\"><div class=\"icon\"><i class=\"theme-color fas fa-sync\"><\/i><\/div><div class=\"info-item-content\"><h4 class=\"theme-color info-item-title\">SPAM Filter<\/h4><div class=\"info-item-desc\"><p><strong>08. aprile 2022<\/strong><\/p>\n<p>Abbiamo aggiornato e migliorato la nostra versione del filtro SPAM sui server Linux e Windows. Cos\u00ec riceverai ancora meno mail di SPAM in futuro.<\/p>\n<\/div><\/div><\/div>[vc_empty_space height=&#8221;40px&#8221;]<div class=\"info-item  style2\"><div class=\"icon\"><i class=\"theme-color fas fa-sync\"><\/i><\/div><div class=\"info-item-content\"><h4 class=\"theme-color info-item-title\">SPAM Filter<\/h4><div class=\"info-item-desc\"><p><strong>14. Marzo 2022<\/strong><\/p>\n<p>Abbiamo aggiornato e migliorato il filtro SPAM.<\/p>\n<\/div><\/div><\/div>[vc_empty_space height=&#8221;40px&#8221;]<div class=\"info-item  style2\"><div class=\"icon\"><i class=\"theme-color fas fa-sync\"><\/i><\/div><div class=\"info-item-content\"><h4 class=\"theme-color info-item-title\">SiteDesigner Update<\/h4><div class=\"info-item-desc\"><p><strong>22. Febbraio 2022<\/strong><\/p>\n<p>Abbiamo installato aggiornamenti in SiteDesigner. Alcuni bug nei modelli sono stati corretti e le funzioni sono state migliorate.<\/p>\n<\/div><\/div><\/div>[vc_empty_space height=&#8221;40px&#8221;]<div class=\"info-item  style2\"><div class=\"icon\"><i class=\"theme-color fas fa-sync\"><\/i><\/div><div class=\"info-item-content\"><h4 class=\"theme-color info-item-title\">SPAM Filter<\/h4><div class=\"info-item-desc\"><p><strong>16. Febbraio 2022<\/strong><\/p>\n<p>Abbiamo ottimizzato il filtro SPAM in modo che ti arrivino ancora meno mail di SPAM e tu possa concentrarti sul tuo lavoro.<\/p>\n<\/div><\/div><\/div>[vc_empty_space height=&#8221;40px&#8221;]<div class=\"info-item  style2\"><div class=\"icon\"><i class=\"theme-color fas fa-sync\"><\/i><\/div><div class=\"info-item-content\"><h4 class=\"theme-color info-item-title\">SiteDesigner Update<\/h4><div class=\"info-item-desc\"><p><strong>14. Febbraio 2022<\/strong><\/p>\n<p>Abbiamo installato aggiornamenti in SiteDesigner. Alcuni bug nei modelli sono stati corretti e le funzioni sono state migliorate.<\/p>\n<\/div><\/div><\/div>[vc_empty_space height=&#8221;40px&#8221;]<div class=\"info-item  style2\"><div class=\"icon\"><i class=\"theme-color fas fa-sync\"><\/i><\/div><div class=\"info-item-content\"><h4 class=\"theme-color info-item-title\">PHP Update<\/h4><div class=\"info-item-desc\"><p><strong>14. gennaio 2022<\/strong><\/p>\n<p>La versione 8.1 di PHP \u00e8 ora disponibile su tutti i nostri server. Quindi puoi scegliere tra le seguenti versioni di PHP:<\/p>\n<p>PHP 5.0<br \/>\nPHP 7.0<br \/>\nPHP 7.1<br \/>\nPHP 7.2<br \/>\nPHP 7.3<br \/>\nPHP 7.4<br \/>\nPHP 8.0<br \/>\nPHP 8.1<\/p>\n<\/div><\/div><\/div>[vc_empty_space height=&#8221;40px&#8221;][\/vc_column][\/vc_row]<\/p>\n","protected":false},"excerpt":{"rendered":"<p>[vc_row full_width=&#8221;stretch_row_content_no_spaces&#8221; content_placement=&#8221;middle&#8221; wk_overlay=&#8221;true&#8221; css=&#8221;.vc_custom_1530191496071{background-image: url(https:\/\/www.firestorm.ch\/wp-content\/uploads\/2018\/06\/immer-auf-neustem-Stand.jpg?id=7495) !important;background-position: center !important;background-repeat: no-repeat !important;background-size: cover !important;}&#8221; el_class=&#8221;wk-header&#8221;][vc_column][vc_row_inner][vc_column_inner][vc_separator color=&#8221;custom&#8221; border_width=&#8221;7&#8243; el_width=&#8221;10&#8243; accent_color=&#8221;#197dc8&#8243;][vc_column_text el_class=&#8221;wk-header-text&#8221;] Cosa sta succedendo? Vi terremo informati [\/vc_column_text][\/vc_column_inner][\/vc_row_inner][\/vc_column][\/vc_row][vc_row full_width=&#8221;stretch_row&#8221; el_class=&#8221;wk-row&#8221;][vc_column][vc_column_text] Tutto in sintesi Changelog [\/vc_column_text][vc_row_inner][vc_column_inner width=&#8221;1\/6&#8243;][\/vc_column_inner][vc_column_inner width=&#8221;1\/6&#8243;][\/vc_column_inner][vc_column_inner width=&#8221;1\/6&#8243;][\/vc_column_inner][\/vc_row_inner][\/vc_column][\/vc_row][vc_row][vc_column][\/vc_column][\/vc_row][vc_row][vc_column][vc_empty_space height=&#8221;40px&#8221;][vc_empty_space height=&#8221;40px&#8221;][vc_empty_space height=&#8221;40px&#8221;][vc_empty_space height=&#8221;40px&#8221;][vc_empty_space height=&#8221;40px&#8221;][vc_empty_space height=&#8221;40px&#8221;][vc_empty_space height=&#8221;40px&#8221;][vc_empty_space height=&#8221;40px&#8221;][vc_empty_space height=&#8221;40px&#8221;][vc_empty_space height=&#8221;40px&#8221;][vc_empty_space height=&#8221;40px&#8221;][vc_empty_space height=&#8221;40px&#8221;][vc_empty_space height=&#8221;40px&#8221;][vc_empty_space height=&#8221;40px&#8221;][vc_empty_space height=&#8221;40px&#8221;][vc_empty_space height=&#8221;40px&#8221;][vc_empty_space height=&#8221;40px&#8221;][\/vc_column][\/vc_row]<\/p>\n","protected":false},"author":1,"featured_media":0,"parent":0,"menu_order":0,"comment_status":"closed","ping_status":"closed","template":"","meta":{"_relevanssi_hide_post":"","_relevanssi_pin_for_all":"","_relevanssi_pin_keywords":"","_relevanssi_unpin_keywords":"","_relevanssi_related_keywords":"","_relevanssi_related_include_ids":"","_relevanssi_related_exclude_ids":"","_relevanssi_related_no_append":"","_relevanssi_related_not_related":"","_relevanssi_related_posts":"","_relevanssi_noindex_reason":"","footnotes":""},"class_list":["post-25383","page","type-page","status-publish","hentry"],"yoast_head":"<!-- This site is optimized with the Yoast SEO Premium plugin v27.1 (Yoast SEO v27.4) - https:\/\/yoast.com\/product\/yoast-seo-premium-wordpress\/ -->\n<title>Changelog 2022 - FireStorm ISP<\/title>\n<meta name=\"description\" content=\"Elenco dei cambiamenti pi\u00f9 importanti di FireStorm nell&#039;area di hosting, server, domini, ecc.\" \/>\n<meta name=\"robots\" content=\"index, follow, max-snippet:-1, max-image-preview:large, max-video-preview:-1\" \/>\n<link rel=\"canonical\" href=\"https:\/\/www.firestorm.ch\/it\/changelog-2022\/\" \/>\n<meta property=\"og:locale\" content=\"it_IT\" \/>\n<meta property=\"og:type\" content=\"article\" \/>\n<meta property=\"og:title\" content=\"Changelog 2022\" \/>\n<meta property=\"og:description\" content=\"Elenco dei cambiamenti pi\u00f9 importanti di FireStorm nell&#039;area di hosting, server, domini, ecc.\" \/>\n<meta property=\"og:url\" content=\"https:\/\/www.firestorm.ch\/it\/changelog-2022\/\" \/>\n<meta property=\"og:site_name\" content=\"FireStorm ISP\" \/>\n<meta property=\"article:publisher\" content=\"https:\/\/www.facebook.com\/firestorm.ch\/\" \/>\n<meta name=\"twitter:card\" content=\"summary_large_image\" \/>\n<meta name=\"twitter:label1\" content=\"Est. reading time\" \/>\n\t<meta name=\"twitter:data1\" content=\"5 minutes\" \/>\n<script type=\"application\/ld+json\" class=\"yoast-schema-graph\">{\"@context\":\"https:\\\/\\\/schema.org\",\"@graph\":[{\"@type\":\"WebPage\",\"@id\":\"https:\\\/\\\/www.firestorm.ch\\\/it\\\/changelog-2022\\\/\",\"url\":\"https:\\\/\\\/www.firestorm.ch\\\/it\\\/changelog-2022\\\/\",\"name\":\"Changelog 2022 - FireStorm ISP\",\"isPartOf\":{\"@id\":\"https:\\\/\\\/www.firestorm.ch\\\/#website\"},\"datePublished\":\"2023-01-03T13:23:57+00:00\",\"description\":\"Elenco dei cambiamenti pi\u00f9 importanti di FireStorm nell'area di hosting, server, domini, ecc.\",\"breadcrumb\":{\"@id\":\"https:\\\/\\\/www.firestorm.ch\\\/it\\\/changelog-2022\\\/#breadcrumb\"},\"inLanguage\":\"it-CH\",\"potentialAction\":[{\"@type\":\"ReadAction\",\"target\":[\"https:\\\/\\\/www.firestorm.ch\\\/it\\\/changelog-2022\\\/\"]}]},{\"@type\":\"BreadcrumbList\",\"@id\":\"https:\\\/\\\/www.firestorm.ch\\\/it\\\/changelog-2022\\\/#breadcrumb\",\"itemListElement\":[{\"@type\":\"ListItem\",\"position\":1,\"name\":\"Startseite\",\"item\":\"https:\\\/\\\/www.firestorm.ch\\\/it\\\/\"},{\"@type\":\"ListItem\",\"position\":2,\"name\":\"Changelog 2022\"}]},{\"@type\":\"WebSite\",\"@id\":\"https:\\\/\\\/www.firestorm.ch\\\/#website\",\"url\":\"https:\\\/\\\/www.firestorm.ch\\\/\",\"name\":\"FireStorm\",\"description\":\"Webhosting, Domainnamen, Server, Mailserver und Hosting mit Homepagebaukasten und Free SSL Zertifikat\",\"publisher\":{\"@id\":\"https:\\\/\\\/www.firestorm.ch\\\/#organization\"},\"potentialAction\":[{\"@type\":\"SearchAction\",\"target\":{\"@type\":\"EntryPoint\",\"urlTemplate\":\"https:\\\/\\\/www.firestorm.ch\\\/?s={search_term_string}\"},\"query-input\":{\"@type\":\"PropertyValueSpecification\",\"valueRequired\":true,\"valueName\":\"search_term_string\"}}],\"inLanguage\":\"it-CH\"},{\"@type\":\"Organization\",\"@id\":\"https:\\\/\\\/www.firestorm.ch\\\/#organization\",\"name\":\"FireStorm\",\"url\":\"https:\\\/\\\/www.firestorm.ch\\\/\",\"logo\":{\"@type\":\"ImageObject\",\"inLanguage\":\"it-CH\",\"@id\":\"https:\\\/\\\/www.firestorm.ch\\\/#\\\/schema\\\/logo\\\/image\\\/\",\"url\":\"https:\\\/\\\/www.firestorm.ch\\\/wp-content\\\/uploads\\\/2026\\\/03\\\/FireStormLogo.png\",\"contentUrl\":\"https:\\\/\\\/www.firestorm.ch\\\/wp-content\\\/uploads\\\/2026\\\/03\\\/FireStormLogo.png\",\"width\":589,\"height\":60,\"caption\":\"FireStorm\"},\"image\":{\"@id\":\"https:\\\/\\\/www.firestorm.ch\\\/#\\\/schema\\\/logo\\\/image\\\/\"},\"sameAs\":[\"https:\\\/\\\/www.facebook.com\\\/firestorm.ch\\\/\"]}]}<\/script>\n<!-- \/ Yoast SEO Premium plugin. -->","yoast_head_json":{"title":"Changelog 2022 - FireStorm ISP","description":"Elenco dei cambiamenti pi\u00f9 importanti di FireStorm nell'area di hosting, server, domini, ecc.","robots":{"index":"index","follow":"follow","max-snippet":"max-snippet:-1","max-image-preview":"max-image-preview:large","max-video-preview":"max-video-preview:-1"},"canonical":"https:\/\/www.firestorm.ch\/it\/changelog-2022\/","og_locale":"it_IT","og_type":"article","og_title":"Changelog 2022","og_description":"Elenco dei cambiamenti pi\u00f9 importanti di FireStorm nell'area di hosting, server, domini, ecc.","og_url":"https:\/\/www.firestorm.ch\/it\/changelog-2022\/","og_site_name":"FireStorm ISP","article_publisher":"https:\/\/www.facebook.com\/firestorm.ch\/","twitter_card":"summary_large_image","twitter_misc":{"Est. reading time":"5 minutes"},"schema":{"@context":"https:\/\/schema.org","@graph":[{"@type":"WebPage","@id":"https:\/\/www.firestorm.ch\/it\/changelog-2022\/","url":"https:\/\/www.firestorm.ch\/it\/changelog-2022\/","name":"Changelog 2022 - FireStorm ISP","isPartOf":{"@id":"https:\/\/www.firestorm.ch\/#website"},"datePublished":"2023-01-03T13:23:57+00:00","description":"Elenco dei cambiamenti pi\u00f9 importanti di FireStorm nell'area di hosting, server, domini, ecc.","breadcrumb":{"@id":"https:\/\/www.firestorm.ch\/it\/changelog-2022\/#breadcrumb"},"inLanguage":"it-CH","potentialAction":[{"@type":"ReadAction","target":["https:\/\/www.firestorm.ch\/it\/changelog-2022\/"]}]},{"@type":"BreadcrumbList","@id":"https:\/\/www.firestorm.ch\/it\/changelog-2022\/#breadcrumb","itemListElement":[{"@type":"ListItem","position":1,"name":"Startseite","item":"https:\/\/www.firestorm.ch\/it\/"},{"@type":"ListItem","position":2,"name":"Changelog 2022"}]},{"@type":"WebSite","@id":"https:\/\/www.firestorm.ch\/#website","url":"https:\/\/www.firestorm.ch\/","name":"FireStorm","description":"Webhosting, Domainnamen, Server, Mailserver und Hosting mit Homepagebaukasten und Free SSL Zertifikat","publisher":{"@id":"https:\/\/www.firestorm.ch\/#organization"},"potentialAction":[{"@type":"SearchAction","target":{"@type":"EntryPoint","urlTemplate":"https:\/\/www.firestorm.ch\/?s={search_term_string}"},"query-input":{"@type":"PropertyValueSpecification","valueRequired":true,"valueName":"search_term_string"}}],"inLanguage":"it-CH"},{"@type":"Organization","@id":"https:\/\/www.firestorm.ch\/#organization","name":"FireStorm","url":"https:\/\/www.firestorm.ch\/","logo":{"@type":"ImageObject","inLanguage":"it-CH","@id":"https:\/\/www.firestorm.ch\/#\/schema\/logo\/image\/","url":"https:\/\/www.firestorm.ch\/wp-content\/uploads\/2026\/03\/FireStormLogo.png","contentUrl":"https:\/\/www.firestorm.ch\/wp-content\/uploads\/2026\/03\/FireStormLogo.png","width":589,"height":60,"caption":"FireStorm"},"image":{"@id":"https:\/\/www.firestorm.ch\/#\/schema\/logo\/image\/"},"sameAs":["https:\/\/www.facebook.com\/firestorm.ch\/"]}]}},"rttpg_featured_image_url":null,"rttpg_author":{"display_name":"FireStorm","author_link":"https:\/\/www.firestorm.ch\/it\/news\/author\/webkoenig\/"},"rttpg_comment":0,"rttpg_category":" <a href=\"https:\/\/www.firestorm.ch\/?taxonomy=translation_priority&#038;term=optional\" rel=\"tag\">Optional<\/a><a href=\"https:\/\/www.firestorm.ch\/it\/?taxonomy=translation_priority&#038;term=opzionale\" rel=\"tag\">Opzionale<\/a>","rttpg_excerpt":"[vc_row full_width=&#8221;stretch_row_content_no_spaces&#8221; content_placement=&#8221;middle&#8221; wk_overlay=&#8221;true&#8221; css=&#8221;.vc_custom_1530191496071{background-image: url(https:\/\/www.firestorm.ch\/wp-content\/uploads\/2018\/06\/immer-auf-neustem-Stand.jpg?id=7495) !important;background-position: center !important;background-repeat: no-repeat !important;background-size: cover !important;}&#8221; el_class=&#8221;wk-header&#8221;][vc_column][vc_row_inner][vc_column_inner][vc_separator color=&#8221;custom&#8221; border_width=&#8221;7&#8243; el_width=&#8221;10&#8243; accent_color=&#8221;#197dc8&#8243;][vc_column_text el_class=&#8221;wk-header-text&#8221;] Cosa sta succedendo? Vi terremo informati [\/vc_column_text][\/vc_column_inner][\/vc_row_inner][\/vc_column][\/vc_row][vc_row full_width=&#8221;stretch_row&#8221; el_class=&#8221;wk-row&#8221;][vc_column][vc_column_text] Tutto in sintesi Changelog [\/vc_column_text][vc_row_inner][vc_column_inner width=&#8221;1\/6&#8243;][\/vc_column_inner][vc_column_inner width=&#8221;1\/6&#8243;][\/vc_column_inner][vc_column_inner width=&#8221;1\/6&#8243;][\/vc_column_inner][\/vc_row_inner][\/vc_column][\/vc_row][vc_row][vc_column][\/vc_column][\/vc_row][vc_row][vc_column][vc_empty_space height=&#8221;40px&#8221;][vc_empty_space height=&#8221;40px&#8221;][vc_empty_space height=&#8221;40px&#8221;][vc_empty_space height=&#8221;40px&#8221;][vc_empty_space height=&#8221;40px&#8221;][vc_empty_space height=&#8221;40px&#8221;][vc_empty_space height=&#8221;40px&#8221;][vc_empty_space height=&#8221;40px&#8221;][vc_empty_space height=&#8221;40px&#8221;][vc_empty_space height=&#8221;40px&#8221;][vc_empty_space height=&#8221;40px&#8221;][vc_empty_space height=&#8221;40px&#8221;][vc_empty_space height=&#8221;40px&#8221;][vc_empty_space height=&#8221;40px&#8221;][vc_empty_space height=&#8221;40px&#8221;][vc_empty_space height=&#8221;40px&#8221;][vc_empty_space height=&#8221;40px&#8221;][\/vc_column][\/vc_row]","_links":{"self":[{"href":"https:\/\/www.firestorm.ch\/it\/wp-json\/wp\/v2\/pages\/25383","targetHints":{"allow":["GET"]}}],"collection":[{"href":"https:\/\/www.firestorm.ch\/it\/wp-json\/wp\/v2\/pages"}],"about":[{"href":"https:\/\/www.firestorm.ch\/it\/wp-json\/wp\/v2\/types\/page"}],"author":[{"embeddable":true,"href":"https:\/\/www.firestorm.ch\/it\/wp-json\/wp\/v2\/users\/1"}],"replies":[{"embeddable":true,"href":"https:\/\/www.firestorm.ch\/it\/wp-json\/wp\/v2\/comments?post=25383"}],"version-history":[{"count":0,"href":"https:\/\/www.firestorm.ch\/it\/wp-json\/wp\/v2\/pages\/25383\/revisions"}],"wp:attachment":[{"href":"https:\/\/www.firestorm.ch\/it\/wp-json\/wp\/v2\/media?parent=25383"}],"curies":[{"name":"wp","href":"https:\/\/api.w.org\/{rel}","templated":true}]}}