{"id":24037,"date":"2022-05-13T13:25:38","date_gmt":"2022-05-13T13:25:38","guid":{"rendered":"https:\/\/www.firestorm.ch\/?page_id=24037"},"modified":"2023-12-05T16:23:24","modified_gmt":"2023-12-05T16:23:24","slug":"sitebooking","status":"publish","type":"page","link":"https:\/\/www.firestorm.ch\/it\/sitebooking\/","title":{"rendered":"SiteBooking"},"content":{"rendered":"<p>[vc_row full_width=&#8221;stretch_row_content_no_spaces&#8221; content_placement=&#8221;middle&#8221; wk_overlay=&#8221;true&#8221; css=&#8221;.vc_custom_1652447027086{background-image: url(https:\/\/www.firestorm.ch\/wp-content\/uploads\/2022\/05\/Termine-Onlinebuchungen-1-1.jpg?id=24640) !important;}&#8221; el_class=&#8221;wk-header&#8221;][vc_column][vc_row_inner][vc_column_inner][vc_separator color=&#8221;custom&#8221; border_width=&#8221;7&#8243; el_width=&#8221;10&#8243; accent_color=&#8221;#197dc8&#8243;][vc_column_text el_class=&#8221;wk-header-text&#8221;]<\/p>\n<p style=\"text-align: center;\"><strong>SITEBOOKING ADDON<\/strong><\/p>\n<p style=\"text-align: center;\">DATE E PRENOTAZIONI ONLINE PER SITEDESIGNER<\/p>\n<p>[\/vc_column_text][\/vc_column_inner][\/vc_row_inner][\/vc_column][\/vc_row][vc_row full_width=&#8221;stretch_row&#8221; el_class=&#8221;rowToFix&#8221; css=&#8221;.vc_custom_1633512892740{border-bottom-width: 1px !important;padding-top: 20px !important;padding-bottom: 20px !important;border-bottom-color: #197dc8 !important;border-bottom-style: solid !important;}&#8221;][vc_column width=&#8221;1\/2&#8243;][vc_btn title=&#8221;Domande pi\u00f9 importanti&#8221; style=&#8221;custom&#8221; custom_background=&#8221;#197dc8&#8243; custom_text=&#8221;#ffffff&#8221; shape=&#8221;square&#8221; align=&#8221;center&#8221; button_block=&#8221;true&#8221; link=&#8221;url:%23chiedere%20a&#8221; el_class=&#8221;navButtons&#8221;][\/vc_column][vc_column width=&#8221;1\/2&#8243;][vc_btn title=&#8221;Offerte&#8221; style=&#8221;custom&#8221; custom_background=&#8221;#197dc8&#8243; custom_text=&#8221;#ffffff&#8221; shape=&#8221;square&#8221; align=&#8221;center&#8221; button_block=&#8221;true&#8221; link=&#8221;url:%23offerte&#8221; el_class=&#8221;navButtons&#8221;][\/vc_column][\/vc_row][vc_row full_width=&#8221;stretch_row&#8221; el_class=&#8221;wk-row-grey&#8221;][vc_column width=&#8221;1\/6&#8243;][\/vc_column][vc_column width=&#8221;2\/3&#8243;][vc_column_text el_class=&#8221;wk-large-font&#8221;]<\/p>\n<h4>SiteBooking<\/h4>\n<h1>Pianificatore di appuntamenti<\/h1>\n<p>[\/vc_column_text][vc_column_text el_class=&#8221;wk-large-font&#8221;]SiteBooking \u00e8 esattamente ci\u00f2 che state cercando. Risparmiando tempo, SiteBooking render\u00e0 pi\u00f9 efficiente la vostra attivit\u00e0 cercando nel vostro calendario gli appuntamenti disponibili. Questo prodotto semplifica la gestione della disponibilit\u00e0 con il vostro calendario. Lasciate che SiteBooking organizzi le vostre prenotazioni mentre voi continuate a lavorare in tutta tranquillit\u00e0. Scegliete l&#8217;orario in cui siete disponibili per gli appuntamenti e i vostri clienti scelgono l&#8217;orario. SiteBooking utilizza il vostro calendario per determinare quando siete disponibili.[\/vc_column_text][vc_empty_space][vc_column_text el_class=&#8221;wk-large-font&#8221;]<\/p>\n<div style=\"width: 1024px;\" class=\"wp-video\"><video class=\"wp-video-shortcode\" id=\"video-24037-1\" width=\"1024\" height=\"576\" preload=\"metadata\" controls=\"controls\"><source type=\"video\/mp4\" src=\"https:\/\/www.firestorm.ch\/wp-content\/uploads\/2022\/05\/Go-Connect-Bookings-DE-01c1-1.mp4?_=1\" \/><a href=\"https:\/\/www.firestorm.ch\/wp-content\/uploads\/2022\/05\/Go-Connect-Bookings-DE-01c1-1.mp4\">https:\/\/www.firestorm.ch\/wp-content\/uploads\/2022\/05\/Go-Connect-Bookings-DE-01c1-1.mp4<\/a><\/video><\/div>\n<p>[\/vc_column_text][vc_empty_space][vc_btn title=&#8221;ORDINA ORA&#8221; style=&#8221;custom&#8221; custom_background=&#8221;#197dc8&#8243; custom_text=&#8221;#ffffff&#8221; shape=&#8221;square&#8221; size=&#8221;lg&#8221; align=&#8221;center&#8221; link=&#8221;url:https%3A%2F%2Fadmin.firestorm.ch%2Fcart.php%3Fgid%3Daddons|title:https%3A%2F%2Fadmin.firestorm.ch%2Fcart.php%3Fgid%3Daddons|rel:nofollow&#8221;][\/vc_column][vc_column width=&#8221;1\/6&#8243;][\/vc_column][\/vc_row][vc_row full_width=&#8221;stretch_row&#8221; el_class=&#8221;wk-row&#8221; el_id=&#8221;offerte&#8221;][vc_column][vc_row_inner][vc_column_inner width=&#8221;1\/4&#8243;][\/vc_column_inner][vc_column_inner width=&#8221;1\/2&#8243;]                    <div class=\"pricebox  style2\">\r\n                        <div class=\"pricebox-header\">\r\n                            <div class=\"pricebox-header-content\">\r\n                                <div class=\"pricebox-icon-wrapper\">\r\n                                    <div class=\"pricebox-icon\">\r\n                                        <i style=\"font-size:36px\" class=\"theme-color \"><\/i>                                    <\/div>\r\n                                <\/div>\r\n                                <h3 class=\"pricebox-title theme-color\">SiteBooking start<\/h3>\r\n                                                                    <div class=\"pricebox-price\">\r\n                                        CHF 6.90 \t\t\t\t\t\t\t\t\t\t<span class=\"old-price\"><\/span>\r\n                                    <\/div>\r\n\r\n                                                                    \r\n                            <\/div>\r\n                        <\/div>\r\n                        <div class=\"pricebox-body\">\r\n                            <div class=\"pricebox-body-content\">\r\n\r\n                                <div class=\"pricebox-description\">\n<ul>\n<li>\n<h5><strong>Configurazione rapida<\/strong><\/h5>\n<\/li>\n<li>\n<h5><strong>Prenotazioni illimitate<\/strong><\/h5>\n<\/li>\n<li>\n<h5><strong>Tre metodi di pagamento<\/strong><\/h5>\n<\/li>\n<li>\n<h5><strong>Sincronizzazione completa del calendario<\/strong><\/h5>\n<\/li>\n<\/ul>\n<\/div>\r\n                                                                    <div class=\"pricebox-purchased-link\">\r\n                                        <a href=\"https:\/\/admin.firestorm.ch\/cart.php?gid=addons\"  class=\"ibutton ibutton1 ibutton-small ibutton-effect1\"><span class=\"ibutton-inner\">Ordina ora<\/span><\/a>\r\n                                    <\/div>\r\n                                    \r\n                            <\/div>\r\n\r\n                        <\/div>\r\n                    <\/div>\r\n                    [\/vc_column_inner][vc_column_inner width=&#8221;1\/4&#8243;][\/vc_column_inner][\/vc_row_inner][\/vc_column][\/vc_row][vc_row full_width=&#8221;stretch_row&#8221; el_class=&#8221;wk-row-grey&#8221;][vc_column][vc_empty_space][vc_empty_space][vc_column_text]<\/p>\n<h4>Metodo di pagamento<\/h4>\n<h1>SiteBooking supporta 3 metodi di pagamento<\/h1>\n<p>[\/vc_column_text][vc_row_inner][vc_column_inner width=&#8221;1\/3&#8243;]<div class=\"info-item  style1\"><div class=\"icon\"><i style=\"font-size:70px\" class=\"theme-color fas fa-globe\"><\/i><\/div><div class=\"info-item-content\"><h4 class=\"info-item-title\">In linea<\/h4><div class=\"info-item-desc\"><p>Il pagamento \u00e8 richiesto al momento della prenotazione. Sono disponibili PayPal e Stripe, altri gateway seguiranno in seguito.<\/p>\n<\/div><\/div><\/div>[\/vc_column_inner][vc_column_inner width=&#8221;1\/3&#8243;]<div class=\"info-item  style1\"><div class=\"icon\"><i style=\"font-size:70px\" class=\"theme-color fas fa-hand-holding-usd\"><\/i><\/div><div class=\"info-item-content\"><h4 class=\"info-item-title\">Non in linea<\/h4><div class=\"info-item-desc\"><p>Il pagamento viene effettuato direttamente nel vostro negozio. Il pagamento viene poi gestito al di fuori dell&#8217;app.<\/p>\n<\/div><\/div><\/div>[\/vc_column_inner][vc_column_inner width=&#8221;1\/3&#8243;]<div class=\"info-item  style1\"><div class=\"icon\"><i style=\"font-size:70px\" class=\"theme-color fas fa-receipt\"><\/i><\/div><div class=\"info-item-content\"><h4 class=\"info-item-title\">libero<\/h4><div class=\"info-item-desc\"><p>Offrite appuntamenti gratuiti senza che il vostro cliente debba pagare nulla. Non \u00e8 quindi richiesto alcun pagamento.<\/p>\n<\/div><\/div><\/div>[\/vc_column_inner][\/vc_row_inner][vc_empty_space][vc_empty_space][vc_empty_space][\/vc_column][\/vc_row][vc_row full_width=&#8221;stretch_row&#8221; el_id=&#8221;chiedere a&#8221; el_class=&#8221;wk-row&#8221;][vc_column][vc_column_text]<\/p>\n<h4>SiteBooking<\/h4>\n<h1>prenotare semplicemente gli appuntamenti<\/h1>\n<p>[\/vc_column_text][vc_empty_space][vc_column_text]<\/p>\n<h3><strong>Che cos&#8217;\u00e8 SiteBooking?<\/strong><\/h3>\n<p>SiteBooking \u00e8 una nuova applicazione per le prenotazioni. La prenotazione di appuntamenti e le relative modifiche possono essere noiose. Tuttavia, con SiteBooking \u00e8 possibile organizzare le prenotazioni in modo semplice e comodo, mentre si continua a lavorare in tranquillit\u00e0. SiteBooking aiuter\u00e0 i clienti ad accettare, gestire e pagare le prenotazioni. SiteBooking si rivolge a chiunque fornisca un servizio. \u00c8 inclusa la sincronizzazione completa del calendario. Inoltre, funzioner\u00e0 come componente aggiuntivo di SiteDesigner e successivamente come prodotto autonomo.[\/vc_column_text][vc_empty_space][vc_column_text]<\/p>\n<h3><strong>A chi si rivolge SiteBooking?<\/strong><\/h3>\n<p>SiteBooking si rivolge a chiunque offra un servizio. In alcuni Paesi, la maggior parte delle nuove piccole imprese sono imprese di servizi, quindi si tratta di un mercato in crescita. SiteBooking semplifica la gestione della disponibilit\u00e0 con i calendari esistenti. Molte nuove imprese sono avviate da persone che desiderano adattare i propri orari di lavoro agli impegni familiari o ad altri lavori.[\/vc_column_text][vc_empty_space][vc_column_text]<\/p>\n<h3><strong>Che aspetto ha SiteBooking?<\/strong><\/h3>\n<p>Il design di SiteBooking sar\u00e0 pulito, semplice e attraente. Vi forniremo un percorso chiaro attraverso il processo di configurazione e un&#8217;interfaccia facile da usare per le attivit\u00e0 quotidiane. Una volta attivato il SiteBooking, lo si vedr\u00e0 come voce aggiuntiva nel menu principale.[\/vc_column_text][vc_empty_space][vc_column_text]<span style=\"color: #000000;\"><b>Quanto \u00e8 sicuro il trasferimento dei dati?<\/b><\/span><\/p>\n<ul>\n<li>Ci assicuriamo di copiare una copia esatta di tutti i vostri dati dal vecchio provider. I dati sono sempre trasferiti criptati, se supportati dal vecchio provider.<\/li>\n<\/ul>\n<p>[\/vc_column_text][\/vc_column][\/vc_row][vc_row][vc_column][vc_row_inner][vc_column_inner width=&#8221;1\/3&#8243;]<div class=\"info-item  style5\"><div class=\"icon theme-color\"><i style=\"font-size:70px\" class=\"fas fa-mouse-pointer\"><\/i><\/div><div class=\"info-item-content\"><h4 class=\"info-item-title\">1. selezionare la prenotazione<\/h4><div class=\"info-item-desc\"><p>Selezionate la prenotazione desiderata con un solo clic.<\/p>\n<\/div><\/div><\/div>[\/vc_column_inner][vc_column_inner width=&#8221;1\/3&#8243;]<div class=\"info-item  style5\"><div class=\"icon theme-color\"><i style=\"font-size:70px\" class=\"fas fa-calendar-alt\"><\/i><\/div><div class=\"info-item-content\"><h4 class=\"info-item-title\">2. selezionare la data<\/h4><div class=\"info-item-desc\"><p>Scegliere l&#8217;ora, la data, la frequenza e la durata.<\/p>\n<\/div><\/div><\/div>[\/vc_column_inner][vc_column_inner width=&#8221;1\/3&#8243;]<div class=\"info-item  style5\"><div class=\"icon theme-color\"><i style=\"font-size:70px\" class=\"far fa-credit-card\"><\/i><\/div><div class=\"info-item-content\"><h4 class=\"info-item-title\">3. pagare la fattura - fatto<\/h4><div class=\"info-item-desc\"><p>Infine, ma non meno importante, dovrete pagare solo la fattura. Per questo avete a disposizione 3 diversi metodi di pagamento tra cui scegliere.<\/p>\n<\/div><\/div><\/div>[\/vc_column_inner][\/vc_row_inner][vc_empty_space]<div id=\"iwt-55990\" class=\"iw-tabs  fade-slide layout1\"><div class=\"iw-tab-items\"><\/div><div class=\"iw-tab-content\"><div class=\"iw-tab-content-inner\"><\/div><\/div><div style=\"clear:both;\"><\/div><\/div><script type=\"text\/javascript\">(function($){$(document).ready(function(){$(\"#iwt-55990\").iwTabs(\"tab\");});})(jQuery);<\/script>[vc_gallery interval=&#8221;3&#8243; images=&#8221;24535,24539,24589&#8243; img_size=&#8221;full&#8221;][vc_btn title=&#8221;ORDINA ORA E APPROFITTA&#8221; style=&#8221;custom&#8221; custom_background=&#8221;#197dc8&#8243; custom_text=&#8221;#ffffff&#8221; shape=&#8221;square&#8221; size=&#8221;lg&#8221; align=&#8221;center&#8221; link=&#8221;url:https%3A%2F%2Fadmin.firestorm.ch%2Fcart.php%3Fgid%3Daddons|title:https%3A%2F%2Fadmin.firestorm.ch%2Fcart.php%3Fgid%3Daddons|rel:nofollow&#8221;][vc_empty_space][vc_empty_space][vc_empty_space][\/vc_column][\/vc_row]<\/p>\n","protected":false},"excerpt":{"rendered":"<p>[vc_row full_width=&#8221;stretch_row_content_no_spaces&#8221; content_placement=&#8221;middle&#8221; wk_overlay=&#8221;true&#8221; css=&#8221;.vc_custom_1652447027086{background-image: url(https:\/\/www.firestorm.ch\/wp-content\/uploads\/2022\/05\/Termine-Onlinebuchungen-1-1.jpg?id=24640) !important;}&#8221; el_class=&#8221;wk-header&#8221;][vc_column][vc_row_inner][vc_column_inner][vc_separator color=&#8221;custom&#8221; border_width=&#8221;7&#8243; el_width=&#8221;10&#8243; accent_color=&#8221;#197dc8&#8243;][vc_column_text el_class=&#8221;wk-header-text&#8221;] SITEBOOKING ADDON DATE E PRENOTAZIONI ONLINE PER SITEDESIGNER [\/vc_column_text][\/vc_column_inner][\/vc_row_inner][\/vc_column][\/vc_row][vc_row full_width=&#8221;stretch_row&#8221; el_class=&#8221;rowToFix&#8221; css=&#8221;.vc_custom_1633512892740{border-bottom-width: 1px !important;padding-top: 20px !important;padding-bottom: 20px !important;border-bottom-color: #197dc8 !important;border-bottom-style: solid !important;}&#8221;][vc_column width=&#8221;1\/2&#8243;][vc_btn title=&#8221;Domande pi\u00f9 importanti&#8221; style=&#8221;custom&#8221; custom_background=&#8221;#197dc8&#8243; custom_text=&#8221;#ffffff&#8221; shape=&#8221;square&#8221; align=&#8221;center&#8221; button_block=&#8221;true&#8221; link=&#8221;url:%23chiedere%20a&#8221; el_class=&#8221;navButtons&#8221;][\/vc_column][vc_column width=&#8221;1\/2&#8243;][vc_btn title=&#8221;Offerte&#8221; style=&#8221;custom&#8221; custom_background=&#8221;#197dc8&#8243; custom_text=&#8221;#ffffff&#8221; shape=&#8221;square&#8221; align=&#8221;center&#8221; button_block=&#8221;true&#8221; [&hellip;]<\/p>\n","protected":false},"author":1,"featured_media":0,"parent":0,"menu_order":0,"comment_status":"closed","ping_status":"closed","template":"","meta":{"_relevanssi_hide_post":"","_relevanssi_pin_for_all":"","_relevanssi_pin_keywords":"","_relevanssi_unpin_keywords":"","_relevanssi_related_keywords":"","_relevanssi_related_include_ids":"","_relevanssi_related_exclude_ids":"","_relevanssi_related_no_append":"","_relevanssi_related_not_related":"","_relevanssi_related_posts":"","_relevanssi_noindex_reason":"","footnotes":""},"class_list":["post-24037","page","type-page","status-publish","hentry"],"yoast_head":"<!-- This site is optimized with the Yoast SEO Premium plugin v27.1 (Yoast SEO v27.5) - https:\/\/yoast.com\/product\/yoast-seo-premium-wordpress\/ -->\n<title>SiteBooking - FireStorm ISP<\/title>\n<meta name=\"description\" content=\"Wenn Sie mehr \u00fcber unsere Services erfahren, Hosting bestellen oder Fragen stellen m\u00f6chten, k\u00f6nnen Sie uns gerne anrufen, uns eine E-Mail senden oder....\" \/>\n<meta name=\"robots\" content=\"index, follow, max-snippet:-1, max-image-preview:large, max-video-preview:-1\" \/>\n<link rel=\"canonical\" href=\"https:\/\/www.firestorm.ch\/it\/sitebooking\/\" \/>\n<meta property=\"og:locale\" content=\"it_IT\" \/>\n<meta property=\"og:type\" content=\"article\" \/>\n<meta property=\"og:title\" content=\"SiteBooking\" \/>\n<meta property=\"og:description\" content=\"Wenn Sie mehr \u00fcber unsere Services erfahren, Hosting bestellen oder Fragen stellen m\u00f6chten, k\u00f6nnen Sie uns gerne anrufen, uns eine E-Mail senden oder....\" \/>\n<meta property=\"og:url\" content=\"https:\/\/www.firestorm.ch\/it\/sitebooking\/\" \/>\n<meta property=\"og:site_name\" content=\"FireStorm ISP\" \/>\n<meta property=\"article:publisher\" content=\"https:\/\/www.facebook.com\/firestorm.ch\/\" \/>\n<meta property=\"article:modified_time\" content=\"2023-12-05T16:23:24+00:00\" \/>\n<meta name=\"twitter:card\" content=\"summary_large_image\" \/>\n<meta name=\"twitter:label1\" content=\"Est. reading time\" \/>\n\t<meta name=\"twitter:data1\" content=\"5 minutes\" \/>\n<script type=\"application\/ld+json\" class=\"yoast-schema-graph\">{\"@context\":\"https:\\\/\\\/schema.org\",\"@graph\":[{\"@type\":\"WebPage\",\"@id\":\"https:\\\/\\\/www.firestorm.ch\\\/it\\\/sitebooking\\\/\",\"url\":\"https:\\\/\\\/www.firestorm.ch\\\/it\\\/sitebooking\\\/\",\"name\":\"SiteBooking - FireStorm ISP\",\"isPartOf\":{\"@id\":\"https:\\\/\\\/www.firestorm.ch\\\/#website\"},\"datePublished\":\"2022-05-13T13:25:38+00:00\",\"dateModified\":\"2023-12-05T16:23:24+00:00\",\"description\":\"Wenn Sie mehr \u00fcber unsere Services erfahren, Hosting bestellen oder Fragen stellen m\u00f6chten, k\u00f6nnen Sie uns gerne anrufen, uns eine E-Mail senden oder....\",\"breadcrumb\":{\"@id\":\"https:\\\/\\\/www.firestorm.ch\\\/it\\\/sitebooking\\\/#breadcrumb\"},\"inLanguage\":\"it-CH\",\"potentialAction\":[{\"@type\":\"ReadAction\",\"target\":[\"https:\\\/\\\/www.firestorm.ch\\\/it\\\/sitebooking\\\/\"]}]},{\"@type\":\"BreadcrumbList\",\"@id\":\"https:\\\/\\\/www.firestorm.ch\\\/it\\\/sitebooking\\\/#breadcrumb\",\"itemListElement\":[{\"@type\":\"ListItem\",\"position\":1,\"name\":\"Startseite\",\"item\":\"https:\\\/\\\/www.firestorm.ch\\\/it\\\/\"},{\"@type\":\"ListItem\",\"position\":2,\"name\":\"SiteBooking\"}]},{\"@type\":\"WebSite\",\"@id\":\"https:\\\/\\\/www.firestorm.ch\\\/#website\",\"url\":\"https:\\\/\\\/www.firestorm.ch\\\/\",\"name\":\"FireStorm\",\"description\":\"Webhosting, Domainnamen, Server, Mailserver und Hosting mit Homepagebaukasten und Free SSL Zertifikat\",\"publisher\":{\"@id\":\"https:\\\/\\\/www.firestorm.ch\\\/#organization\"},\"potentialAction\":[{\"@type\":\"SearchAction\",\"target\":{\"@type\":\"EntryPoint\",\"urlTemplate\":\"https:\\\/\\\/www.firestorm.ch\\\/?s={search_term_string}\"},\"query-input\":{\"@type\":\"PropertyValueSpecification\",\"valueRequired\":true,\"valueName\":\"search_term_string\"}}],\"inLanguage\":\"it-CH\"},{\"@type\":\"Organization\",\"@id\":\"https:\\\/\\\/www.firestorm.ch\\\/#organization\",\"name\":\"FireStorm\",\"url\":\"https:\\\/\\\/www.firestorm.ch\\\/\",\"logo\":{\"@type\":\"ImageObject\",\"inLanguage\":\"it-CH\",\"@id\":\"https:\\\/\\\/www.firestorm.ch\\\/#\\\/schema\\\/logo\\\/image\\\/\",\"url\":\"https:\\\/\\\/www.firestorm.ch\\\/wp-content\\\/uploads\\\/2026\\\/03\\\/FireStormLogo.png\",\"contentUrl\":\"https:\\\/\\\/www.firestorm.ch\\\/wp-content\\\/uploads\\\/2026\\\/03\\\/FireStormLogo.png\",\"width\":589,\"height\":60,\"caption\":\"FireStorm\"},\"image\":{\"@id\":\"https:\\\/\\\/www.firestorm.ch\\\/#\\\/schema\\\/logo\\\/image\\\/\"},\"sameAs\":[\"https:\\\/\\\/www.facebook.com\\\/firestorm.ch\\\/\"]}]}<\/script>\n<!-- \/ Yoast SEO Premium plugin. -->","yoast_head_json":{"title":"SiteBooking - FireStorm ISP","description":"Wenn Sie mehr \u00fcber unsere Services erfahren, Hosting bestellen oder Fragen stellen m\u00f6chten, k\u00f6nnen Sie uns gerne anrufen, uns eine E-Mail senden oder....","robots":{"index":"index","follow":"follow","max-snippet":"max-snippet:-1","max-image-preview":"max-image-preview:large","max-video-preview":"max-video-preview:-1"},"canonical":"https:\/\/www.firestorm.ch\/it\/sitebooking\/","og_locale":"it_IT","og_type":"article","og_title":"SiteBooking","og_description":"Wenn Sie mehr \u00fcber unsere Services erfahren, Hosting bestellen oder Fragen stellen m\u00f6chten, k\u00f6nnen Sie uns gerne anrufen, uns eine E-Mail senden oder....","og_url":"https:\/\/www.firestorm.ch\/it\/sitebooking\/","og_site_name":"FireStorm ISP","article_publisher":"https:\/\/www.facebook.com\/firestorm.ch\/","article_modified_time":"2023-12-05T16:23:24+00:00","twitter_card":"summary_large_image","twitter_misc":{"Est. reading time":"5 minutes"},"schema":{"@context":"https:\/\/schema.org","@graph":[{"@type":"WebPage","@id":"https:\/\/www.firestorm.ch\/it\/sitebooking\/","url":"https:\/\/www.firestorm.ch\/it\/sitebooking\/","name":"SiteBooking - FireStorm ISP","isPartOf":{"@id":"https:\/\/www.firestorm.ch\/#website"},"datePublished":"2022-05-13T13:25:38+00:00","dateModified":"2023-12-05T16:23:24+00:00","description":"Wenn Sie mehr \u00fcber unsere Services erfahren, Hosting bestellen oder Fragen stellen m\u00f6chten, k\u00f6nnen Sie uns gerne anrufen, uns eine E-Mail senden oder....","breadcrumb":{"@id":"https:\/\/www.firestorm.ch\/it\/sitebooking\/#breadcrumb"},"inLanguage":"it-CH","potentialAction":[{"@type":"ReadAction","target":["https:\/\/www.firestorm.ch\/it\/sitebooking\/"]}]},{"@type":"BreadcrumbList","@id":"https:\/\/www.firestorm.ch\/it\/sitebooking\/#breadcrumb","itemListElement":[{"@type":"ListItem","position":1,"name":"Startseite","item":"https:\/\/www.firestorm.ch\/it\/"},{"@type":"ListItem","position":2,"name":"SiteBooking"}]},{"@type":"WebSite","@id":"https:\/\/www.firestorm.ch\/#website","url":"https:\/\/www.firestorm.ch\/","name":"FireStorm","description":"Webhosting, Domainnamen, Server, Mailserver und Hosting mit Homepagebaukasten und Free SSL Zertifikat","publisher":{"@id":"https:\/\/www.firestorm.ch\/#organization"},"potentialAction":[{"@type":"SearchAction","target":{"@type":"EntryPoint","urlTemplate":"https:\/\/www.firestorm.ch\/?s={search_term_string}"},"query-input":{"@type":"PropertyValueSpecification","valueRequired":true,"valueName":"search_term_string"}}],"inLanguage":"it-CH"},{"@type":"Organization","@id":"https:\/\/www.firestorm.ch\/#organization","name":"FireStorm","url":"https:\/\/www.firestorm.ch\/","logo":{"@type":"ImageObject","inLanguage":"it-CH","@id":"https:\/\/www.firestorm.ch\/#\/schema\/logo\/image\/","url":"https:\/\/www.firestorm.ch\/wp-content\/uploads\/2026\/03\/FireStormLogo.png","contentUrl":"https:\/\/www.firestorm.ch\/wp-content\/uploads\/2026\/03\/FireStormLogo.png","width":589,"height":60,"caption":"FireStorm"},"image":{"@id":"https:\/\/www.firestorm.ch\/#\/schema\/logo\/image\/"},"sameAs":["https:\/\/www.facebook.com\/firestorm.ch\/"]}]}},"rttpg_featured_image_url":null,"rttpg_author":{"display_name":"FireStorm","author_link":"https:\/\/www.firestorm.ch\/it\/news\/author\/webkoenig\/"},"rttpg_comment":0,"rttpg_category":" <a href=\"https:\/\/www.firestorm.ch\/?taxonomy=translation_priority&#038;term=optional\" rel=\"tag\">Optional<\/a><a href=\"https:\/\/www.firestorm.ch\/it\/?taxonomy=translation_priority&#038;term=opzionale\" rel=\"tag\">Opzionale<\/a>","rttpg_excerpt":"[vc_row full_width=&#8221;stretch_row_content_no_spaces&#8221; content_placement=&#8221;middle&#8221; wk_overlay=&#8221;true&#8221; css=&#8221;.vc_custom_1652447027086{background-image: url(https:\/\/www.firestorm.ch\/wp-content\/uploads\/2022\/05\/Termine-Onlinebuchungen-1-1.jpg?id=24640) !important;}&#8221; el_class=&#8221;wk-header&#8221;][vc_column][vc_row_inner][vc_column_inner][vc_separator color=&#8221;custom&#8221; border_width=&#8221;7&#8243; el_width=&#8221;10&#8243; accent_color=&#8221;#197dc8&#8243;][vc_column_text el_class=&#8221;wk-header-text&#8221;] SITEBOOKING ADDON DATE E PRENOTAZIONI ONLINE PER SITEDESIGNER [\/vc_column_text][\/vc_column_inner][\/vc_row_inner][\/vc_column][\/vc_row][vc_row full_width=&#8221;stretch_row&#8221; el_class=&#8221;rowToFix&#8221; css=&#8221;.vc_custom_1633512892740{border-bottom-width: 1px !important;padding-top: 20px !important;padding-bottom: 20px !important;border-bottom-color: #197dc8 !important;border-bottom-style: solid !important;}&#8221;][vc_column width=&#8221;1\/2&#8243;][vc_btn title=&#8221;Domande pi\u00f9 importanti&#8221; style=&#8221;custom&#8221; custom_background=&#8221;#197dc8&#8243; custom_text=&#8221;#ffffff&#8221; shape=&#8221;square&#8221; align=&#8221;center&#8221; button_block=&#8221;true&#8221; link=&#8221;url:%23chiedere%20a&#8221; el_class=&#8221;navButtons&#8221;][\/vc_column][vc_column width=&#8221;1\/2&#8243;][vc_btn title=&#8221;Offerte&#8221; style=&#8221;custom&#8221; custom_background=&#8221;#197dc8&#8243; custom_text=&#8221;#ffffff&#8221; shape=&#8221;square&#8221; align=&#8221;center&#8221; button_block=&#8221;true&#8221;&hellip;","_links":{"self":[{"href":"https:\/\/www.firestorm.ch\/it\/wp-json\/wp\/v2\/pages\/24037","targetHints":{"allow":["GET"]}}],"collection":[{"href":"https:\/\/www.firestorm.ch\/it\/wp-json\/wp\/v2\/pages"}],"about":[{"href":"https:\/\/www.firestorm.ch\/it\/wp-json\/wp\/v2\/types\/page"}],"author":[{"embeddable":true,"href":"https:\/\/www.firestorm.ch\/it\/wp-json\/wp\/v2\/users\/1"}],"replies":[{"embeddable":true,"href":"https:\/\/www.firestorm.ch\/it\/wp-json\/wp\/v2\/comments?post=24037"}],"version-history":[{"count":0,"href":"https:\/\/www.firestorm.ch\/it\/wp-json\/wp\/v2\/pages\/24037\/revisions"}],"wp:attachment":[{"href":"https:\/\/www.firestorm.ch\/it\/wp-json\/wp\/v2\/media?parent=24037"}],"curies":[{"name":"wp","href":"https:\/\/api.w.org\/{rel}","templated":true}]}}