{"id":20452,"date":"2021-06-17T13:20:49","date_gmt":"2021-06-17T13:20:49","guid":{"rendered":"https:\/\/www.firestorm.ch\/?page_id=20452"},"modified":"2021-06-21T09:09:23","modified_gmt":"2021-06-21T09:09:23","slug":"trasferimento","status":"publish","type":"page","link":"https:\/\/www.firestorm.ch\/it\/trasferimento\/","title":{"rendered":"Spostiamo il tuo sito web"},"content":{"rendered":"<p>[vc_row full_width=&#8221;stretch_row_content_no_spaces&#8221; content_placement=&#8221;middle&#8221; wk_overlay=&#8221;true&#8221; css=&#8221;.vc_custom_1623743050400{background-image: url(https:\/\/www.firestorm.ch\/wp-content\/uploads\/2020\/07\/ferie_webmail.jpg?id=18390) !important;background-position: center !important;background-repeat: no-repeat !important;background-size: cover !important;}&#8221; el_class=&#8221;wk-header&#8221;][vc_column][vc_row_inner][vc_column_inner][vc_separator color=&#8221;custom&#8221; border_width=&#8221;7&#8243; el_width=&#8221;10&#8243; accent_color=&#8221;#197dc8&#8243;][vc_column_text el_class=&#8221;wk-header-text&#8221;]<\/p>\n<p style=\"text-align: center;\"><strong>RELOCATION<\/strong><\/p>\n<p style=\"text-align: center;\">Spostare il tuo sito web con FireStorm \u00e8 facile<\/p>\n<p>[\/vc_column_text][\/vc_column_inner][\/vc_row_inner][\/vc_column][\/vc_row][vc_row full_width=&#8221;stretch_row&#8221; el_class=&#8221;wk-row-grey&#8221; css=&#8221;.vc_custom_1516377136701{background-color: #eeeeee !important;}&#8221;][vc_column 0=&#8221;&#8221;][vc_row_inner][vc_column_inner width=&#8221;1\/6&#8243;][\/vc_column_inner][vc_column_inner width=&#8221;2\/3&#8243;][vc_column_text el_class=&#8221;wk-large-font&#8221;]<\/p>\n<p style=\"text-align: center;\"><span style=\"font-size: 18pt; font-family: tahoma, arial, helvetica, sans-serif;\">SPOSTIAMO IL TUO SITO WEB PER CHF 80.00<\/span><\/p>\n<p>[\/vc_column_text][vc_empty_space height=&#8221;30px&#8221;][vc_column_text el_class=&#8221;wk-large-font&#8221;]Firestorm rende il cambio di sito web pi\u00f9 facile che mai. Non importa dove ti trovi, i domini attualmente ospitati o con quale provider sei registrato, trasferiremo il tuo sito web e le tue e-mail. Avete la libert\u00e0 di scegliere se volete un nuovo pacchetto di hosting o mantenere quello esistente.[\/vc_column_text][\/vc_column_inner][vc_column_inner width=&#8221;1\/6&#8243;][\/vc_column_inner][\/vc_row_inner][\/vc_column][\/vc_row][vc_row full_width=&#8221;stretch_row&#8221; el_class=&#8221;wk-row&#8221; el_id=&#8221;callback&#8221;][vc_column][vc_column_text]<span style=\"color: #333333; font-size: 14pt;\"><strong>CON LA DELOCALIZZIAZIONE PUOI SPOSTARE FACILMENT IL TUO SITO WEB:<\/strong><\/span>[\/vc_column_text][vc_empty_space][vc_column_text]<\/p>\n<h3><span style=\"color: #000000;\"><strong><span style=\"font-size: 12pt;\">Relocation? Che cos&#8217;\u00e8?<\/span><\/strong><\/span><\/h3>\n<p>Relaction \u00e8 un servizio di treno per il tuo sito web. Il trasferimento dei dati web e le relative regolazioni possono essere noiosi in questo momento. Dietro Relocation c&#8217;\u00e8 una squadra di specialisti che si occupa di questi compiti per voi. Inoltre, il trasferimento del vostro sito web per CHF 80.00 con un massimo di 50 caselle di posta. Il meglio viene alla fine: avete la garanzia di rimborso se il sito web non funziona dopo il trasferimento.<\/p>\n<p>[\/vc_column_text][vc_empty_space][vc_column_text]<span style=\"color: #000000; font-size: 14pt;\"><strong>Quali informazioni devo fornire per il trasloco?<\/strong><\/span><\/p>\n<p>Per spostare il tuo sito web, abbiamo bisogno dei tuoi dati di contatto e del dominio (indirizzo internet) del sito web che vuoi spostare da noi. Dopo di che, qualcuno di noi vi contatter\u00e0 per quanto riguarda il trasloco e vi chieder\u00e0 direttamente tutte le altre informazioni necessarie.[\/vc_column_text][vc_empty_space][vc_row_inner][vc_column_inner width=&#8221;1\/3&#8243;][vc_column_text][\/vc_column_text][\/vc_column_inner][vc_column_inner width=&#8221;1\/3&#8243;][vc_column_text][\/vc_column_text]                    <div class=\"pricebox  style2\">\r\n                        <div class=\"pricebox-header\">\r\n                            <div class=\"pricebox-header-content\">\r\n                                <div class=\"pricebox-icon-wrapper\">\r\n                                    <div class=\"pricebox-icon\">\r\n                                        <i style=\"font-size:36px\" class=\"theme-color \"><\/i>                                    <\/div>\r\n                                <\/div>\r\n                                <h3 class=\"pricebox-title theme-color\">Relocation<\/h3>\r\n                                                                    <div class=\"pricebox-price\">\r\n                                        80.- CHF\t\t\t\t\t\t\t\t\t\t<span class=\"old-price\"><\/span>\r\n                                    <\/div>\r\n\r\n                                                                    \r\n                            <\/div>\r\n                        <\/div>\r\n                        <div class=\"pricebox-body\">\r\n                            <div class=\"pricebox-body-content\">\r\n\r\n                                <div class=\"pricebox-description\">\n<ul>\n<li>\n<h5><strong>1 sito web<\/strong><\/h5>\n<\/li>\n<li>\n<h5><strong>Fino a 50 account di posta elettronica<\/strong><\/h5>\n<\/li>\n<li>\n<h5>inclusi i datebase<\/h5>\n<\/li>\n<li>\n<h5><strong>Garanzia di rimborso<\/strong><\/h5>\n<\/li>\n<\/ul>\n<\/div>\r\n                                                                    <div class=\"pricebox-purchased-link\">\r\n                                        <a href=\"https:\/\/admin.firestorm.ch\/cart.php?a=add&amp;pid=7397\"  class=\"ibutton ibutton1 ibutton-small ibutton-effect1\"><span class=\"ibutton-inner\">Ordina ora<\/span><\/a>\r\n                                    <\/div>\r\n                                    \r\n                            <\/div>\r\n\r\n                        <\/div>\r\n                    <\/div>\r\n                    [\/vc_column_inner][vc_column_inner width=&#8221;1\/3&#8243;][\/vc_column_inner][\/vc_row_inner][\/vc_column][\/vc_row][vc_row][vc_column][vc_column_text]<strong><span style=\"color: #000000;\">Le possibili ragioni per un cambio di fornitore di hosting sono:<\/span>\u00a0<\/strong><\/p>\n<ul>\n<li>costi troppo alti<\/li>\n<li>mancanza di consigli<\/li>\n<li>servizio clienti poco accessibile<\/li>\n<li>mancanza di prestazioni<\/li>\n<li>la manacanza di opzioni aggiuntive necessarie<\/li>\n<\/ul>\n<p>[\/vc_column_text][vc_empty_space height=&#8221;45px&#8221;][vc_column_text]<span style=\"color: #000000;\"><b>Voglio spostare pi\u00f9 siti web, cosa devo fare?<\/b><\/span><\/p>\n<ul>\n<li>Basta ordinare il servizio di trasferimento pi\u00f9 volte.<\/li>\n<\/ul>\n<p>[\/vc_column_text][vc_empty_space][vc_column_text]<span style=\"color: #000000;\"><b>Come funziona la mossa?<\/b><\/span><\/p>\n<ol>\n<li>Ordina la mossa sul nostro sito web<\/li>\n<li>Sarete contattati da noi e il trasferimento sar\u00e0 discusso personalmente<\/li>\n<li>Comunicateci i vostri dati di accesso al vecchio provider e noi ci occuperemo del resto.<\/li>\n<\/ol>\n<p>[\/vc_column_text][vc_empty_space][vc_column_text]<span style=\"color: #000000;\"><b>Quanto \u00e8 sicuro il trasferimento dei dati?<\/b><\/span><\/p>\n<ul>\n<li>Ci assicuriamo di copiare una copia esatta di tutti i vostri dati dal vecchio provider. I dati sono sempre trasferiti criptati, se supportati dal vecchio provider.<\/li>\n<\/ul>\n<p>[\/vc_column_text][vc_empty_space][vc_column_text]<span style=\"color: #000000;\"><b>Cosa devo fare durante il trasloco?<\/b><\/span><\/p>\n<ul>\n<li>Non devi fare nulla durante il trasloco! Trasferiremo tutti i dati per voi. Non appena avremo finito il trasferimento, vi informeremo. Per completare il trasferimento, abbiamo bisogno del codice di trasferimento del dominio dal tuo vecchio provider.<\/li>\n<\/ul>\n<p>[\/vc_column_text][vc_empty_space][vc_column_text]<span style=\"color: #000000;\"><b>Chi ha accesso ai miei dati?<\/b><\/span><\/p>\n<ul>\n<li>FireStorm avr\u00e0 bisogno di accedere ai vostri dati durante il trasferimento. Non condivideremo le sue informazioni con terzi n\u00e9 valuteremo le sue informazioni personali. FireStorm \u00e8 molto attenta alle tue informazioni personali e di accesso. Raccomandiamo di cambiare tutte le password dopo il trasferimento per ragioni di sicurezza.<\/li>\n<\/ul>\n<p>[\/vc_column_text][vc_empty_space][vc_empty_space][vc_empty_space][\/vc_column][\/vc_row]<\/p>\n","protected":false},"excerpt":{"rendered":"<p>[vc_row full_width=&#8221;stretch_row_content_no_spaces&#8221; content_placement=&#8221;middle&#8221; wk_overlay=&#8221;true&#8221; css=&#8221;.vc_custom_1623743050400{background-image: url(https:\/\/www.firestorm.ch\/wp-content\/uploads\/2020\/07\/ferie_webmail.jpg?id=18390) !important;background-position: center !important;background-repeat: no-repeat !important;background-size: cover !important;}&#8221; el_class=&#8221;wk-header&#8221;][vc_column][vc_row_inner][vc_column_inner][vc_separator color=&#8221;custom&#8221; border_width=&#8221;7&#8243; el_width=&#8221;10&#8243; accent_color=&#8221;#197dc8&#8243;][vc_column_text el_class=&#8221;wk-header-text&#8221;] RELOCATION Spostare il tuo sito web con FireStorm \u00e8 facile [\/vc_column_text][\/vc_column_inner][\/vc_row_inner][\/vc_column][\/vc_row][vc_row full_width=&#8221;stretch_row&#8221; el_class=&#8221;wk-row-grey&#8221; css=&#8221;.vc_custom_1516377136701{background-color: #eeeeee !important;}&#8221;][vc_column 0=&#8221;&#8221;][vc_row_inner][vc_column_inner width=&#8221;1\/6&#8243;][\/vc_column_inner][vc_column_inner width=&#8221;2\/3&#8243;][vc_column_text el_class=&#8221;wk-large-font&#8221;] SPOSTIAMO IL TUO SITO WEB PER CHF 80.00 [\/vc_column_text][vc_empty_space height=&#8221;30px&#8221;][vc_column_text el_class=&#8221;wk-large-font&#8221;]Firestorm rende il cambio di sito [&hellip;]<\/p>\n","protected":false},"author":1,"featured_media":0,"parent":0,"menu_order":0,"comment_status":"closed","ping_status":"closed","template":"","meta":{"_relevanssi_hide_post":"","_relevanssi_pin_for_all":"","_relevanssi_pin_keywords":"","_relevanssi_unpin_keywords":"","_relevanssi_related_keywords":"","_relevanssi_related_include_ids":"","_relevanssi_related_exclude_ids":"","_relevanssi_related_no_append":"","_relevanssi_related_not_related":"","_relevanssi_related_posts":"","_relevanssi_noindex_reason":"","footnotes":""},"class_list":["post-20452","page","type-page","status-publish","hentry"],"yoast_head":"<!-- This site is optimized with the Yoast SEO Premium plugin v27.1 (Yoast SEO v27.4) - https:\/\/yoast.com\/product\/yoast-seo-premium-wordpress\/ -->\n<title>Spostiamo il tuo sito web - FireStorm ISP<\/title>\n<meta name=\"description\" content=\"Wenn Sie mehr \u00fcber unsere Services erfahren, Hosting bestellen oder Fragen stellen m\u00f6chten, k\u00f6nnen Sie uns gerne anrufen, uns eine E-Mail senden oder....\" \/>\n<meta name=\"robots\" content=\"index, follow, max-snippet:-1, max-image-preview:large, max-video-preview:-1\" \/>\n<link rel=\"canonical\" href=\"https:\/\/www.firestorm.ch\/it\/trasferimento\/\" \/>\n<meta property=\"og:locale\" content=\"it_IT\" \/>\n<meta property=\"og:type\" content=\"article\" \/>\n<meta property=\"og:title\" content=\"Spostiamo il tuo sito web\" \/>\n<meta property=\"og:description\" content=\"Wenn Sie mehr \u00fcber unsere Services erfahren, Hosting bestellen oder Fragen stellen m\u00f6chten, k\u00f6nnen Sie uns gerne anrufen, uns eine E-Mail senden oder....\" \/>\n<meta property=\"og:url\" content=\"https:\/\/www.firestorm.ch\/it\/trasferimento\/\" \/>\n<meta property=\"og:site_name\" content=\"FireStorm ISP\" \/>\n<meta property=\"article:publisher\" content=\"https:\/\/www.facebook.com\/firestorm.ch\/\" \/>\n<meta property=\"article:modified_time\" content=\"2021-06-21T09:09:23+00:00\" \/>\n<meta name=\"twitter:card\" content=\"summary_large_image\" \/>\n<meta name=\"twitter:label1\" content=\"Est. reading time\" \/>\n\t<meta name=\"twitter:data1\" content=\"4 minutes\" \/>\n<script type=\"application\/ld+json\" class=\"yoast-schema-graph\">{\"@context\":\"https:\\\/\\\/schema.org\",\"@graph\":[{\"@type\":\"WebPage\",\"@id\":\"https:\\\/\\\/www.firestorm.ch\\\/it\\\/trasferimento\\\/\",\"url\":\"https:\\\/\\\/www.firestorm.ch\\\/it\\\/trasferimento\\\/\",\"name\":\"Spostiamo il tuo sito web - FireStorm ISP\",\"isPartOf\":{\"@id\":\"https:\\\/\\\/www.firestorm.ch\\\/#website\"},\"datePublished\":\"2021-06-17T13:20:49+00:00\",\"dateModified\":\"2021-06-21T09:09:23+00:00\",\"description\":\"Wenn Sie mehr \u00fcber unsere Services erfahren, Hosting bestellen oder Fragen stellen m\u00f6chten, k\u00f6nnen Sie uns gerne anrufen, uns eine E-Mail senden oder....\",\"breadcrumb\":{\"@id\":\"https:\\\/\\\/www.firestorm.ch\\\/it\\\/trasferimento\\\/#breadcrumb\"},\"inLanguage\":\"it-CH\",\"potentialAction\":[{\"@type\":\"ReadAction\",\"target\":[\"https:\\\/\\\/www.firestorm.ch\\\/it\\\/trasferimento\\\/\"]}]},{\"@type\":\"BreadcrumbList\",\"@id\":\"https:\\\/\\\/www.firestorm.ch\\\/it\\\/trasferimento\\\/#breadcrumb\",\"itemListElement\":[{\"@type\":\"ListItem\",\"position\":1,\"name\":\"Startseite\",\"item\":\"https:\\\/\\\/www.firestorm.ch\\\/it\\\/\"},{\"@type\":\"ListItem\",\"position\":2,\"name\":\"Spostiamo il tuo sito web\"}]},{\"@type\":\"WebSite\",\"@id\":\"https:\\\/\\\/www.firestorm.ch\\\/#website\",\"url\":\"https:\\\/\\\/www.firestorm.ch\\\/\",\"name\":\"FireStorm\",\"description\":\"Webhosting, Domainnamen, Server, Mailserver und Hosting mit Homepagebaukasten und Free SSL Zertifikat\",\"publisher\":{\"@id\":\"https:\\\/\\\/www.firestorm.ch\\\/#organization\"},\"potentialAction\":[{\"@type\":\"SearchAction\",\"target\":{\"@type\":\"EntryPoint\",\"urlTemplate\":\"https:\\\/\\\/www.firestorm.ch\\\/?s={search_term_string}\"},\"query-input\":{\"@type\":\"PropertyValueSpecification\",\"valueRequired\":true,\"valueName\":\"search_term_string\"}}],\"inLanguage\":\"it-CH\"},{\"@type\":\"Organization\",\"@id\":\"https:\\\/\\\/www.firestorm.ch\\\/#organization\",\"name\":\"FireStorm\",\"url\":\"https:\\\/\\\/www.firestorm.ch\\\/\",\"logo\":{\"@type\":\"ImageObject\",\"inLanguage\":\"it-CH\",\"@id\":\"https:\\\/\\\/www.firestorm.ch\\\/#\\\/schema\\\/logo\\\/image\\\/\",\"url\":\"https:\\\/\\\/www.firestorm.ch\\\/wp-content\\\/uploads\\\/2026\\\/03\\\/FireStormLogo.png\",\"contentUrl\":\"https:\\\/\\\/www.firestorm.ch\\\/wp-content\\\/uploads\\\/2026\\\/03\\\/FireStormLogo.png\",\"width\":589,\"height\":60,\"caption\":\"FireStorm\"},\"image\":{\"@id\":\"https:\\\/\\\/www.firestorm.ch\\\/#\\\/schema\\\/logo\\\/image\\\/\"},\"sameAs\":[\"https:\\\/\\\/www.facebook.com\\\/firestorm.ch\\\/\"]}]}<\/script>\n<!-- \/ Yoast SEO Premium plugin. -->","yoast_head_json":{"title":"Spostiamo il tuo sito web - FireStorm ISP","description":"Wenn Sie mehr \u00fcber unsere Services erfahren, Hosting bestellen oder Fragen stellen m\u00f6chten, k\u00f6nnen Sie uns gerne anrufen, uns eine E-Mail senden oder....","robots":{"index":"index","follow":"follow","max-snippet":"max-snippet:-1","max-image-preview":"max-image-preview:large","max-video-preview":"max-video-preview:-1"},"canonical":"https:\/\/www.firestorm.ch\/it\/trasferimento\/","og_locale":"it_IT","og_type":"article","og_title":"Spostiamo il tuo sito web","og_description":"Wenn Sie mehr \u00fcber unsere Services erfahren, Hosting bestellen oder Fragen stellen m\u00f6chten, k\u00f6nnen Sie uns gerne anrufen, uns eine E-Mail senden oder....","og_url":"https:\/\/www.firestorm.ch\/it\/trasferimento\/","og_site_name":"FireStorm ISP","article_publisher":"https:\/\/www.facebook.com\/firestorm.ch\/","article_modified_time":"2021-06-21T09:09:23+00:00","twitter_card":"summary_large_image","twitter_misc":{"Est. reading time":"4 minutes"},"schema":{"@context":"https:\/\/schema.org","@graph":[{"@type":"WebPage","@id":"https:\/\/www.firestorm.ch\/it\/trasferimento\/","url":"https:\/\/www.firestorm.ch\/it\/trasferimento\/","name":"Spostiamo il tuo sito web - FireStorm ISP","isPartOf":{"@id":"https:\/\/www.firestorm.ch\/#website"},"datePublished":"2021-06-17T13:20:49+00:00","dateModified":"2021-06-21T09:09:23+00:00","description":"Wenn Sie mehr \u00fcber unsere Services erfahren, Hosting bestellen oder Fragen stellen m\u00f6chten, k\u00f6nnen Sie uns gerne anrufen, uns eine E-Mail senden oder....","breadcrumb":{"@id":"https:\/\/www.firestorm.ch\/it\/trasferimento\/#breadcrumb"},"inLanguage":"it-CH","potentialAction":[{"@type":"ReadAction","target":["https:\/\/www.firestorm.ch\/it\/trasferimento\/"]}]},{"@type":"BreadcrumbList","@id":"https:\/\/www.firestorm.ch\/it\/trasferimento\/#breadcrumb","itemListElement":[{"@type":"ListItem","position":1,"name":"Startseite","item":"https:\/\/www.firestorm.ch\/it\/"},{"@type":"ListItem","position":2,"name":"Spostiamo il tuo sito web"}]},{"@type":"WebSite","@id":"https:\/\/www.firestorm.ch\/#website","url":"https:\/\/www.firestorm.ch\/","name":"FireStorm","description":"Webhosting, Domainnamen, Server, Mailserver und Hosting mit Homepagebaukasten und Free SSL Zertifikat","publisher":{"@id":"https:\/\/www.firestorm.ch\/#organization"},"potentialAction":[{"@type":"SearchAction","target":{"@type":"EntryPoint","urlTemplate":"https:\/\/www.firestorm.ch\/?s={search_term_string}"},"query-input":{"@type":"PropertyValueSpecification","valueRequired":true,"valueName":"search_term_string"}}],"inLanguage":"it-CH"},{"@type":"Organization","@id":"https:\/\/www.firestorm.ch\/#organization","name":"FireStorm","url":"https:\/\/www.firestorm.ch\/","logo":{"@type":"ImageObject","inLanguage":"it-CH","@id":"https:\/\/www.firestorm.ch\/#\/schema\/logo\/image\/","url":"https:\/\/www.firestorm.ch\/wp-content\/uploads\/2026\/03\/FireStormLogo.png","contentUrl":"https:\/\/www.firestorm.ch\/wp-content\/uploads\/2026\/03\/FireStormLogo.png","width":589,"height":60,"caption":"FireStorm"},"image":{"@id":"https:\/\/www.firestorm.ch\/#\/schema\/logo\/image\/"},"sameAs":["https:\/\/www.facebook.com\/firestorm.ch\/"]}]}},"rttpg_featured_image_url":null,"rttpg_author":{"display_name":"FireStorm","author_link":"https:\/\/www.firestorm.ch\/it\/news\/author\/webkoenig\/"},"rttpg_comment":0,"rttpg_category":" <a href=\"https:\/\/www.firestorm.ch\/it\/?taxonomy=translation_priority&#038;term=opzionale\" rel=\"tag\">Opzionale<\/a>","rttpg_excerpt":"[vc_row full_width=&#8221;stretch_row_content_no_spaces&#8221; content_placement=&#8221;middle&#8221; wk_overlay=&#8221;true&#8221; css=&#8221;.vc_custom_1623743050400{background-image: url(https:\/\/www.firestorm.ch\/wp-content\/uploads\/2020\/07\/ferie_webmail.jpg?id=18390) !important;background-position: center !important;background-repeat: no-repeat !important;background-size: cover !important;}&#8221; el_class=&#8221;wk-header&#8221;][vc_column][vc_row_inner][vc_column_inner][vc_separator color=&#8221;custom&#8221; border_width=&#8221;7&#8243; el_width=&#8221;10&#8243; accent_color=&#8221;#197dc8&#8243;][vc_column_text el_class=&#8221;wk-header-text&#8221;] RELOCATION Spostare il tuo sito web con FireStorm \u00e8 facile [\/vc_column_text][\/vc_column_inner][\/vc_row_inner][\/vc_column][\/vc_row][vc_row full_width=&#8221;stretch_row&#8221; el_class=&#8221;wk-row-grey&#8221; css=&#8221;.vc_custom_1516377136701{background-color: #eeeeee !important;}&#8221;][vc_column 0=&#8221;&#8221;][vc_row_inner][vc_column_inner width=&#8221;1\/6&#8243;][\/vc_column_inner][vc_column_inner width=&#8221;2\/3&#8243;][vc_column_text el_class=&#8221;wk-large-font&#8221;] SPOSTIAMO IL TUO SITO WEB PER CHF 80.00 [\/vc_column_text][vc_empty_space height=&#8221;30px&#8221;][vc_column_text el_class=&#8221;wk-large-font&#8221;]Firestorm rende il cambio di sito&hellip;","_links":{"self":[{"href":"https:\/\/www.firestorm.ch\/it\/wp-json\/wp\/v2\/pages\/20452","targetHints":{"allow":["GET"]}}],"collection":[{"href":"https:\/\/www.firestorm.ch\/it\/wp-json\/wp\/v2\/pages"}],"about":[{"href":"https:\/\/www.firestorm.ch\/it\/wp-json\/wp\/v2\/types\/page"}],"author":[{"embeddable":true,"href":"https:\/\/www.firestorm.ch\/it\/wp-json\/wp\/v2\/users\/1"}],"replies":[{"embeddable":true,"href":"https:\/\/www.firestorm.ch\/it\/wp-json\/wp\/v2\/comments?post=20452"}],"version-history":[{"count":0,"href":"https:\/\/www.firestorm.ch\/it\/wp-json\/wp\/v2\/pages\/20452\/revisions"}],"wp:attachment":[{"href":"https:\/\/www.firestorm.ch\/it\/wp-json\/wp\/v2\/media?parent=20452"}],"curies":[{"name":"wp","href":"https:\/\/api.w.org\/{rel}","templated":true}]}}