{"id":6500,"date":"2018-04-14T12:46:06","date_gmt":"2018-04-14T12:46:06","guid":{"rendered":"https:\/\/dev.firestorm.ch\/?page_id=6500"},"modified":"2022-05-01T13:18:56","modified_gmt":"2022-05-01T13:18:56","slug":"protection-ddos","status":"publish","type":"page","link":"https:\/\/www.firestorm.ch\/fr\/protection-ddos\/","title":{"rendered":"Protection DDoS"},"content":{"rendered":"<p>[vc_row full_width=&#8221;stretch_row_content_no_spaces&#8221; content_placement=&#8221;middle&#8221; wk_overlay=&#8221;true&#8221; css=&#8221;.vc_custom_1530371928762{background-image: url(https:\/\/www.firestorm.ch\/wp-content\/uploads\/2018\/06\/DDoS-Schutz.jpg?id=7508) !important;background-position: center !important;background-repeat: no-repeat !important;background-size: cover !important;}&#8221; el_class=&#8221;wk-header&#8221;][vc_column][vc_row_inner][vc_column_inner][vc_separator color=&#8221;custom&#8221; border_width=&#8221;7&#8243; el_width=&#8221;10&#8243; accent_color=&#8221;#197dc8&#8243;][vc_column_text el_class=&#8221;wk-header-text&#8221;]<\/p>\n<p style=\"text-align: center;\"><strong>Votre Site Web s\u00e9curis\u00e9<\/strong><\/p>\n<p style=\"text-align: center;\">Nous prot\u00e9geons votre page d&#8217;accueil contre les attaques DDoS.<\/p>\n<p>[\/vc_column_text][\/vc_column_inner][\/vc_row_inner][\/vc_column][\/vc_row][vc_row full_width=&#8221;stretch_row&#8221; el_class=&#8221;wk-row-grey&#8221; el_id=&#8221;rechenzentrum&#8221;][vc_column][vc_column_text]<\/p>\n<div class=\"wpb_text_column wpb_content_element wk-large-font\">\n<div class=\"wpb_wrapper\">\n<h4>Protection DDOS<\/h4>\n<h2>Qu&#8217;est-ce que le DDOS et comment FireStorm vous prot\u00e8ge ?<\/h2>\n<p>Malheureusement, de nos jours, les services fournis sur Internet sont d\u00e9lib\u00e9r\u00e9ment attaqu\u00e9s par des tierces avec une attaque DoS (Denial of Service). Le but d&#8217;une telle attaque est de paralyser les serveurs et de perturber le fonctionnement ininterrompu. Les ordinateurs pirat\u00e9s, les serveurs et les t\u00e9l\u00e9phones portables sont souvent utilis\u00e9s comme des botnets pour produire des quantit\u00e9s gigantesques de donn\u00e9es. Les cons\u00e9quences de cette attaque sont des temps de chargement lents de votre site Web, de votre service de messagerie ou m\u00eame une panne totale du serveur. FireStorm prot\u00e8ge vos sites, serveurs, applications et services contre ces menaces. Nous utilisons des dispositifs et des pare-feu qui d\u00e9tectent et repoussent les sch\u00e9mas d&#8217;attaque \u00e0 un stade pr\u00e9coce. L&#8217;application mat\u00e9rielle et la technologie de filtrage vous prot\u00e8gent au mieux contre de telles attaques, et ceci gratuitement avec tous nos services.<\/p>\n<\/div>\n<\/div>\n<p>[\/vc_column_text][\/vc_column][\/vc_row][vc_row full_width=&#8221;stretch_row&#8221; el_class=&#8221;wk-row&#8221;][vc_column][vc_column_text]<\/p>\n<div class=\"wpb_text_column wpb_content_element wk-large-font\">\n<h2 style=\"font-size: 28px;\"><span style=\"color: #197dc8;\">D\u00e9tection automatique des sch\u00e9mas d&#8217;attaque<\/span><\/h2>\n<p class=\"wpb_wrapper\">Le FireWall du hardware d\u00e9tecte non seulement la quantit\u00e9 de trafic et de paquets mais aussi d&#8217;autres paquets, et utilise certains mod\u00e8les pour d\u00e9terminer le type d&#8217;attaque afin de le bloquer. La t\u00e2che du FireWall est maintenant de d\u00e9tecter ces paquets de mani\u00e8re fiable. Pour ce faire, nous utilisons plusieurs technologies de filtrage de diff\u00e9rents fabricants que nous mettons \u00e0 jour toutes les 10 minutes.<\/p>\n<\/div>\n<p>[\/vc_column_text][\/vc_column][\/vc_row][vc_row full_width=&#8221;stretch_row&#8221; el_class=&#8221;wk-row-grey&#8221;][vc_column][vc_column_text]<\/p>\n<div class=\"wpb_text_column wpb_content_element wk-large-font\">\n<h2 style=\"font-size: 28px;\"><span style=\"color: #197dc8;\">Authentification Challenge-Response<\/span><\/h2>\n<p>La proc\u00e9dure challenge-response est une m\u00e9thode d&#8217;authentification s\u00e9curis\u00e9e qui l\u00e9gitime le trafic gr\u00e2ce \u00e0 des confirmations simples et compliqu\u00e9es. De plus, le FireWall apprend comment bloquer les acc\u00e8s malveillants en fonction du comportement d&#8217;utilisation. Nos proc\u00e9dures rendent tous les services FireStorm encore mieux prot\u00e9g\u00e9s contre les attaques. En r\u00e8gle g\u00e9n\u00e9rale, notre m\u00e9thode de filtrage n&#8217;influence pas votre service. La protection DDoS est toujours active et est disponible gratuitement pour tous nos clients. Si vous avez d&#8217;autres questions sur la s\u00e9curit\u00e9 du r\u00e9seau ou la protection DDoS, n&#8217;h\u00e9sitez pas \u00e0 nous contacter.<\/p>\n<\/div>\n<p>[\/vc_column_text][\/vc_column][\/vc_row]<\/p>\n","protected":false},"excerpt":{"rendered":"<p>[vc_row full_width=&#8221;stretch_row_content_no_spaces&#8221; content_placement=&#8221;middle&#8221; wk_overlay=&#8221;true&#8221; css=&#8221;.vc_custom_1530371928762{background-image: url(https:\/\/www.firestorm.ch\/wp-content\/uploads\/2018\/06\/DDoS-Schutz.jpg?id=7508) !important;background-position: center !important;background-repeat: no-repeat !important;background-size: cover !important;}&#8221; el_class=&#8221;wk-header&#8221;][vc_column][vc_row_inner][vc_column_inner][vc_separator color=&#8221;custom&#8221; border_width=&#8221;7&#8243; el_width=&#8221;10&#8243; accent_color=&#8221;#197dc8&#8243;][vc_column_text el_class=&#8221;wk-header-text&#8221;] Votre Site Web s\u00e9curis\u00e9 Nous prot\u00e9geons votre page d&#8217;accueil contre les attaques DDoS. [\/vc_column_text][\/vc_column_inner][\/vc_row_inner][\/vc_column][\/vc_row][vc_row full_width=&#8221;stretch_row&#8221; el_class=&#8221;wk-row-grey&#8221; el_id=&#8221;rechenzentrum&#8221;][vc_column][vc_column_text] Protection DDOS Qu&#8217;est-ce que le DDOS et comment FireStorm vous prot\u00e8ge ? Malheureusement, de nos jours, les services fournis [&hellip;]<\/p>\n","protected":false},"author":1,"featured_media":0,"parent":0,"menu_order":0,"comment_status":"closed","ping_status":"closed","template":"","meta":{"_relevanssi_hide_post":"","_relevanssi_pin_for_all":"","_relevanssi_pin_keywords":"","_relevanssi_unpin_keywords":"","_relevanssi_related_keywords":"","_relevanssi_related_include_ids":"","_relevanssi_related_exclude_ids":"","_relevanssi_related_no_append":"","_relevanssi_related_not_related":"","_relevanssi_related_posts":"","_relevanssi_noindex_reason":"","footnotes":""},"class_list":["post-6500","page","type-page","status-publish","hentry"],"yoast_head":"<!-- This site is optimized with the Yoast SEO Premium plugin v27.1 (Yoast SEO v27.5) - https:\/\/yoast.com\/product\/yoast-seo-premium-wordpress\/ -->\n<title>Protection DDoS - FireStorm ISP<\/title>\n<meta name=\"description\" content=\"FireStorm prot\u00e8ge vos sites Web, serveurs, applications et services avec la protection Ddos pour vous prot\u00e9ger contre les menaces.\" \/>\n<meta name=\"robots\" content=\"index, follow, max-snippet:-1, max-image-preview:large, max-video-preview:-1\" \/>\n<link rel=\"canonical\" href=\"https:\/\/www.firestorm.ch\/fr\/protection-ddos\/\" \/>\n<meta property=\"og:locale\" content=\"fr_FR\" \/>\n<meta property=\"og:type\" content=\"article\" \/>\n<meta property=\"og:title\" content=\"Protection DDoS\" \/>\n<meta property=\"og:description\" content=\"FireStorm prot\u00e8ge vos sites Web, serveurs, applications et services avec la protection Ddos pour vous prot\u00e9ger contre les menaces.\" \/>\n<meta property=\"og:url\" content=\"https:\/\/www.firestorm.ch\/fr\/protection-ddos\/\" \/>\n<meta property=\"og:site_name\" content=\"FireStorm ISP\" \/>\n<meta property=\"article:publisher\" content=\"https:\/\/www.facebook.com\/firestorm.ch\/\" \/>\n<meta property=\"article:modified_time\" content=\"2022-05-01T13:18:56+00:00\" \/>\n<meta name=\"twitter:card\" content=\"summary_large_image\" \/>\n<meta name=\"twitter:label1\" content=\"Est. reading time\" \/>\n\t<meta name=\"twitter:data1\" content=\"3 minutes\" \/>\n<script type=\"application\/ld+json\" class=\"yoast-schema-graph\">{\"@context\":\"https:\\\/\\\/schema.org\",\"@graph\":[{\"@type\":\"WebPage\",\"@id\":\"https:\\\/\\\/www.firestorm.ch\\\/fr\\\/protection-ddos\\\/\",\"url\":\"https:\\\/\\\/www.firestorm.ch\\\/fr\\\/protection-ddos\\\/\",\"name\":\"Protection DDoS - FireStorm ISP\",\"isPartOf\":{\"@id\":\"https:\\\/\\\/www.firestorm.ch\\\/#website\"},\"datePublished\":\"2018-04-14T12:46:06+00:00\",\"dateModified\":\"2022-05-01T13:18:56+00:00\",\"description\":\"FireStorm prot\u00e8ge vos sites Web, serveurs, applications et services avec la protection Ddos pour vous prot\u00e9ger contre les menaces.\",\"breadcrumb\":{\"@id\":\"https:\\\/\\\/www.firestorm.ch\\\/fr\\\/protection-ddos\\\/#breadcrumb\"},\"inLanguage\":\"fr-CH\",\"potentialAction\":[{\"@type\":\"ReadAction\",\"target\":[\"https:\\\/\\\/www.firestorm.ch\\\/fr\\\/protection-ddos\\\/\"]}]},{\"@type\":\"BreadcrumbList\",\"@id\":\"https:\\\/\\\/www.firestorm.ch\\\/fr\\\/protection-ddos\\\/#breadcrumb\",\"itemListElement\":[{\"@type\":\"ListItem\",\"position\":1,\"name\":\"Startseite\",\"item\":\"https:\\\/\\\/www.firestorm.ch\\\/fr\\\/\"},{\"@type\":\"ListItem\",\"position\":2,\"name\":\"Protection DDoS\"}]},{\"@type\":\"WebSite\",\"@id\":\"https:\\\/\\\/www.firestorm.ch\\\/#website\",\"url\":\"https:\\\/\\\/www.firestorm.ch\\\/\",\"name\":\"FireStorm\",\"description\":\"Webhosting, Domainnamen, Server, Mailserver und Hosting mit Homepagebaukasten und Free SSL Zertifikat\",\"publisher\":{\"@id\":\"https:\\\/\\\/www.firestorm.ch\\\/#organization\"},\"potentialAction\":[{\"@type\":\"SearchAction\",\"target\":{\"@type\":\"EntryPoint\",\"urlTemplate\":\"https:\\\/\\\/www.firestorm.ch\\\/?s={search_term_string}\"},\"query-input\":{\"@type\":\"PropertyValueSpecification\",\"valueRequired\":true,\"valueName\":\"search_term_string\"}}],\"inLanguage\":\"fr-CH\"},{\"@type\":\"Organization\",\"@id\":\"https:\\\/\\\/www.firestorm.ch\\\/#organization\",\"name\":\"FireStorm\",\"url\":\"https:\\\/\\\/www.firestorm.ch\\\/\",\"logo\":{\"@type\":\"ImageObject\",\"inLanguage\":\"fr-CH\",\"@id\":\"https:\\\/\\\/www.firestorm.ch\\\/#\\\/schema\\\/logo\\\/image\\\/\",\"url\":\"https:\\\/\\\/www.firestorm.ch\\\/wp-content\\\/uploads\\\/2026\\\/03\\\/FireStormLogo.png\",\"contentUrl\":\"https:\\\/\\\/www.firestorm.ch\\\/wp-content\\\/uploads\\\/2026\\\/03\\\/FireStormLogo.png\",\"width\":589,\"height\":60,\"caption\":\"FireStorm\"},\"image\":{\"@id\":\"https:\\\/\\\/www.firestorm.ch\\\/#\\\/schema\\\/logo\\\/image\\\/\"},\"sameAs\":[\"https:\\\/\\\/www.facebook.com\\\/firestorm.ch\\\/\"]}]}<\/script>\n<!-- \/ Yoast SEO Premium plugin. -->","yoast_head_json":{"title":"Protection DDoS - FireStorm ISP","description":"FireStorm prot\u00e8ge vos sites Web, serveurs, applications et services avec la protection Ddos pour vous prot\u00e9ger contre les menaces.","robots":{"index":"index","follow":"follow","max-snippet":"max-snippet:-1","max-image-preview":"max-image-preview:large","max-video-preview":"max-video-preview:-1"},"canonical":"https:\/\/www.firestorm.ch\/fr\/protection-ddos\/","og_locale":"fr_FR","og_type":"article","og_title":"Protection DDoS","og_description":"FireStorm prot\u00e8ge vos sites Web, serveurs, applications et services avec la protection Ddos pour vous prot\u00e9ger contre les menaces.","og_url":"https:\/\/www.firestorm.ch\/fr\/protection-ddos\/","og_site_name":"FireStorm ISP","article_publisher":"https:\/\/www.facebook.com\/firestorm.ch\/","article_modified_time":"2022-05-01T13:18:56+00:00","twitter_card":"summary_large_image","twitter_misc":{"Est. reading time":"3 minutes"},"schema":{"@context":"https:\/\/schema.org","@graph":[{"@type":"WebPage","@id":"https:\/\/www.firestorm.ch\/fr\/protection-ddos\/","url":"https:\/\/www.firestorm.ch\/fr\/protection-ddos\/","name":"Protection DDoS - FireStorm ISP","isPartOf":{"@id":"https:\/\/www.firestorm.ch\/#website"},"datePublished":"2018-04-14T12:46:06+00:00","dateModified":"2022-05-01T13:18:56+00:00","description":"FireStorm prot\u00e8ge vos sites Web, serveurs, applications et services avec la protection Ddos pour vous prot\u00e9ger contre les menaces.","breadcrumb":{"@id":"https:\/\/www.firestorm.ch\/fr\/protection-ddos\/#breadcrumb"},"inLanguage":"fr-CH","potentialAction":[{"@type":"ReadAction","target":["https:\/\/www.firestorm.ch\/fr\/protection-ddos\/"]}]},{"@type":"BreadcrumbList","@id":"https:\/\/www.firestorm.ch\/fr\/protection-ddos\/#breadcrumb","itemListElement":[{"@type":"ListItem","position":1,"name":"Startseite","item":"https:\/\/www.firestorm.ch\/fr\/"},{"@type":"ListItem","position":2,"name":"Protection DDoS"}]},{"@type":"WebSite","@id":"https:\/\/www.firestorm.ch\/#website","url":"https:\/\/www.firestorm.ch\/","name":"FireStorm","description":"Webhosting, Domainnamen, Server, Mailserver und Hosting mit Homepagebaukasten und Free SSL Zertifikat","publisher":{"@id":"https:\/\/www.firestorm.ch\/#organization"},"potentialAction":[{"@type":"SearchAction","target":{"@type":"EntryPoint","urlTemplate":"https:\/\/www.firestorm.ch\/?s={search_term_string}"},"query-input":{"@type":"PropertyValueSpecification","valueRequired":true,"valueName":"search_term_string"}}],"inLanguage":"fr-CH"},{"@type":"Organization","@id":"https:\/\/www.firestorm.ch\/#organization","name":"FireStorm","url":"https:\/\/www.firestorm.ch\/","logo":{"@type":"ImageObject","inLanguage":"fr-CH","@id":"https:\/\/www.firestorm.ch\/#\/schema\/logo\/image\/","url":"https:\/\/www.firestorm.ch\/wp-content\/uploads\/2026\/03\/FireStormLogo.png","contentUrl":"https:\/\/www.firestorm.ch\/wp-content\/uploads\/2026\/03\/FireStormLogo.png","width":589,"height":60,"caption":"FireStorm"},"image":{"@id":"https:\/\/www.firestorm.ch\/#\/schema\/logo\/image\/"},"sameAs":["https:\/\/www.facebook.com\/firestorm.ch\/"]}]}},"rttpg_featured_image_url":null,"rttpg_author":{"display_name":"FireStorm","author_link":"https:\/\/www.firestorm.ch\/fr\/news\/author\/webkoenig\/"},"rttpg_comment":0,"rttpg_category":" <a href=\"https:\/\/www.firestorm.ch\/fr\/?taxonomy=translation_priority&#038;term=facultatif\" rel=\"tag\">Facultatif<\/a>","rttpg_excerpt":"[vc_row full_width=&#8221;stretch_row_content_no_spaces&#8221; content_placement=&#8221;middle&#8221; wk_overlay=&#8221;true&#8221; css=&#8221;.vc_custom_1530371928762{background-image: url(https:\/\/www.firestorm.ch\/wp-content\/uploads\/2018\/06\/DDoS-Schutz.jpg?id=7508) !important;background-position: center !important;background-repeat: no-repeat !important;background-size: cover !important;}&#8221; el_class=&#8221;wk-header&#8221;][vc_column][vc_row_inner][vc_column_inner][vc_separator color=&#8221;custom&#8221; border_width=&#8221;7&#8243; el_width=&#8221;10&#8243; accent_color=&#8221;#197dc8&#8243;][vc_column_text el_class=&#8221;wk-header-text&#8221;] Votre Site Web s\u00e9curis\u00e9 Nous prot\u00e9geons votre page d&#8217;accueil contre les attaques DDoS. [\/vc_column_text][\/vc_column_inner][\/vc_row_inner][\/vc_column][\/vc_row][vc_row full_width=&#8221;stretch_row&#8221; el_class=&#8221;wk-row-grey&#8221; el_id=&#8221;rechenzentrum&#8221;][vc_column][vc_column_text] Protection DDOS Qu&#8217;est-ce que le DDOS et comment FireStorm vous prot\u00e8ge ? Malheureusement, de nos jours, les services fournis&hellip;","_links":{"self":[{"href":"https:\/\/www.firestorm.ch\/fr\/wp-json\/wp\/v2\/pages\/6500","targetHints":{"allow":["GET"]}}],"collection":[{"href":"https:\/\/www.firestorm.ch\/fr\/wp-json\/wp\/v2\/pages"}],"about":[{"href":"https:\/\/www.firestorm.ch\/fr\/wp-json\/wp\/v2\/types\/page"}],"author":[{"embeddable":true,"href":"https:\/\/www.firestorm.ch\/fr\/wp-json\/wp\/v2\/users\/1"}],"replies":[{"embeddable":true,"href":"https:\/\/www.firestorm.ch\/fr\/wp-json\/wp\/v2\/comments?post=6500"}],"version-history":[{"count":0,"href":"https:\/\/www.firestorm.ch\/fr\/wp-json\/wp\/v2\/pages\/6500\/revisions"}],"wp:attachment":[{"href":"https:\/\/www.firestorm.ch\/fr\/wp-json\/wp\/v2\/media?parent=6500"}],"curies":[{"name":"wp","href":"https:\/\/api.w.org\/{rel}","templated":true}]}}