{"id":6480,"date":"2018-04-14T12:27:57","date_gmt":"2018-04-14T12:27:57","guid":{"rendered":"https:\/\/dev.firestorm.ch\/?page_id=6480"},"modified":"2022-04-13T02:21:03","modified_gmt":"2022-04-13T02:21:03","slug":"centre-de-donnees-3","status":"publish","type":"page","link":"https:\/\/www.firestorm.ch\/fr\/centre-de-donnees-3\/","title":{"rendered":"Centre de donn\u00e9es"},"content":{"rendered":"<p>[vc_row full_width=&#8221;stretch_row_content_no_spaces&#8221; content_placement=&#8221;middle&#8221; wk_overlay=&#8221;true&#8221; css=&#8221;.vc_custom_1523709016387{background-image: url(https:\/\/www.firestorm.ch\/wp-content\/uploads\/2018\/04\/691595598.jpg?id=6488) !important;background-position: center !important;background-repeat: no-repeat !important;background-size: cover !important;}&#8221; el_class=&#8221;wk-header&#8221;][vc_column][vc_row_inner][vc_column_inner][vc_separator color=&#8221;custom&#8221; border_width=&#8221;7&#8243; el_width=&#8221;10&#8243; accent_color=&#8221;#197dc8&#8243;][vc_column_text el_class=&#8221;wk-header-text&#8221;]<\/p>\n<p style=\"text-align: center;\"><strong>Le Meilleur centre de donn\u00e9es<\/strong><\/p>\n<p style=\"text-align: center;\">Pour la connexion la plus rapide \u00e0 l&#8217;Internet<\/p>\n<p>[\/vc_column_text][\/vc_column_inner][\/vc_row_inner][\/vc_column][\/vc_row][vc_row full_width=&#8221;stretch_row&#8221; el_class=&#8221;wk-row-grey&#8221; el_id=&#8221;rechenzentrum&#8221;][vc_column][vc_column_text]<\/p>\n<div class=\"wpb_text_column wpb_content_element wk-large-font\">\n<div class=\"wpb_wrapper\">\n<div class=\"wpb_text_column wpb_content_element wk-large-font\">\n<div class=\"wpb_wrapper\">\n<h4>l&#8217;emplacement du serveur<\/h4>\n<h2>Le centre de donn\u00e9es<\/h2>\n<p>FireStorm ISP GmbH exploite ses serveurs dans des centres de donn\u00e9es modernes \u00e0 Zoug et Zurich. Les serveurs sont soumis \u00e0 la loi suisse sur la protection des donn\u00e9es et \u00e0 l&#8217;ordonnance de la DSGVO. Tous re\u00e7oivent une adresse IP en Suisse, quel que soit leur lieu d&#8217;implantation.<\/p>\n<\/div>\n<\/div>\n<div class=\"wpb_text_column wpb_content_element wk-large-font\">\n<div class=\"wpb_wrapper\"><\/div>\n<\/div>\n<div class=\"wpb_text_column wpb_content_element wk-large-font\">\n<div class=\"wpb_wrapper\">\n<p>&nbsp;<\/p>\n<\/div>\n<\/div>\n<\/div>\n<\/div>\n<p>[\/vc_column_text][\/vc_column][\/vc_row][vc_row full_width=&#8221;stretch_row&#8221; el_class=&#8221;wk-row&#8221;][vc_column][vc_column_text]<\/p>\n<div class=\"wpb_text_column wpb_content_element wk-large-font\">\n<div class=\"wpb_text_column wpb_content_element wk-large-font\">\n<h2 style=\"font-size: 28px;\"><span style=\"color: #197dc8;\">LES PAIRES<\/span><\/h2>\n<p>Les centres de donn\u00e9es sont synchronis\u00e9s avec divers d&#8217;autres fournisseurs (des paires) \u00e0 plus de 600 GBit\/s, et ainsi atteignent les meilleures performances pour l&#8217;acc\u00e8s de toute l&#8217;Europe et du monde entier. En plus de Google et Facebook, une connexion directe de plus de 200 Gbit\/s est disponible pour assurer que votre site Web occupe la meilleure place dans le moteur de recherche. La synchronisation avec des paires vers Dropbox, Cloudflare, Init7 atteint pour chacun 10 Gbit\/s ou plus. Il y a beaucoup d&#8217;autres paires priv\u00e9s qui sont exploit\u00e9s pour rendre votre site web rapidement accessible.<\/p>\n<\/div>\n<\/div>\n<p>[\/vc_column_text][\/vc_column][\/vc_row][vc_row full_width=&#8221;stretch_row&#8221; el_class=&#8221;wk-row-grey&#8221;][vc_column][vc_column_text]<\/p>\n<div class=\"wpb_text_column wpb_content_element wk-large-font\">\n<div class=\"wpb_text_column wpb_content_element wk-large-font\">\n<h2 style=\"font-size: 28px;\"><span style=\"color: #197dc8;\">LA SOURCE D&#8217;ENERGIE<\/span><\/h2>\n<p class=\"wpb_wrapper\">Tous les serveurs sont connect\u00e9s \u00e0 une alimentation UPS redondante de 230 volts. En cas d&#8217;une \u00e9ventuelle panne, le fonctionnement sur batterie peut l&#8217;intercepter pour environ 10-15 minutes. Pendant ce temps, des g\u00e9n\u00e9rateurs de secours \u00e0 diesel se mettent en marche de mani\u00e8re autonome, assurant que les syst\u00e8mes restent accessibles m\u00eame pendant une p\u00e9riode plus longue en cas de coupure de courant.<\/p>\n<\/div>\n<\/div>\n<p>[\/vc_column_text][\/vc_column][\/vc_row][vc_row full_width=&#8221;stretch_row&#8221; el_class=&#8221;wk-row&#8221;][vc_column][vc_column_text]<\/p>\n<div class=\"wpb_text_column wpb_content_element wk-large-font\">\n<div class=\"wpb_text_column wpb_content_element wk-large-font\">\n<h2 style=\"font-size: 28px;\"><span style=\"color: #197dc8;\">PREVENTION DES INCENDIES<\/span><\/h2>\n<p class=\"wpb_wrapper\">La d\u00e9tection pr\u00e9coce automatique d&#8217;incendie g\u00e9n\u00e8re une alerte directement aux pompiers locaux. En outre, des portes et des syst\u00e8mes de verrouillage sp\u00e9ciaux sont utilis\u00e9s pour la protection contre le feu, assurant qu&#8217;un \u00e9ventuel incident de ce type ne puisse pas se propager davantage.<\/p>\n<\/div>\n<\/div>\n<p>[\/vc_column_text][\/vc_column][\/vc_row][vc_row full_width=&#8221;stretch_row&#8221; el_class=&#8221;wk-row-grey&#8221;][vc_column][vc_column_text]<\/p>\n<div class=\"wpb_text_column wpb_content_element wk-large-font\">\n<div class=\"wpb_text_column wpb_content_element wk-large-font\">\n<div class=\"wpb_text_column wpb_content_element wk-large-font\">\n<h2 style=\"font-size: 28px;\"><span style=\"color: #197dc8;\">SAUVEGARDES INFORMATIQUES (BACKUPS)<\/span><\/h2>\n<p class=\"wpb_wrapper\">Pour des raisons de s\u00e9curit\u00e9, nos serveurs de backup sont stock\u00e9s dans des feuilles de calcul s\u00e9par\u00e9es. De cette fa\u00e7on, les sauvegardes informatiques sont enregistr\u00e9es ind\u00e9pendamment du serveur.<\/p>\n<\/div>\n<\/div>\n<\/div>\n<p>[\/vc_column_text][\/vc_column][\/vc_row][vc_row full_width=&#8221;stretch_row&#8221; el_class=&#8221;wk-row&#8221;][vc_column][vc_column_text]<\/p>\n<div class=\"wpb_text_column wpb_content_element wk-large-font\">\n<h2 style=\"font-size: 28px;\"><span style=\"color: #197dc8;\">SAUVEGARDES<\/span><\/h2>\n<p class=\"wpb_wrapper\">Pour des raisons de s\u00e9curit\u00e9, nos serveurs de sauvegarde sont stock\u00e9s dans des feuilles de calcul s\u00e9par\u00e9es. Ceci garantit que les sauvegardes peuvent \u00eatre sauvegard\u00e9es ind\u00e9pendamment du serveur.<\/p>\n<\/div>\n<p>[\/vc_column_text][\/vc_column][\/vc_row][vc_row full_width=&#8221;stretch_row&#8221; el_class=&#8221;wk-row-grey&#8221;][vc_column][vc_column_text]<\/p>\n<div class=\"wpb_text_column wpb_content_element wk-large-font\">\n<div class=\"wpb_text_column wpb_content_element wk-large-font\">\n<h2 style=\"font-size: 28px;\"><span style=\"color: #197dc8;\">Certifi\u00e9 ISO\/IEC 27001<\/span><\/h2>\n<p>Nos centres de donn\u00e9es sont certifi\u00e9s selon la norme ISO 27001, reconnue mondialement. Pour avoir cette certification, la conception de notre syst\u00e8me de gestion de la s\u00e9curit\u00e9 de l&#8217;information (SGSI) a d\u00fb suivre strictement ce que d\u00e9crit cette norme, avant d&#8217;\u00eatre certifi\u00e9 ISO 27001. Cette certification confirme \u00e9galement que la s\u00e9curit\u00e9 des donn\u00e9es et la confidentialit\u00e9 des informations r\u00e9pondent tout \u00e0 fait aux pratiques standards de s\u00e9curit\u00e9. Ces standards sont constamment am\u00e9lior\u00e9s et contr\u00f4l\u00e9s de mani\u00e8re durable. Sur demande, FireStorm peut confirmer notre conformit\u00e9 \u00e0 la norme ISO 27001 par courriel, mais il ne d\u00e9livre pas de certificat lui-m\u00eame.<\/p>\n<\/div>\n<\/div>\n<p>[\/vc_column_text][\/vc_column][\/vc_row]<\/p>\n","protected":false},"excerpt":{"rendered":"<p>[vc_row full_width=&#8221;stretch_row_content_no_spaces&#8221; content_placement=&#8221;middle&#8221; wk_overlay=&#8221;true&#8221; css=&#8221;.vc_custom_1523709016387{background-image: url(https:\/\/www.firestorm.ch\/wp-content\/uploads\/2018\/04\/691595598.jpg?id=6488) !important;background-position: center !important;background-repeat: no-repeat !important;background-size: cover !important;}&#8221; el_class=&#8221;wk-header&#8221;][vc_column][vc_row_inner][vc_column_inner][vc_separator color=&#8221;custom&#8221; border_width=&#8221;7&#8243; el_width=&#8221;10&#8243; accent_color=&#8221;#197dc8&#8243;][vc_column_text el_class=&#8221;wk-header-text&#8221;] Le Meilleur centre de donn\u00e9es Pour la connexion la plus rapide \u00e0 l&#8217;Internet [\/vc_column_text][\/vc_column_inner][\/vc_row_inner][\/vc_column][\/vc_row][vc_row full_width=&#8221;stretch_row&#8221; el_class=&#8221;wk-row-grey&#8221; el_id=&#8221;rechenzentrum&#8221;][vc_column][vc_column_text] l&#8217;emplacement du serveur Le centre de donn\u00e9es FireStorm ISP GmbH exploite ses serveurs dans des centres de donn\u00e9es modernes [&hellip;]<\/p>\n","protected":false},"author":1,"featured_media":0,"parent":0,"menu_order":0,"comment_status":"closed","ping_status":"closed","template":"","meta":{"_relevanssi_hide_post":"","_relevanssi_pin_for_all":"","_relevanssi_pin_keywords":"","_relevanssi_unpin_keywords":"","_relevanssi_related_keywords":"","_relevanssi_related_include_ids":"","_relevanssi_related_exclude_ids":"","_relevanssi_related_no_append":"","_relevanssi_related_not_related":"","_relevanssi_related_posts":"","_relevanssi_noindex_reason":"","footnotes":""},"class_list":["post-6480","page","type-page","status-publish","hentry"],"yoast_head":"<!-- This site is optimized with the Yoast SEO Premium plugin v27.1 (Yoast SEO v27.5) - https:\/\/yoast.com\/product\/yoast-seo-premium-wordpress\/ -->\n<title>Centre de donn\u00e9es - FireStorm ISP<\/title>\n<meta name=\"description\" content=\"Centre de donn\u00e9es FireStorm \u00e0 Zurich : alimentation redondante, climatisation et s\u00e9curit\u00e9 maximale pour vos serveurs.\" \/>\n<meta name=\"robots\" content=\"index, follow, max-snippet:-1, max-image-preview:large, max-video-preview:-1\" \/>\n<link rel=\"canonical\" href=\"https:\/\/www.firestorm.ch\/fr\/centre-de-donnees-3\/\" \/>\n<meta property=\"og:locale\" content=\"fr_FR\" \/>\n<meta property=\"og:type\" content=\"article\" \/>\n<meta property=\"og:title\" content=\"Centre de donn\u00e9es\" \/>\n<meta property=\"og:description\" content=\"Centre de donn\u00e9es FireStorm \u00e0 Zurich : alimentation redondante, climatisation et s\u00e9curit\u00e9 maximale pour vos serveurs.\" \/>\n<meta property=\"og:url\" content=\"https:\/\/www.firestorm.ch\/fr\/centre-de-donnees-3\/\" \/>\n<meta property=\"og:site_name\" content=\"FireStorm ISP\" \/>\n<meta property=\"article:publisher\" content=\"https:\/\/www.facebook.com\/firestorm.ch\/\" \/>\n<meta property=\"article:modified_time\" content=\"2022-04-13T02:21:03+00:00\" \/>\n<meta name=\"twitter:card\" content=\"summary_large_image\" \/>\n<meta name=\"twitter:label1\" content=\"Est. reading time\" \/>\n\t<meta name=\"twitter:data1\" content=\"4 minutes\" \/>\n<script type=\"application\/ld+json\" class=\"yoast-schema-graph\">{\"@context\":\"https:\\\/\\\/schema.org\",\"@graph\":[{\"@type\":\"WebPage\",\"@id\":\"https:\\\/\\\/www.firestorm.ch\\\/fr\\\/centre-de-donnees-3\\\/\",\"url\":\"https:\\\/\\\/www.firestorm.ch\\\/fr\\\/centre-de-donnees-3\\\/\",\"name\":\"Centre de donn\u00e9es - FireStorm ISP\",\"isPartOf\":{\"@id\":\"https:\\\/\\\/www.firestorm.ch\\\/#website\"},\"datePublished\":\"2018-04-14T12:27:57+00:00\",\"dateModified\":\"2022-04-13T02:21:03+00:00\",\"description\":\"Centre de donn\u00e9es FireStorm \u00e0 Zurich : alimentation redondante, climatisation et s\u00e9curit\u00e9 maximale pour vos serveurs.\",\"breadcrumb\":{\"@id\":\"https:\\\/\\\/www.firestorm.ch\\\/fr\\\/centre-de-donnees-3\\\/#breadcrumb\"},\"inLanguage\":\"fr-CH\",\"potentialAction\":[{\"@type\":\"ReadAction\",\"target\":[\"https:\\\/\\\/www.firestorm.ch\\\/fr\\\/centre-de-donnees-3\\\/\"]}]},{\"@type\":\"BreadcrumbList\",\"@id\":\"https:\\\/\\\/www.firestorm.ch\\\/fr\\\/centre-de-donnees-3\\\/#breadcrumb\",\"itemListElement\":[{\"@type\":\"ListItem\",\"position\":1,\"name\":\"Startseite\",\"item\":\"https:\\\/\\\/www.firestorm.ch\\\/fr\\\/\"},{\"@type\":\"ListItem\",\"position\":2,\"name\":\"Centre de donn\u00e9es\"}]},{\"@type\":\"WebSite\",\"@id\":\"https:\\\/\\\/www.firestorm.ch\\\/#website\",\"url\":\"https:\\\/\\\/www.firestorm.ch\\\/\",\"name\":\"FireStorm\",\"description\":\"Webhosting, Domainnamen, Server, Mailserver und Hosting mit Homepagebaukasten und Free SSL Zertifikat\",\"publisher\":{\"@id\":\"https:\\\/\\\/www.firestorm.ch\\\/#organization\"},\"potentialAction\":[{\"@type\":\"SearchAction\",\"target\":{\"@type\":\"EntryPoint\",\"urlTemplate\":\"https:\\\/\\\/www.firestorm.ch\\\/?s={search_term_string}\"},\"query-input\":{\"@type\":\"PropertyValueSpecification\",\"valueRequired\":true,\"valueName\":\"search_term_string\"}}],\"inLanguage\":\"fr-CH\"},{\"@type\":\"Organization\",\"@id\":\"https:\\\/\\\/www.firestorm.ch\\\/#organization\",\"name\":\"FireStorm\",\"url\":\"https:\\\/\\\/www.firestorm.ch\\\/\",\"logo\":{\"@type\":\"ImageObject\",\"inLanguage\":\"fr-CH\",\"@id\":\"https:\\\/\\\/www.firestorm.ch\\\/#\\\/schema\\\/logo\\\/image\\\/\",\"url\":\"https:\\\/\\\/www.firestorm.ch\\\/wp-content\\\/uploads\\\/2026\\\/03\\\/FireStormLogo.png\",\"contentUrl\":\"https:\\\/\\\/www.firestorm.ch\\\/wp-content\\\/uploads\\\/2026\\\/03\\\/FireStormLogo.png\",\"width\":589,\"height\":60,\"caption\":\"FireStorm\"},\"image\":{\"@id\":\"https:\\\/\\\/www.firestorm.ch\\\/#\\\/schema\\\/logo\\\/image\\\/\"},\"sameAs\":[\"https:\\\/\\\/www.facebook.com\\\/firestorm.ch\\\/\"]}]}<\/script>\n<!-- \/ Yoast SEO Premium plugin. -->","yoast_head_json":{"title":"Centre de donn\u00e9es - FireStorm ISP","description":"Centre de donn\u00e9es FireStorm \u00e0 Zurich : alimentation redondante, climatisation et s\u00e9curit\u00e9 maximale pour vos serveurs.","robots":{"index":"index","follow":"follow","max-snippet":"max-snippet:-1","max-image-preview":"max-image-preview:large","max-video-preview":"max-video-preview:-1"},"canonical":"https:\/\/www.firestorm.ch\/fr\/centre-de-donnees-3\/","og_locale":"fr_FR","og_type":"article","og_title":"Centre de donn\u00e9es","og_description":"Centre de donn\u00e9es FireStorm \u00e0 Zurich : alimentation redondante, climatisation et s\u00e9curit\u00e9 maximale pour vos serveurs.","og_url":"https:\/\/www.firestorm.ch\/fr\/centre-de-donnees-3\/","og_site_name":"FireStorm ISP","article_publisher":"https:\/\/www.facebook.com\/firestorm.ch\/","article_modified_time":"2022-04-13T02:21:03+00:00","twitter_card":"summary_large_image","twitter_misc":{"Est. reading time":"4 minutes"},"schema":{"@context":"https:\/\/schema.org","@graph":[{"@type":"WebPage","@id":"https:\/\/www.firestorm.ch\/fr\/centre-de-donnees-3\/","url":"https:\/\/www.firestorm.ch\/fr\/centre-de-donnees-3\/","name":"Centre de donn\u00e9es - FireStorm ISP","isPartOf":{"@id":"https:\/\/www.firestorm.ch\/#website"},"datePublished":"2018-04-14T12:27:57+00:00","dateModified":"2022-04-13T02:21:03+00:00","description":"Centre de donn\u00e9es FireStorm \u00e0 Zurich : alimentation redondante, climatisation et s\u00e9curit\u00e9 maximale pour vos serveurs.","breadcrumb":{"@id":"https:\/\/www.firestorm.ch\/fr\/centre-de-donnees-3\/#breadcrumb"},"inLanguage":"fr-CH","potentialAction":[{"@type":"ReadAction","target":["https:\/\/www.firestorm.ch\/fr\/centre-de-donnees-3\/"]}]},{"@type":"BreadcrumbList","@id":"https:\/\/www.firestorm.ch\/fr\/centre-de-donnees-3\/#breadcrumb","itemListElement":[{"@type":"ListItem","position":1,"name":"Startseite","item":"https:\/\/www.firestorm.ch\/fr\/"},{"@type":"ListItem","position":2,"name":"Centre de donn\u00e9es"}]},{"@type":"WebSite","@id":"https:\/\/www.firestorm.ch\/#website","url":"https:\/\/www.firestorm.ch\/","name":"FireStorm","description":"Webhosting, Domainnamen, Server, Mailserver und Hosting mit Homepagebaukasten und Free SSL Zertifikat","publisher":{"@id":"https:\/\/www.firestorm.ch\/#organization"},"potentialAction":[{"@type":"SearchAction","target":{"@type":"EntryPoint","urlTemplate":"https:\/\/www.firestorm.ch\/?s={search_term_string}"},"query-input":{"@type":"PropertyValueSpecification","valueRequired":true,"valueName":"search_term_string"}}],"inLanguage":"fr-CH"},{"@type":"Organization","@id":"https:\/\/www.firestorm.ch\/#organization","name":"FireStorm","url":"https:\/\/www.firestorm.ch\/","logo":{"@type":"ImageObject","inLanguage":"fr-CH","@id":"https:\/\/www.firestorm.ch\/#\/schema\/logo\/image\/","url":"https:\/\/www.firestorm.ch\/wp-content\/uploads\/2026\/03\/FireStormLogo.png","contentUrl":"https:\/\/www.firestorm.ch\/wp-content\/uploads\/2026\/03\/FireStormLogo.png","width":589,"height":60,"caption":"FireStorm"},"image":{"@id":"https:\/\/www.firestorm.ch\/#\/schema\/logo\/image\/"},"sameAs":["https:\/\/www.facebook.com\/firestorm.ch\/"]}]}},"rttpg_featured_image_url":null,"rttpg_author":{"display_name":"FireStorm","author_link":"https:\/\/www.firestorm.ch\/fr\/news\/author\/webkoenig\/"},"rttpg_comment":0,"rttpg_category":" <a href=\"https:\/\/www.firestorm.ch\/fr\/?taxonomy=translation_priority&#038;term=facultatif\" rel=\"tag\">Facultatif<\/a>","rttpg_excerpt":"[vc_row full_width=&#8221;stretch_row_content_no_spaces&#8221; content_placement=&#8221;middle&#8221; wk_overlay=&#8221;true&#8221; css=&#8221;.vc_custom_1523709016387{background-image: url(https:\/\/www.firestorm.ch\/wp-content\/uploads\/2018\/04\/691595598.jpg?id=6488) !important;background-position: center !important;background-repeat: no-repeat !important;background-size: cover !important;}&#8221; el_class=&#8221;wk-header&#8221;][vc_column][vc_row_inner][vc_column_inner][vc_separator color=&#8221;custom&#8221; border_width=&#8221;7&#8243; el_width=&#8221;10&#8243; accent_color=&#8221;#197dc8&#8243;][vc_column_text el_class=&#8221;wk-header-text&#8221;] Le Meilleur centre de donn\u00e9es Pour la connexion la plus rapide \u00e0 l&#8217;Internet [\/vc_column_text][\/vc_column_inner][\/vc_row_inner][\/vc_column][\/vc_row][vc_row full_width=&#8221;stretch_row&#8221; el_class=&#8221;wk-row-grey&#8221; el_id=&#8221;rechenzentrum&#8221;][vc_column][vc_column_text] l&#8217;emplacement du serveur Le centre de donn\u00e9es FireStorm ISP GmbH exploite ses serveurs dans des centres de donn\u00e9es modernes&hellip;","_links":{"self":[{"href":"https:\/\/www.firestorm.ch\/fr\/wp-json\/wp\/v2\/pages\/6480","targetHints":{"allow":["GET"]}}],"collection":[{"href":"https:\/\/www.firestorm.ch\/fr\/wp-json\/wp\/v2\/pages"}],"about":[{"href":"https:\/\/www.firestorm.ch\/fr\/wp-json\/wp\/v2\/types\/page"}],"author":[{"embeddable":true,"href":"https:\/\/www.firestorm.ch\/fr\/wp-json\/wp\/v2\/users\/1"}],"replies":[{"embeddable":true,"href":"https:\/\/www.firestorm.ch\/fr\/wp-json\/wp\/v2\/comments?post=6480"}],"version-history":[{"count":0,"href":"https:\/\/www.firestorm.ch\/fr\/wp-json\/wp\/v2\/pages\/6480\/revisions"}],"wp:attachment":[{"href":"https:\/\/www.firestorm.ch\/fr\/wp-json\/wp\/v2\/media?parent=6480"}],"curies":[{"name":"wp","href":"https:\/\/api.w.org\/{rel}","templated":true}]}}