{"id":5872,"date":"2018-01-05T15:59:34","date_gmt":"2018-01-05T15:59:34","guid":{"rendered":"https:\/\/dev.firestorm.ch\/ueber-uns\/"},"modified":"2022-05-12T15:21:44","modified_gmt":"2022-05-12T15:21:44","slug":"a-propos-de-nous","status":"publish","type":"page","link":"https:\/\/www.firestorm.ch\/fr\/a-propos-de-nous\/","title":{"rendered":"A propos de nous"},"content":{"rendered":"<p>[vc_row full_width=&#8221;stretch_row_content_no_spaces&#8221; content_placement=&#8221;middle&#8221; wk_overlay=&#8221;true&#8221; css=&#8221;.vc_custom_1652368902449{background-image: url(https:\/\/www.firestorm.ch\/wp-content\/uploads\/2022\/05\/teamwork-g81a4ed3d2_1920-2.jpg?id=24624) !important;background-position: center !important;background-repeat: no-repeat !important;background-size: cover !important;}&#8221; el_class=&#8221;wk-header&#8221;][vc_column][\/vc_column][\/vc_row][vc_row full_width=&#8221;stretch_row&#8221; el_class=&#8221;wk-row-grey&#8221; css=&#8221;.vc_custom_1519203772701{background-color: #eeeeee !important;}&#8221;][vc_column][vc_row_inner css=&#8221;.vc_custom_1515147827020{background-color: #eeeeee !important;}&#8221;][vc_column_inner width=&#8221;1\/6&#8243;][\/vc_column_inner][vc_column_inner width=&#8221;2\/3&#8243;][vc_column_text el_class=&#8221;wk-large-font&#8221;]<\/p>\n<h4>Votre \u00e9quipe<\/h4>\n<h1>A propos de nous<\/h1>\n<p><span lang=\"DE\">Nous aimons beaucoup l&#8217;Internet. Et nous voulons que vous l&#8217;aimiez aussi. Depuis 2002, nous proposons \u00e0 nos clients une solution compl\u00e8te et autonome pour que vous puissiez l&#8217;adapter \u00e0 vos id\u00e9es et vos souhaits. De la conception des sites Web jusqu&#8217;\u00e0 l&#8217;h\u00e9bergement des messageries, en passant par les serveurs racine et les domaines. Qu&#8217;est-ce qui nous distingue ? Une utilisation simple, la plus haute qualit\u00e9 et des prix imbattables. Pour que vous soyez enti\u00e8rement satisfait et que vous puissiez donner de la vie, dans le num\u00e9rique, \u00e0 toutes vos visions.<\/span>[\/vc_column_text][\/vc_column_inner][vc_column_inner width=&#8221;1\/6&#8243;][\/vc_column_inner][\/vc_row_inner][\/vc_column][\/vc_row][vc_row full_width=&#8221;stretch_row&#8221; el_class=&#8221;wk-row-grey&#8221; css=&#8221;.vc_custom_1515147866087{background-color: #ffffff !important;}&#8221;][vc_column][vc_row_inner css=&#8221;.vc_custom_1515589052743{background-color: #ffffff !important;}&#8221;][vc_column_inner][vc_column_text]<\/p>\n<h4>Nos clients nous adorent !<\/h4>\n<h2><strong>Plus de 15 ans de satisfaction de notre client\u00e8le<\/strong><\/h2>\n<p><span lang=\"DE\">Tout a commenc\u00e9 en 2002 avec quelques peu de domaines et encore moins de clients. Aujourd&#8217;hui, nous sommes l&#8217;un des plus grands h\u00e9bergeurs de sites web en Suisse. Une poign\u00e9e de clients s&#8217;est rapidement transform\u00e9e en des milliers. Les domaines individuels se sont transform\u00e9s en plus de 40 000 sites Web g\u00e9r\u00e9s. Parmi nos clients, on trouve des particuliers, des entrepreneurs, de grandes entreprises, des banques, des municipalit\u00e9s, la police et m\u00eame des autorit\u00e9s f\u00e9d\u00e9rales. Notre secret pour le succ\u00e8s ? Un large savoir-faire, des produits de premi\u00e8re classe et un service client tout \u00e0 fait unique.<\/span>[\/vc_column_text][\/vc_column_inner][\/vc_row_inner][\/vc_column][\/vc_row][vc_row full_width=&#8221;stretch_row&#8221; content_placement=&#8221;middle&#8221; iw_layout=&#8221;wide-bg&#8221; iw_parallax=&#8221;1&#8243; iw_parallax_overlay=&#8221;0&#8243; iw_parallax_speed=&#8221;0&#8243; el_class=&#8221;wk-parallax&#8221; css=&#8221;.vc_custom_1537519372939{background-image: url(https:\/\/www.firestorm.ch\/wp-content\/uploads\/2018\/06\/Mehrwert-als-Mission.jpg?id=7497) !important;background-position: center !important;background-repeat: no-repeat !important;background-size: cover !important;}&#8221;][vc_column width=&#8221;1\/6&#8243;][\/vc_column][vc_column width=&#8221;2\/3&#8243;][vc_row_inner][vc_column_inner el_class=&#8221;wk-box&#8221;][vc_column_text el_class=&#8221;wk-large-font&#8221;]<\/p>\n<h2><strong>De la valeur ajout\u00e9e en tant que mission<\/strong><\/h2>\n<p>Vos objectifs sont aussi les n\u00f4tres. Rien ni personne ne doit se mettre dans votre chemin, et c&#8217;est exactement l\u00e0 o\u00f9 nous vous soutenons. Bien \u00e9videmment que votre succ\u00e8s est aussi important pour vous que pour nous. Pour concevoir la page Web appropri\u00e9e, aucun designer plus cher n&#8217;est n\u00e9cessaire, et nous aimerions vous montrer que vous puissiez cr\u00e9er votre page Web compl\u00e8tement et d&#8217;une mani\u00e8re simple. Cela vous permet d&#8217;\u00e9conomiser du temps et de l&#8217;argent. Quel que soit le projet en ligne que vous souhaitez mettre en \u0153uvre, c&#8217;est \u00e0 la fois possible et facile pour vous avec notre service.[\/vc_column_text][\/vc_column_inner][\/vc_row_inner][\/vc_column][vc_column width=&#8221;1\/6&#8243;][\/vc_column][\/vc_row][vc_row full_width=&#8221;stretch_row&#8221; el_class=&#8221;wk-row-grey&#8221;][vc_column][vc_column_text el_class=&#8221;wk-large-font&#8221;]<\/p>\n<h4>Ca se paie<\/h4>\n<h2>La durabilit\u00e9 en tant qu&#8217;objectif<\/h2>\n<p>[\/vc_column_text][vc_column_text el_class=&#8221;wk-large-font&#8221;]Notre environnement commun est important pour nous. C&#8217;est pourquoi nous n&#8217;utilisons que des \u00e9nergies respectueuses du climat pour notre \u00e9lectricit\u00e9 et pour refroidir notre centre de donn\u00e9es : du soleil, du vent et de l&#8217;eau. De plus, nous mettons tout en \u0153uvre pour prot\u00e9ger vos donn\u00e9es de mani\u00e8re optimale. Nous exploitons nos serveurs dans des centres de donn\u00e9es en Suisse, en Allemagne et en Autriche et nous y sommes soumis \u00e0 la stricte loi suisse sur la protection des donn\u00e9es.[\/vc_column_text][vc_row_inner][vc_column_inner width=&#8221;1\/2&#8243;]<div class=\"info-item  style2\"><div class=\"info-item-content\"><div class=\"info-item-desc\"><\/p>\n<h3>1. Le courant \u00e9lectrique<\/h3>\n<p>Nous n&#8217;utilisons que des \u00e9nergies respectueuses de l&#8217;environnement pour notre \u00e9lectricit\u00e9 et pour le refroidissement de notre centre de donn\u00e9es : du soleil, du vent et de l&#8217;eau.<\/p>\n<\/div><\/div><\/div>[\/vc_column_inner][vc_column_inner width=&#8221;1\/2&#8243;]<div class=\"info-item  style2\"><div class=\"info-item-content\"><div class=\"info-item-desc\"><\/p>\n<h3>2. La protection des donn\u00e9es<\/h3>\n<p>Nous mettons tout en \u0153uvre pour prot\u00e9ger vos donn\u00e9es de mani\u00e8re optimale. Nous exploitons nos serveurs dans des centres informatiques en Suisse, en Allemagne et en Autriche et nous y sommes soumis \u00e0 la loi tr\u00e8s stricte suisse sur la protection des donn\u00e9es.<\/p>\n<\/div><\/div><\/div>[\/vc_column_inner][\/vc_row_inner][vc_row_inner][vc_column_inner][vc_images_carousel images=&#8221;7579,7581,7580&#8243; img_size=&#8221;full&#8221; onclick=&#8221;link_no&#8221; speed=&#8221;3000&#8243; autoplay=&#8221;yes&#8221; wrap=&#8221;yes&#8221;][\/vc_column_inner][\/vc_row_inner][\/vc_column][\/vc_row][vc_row full_width=&#8221;stretch_row&#8221; el_class=&#8221;wk-row&#8221;][vc_column][vc_column_text el_class=&#8221;wk-large-font&#8221;]<\/p>\n<h4>On \u00e9teint le feu avant qu&#8217;il ne commence.<\/h4>\n<h2>Fiable et s\u00fbr<\/h2>\n<p>[\/vc_column_text][vc_empty_space][vc_row_inner][vc_column_inner width=&#8221;1\/2&#8243;]<div class=\"info-item  style1\"><div class=\"icon\"><i style=\"font-size:60px\" class=\"theme-color fas fa-lock\"><\/i><\/div><div class=\"info-item-content\"><div class=\"info-item-desc\"><\/p>\n<h3>Des Certificats SSL gratuits<\/h3>\n<p>Depuis 2002, nous chiffrons tous les services de donn\u00e9es et de communication sur nos serveurs. Il s&#8217;agit notamment des certificats IMAP, POP3, SMTP, FTP et, depuis 2015, des certificats SSL gratuits pour nos clients.<\/p>\n<\/div><\/div><\/div>[\/vc_column_inner][vc_column_inner width=&#8221;1\/2&#8243;]<div class=\"info-item  style1\"><div class=\"icon\"><i style=\"font-size:60px\" class=\"theme-color fas fa-users\"><\/i><\/div><div class=\"info-item-content\"><div class=\"info-item-desc\"><\/p>\n<h3>Des techniciens brillants<\/h3>\n<p>Nos serveurs sont tous surveill\u00e9s et entretenus 24 heures sur 24 par au moins deux techniciens. Non seulement nous veillons \u00e0 ce que tout soit \u00e0 jour et fonctionne sans probl\u00e8me, mais aussi nous garantissons une intervention imm\u00e9diate en cas d&#8217;urgence. Cela assure que rien ne br\u00fble.<\/p>\n<\/div><\/div><\/div>[\/vc_column_inner][\/vc_row_inner][\/vc_column][\/vc_row][vc_row full_width=&#8221;stretch_row&#8221; el_class=&#8221;wk-row-grey&#8221;][vc_column][vc_row_inner][vc_column_inner width=&#8221;1\/2&#8243;][vc_single_image image=&#8221;7499&#8243; img_size=&#8221;full&#8221;][\/vc_column_inner][vc_column_inner width=&#8221;1\/2&#8243; css=&#8221;.vc_custom_1515589056679{margin-left: 10% !important;}&#8221;][vc_column_text]<\/p>\n<h4>Le respect de l&#8217;environnement et l&#8217;\u00e9tat de l&#8217;art<\/h4>\n<h2><strong>Une Infrastructure de pointe<\/strong><\/h2>\n<p><span lang=\"DE\">Nous le savons : certains concurrents utilisent des technologies et des serveurs obsol\u00e8tes, peu s\u00fbrs et \u00e9nergivores. Avec nous, c&#8217;est diff\u00e9rent. Notre infrastructure n&#8217;est pas seulement respectueuse de l&#8217;environnement, mais aussi compos\u00e9e du mat\u00e9riel et de la technologie les plus r\u00e9cents, les plus rapides et les plus s\u00fbrs du march\u00e9. Tout cela pour que nous puissions r\u00e9pondre aux exigences les plus \u00e9lev\u00e9es et vous permettre de b\u00e9n\u00e9ficier des meilleurs services. Ne vous contentez pas de moins.<\/span>[\/vc_column_text][\/vc_column_inner][\/vc_row_inner][\/vc_column][\/vc_row][vc_row full_width=&#8221;stretch_row&#8221; content_placement=&#8221;middle&#8221; iw_layout=&#8221;wide-bg&#8221; iw_parallax=&#8221;1&#8243; iw_parallax_overlay=&#8221;0&#8243; iw_parallax_speed=&#8221;0&#8243; el_class=&#8221;wk-parallax&#8221; css=&#8221;.vc_custom_1537519420635{background-image: url(https:\/\/www.firestorm.ch\/wp-content\/uploads\/2018\/06\/Zusammen-stark.jpg?id=7504) !important;background-position: center !important;background-repeat: no-repeat !important;background-size: cover !important;}&#8221;][vc_column width=&#8221;1\/6&#8243;][\/vc_column][vc_column width=&#8221;2\/3&#8243;][vc_row_inner][vc_column_inner el_class=&#8221;wk-box&#8221;][vc_column_text el_class=&#8221;wk-large-font&#8221;]<\/p>\n<h2>Nous sommes toujours l\u00e0 pour vous<\/h2>\n<p>Nous vous aidons avec des mots et des actes. Nous vous offrons une assistance directe et comp\u00e9tente par t\u00e9l\u00e9phone ou par chat en direct. M\u00eame pendant la nuit ou lorsque c&#8217;est particuli\u00e8rement urgent. Notre service d&#8217;urgence est \u00e0 votre disposition 7 jours sur 7, 24 heures sur 24. Aucune question ne reste sans r\u00e9ponse et aucun probl\u00e8me n&#8217;est toujours en suspens. Nous vous le promettons ![\/vc_column_text][\/vc_column_inner][\/vc_row_inner][\/vc_column][vc_column width=&#8221;1\/6&#8243;][\/vc_column][\/vc_row][vc_row full_width=&#8221;stretch_row&#8221; el_class=&#8221;wk-row&#8221; css=&#8221;.vc_custom_1515147486596{background-color: #ffffff !important;}&#8221;][vc_column width=&#8221;3\/4&#8243;][vc_column_text]<\/p>\n<h4>Un \u00e9change parfait<\/h4>\n<h2>Le travail d&#8217;\u00e9quipe pour r\u00e9ussir<\/h2>\n<p>Le travail d&#8217;\u00e9quipe fait partie int\u00e9grante de notre philosophie d&#8217;entreprise. Ce n&#8217;est qu&#8217;en tant qu&#8217;\u00e9quipe que nous atteignons vos objectifs rapidement et efficacement. C&#8217;est pourquoi nous organisons r\u00e9guli\u00e8rement des formations continues pour nos collaborateurs et formons avec succ\u00e8s des apprentis. Nous continuons \u00e0 cro\u00eetre et d&#8217;\u00e9tendre notre position sur le march\u00e9.[\/vc_column_text][\/vc_column][vc_column width=&#8221;1\/4&#8243;][\/vc_column][\/vc_row]<\/p>\n","protected":false},"excerpt":{"rendered":"<p>[vc_row full_width=&#8221;stretch_row_content_no_spaces&#8221; content_placement=&#8221;middle&#8221; wk_overlay=&#8221;true&#8221; css=&#8221;.vc_custom_1652368902449{background-image: url(https:\/\/www.firestorm.ch\/wp-content\/uploads\/2022\/05\/teamwork-g81a4ed3d2_1920-2.jpg?id=24624) !important;background-position: center !important;background-repeat: no-repeat !important;background-size: cover !important;}&#8221; el_class=&#8221;wk-header&#8221;][vc_column][\/vc_column][\/vc_row][vc_row full_width=&#8221;stretch_row&#8221; el_class=&#8221;wk-row-grey&#8221; css=&#8221;.vc_custom_1519203772701{background-color: #eeeeee !important;}&#8221;][vc_column][vc_row_inner css=&#8221;.vc_custom_1515147827020{background-color: #eeeeee !important;}&#8221;][vc_column_inner width=&#8221;1\/6&#8243;][\/vc_column_inner][vc_column_inner width=&#8221;2\/3&#8243;][vc_column_text el_class=&#8221;wk-large-font&#8221;] Votre \u00e9quipe A propos de nous Nous aimons beaucoup l&#8217;Internet. Et nous voulons que vous l&#8217;aimiez aussi. Depuis 2002, nous proposons \u00e0 nos clients une solution compl\u00e8te et autonome pour [&hellip;]<\/p>\n","protected":false},"author":1,"featured_media":0,"parent":0,"menu_order":0,"comment_status":"closed","ping_status":"closed","template":"","meta":{"_relevanssi_hide_post":"","_relevanssi_pin_for_all":"","_relevanssi_pin_keywords":"","_relevanssi_unpin_keywords":"","_relevanssi_related_keywords":"","_relevanssi_related_include_ids":"","_relevanssi_related_exclude_ids":"","_relevanssi_related_no_append":"","_relevanssi_related_not_related":"","_relevanssi_related_posts":"","_relevanssi_noindex_reason":"","footnotes":""},"class_list":["post-5872","page","type-page","status-publish","hentry"],"yoast_head":"<!-- This site is optimized with the Yoast SEO Premium plugin v27.1 (Yoast SEO v27.5) - https:\/\/yoast.com\/product\/yoast-seo-premium-wordpress\/ -->\n<title>A propos de nous - FireStorm ISP<\/title>\n<meta name=\"description\" content=\"Qu&#039;est-ce qui nous distingue ? Une utilisation simple, la plus haute qualit\u00e9 et des prix imbattables. pour que vous soyez enti\u00e8rement satisfait.\" \/>\n<meta name=\"robots\" content=\"index, follow, max-snippet:-1, max-image-preview:large, max-video-preview:-1\" \/>\n<link rel=\"canonical\" href=\"https:\/\/www.firestorm.ch\/fr\/a-propos-de-nous\/\" \/>\n<meta property=\"og:locale\" content=\"fr_FR\" \/>\n<meta property=\"og:type\" content=\"article\" \/>\n<meta property=\"og:title\" content=\"A propos de nous\" \/>\n<meta property=\"og:description\" content=\"Qu&#039;est-ce qui nous distingue ? Une utilisation simple, la plus haute qualit\u00e9 et des prix imbattables. pour que vous soyez enti\u00e8rement satisfait.\" \/>\n<meta property=\"og:url\" content=\"https:\/\/www.firestorm.ch\/fr\/a-propos-de-nous\/\" \/>\n<meta property=\"og:site_name\" content=\"FireStorm ISP\" \/>\n<meta property=\"article:publisher\" content=\"https:\/\/www.facebook.com\/firestorm.ch\/\" \/>\n<meta property=\"article:modified_time\" content=\"2022-05-12T15:21:44+00:00\" \/>\n<meta name=\"twitter:card\" content=\"summary_large_image\" \/>\n<meta name=\"twitter:label1\" content=\"Est. reading time\" \/>\n\t<meta name=\"twitter:data1\" content=\"7 minutes\" \/>\n<script type=\"application\/ld+json\" class=\"yoast-schema-graph\">{\"@context\":\"https:\\\/\\\/schema.org\",\"@graph\":[{\"@type\":\"WebPage\",\"@id\":\"https:\\\/\\\/www.firestorm.ch\\\/fr\\\/a-propos-de-nous\\\/\",\"url\":\"https:\\\/\\\/www.firestorm.ch\\\/fr\\\/a-propos-de-nous\\\/\",\"name\":\"A propos de nous - FireStorm ISP\",\"isPartOf\":{\"@id\":\"https:\\\/\\\/www.firestorm.ch\\\/#website\"},\"datePublished\":\"2018-01-05T15:59:34+00:00\",\"dateModified\":\"2022-05-12T15:21:44+00:00\",\"description\":\"Qu'est-ce qui nous distingue ? Une utilisation simple, la plus haute qualit\u00e9 et des prix imbattables. pour que vous soyez enti\u00e8rement satisfait.\",\"breadcrumb\":{\"@id\":\"https:\\\/\\\/www.firestorm.ch\\\/fr\\\/a-propos-de-nous\\\/#breadcrumb\"},\"inLanguage\":\"fr-CH\",\"potentialAction\":[{\"@type\":\"ReadAction\",\"target\":[\"https:\\\/\\\/www.firestorm.ch\\\/fr\\\/a-propos-de-nous\\\/\"]}]},{\"@type\":\"BreadcrumbList\",\"@id\":\"https:\\\/\\\/www.firestorm.ch\\\/fr\\\/a-propos-de-nous\\\/#breadcrumb\",\"itemListElement\":[{\"@type\":\"ListItem\",\"position\":1,\"name\":\"Startseite\",\"item\":\"https:\\\/\\\/www.firestorm.ch\\\/fr\\\/\"},{\"@type\":\"ListItem\",\"position\":2,\"name\":\"A propos de nous\"}]},{\"@type\":\"WebSite\",\"@id\":\"https:\\\/\\\/www.firestorm.ch\\\/#website\",\"url\":\"https:\\\/\\\/www.firestorm.ch\\\/\",\"name\":\"FireStorm\",\"description\":\"Webhosting, Domainnamen, Server, Mailserver und Hosting mit Homepagebaukasten und Free SSL Zertifikat\",\"publisher\":{\"@id\":\"https:\\\/\\\/www.firestorm.ch\\\/#organization\"},\"potentialAction\":[{\"@type\":\"SearchAction\",\"target\":{\"@type\":\"EntryPoint\",\"urlTemplate\":\"https:\\\/\\\/www.firestorm.ch\\\/?s={search_term_string}\"},\"query-input\":{\"@type\":\"PropertyValueSpecification\",\"valueRequired\":true,\"valueName\":\"search_term_string\"}}],\"inLanguage\":\"fr-CH\"},{\"@type\":\"Organization\",\"@id\":\"https:\\\/\\\/www.firestorm.ch\\\/#organization\",\"name\":\"FireStorm\",\"url\":\"https:\\\/\\\/www.firestorm.ch\\\/\",\"logo\":{\"@type\":\"ImageObject\",\"inLanguage\":\"fr-CH\",\"@id\":\"https:\\\/\\\/www.firestorm.ch\\\/#\\\/schema\\\/logo\\\/image\\\/\",\"url\":\"https:\\\/\\\/www.firestorm.ch\\\/wp-content\\\/uploads\\\/2026\\\/03\\\/FireStormLogo.png\",\"contentUrl\":\"https:\\\/\\\/www.firestorm.ch\\\/wp-content\\\/uploads\\\/2026\\\/03\\\/FireStormLogo.png\",\"width\":589,\"height\":60,\"caption\":\"FireStorm\"},\"image\":{\"@id\":\"https:\\\/\\\/www.firestorm.ch\\\/#\\\/schema\\\/logo\\\/image\\\/\"},\"sameAs\":[\"https:\\\/\\\/www.facebook.com\\\/firestorm.ch\\\/\"]}]}<\/script>\n<!-- \/ Yoast SEO Premium plugin. -->","yoast_head_json":{"title":"A propos de nous - FireStorm ISP","description":"Qu'est-ce qui nous distingue ? Une utilisation simple, la plus haute qualit\u00e9 et des prix imbattables. pour que vous soyez enti\u00e8rement satisfait.","robots":{"index":"index","follow":"follow","max-snippet":"max-snippet:-1","max-image-preview":"max-image-preview:large","max-video-preview":"max-video-preview:-1"},"canonical":"https:\/\/www.firestorm.ch\/fr\/a-propos-de-nous\/","og_locale":"fr_FR","og_type":"article","og_title":"A propos de nous","og_description":"Qu'est-ce qui nous distingue ? Une utilisation simple, la plus haute qualit\u00e9 et des prix imbattables. pour que vous soyez enti\u00e8rement satisfait.","og_url":"https:\/\/www.firestorm.ch\/fr\/a-propos-de-nous\/","og_site_name":"FireStorm ISP","article_publisher":"https:\/\/www.facebook.com\/firestorm.ch\/","article_modified_time":"2022-05-12T15:21:44+00:00","twitter_card":"summary_large_image","twitter_misc":{"Est. reading time":"7 minutes"},"schema":{"@context":"https:\/\/schema.org","@graph":[{"@type":"WebPage","@id":"https:\/\/www.firestorm.ch\/fr\/a-propos-de-nous\/","url":"https:\/\/www.firestorm.ch\/fr\/a-propos-de-nous\/","name":"A propos de nous - FireStorm ISP","isPartOf":{"@id":"https:\/\/www.firestorm.ch\/#website"},"datePublished":"2018-01-05T15:59:34+00:00","dateModified":"2022-05-12T15:21:44+00:00","description":"Qu'est-ce qui nous distingue ? Une utilisation simple, la plus haute qualit\u00e9 et des prix imbattables. pour que vous soyez enti\u00e8rement satisfait.","breadcrumb":{"@id":"https:\/\/www.firestorm.ch\/fr\/a-propos-de-nous\/#breadcrumb"},"inLanguage":"fr-CH","potentialAction":[{"@type":"ReadAction","target":["https:\/\/www.firestorm.ch\/fr\/a-propos-de-nous\/"]}]},{"@type":"BreadcrumbList","@id":"https:\/\/www.firestorm.ch\/fr\/a-propos-de-nous\/#breadcrumb","itemListElement":[{"@type":"ListItem","position":1,"name":"Startseite","item":"https:\/\/www.firestorm.ch\/fr\/"},{"@type":"ListItem","position":2,"name":"A propos de nous"}]},{"@type":"WebSite","@id":"https:\/\/www.firestorm.ch\/#website","url":"https:\/\/www.firestorm.ch\/","name":"FireStorm","description":"Webhosting, Domainnamen, Server, Mailserver und Hosting mit Homepagebaukasten und Free SSL Zertifikat","publisher":{"@id":"https:\/\/www.firestorm.ch\/#organization"},"potentialAction":[{"@type":"SearchAction","target":{"@type":"EntryPoint","urlTemplate":"https:\/\/www.firestorm.ch\/?s={search_term_string}"},"query-input":{"@type":"PropertyValueSpecification","valueRequired":true,"valueName":"search_term_string"}}],"inLanguage":"fr-CH"},{"@type":"Organization","@id":"https:\/\/www.firestorm.ch\/#organization","name":"FireStorm","url":"https:\/\/www.firestorm.ch\/","logo":{"@type":"ImageObject","inLanguage":"fr-CH","@id":"https:\/\/www.firestorm.ch\/#\/schema\/logo\/image\/","url":"https:\/\/www.firestorm.ch\/wp-content\/uploads\/2026\/03\/FireStormLogo.png","contentUrl":"https:\/\/www.firestorm.ch\/wp-content\/uploads\/2026\/03\/FireStormLogo.png","width":589,"height":60,"caption":"FireStorm"},"image":{"@id":"https:\/\/www.firestorm.ch\/#\/schema\/logo\/image\/"},"sameAs":["https:\/\/www.facebook.com\/firestorm.ch\/"]}]}},"rttpg_featured_image_url":null,"rttpg_author":{"display_name":"FireStorm","author_link":"https:\/\/www.firestorm.ch\/fr\/news\/author\/webkoenig\/"},"rttpg_comment":0,"rttpg_category":" <a href=\"https:\/\/www.firestorm.ch\/fr\/?taxonomy=translation_priority&#038;term=facultatif\" rel=\"tag\">Facultatif<\/a>","rttpg_excerpt":"[vc_row full_width=&#8221;stretch_row_content_no_spaces&#8221; content_placement=&#8221;middle&#8221; wk_overlay=&#8221;true&#8221; css=&#8221;.vc_custom_1652368902449{background-image: url(https:\/\/www.firestorm.ch\/wp-content\/uploads\/2022\/05\/teamwork-g81a4ed3d2_1920-2.jpg?id=24624) !important;background-position: center !important;background-repeat: no-repeat !important;background-size: cover !important;}&#8221; el_class=&#8221;wk-header&#8221;][vc_column][\/vc_column][\/vc_row][vc_row full_width=&#8221;stretch_row&#8221; el_class=&#8221;wk-row-grey&#8221; css=&#8221;.vc_custom_1519203772701{background-color: #eeeeee !important;}&#8221;][vc_column][vc_row_inner css=&#8221;.vc_custom_1515147827020{background-color: #eeeeee !important;}&#8221;][vc_column_inner width=&#8221;1\/6&#8243;][\/vc_column_inner][vc_column_inner width=&#8221;2\/3&#8243;][vc_column_text el_class=&#8221;wk-large-font&#8221;] Votre \u00e9quipe A propos de nous Nous aimons beaucoup l&#8217;Internet. Et nous voulons que vous l&#8217;aimiez aussi. Depuis 2002, nous proposons \u00e0 nos clients une solution compl\u00e8te et autonome pour&hellip;","_links":{"self":[{"href":"https:\/\/www.firestorm.ch\/fr\/wp-json\/wp\/v2\/pages\/5872","targetHints":{"allow":["GET"]}}],"collection":[{"href":"https:\/\/www.firestorm.ch\/fr\/wp-json\/wp\/v2\/pages"}],"about":[{"href":"https:\/\/www.firestorm.ch\/fr\/wp-json\/wp\/v2\/types\/page"}],"author":[{"embeddable":true,"href":"https:\/\/www.firestorm.ch\/fr\/wp-json\/wp\/v2\/users\/1"}],"replies":[{"embeddable":true,"href":"https:\/\/www.firestorm.ch\/fr\/wp-json\/wp\/v2\/comments?post=5872"}],"version-history":[{"count":0,"href":"https:\/\/www.firestorm.ch\/fr\/wp-json\/wp\/v2\/pages\/5872\/revisions"}],"wp:attachment":[{"href":"https:\/\/www.firestorm.ch\/fr\/wp-json\/wp\/v2\/media?parent=5872"}],"curies":[{"name":"wp","href":"https:\/\/api.w.org\/{rel}","templated":true}]}}