{"id":5855,"date":"2017-04-18T09:12:15","date_gmt":"2017-04-18T09:12:15","guid":{"rendered":"https:\/\/dev.firestorm.ch\/support\/faq\/"},"modified":"2022-04-27T22:50:07","modified_gmt":"2022-04-27T22:50:07","slug":"faq","status":"publish","type":"page","link":"https:\/\/www.firestorm.ch\/fr\/support\/faq\/","title":{"rendered":"FAQ"},"content":{"rendered":"<p>[vc_row full_width=&#8221;stretch_row&#8221; el_class=&#8221;wk-row&#8221; css=&#8221;.vc_custom_1516876055461{background-color: #eeeeee !important;}&#8221;][vc_column][vc_column_text]<\/p>\n<h1>Administration<\/h1>\n<p>[\/vc_column_text][vc_toggle title=&#8221;Comment puis-je demander un nouveau mot de passe ?&#8221;]Pour recevoir un nouveau mot de passe, rendez-vous sur le site web de l&#8217;administration (https:\/\/sr**.firestorm.ch) et cliquez sur &#8216;Mot de passe oubli\u00e9&#8217;. Puis entrez votre adresse e-mail et votre num\u00e9ro client sous le nom d&#8217;utilisateur. Vous recevrez sous peu le nouveau mot de passe par e-mail.[\/vc_toggle][vc_toggle title=&#8221;Quand les produits seront-ils bloqu\u00e9s ?&#8221;]Les produits seront bloqu\u00e9s d\u00e8s que vous recevrez le 3\u00e8me rappel.[\/vc_toggle][vc_toggle title=&#8221;O\u00f9 puis-je trouver les manuels ?&#8221;]Vous trouverez les manuels dans l&#8217;administration Web, \u00e0 droite, sous la rubrique &#8216;Manuels&#8217;.[\/vc_toggle][vc_toggle title=&#8221;O\u00f9 puis-je modifier mes donn\u00e9es d&#8217;adresse ?&#8221;]Vous pouvez modifier les donn\u00e9es d&#8217;adresse dans la gestion Web, sous &#8216;Donn\u00e9es de base&#8217;.[\/vc_toggle][vc_toggle title=&#8221;O\u00f9 puis-je g\u00e9rer le domaine ?&#8221;]Vous pouvez g\u00e9rer le domaine dans l&#8217;administration Web en vous connectant et en cliquant sur &#8216;G\u00e9rer les domaines&#8217;.[\/vc_toggle][vc_toggle title=&#8221;Comment et o\u00f9 puis-je annuler mon abonnement?&#8221;]<strong>Quand?<\/strong> Nos produits doivent \u00eatre annul\u00e9s 30 jours avant la prochaine facture.<br \/>\n<strong>Comment?<\/strong> Vous pouvez r\u00e9silier votre abonnement via l&#8217;interface d&#8217;administration web. Connectez-vous \u00e0 l&#8217;administration Web et cliquez sur &#8216;G\u00e9rer les domaines&#8217; -&gt; &#8216;sur la loupe&#8217; -&gt; &#8216;Supprimer \/ Transf\u00e9rer le domaine&#8217;. Le d\u00e9tenteur du domaine recevra alors un lien par courriel pour confirmer l&#8217;annulation. Le formulaire d&#8217;annulation pour l&#8217;h\u00e9bergement se trouve dans l&#8217;administration web sous &#8216;G\u00e9rer l&#8217;h\u00e9bergement&#8217; -&gt; &#8216;X rouge&#8217;.[\/vc_toggle][vc_toggle title=&#8221;Comment puis-je modifier mes donn\u00e9es d&#8217;adresse ?&#8221;]Vous pouvez facilement modifier les donn\u00e9es d&#8217;adresse dans la gestion Web sous &#8216;Donn\u00e9es de base&#8217;.[\/vc_toggle][vc_empty_space][vc_column_text]<\/p>\n<h3 style=\"text-align: center;\">Vous trouverez d&#8217;autres informations utiles dans notre base de connaissances.<\/h3>\n<p>&nbsp;<\/p>\n<p style=\"text-align: center;\"><a class=\"maxbutton-5 maxbutton maxbutton-domain-bestellen\" target=\"_blank\" title=\"base de connaissances\" rel=\"noopener\" href=\"https:\/\/www.firestorm.ch\/fr\/kb\/\"><span class='mb-text'>Base de Connaissances<\/span><\/a><\/p>\n<p>[\/vc_column_text][\/vc_column][\/vc_row][vc_row full_width=&#8221;stretch_row&#8221; el_class=&#8221;wk-row&#8221;][vc_column][vc_column_text]<\/p>\n<h1>Technique<\/h1>\n<p>[\/vc_column_text][vc_toggle title=&#8221;Quels ports dois-je utiliser lors de la configuration de mon compte de messagerie ?&#8221;]Nous vous recommandons d&#8217;utiliser les ports suivants pour configurer votre compte de messagerie :<br \/>\n<strong>POP avec SSL:<\/strong> 995<br \/>\n<strong>IMAP avec SSL:<\/strong> 993<br \/>\n<strong>SMTP avec SSL<\/strong>: 465<br \/>\nToutes les instructions de messagerie peuvent \u00e9galement \u00eatre trouv\u00e9es sur l&#8217;administration Web, sous la rubrique &#8216;Manuels&#8217;.[\/vc_toggle][vc_toggle title=&#8221;O\u00f9 puis-je faire des ajustements \u00e0 mon domaine ?&#8221;]Dans notre administration web, vous pouvez faire de nouvelles entr\u00e9es DNS ou changer des serveurs de noms. Ces fonctions se trouvent sous &#8216;G\u00e9rer les domaines&#8217; -&gt; S\u00e9lectionner un domaine.[\/vc_toggle][vc_toggle title=&#8221;Que faire si j&#8217;ai oubli\u00e9 mes donn\u00e9es d&#8217;acc\u00e8s ?&#8221;]Essayez de r\u00e9cup\u00e9rer vos donn\u00e9es d&#8217;acc\u00e8s. Pour ce faire, cliquez sur la page d&#8217;ouverture de session &#8221; Mot de passe oubli\u00e9 ? &#8220;. Il vous sera alors demand\u00e9 votre adresse e-mail et votre nom d&#8217;utilisateur. D\u00e8s que ces donn\u00e9es ont \u00e9t\u00e9 saisies correctement, vous recevrez un e-mail pour r\u00e9initialiser votre mot de passe. Si ce processus n&#8217;est pas possible, vous pouvez nous \u00e9crire un e-mail et nous vous enverrons de nouvelles donn\u00e9es d&#8217;acc\u00e8s \u00e0 l&#8217;adresse e-mail stock\u00e9e chez nous.[\/vc_toggle][vc_toggle title=&#8221;Comment puis-je installer le certificat SSL gratuit ?&#8221;]Connectez-vous \u00e0 l&#8217;interface d&#8217;administration et cliquez sur &#8220;Sites Web &amp; Domaines&#8221; sur le c\u00f4t\u00e9 gauche. Cliquez ensuite sur &#8220;Crypter&#8221; sous votre domaine. Sur la page suivante, cochez la case &#8216;Ajouter www.musterdomain.ch comme nom de domaine alternatif&#8217;. Apr\u00e8s avoir install\u00e9 le certificat, vous pouvez activer le transfert permanent de HTTP vers HTTPS dans les param\u00e8tres d&#8217;h\u00e9bergement, si vous le souhaitez.[\/vc_toggle][vc_toggle title=&#8221;Comment puis-je activer un certificat SSL lors du transfert ?&#8221;]Assurez-vous d&#8217;abord que le certificat est d\u00e9j\u00e0 activ\u00e9 pour le domaine (si ce n&#8217;est pas le cas, suivez le guide de la FAQ &#8220;Comment installer le certificat SSL gratuit ?&#8221;). Cr\u00e9ez ensuite un dossier s\u00e9par\u00e9 &#8220;redirection&#8221; avec le FileManager, et cr\u00e9ez le fichier &#8216;.htaccess&#8217; dans le nouveau dossier. Remplissez-le avec le contenu suivant : ErrorDocument 404 https:\/\/www.zieldomain.tld\/ https:\/\/www.zieldomain.tld\/<br \/>\nEnsuite, vous n&#8217;avez plus qu&#8217;\u00e0 rediriger le &#8216;document master&#8217; vers le nouveau r\u00e9pertoire &#8220;redirect&#8221;, dans les param\u00e8tres d&#8217;h\u00e9bergement du site web.[\/vc_toggle][vc_empty_space][vc_column_text]<\/p>\n<h3 style=\"text-align: center;\">Vous trouverez d&#8217;autres informations utiles dans notre base de connaissances.<\/h3>\n<p>&nbsp;<\/p>\n<p style=\"text-align: center;\"><a class=\"maxbutton-5 maxbutton maxbutton-domain-bestellen\" target=\"_blank\" title=\"base de connaissances\" rel=\"noopener\" href=\"https:\/\/www.firestorm.ch\/fr\/kb\/\"><span class='mb-text'>Base de Connaissances<\/span><\/a><\/p>\n<p>[\/vc_column_text][\/vc_column][\/vc_row]<\/p>\n","protected":false},"excerpt":{"rendered":"<p>[vc_row full_width=&#8221;stretch_row&#8221; el_class=&#8221;wk-row&#8221; css=&#8221;.vc_custom_1516876055461{background-color: #eeeeee !important;}&#8221;][vc_column][vc_column_text] Administration [\/vc_column_text][vc_toggle title=&#8221;Comment puis-je demander un nouveau mot de passe ?&#8221;]Pour recevoir un nouveau mot de passe, rendez-vous sur le site web de l&#8217;administration (https:\/\/sr**.firestorm.ch) et cliquez sur &#8216;Mot de passe oubli\u00e9&#8217;. Puis entrez votre adresse e-mail et votre num\u00e9ro client sous le nom d&#8217;utilisateur. Vous recevrez sous peu [&hellip;]<\/p>\n","protected":false},"author":1,"featured_media":0,"parent":5847,"menu_order":0,"comment_status":"closed","ping_status":"closed","template":"","meta":{"_relevanssi_hide_post":"","_relevanssi_pin_for_all":"","_relevanssi_pin_keywords":"","_relevanssi_unpin_keywords":"","_relevanssi_related_keywords":"","_relevanssi_related_include_ids":"","_relevanssi_related_exclude_ids":"","_relevanssi_related_no_append":"","_relevanssi_related_not_related":"","_relevanssi_related_posts":"","_relevanssi_noindex_reason":"","footnotes":""},"class_list":["post-5855","page","type-page","status-publish","hentry"],"yoast_head":"<!-- This site is optimized with the Yoast SEO Premium plugin v27.1 (Yoast SEO v27.5) - https:\/\/yoast.com\/product\/yoast-seo-premium-wordpress\/ -->\n<title>FAQ - FireStorm ISP<\/title>\n<meta name=\"description\" content=\"Vous trouverez ici nos questions les plus fr\u00e9quemment pos\u00e9es ainsi que les r\u00e9ponses \u00e0 vos questions. Vous trouverez d&#039;autres r\u00e9ponses dans notre base de donn\u00e9es de connaissances.\" \/>\n<meta name=\"robots\" content=\"index, follow, max-snippet:-1, max-image-preview:large, max-video-preview:-1\" \/>\n<link rel=\"canonical\" href=\"https:\/\/www.firestorm.ch\/fr\/support\/faq\/\" \/>\n<meta property=\"og:locale\" content=\"fr_FR\" \/>\n<meta property=\"og:type\" content=\"article\" \/>\n<meta property=\"og:title\" content=\"FAQ\" \/>\n<meta property=\"og:description\" content=\"Vous trouverez ici nos questions les plus fr\u00e9quemment pos\u00e9es ainsi que les r\u00e9ponses \u00e0 vos questions. Vous trouverez d&#039;autres r\u00e9ponses dans notre base de donn\u00e9es de connaissances.\" \/>\n<meta property=\"og:url\" content=\"https:\/\/www.firestorm.ch\/fr\/support\/faq\/\" \/>\n<meta property=\"og:site_name\" content=\"FireStorm ISP\" \/>\n<meta property=\"article:publisher\" content=\"https:\/\/www.facebook.com\/firestorm.ch\/\" \/>\n<meta property=\"article:modified_time\" content=\"2022-04-27T22:50:07+00:00\" \/>\n<meta name=\"twitter:card\" content=\"summary_large_image\" \/>\n<meta name=\"twitter:label1\" content=\"Est. reading time\" \/>\n\t<meta name=\"twitter:data1\" content=\"4 minutes\" \/>\n<script type=\"application\/ld+json\" class=\"yoast-schema-graph\">{\"@context\":\"https:\\\/\\\/schema.org\",\"@graph\":[{\"@type\":\"WebPage\",\"@id\":\"https:\\\/\\\/www.firestorm.ch\\\/fr\\\/support\\\/faq\\\/\",\"url\":\"https:\\\/\\\/www.firestorm.ch\\\/fr\\\/support\\\/faq\\\/\",\"name\":\"FAQ - FireStorm ISP\",\"isPartOf\":{\"@id\":\"https:\\\/\\\/www.firestorm.ch\\\/#website\"},\"datePublished\":\"2017-04-18T09:12:15+00:00\",\"dateModified\":\"2022-04-27T22:50:07+00:00\",\"description\":\"Vous trouverez ici nos questions les plus fr\u00e9quemment pos\u00e9es ainsi que les r\u00e9ponses \u00e0 vos questions. Vous trouverez d'autres r\u00e9ponses dans notre base de donn\u00e9es de connaissances.\",\"breadcrumb\":{\"@id\":\"https:\\\/\\\/www.firestorm.ch\\\/fr\\\/support\\\/faq\\\/#breadcrumb\"},\"inLanguage\":\"fr-CH\",\"potentialAction\":[{\"@type\":\"ReadAction\",\"target\":[\"https:\\\/\\\/www.firestorm.ch\\\/fr\\\/support\\\/faq\\\/\"]}]},{\"@type\":\"BreadcrumbList\",\"@id\":\"https:\\\/\\\/www.firestorm.ch\\\/fr\\\/support\\\/faq\\\/#breadcrumb\",\"itemListElement\":[{\"@type\":\"ListItem\",\"position\":1,\"name\":\"Startseite\",\"item\":\"https:\\\/\\\/www.firestorm.ch\\\/fr\\\/\"},{\"@type\":\"ListItem\",\"position\":2,\"name\":\"Support\",\"item\":\"https:\\\/\\\/www.firestorm.ch\\\/fr\\\/support\\\/\"},{\"@type\":\"ListItem\",\"position\":3,\"name\":\"FAQ\"}]},{\"@type\":\"WebSite\",\"@id\":\"https:\\\/\\\/www.firestorm.ch\\\/#website\",\"url\":\"https:\\\/\\\/www.firestorm.ch\\\/\",\"name\":\"FireStorm\",\"description\":\"Webhosting, Domainnamen, Server, Mailserver und Hosting mit Homepagebaukasten und Free SSL Zertifikat\",\"publisher\":{\"@id\":\"https:\\\/\\\/www.firestorm.ch\\\/#organization\"},\"potentialAction\":[{\"@type\":\"SearchAction\",\"target\":{\"@type\":\"EntryPoint\",\"urlTemplate\":\"https:\\\/\\\/www.firestorm.ch\\\/?s={search_term_string}\"},\"query-input\":{\"@type\":\"PropertyValueSpecification\",\"valueRequired\":true,\"valueName\":\"search_term_string\"}}],\"inLanguage\":\"fr-CH\"},{\"@type\":\"Organization\",\"@id\":\"https:\\\/\\\/www.firestorm.ch\\\/#organization\",\"name\":\"FireStorm\",\"url\":\"https:\\\/\\\/www.firestorm.ch\\\/\",\"logo\":{\"@type\":\"ImageObject\",\"inLanguage\":\"fr-CH\",\"@id\":\"https:\\\/\\\/www.firestorm.ch\\\/#\\\/schema\\\/logo\\\/image\\\/\",\"url\":\"https:\\\/\\\/www.firestorm.ch\\\/wp-content\\\/uploads\\\/2026\\\/03\\\/FireStormLogo.png\",\"contentUrl\":\"https:\\\/\\\/www.firestorm.ch\\\/wp-content\\\/uploads\\\/2026\\\/03\\\/FireStormLogo.png\",\"width\":589,\"height\":60,\"caption\":\"FireStorm\"},\"image\":{\"@id\":\"https:\\\/\\\/www.firestorm.ch\\\/#\\\/schema\\\/logo\\\/image\\\/\"},\"sameAs\":[\"https:\\\/\\\/www.facebook.com\\\/firestorm.ch\\\/\"]}]}<\/script>\n<!-- \/ Yoast SEO Premium plugin. -->","yoast_head_json":{"title":"FAQ - FireStorm ISP","description":"Vous trouverez ici nos questions les plus fr\u00e9quemment pos\u00e9es ainsi que les r\u00e9ponses \u00e0 vos questions. Vous trouverez d'autres r\u00e9ponses dans notre base de donn\u00e9es de connaissances.","robots":{"index":"index","follow":"follow","max-snippet":"max-snippet:-1","max-image-preview":"max-image-preview:large","max-video-preview":"max-video-preview:-1"},"canonical":"https:\/\/www.firestorm.ch\/fr\/support\/faq\/","og_locale":"fr_FR","og_type":"article","og_title":"FAQ","og_description":"Vous trouverez ici nos questions les plus fr\u00e9quemment pos\u00e9es ainsi que les r\u00e9ponses \u00e0 vos questions. Vous trouverez d'autres r\u00e9ponses dans notre base de donn\u00e9es de connaissances.","og_url":"https:\/\/www.firestorm.ch\/fr\/support\/faq\/","og_site_name":"FireStorm ISP","article_publisher":"https:\/\/www.facebook.com\/firestorm.ch\/","article_modified_time":"2022-04-27T22:50:07+00:00","twitter_card":"summary_large_image","twitter_misc":{"Est. reading time":"4 minutes"},"schema":{"@context":"https:\/\/schema.org","@graph":[{"@type":"WebPage","@id":"https:\/\/www.firestorm.ch\/fr\/support\/faq\/","url":"https:\/\/www.firestorm.ch\/fr\/support\/faq\/","name":"FAQ - FireStorm ISP","isPartOf":{"@id":"https:\/\/www.firestorm.ch\/#website"},"datePublished":"2017-04-18T09:12:15+00:00","dateModified":"2022-04-27T22:50:07+00:00","description":"Vous trouverez ici nos questions les plus fr\u00e9quemment pos\u00e9es ainsi que les r\u00e9ponses \u00e0 vos questions. Vous trouverez d'autres r\u00e9ponses dans notre base de donn\u00e9es de connaissances.","breadcrumb":{"@id":"https:\/\/www.firestorm.ch\/fr\/support\/faq\/#breadcrumb"},"inLanguage":"fr-CH","potentialAction":[{"@type":"ReadAction","target":["https:\/\/www.firestorm.ch\/fr\/support\/faq\/"]}]},{"@type":"BreadcrumbList","@id":"https:\/\/www.firestorm.ch\/fr\/support\/faq\/#breadcrumb","itemListElement":[{"@type":"ListItem","position":1,"name":"Startseite","item":"https:\/\/www.firestorm.ch\/fr\/"},{"@type":"ListItem","position":2,"name":"Support","item":"https:\/\/www.firestorm.ch\/fr\/support\/"},{"@type":"ListItem","position":3,"name":"FAQ"}]},{"@type":"WebSite","@id":"https:\/\/www.firestorm.ch\/#website","url":"https:\/\/www.firestorm.ch\/","name":"FireStorm","description":"Webhosting, Domainnamen, Server, Mailserver und Hosting mit Homepagebaukasten und Free SSL Zertifikat","publisher":{"@id":"https:\/\/www.firestorm.ch\/#organization"},"potentialAction":[{"@type":"SearchAction","target":{"@type":"EntryPoint","urlTemplate":"https:\/\/www.firestorm.ch\/?s={search_term_string}"},"query-input":{"@type":"PropertyValueSpecification","valueRequired":true,"valueName":"search_term_string"}}],"inLanguage":"fr-CH"},{"@type":"Organization","@id":"https:\/\/www.firestorm.ch\/#organization","name":"FireStorm","url":"https:\/\/www.firestorm.ch\/","logo":{"@type":"ImageObject","inLanguage":"fr-CH","@id":"https:\/\/www.firestorm.ch\/#\/schema\/logo\/image\/","url":"https:\/\/www.firestorm.ch\/wp-content\/uploads\/2026\/03\/FireStormLogo.png","contentUrl":"https:\/\/www.firestorm.ch\/wp-content\/uploads\/2026\/03\/FireStormLogo.png","width":589,"height":60,"caption":"FireStorm"},"image":{"@id":"https:\/\/www.firestorm.ch\/#\/schema\/logo\/image\/"},"sameAs":["https:\/\/www.facebook.com\/firestorm.ch\/"]}]}},"rttpg_featured_image_url":null,"rttpg_author":{"display_name":"FireStorm","author_link":"https:\/\/www.firestorm.ch\/fr\/news\/author\/webkoenig\/"},"rttpg_comment":0,"rttpg_category":" <a href=\"https:\/\/www.firestorm.ch\/fr\/?taxonomy=translation_priority&#038;term=facultatif\" rel=\"tag\">Facultatif<\/a>","rttpg_excerpt":"[vc_row full_width=&#8221;stretch_row&#8221; el_class=&#8221;wk-row&#8221; css=&#8221;.vc_custom_1516876055461{background-color: #eeeeee !important;}&#8221;][vc_column][vc_column_text] Administration [\/vc_column_text][vc_toggle title=&#8221;Comment puis-je demander un nouveau mot de passe ?&#8221;]Pour recevoir un nouveau mot de passe, rendez-vous sur le site web de l&#8217;administration (https:\/\/sr**.firestorm.ch) et cliquez sur &#8216;Mot de passe oubli\u00e9&#8217;. Puis entrez votre adresse e-mail et votre num\u00e9ro client sous le nom d&#8217;utilisateur. Vous recevrez sous peu&hellip;","_links":{"self":[{"href":"https:\/\/www.firestorm.ch\/fr\/wp-json\/wp\/v2\/pages\/5855","targetHints":{"allow":["GET"]}}],"collection":[{"href":"https:\/\/www.firestorm.ch\/fr\/wp-json\/wp\/v2\/pages"}],"about":[{"href":"https:\/\/www.firestorm.ch\/fr\/wp-json\/wp\/v2\/types\/page"}],"author":[{"embeddable":true,"href":"https:\/\/www.firestorm.ch\/fr\/wp-json\/wp\/v2\/users\/1"}],"replies":[{"embeddable":true,"href":"https:\/\/www.firestorm.ch\/fr\/wp-json\/wp\/v2\/comments?post=5855"}],"version-history":[{"count":0,"href":"https:\/\/www.firestorm.ch\/fr\/wp-json\/wp\/v2\/pages\/5855\/revisions"}],"up":[{"embeddable":true,"href":"https:\/\/www.firestorm.ch\/fr\/wp-json\/wp\/v2\/pages\/5847"}],"wp:attachment":[{"href":"https:\/\/www.firestorm.ch\/fr\/wp-json\/wp\/v2\/media?parent=5855"}],"curies":[{"name":"wp","href":"https:\/\/api.w.org\/{rel}","templated":true}]}}