{"id":5786,"date":"2018-01-05T13:43:31","date_gmt":"2018-01-05T13:43:31","guid":{"rendered":"https:\/\/dev.firestorm.ch\/kontakt\/"},"modified":"2024-04-15T10:46:34","modified_gmt":"2024-04-15T10:46:34","slug":"contact","status":"publish","type":"page","link":"https:\/\/www.firestorm.ch\/fr\/contact\/","title":{"rendered":"contact"},"content":{"rendered":"<p>[vc_row full_width=&#8221;stretch_row_content_no_spaces&#8221; content_placement=&#8221;middle&#8221; wk_overlay=&#8221;true&#8221; css=&#8221;.vc_custom_1520926629276{background-image: url(https:\/\/www.firestorm.ch\/wp-content\/uploads\/2018\/03\/20180312_112023.jpg?id=5149) !important;background-position: center !important;background-repeat: no-repeat !important;background-size: cover !important;}&#8221; el_class=&#8221;wk-header&#8221;][vc_column][vc_row_inner][vc_column_inner][vc_separator color=&#8221;custom&#8221; border_width=&#8221;7&#8243; el_width=&#8221;10&#8243; accent_color=&#8221;#197dc8&#8243;][vc_column_text el_class=&#8221;wk-header-text&#8221;]<\/p>\n<p style=\"text-align: center;\"><strong>Votre interlocuteur personnel<\/strong><\/p>\n<p style=\"text-align: center;\">Direct et simple<\/p>\n<p>[\/vc_column_text][\/vc_column_inner][\/vc_row_inner][\/vc_column][\/vc_row][vc_row full_width=&#8221;stretch_row&#8221; el_class=&#8221;wk-row-grey&#8221; css=&#8221;.vc_custom_1516377136701{background-color: #eeeeee !important;}&#8221;][vc_column 0=&#8221;&#8221;][vc_row_inner][vc_column_inner width=&#8221;1\/6&#8243;][\/vc_column_inner][vc_column_inner width=&#8221;2\/3&#8243;][vc_column_text el_class=&#8221;wk-large-font&#8221;]<\/p>\n<h4>Seulement les meilleurs des meilleurs<\/h4>\n<h1>Notre \u00e9quipe<\/h1>\n<p>[\/vc_column_text][vc_column_text el_class=&#8221;wk-large-font&#8221;]Si vous souhaitez savoir plus \u00e0 propos de nos services, commander un h\u00e9bergement ou poser des questions, n&#8217;h\u00e9sitez pas \u00e0 nous appeler, \u00e0 nous envoyer un e-mail ou \u00e0 passer \u00e0 notre bureau.[\/vc_column_text][\/vc_column_inner][vc_column_inner width=&#8221;1\/6&#8243;][\/vc_column_inner][\/vc_row_inner][\/vc_column][\/vc_row][vc_row full_width=&#8221;stretch_row&#8221; el_class=&#8221;wk-row&#8221;][vc_column width=&#8221;1\/2&#8243;][vc_row_inner][vc_column_inner][vc_column_text]<\/p>\n<h3>Adresse municipale<\/h3>\n<p>FireStorm GmbH<br \/>\nContact g\u00e9n\u00e9ral<br \/>\nKirchenrainstrasse 27<br \/>\n8632 Tann<\/p>\n<p><a href=\"mailto:info@firestorm.ch\">info@firestorm.ch<\/a><br \/>\n<a href=\"https:\/\/www.firestorm.ch\">https:\/\/www.firestorm.ch<\/a>[\/vc_column_text][\/vc_column_inner][\/vc_row_inner][vc_empty_space height=&#8221;50px&#8221;][vc_single_image image=&#8221;7625&#8243;][vc_column_text]<\/p>\n<h3>Christian Geissler<\/h3>\n<p>Comit\u00e9 de direction[\/vc_column_text][vc_empty_space height=&#8221;50px&#8221;][vc_column_text]<\/p>\n<h3>Possibilit\u00e9s de contact<\/h3>\n<p>[\/vc_column_text][vc_row_inner][vc_column_inner width=&#8221;1\/2&#8243;][vc_column_text]T\u00e9l\u00e9phone:<br \/>\nAllemagne:<\/p>\n<p>E-Mail:<\/p>\n<p>Num\u00e9ro d&#8217;identification fiscale:<\/p>\n<p><a href=\"https:\/\/www.firestorm.ch\/wp-content\/uploads\/2020\/08\/08_Allgemeine-Gesch%C3%A4ftsbedingungen-FireStorm-ISP-GmbH.pdf\" target=\"_blank\" rel=\"noopener noreferrer\">Conditions<\/a><br \/>\n<a href=\"https:\/\/www.firestorm.ch\/wp-content\/uploads\/2020\/09\/DSGVO-FRENCH.pdf\" target=\"_blank\" rel=\"noopener noreferrer\">DSGVO<\/a><br \/>\n<a href=\"https:\/\/www.firestorm.ch\/wp-content\/uploads\/2020\/09\/Anlage-2-FRENCH.pdf\" target=\"_blank\" rel=\"noopener noreferrer\">Annexe 2 (DSGVO)<\/a>[\/vc_column_text][\/vc_column_inner][vc_column_inner width=&#8221;1\/2&#8243;][vc_column_text]0844 300 200<br \/>\n+49 221 67 77 07 01<\/p>\n<p><a href=\"mailto:info@firestorm.ch\">info@firestorm.ch<\/a><\/p>\n<p>CHE-114.927.665 MWST[\/vc_column_text][vc_empty_space][\/vc_column_inner][\/vc_row_inner][vc_empty_space height=&#8221;50px&#8221;][vc_column_text]<\/p>\n<h3>Heures de fonctionnement<\/h3>\n<p><strong>Heures d&#8217;ouverture du bureau<\/strong><br \/>\nDu lundi au vendredi<br \/>\n08:00 hrs \u00e0 12:00 hrs et de 13:00 hrs \u00e0 17:00 hrs<\/p>\n<p>En dehors des heures de consultation, notre standard t\u00e9l\u00e9phonique r\u00e9pondra personnellement \u00e0 vos questions <strong>24 heures sur 24, 7 jours sur 7.<\/strong><\/p>\n<p>&nbsp;<\/p>\n<p><strong>S\u00e9jours<\/strong><\/p>\n<p><strong>Feiertage (ausgenommen St\u00f6rungsannahme)<\/strong><\/p>\n<table style=\"width: 92.0086%; height: 378px;\" width=\"600\">\n<tbody>\n<tr>\n<td style=\"width: 17.0257%;\" width=\"171\">01. Jan 24<\/td>\n<td style=\"width: 24.382%;\" width=\"134\">Neujahr<\/td>\n<td style=\"width: 25.0733%;\" width=\"295\">Geschlossen<\/td>\n<\/tr>\n<tr>\n<td style=\"width: 17.0257%;\" width=\"171\">29. M\u00e4rz 24<\/td>\n<td style=\"width: 24.382%;\" width=\"134\">Karfreitag<\/td>\n<td style=\"width: 25.0733%;\" width=\"295\">Geschlossen<\/td>\n<\/tr>\n<tr>\n<td style=\"width: 17.0257%;\" width=\"171\">01. Apr 24<\/td>\n<td style=\"width: 24.382%;\" width=\"134\">Ostermontag<\/td>\n<td style=\"width: 25.0733%;\" width=\"295\">Geschlossen<\/td>\n<\/tr>\n<tr>\n<td style=\"width: 17.0257%;\" width=\"171\">01. Mai 24<\/td>\n<td style=\"width: 24.382%;\" width=\"134\">Tag der Arbeit<\/td>\n<td style=\"width: 25.0733%;\" width=\"295\">Geschlossen<\/td>\n<\/tr>\n<tr>\n<td style=\"width: 17.0257%;\" width=\"171\">09. Mai 24<\/td>\n<td style=\"width: 24.382%;\" width=\"134\">Auffahrt<\/td>\n<td style=\"width: 25.0733%;\" width=\"295\">Geschlossen<\/td>\n<\/tr>\n<tr>\n<td style=\"width: 17.0257%;\" width=\"171\">20. Mai 24<\/td>\n<td style=\"width: 24.382%;\" width=\"134\">Pfingstmontag<\/td>\n<td style=\"width: 25.0733%;\" width=\"295\">Geschlossen<\/td>\n<\/tr>\n<tr>\n<td style=\"width: 17.0257%;\" width=\"171\">01. Aug 24<\/td>\n<td style=\"width: 24.382%;\" width=\"134\">Nationalfeiertag<\/td>\n<td style=\"width: 25.0733%;\" width=\"295\">Geschlossen<\/td>\n<\/tr>\n<tr>\n<td style=\"width: 17.0257%;\" width=\"171\">25. Dez 24<\/td>\n<td style=\"width: 24.382%;\" width=\"134\">Weihnachten<\/td>\n<td style=\"width: 25.0733%;\" width=\"295\">Geschlossen<\/td>\n<\/tr>\n<tr>\n<td style=\"width: 17.0257%;\" width=\"171\">26. Dez 24<\/td>\n<td style=\"width: 24.382%;\" width=\"134\">Stephanstag<\/td>\n<td style=\"width: 25.0733%;\" width=\"295\">Geschlossen<\/td>\n<\/tr>\n<\/tbody>\n<\/table>\n<p><strong>Standard<\/strong><br \/>\nDu lundi au dimanche 24 heures sur 24\u00a0et en\u00a0les jours f\u00e9ri\u00e9s<\/p>\n<p><strong>Service d&#8217;urgence<\/strong><br \/>\nDu lundi au dimanche 24 heures sur 24\u00a0et en\u00a0les jours f\u00e9ri\u00e9s[\/vc_column_text][vc_empty_space height=&#8221;50px&#8221;][\/vc_column][vc_column width=&#8221;1\/2&#8243;][vc_column_text]<\/p>\n<h3>Formulaire de Contact<\/h3>\n<p>[\/vc_column_text][vc_column_text]<\/p>\n<p style=\"text-align: left;\">Vous pouvez \u00e9galement nous laisser un message en utilisant le formulaire ci-dessous.<\/p>\n<p>[\/vc_column_text]<div class=\"wpforms-container wpforms-container-full wpforms-render-modern\" id=\"wpforms-26973\"><form id=\"wpforms-form-26973\" class=\"wpforms-validate wpforms-form\" data-formid=\"26973\" method=\"post\" enctype=\"multipart\/form-data\" action=\"\/fr\/wp-json\/wp\/v2\/pages\/5786\" data-token=\"f48fc4e374d9b9d0ce1eae33a67c3675\"><noscript class=\"wpforms-error-noscript\">Please enable JavaScript in your browser to complete this form.<\/noscript><div class=\"wpforms-hidden\" id=\"wpforms-error-noscript\">Please enable JavaScript in your browser to complete this form.<\/div><div class=\"wpforms-field-container\"><div id=\"wpforms-26973-field_1-container\" class=\"wpforms-field wpforms-field-text\" data-field-id=\"1\"><label class=\"wpforms-field-label\" for=\"wpforms-26973-field_1\">Dein Name <span class=\"wpforms-required-label\" aria-hidden=\"true\">*<\/span><\/label><input type=\"text\" id=\"wpforms-26973-field_1\" class=\"wpforms-field-medium wpforms-field-required\" name=\"wpforms[fields][1]\" aria-errormessage=\"wpforms-26973-field_1-error\" required><\/div><div id=\"wpforms-26973-field_2-container\" class=\"wpforms-field wpforms-field-email\" data-field-id=\"2\"><label class=\"wpforms-field-label\" for=\"wpforms-26973-field_2\">Deine E-Mail-Adresse <span class=\"wpforms-required-label\" aria-hidden=\"true\">*<\/span><\/label><input type=\"email\" id=\"wpforms-26973-field_2\" class=\"wpforms-field-medium wpforms-field-required\" name=\"wpforms[fields][2]\" spellcheck=\"false\" aria-errormessage=\"wpforms-26973-field_2-error\" required><\/div><div id=\"wpforms-26973-field_3-container\" class=\"wpforms-field wpforms-field-phone\" data-field-id=\"3\"><label class=\"wpforms-field-label\" for=\"wpforms-26973-field_3\">Deine Telefonnummer <span class=\"wpforms-required-label\" aria-hidden=\"true\">*<\/span><\/label><input type=\"tel\" id=\"wpforms-26973-field_3\" class=\"wpforms-field-medium wpforms-field-required\" data-rule-int-phone-field=\"true\" name=\"wpforms[fields][3]\" aria-errormessage=\"wpforms-26973-field_3-error\" required><\/div><div id=\"wpforms-26973-field_4-container\" class=\"wpforms-field wpforms-field-text\" data-field-id=\"4\"><label class=\"wpforms-field-label\" for=\"wpforms-26973-field_4\">Betreff<\/label><input type=\"text\" id=\"wpforms-26973-field_4\" class=\"wpforms-field-medium\" name=\"wpforms[fields][4]\" aria-errormessage=\"wpforms-26973-field_4-error\" ><\/div><div id=\"wpforms-26973-field_7-container\" class=\"wpforms-field wpforms-field-textarea\" data-field-id=\"7\"><label class=\"wpforms-field-label\" for=\"wpforms-26973-field_7\">Nachricht<\/label><textarea id=\"wpforms-26973-field_7\" class=\"wpforms-field-medium\" name=\"wpforms[fields][7]\" aria-errormessage=\"wpforms-26973-field_7-error\" ><\/textarea><\/div><div id=\"wpforms-26973-field_6-container\" class=\"wpforms-field wpforms-field-checkbox\" data-field-id=\"6\"><fieldset><legend class=\"wpforms-field-label\">Uhrzeiten f\u00fcr n\u00e4chsten Werktag: <span class=\"wpforms-required-label\" aria-hidden=\"true\">*<\/span><\/legend><ul id=\"wpforms-26973-field_6\" class=\"wpforms-field-required\"><li class=\"choice-0 depth-1\"><input type=\"checkbox\" id=\"wpforms-26973-field_6_0\" name=\"wpforms[fields][6][]\" value=\"08:00 - 11:00\" aria-errormessage=\"wpforms-26973-field_6_0-error\" required ><label class=\"wpforms-field-label-inline\" for=\"wpforms-26973-field_6_0\">08:00 - 11:00<\/label><\/li><li class=\"choice-1 depth-1\"><input type=\"checkbox\" id=\"wpforms-26973-field_6_1\" name=\"wpforms[fields][6][]\" value=\"11:00 - 14:00\" aria-errormessage=\"wpforms-26973-field_6_1-error\" required ><label class=\"wpforms-field-label-inline\" for=\"wpforms-26973-field_6_1\">11:00 - 14:00<\/label><\/li><li class=\"choice-2 depth-1\"><input type=\"checkbox\" id=\"wpforms-26973-field_6_2\" name=\"wpforms[fields][6][]\" value=\"14:00 - 18:00\" aria-errormessage=\"wpforms-26973-field_6_2-error\" required ><label class=\"wpforms-field-label-inline\" for=\"wpforms-26973-field_6_2\">14:00 - 18:00<\/label><\/li><li class=\"choice-3 depth-1\"><input type=\"checkbox\" id=\"wpforms-26973-field_6_3\" name=\"wpforms[fields][6][]\" value=\"18:00 - 21:00\" aria-errormessage=\"wpforms-26973-field_6_3-error\" required ><label class=\"wpforms-field-label-inline\" for=\"wpforms-26973-field_6_3\">18:00 - 21:00<\/label><\/li><\/ul><\/fieldset><\/div><\/div><!-- .wpforms-field-container --><div class=\"wpforms-recaptcha-container wpforms-is-recaptcha wpforms-is-recaptcha-type-v3\" ><input type=\"hidden\" name=\"wpforms[recaptcha]\" value=\"\"><\/div><div class=\"wpforms-submit-container\" ><input type=\"hidden\" name=\"wpforms[id]\" value=\"26973\"><input type=\"hidden\" name=\"wpforms[author]\" value=\"1\"><button type=\"submit\" name=\"wpforms[submit]\" id=\"wpforms-submit-26973\" class=\"wpforms-submit\" data-alt-text=\"Sende...\" data-submit-text=\"Senden\" aria-live=\"assertive\" value=\"wpforms-submit\">Senden<\/button><\/div><\/form><\/div>  <!-- .wpforms-container -->[vc_empty_space][\/vc_column][\/vc_row][vc_row full_width=&#8221;stretch_row_content_no_spaces&#8221; css=&#8221;.vc_custom_1516613363590{margin-bottom: -35px !important;}&#8221;][vc_column][vc_gmaps link=&#8221;#E-8_JTNDaWZyYW1lJTIwc3JjJTNEJTIyaHR0cHMlM0ElMkYlMkZ3d3cuZ29vZ2xlLmNvbSUyRm1hcHMlMkZlbWJlZCUzRnBiJTNEJTIxMW0xOCUyMTFtMTIlMjExbTMlMjExZDI3MDcuNzQ2Mjc5NTQyOTQ4NyUyMTJkOC44NDgzNTUwMTYwMDIwNTElMjEzZDQ3LjI2MDY2NDQxOTgwMzI4NCUyMTJtMyUyMTFmMCUyMTJmMCUyMTNmMCUyMTNtMiUyMTFpMTAyNCUyMTJpNzY4JTIxNGYxMy4xJTIxM20zJTIxMW0yJTIxMXMweDQ3OWFiNzgxYmY5MTAxYWQlMjUzQTB4NWNkOGI4MzUwZTFkNzA1NSUyMTJzS2lyY2hlbnJhaW5zdHJhc3NlJTJCMjclMjUyQyUyQjg2MzIlMkJUYW5uJTJCWkglMjE1ZTAlMjEzbTIlMjExc2RlJTIxMnNjaCUyMTR2MTUxNTE2NDQwNjMyNiUyMiUyMHdpZHRoJTNEJTIyNjAwJTIyJTIwaGVpZ2h0JTNEJTIyNDAwJTIyJTIwZnJhbWVib3JkZXIlM0QlMjIwJTIyJTIwc3R5bGUlM0QlMjJib3JkZXIlM0EwJTIyJTIwYWxsb3dmdWxsc2NyZWVuJTNFJTNDJTJGaWZyYW1lJTNF&#8221;][\/vc_column][\/vc_row]<\/p>\n","protected":false},"excerpt":{"rendered":"<p>[vc_row full_width=&#8221;stretch_row_content_no_spaces&#8221; content_placement=&#8221;middle&#8221; wk_overlay=&#8221;true&#8221; css=&#8221;.vc_custom_1520926629276{background-image: url(https:\/\/www.firestorm.ch\/wp-content\/uploads\/2018\/03\/20180312_112023.jpg?id=5149) !important;background-position: center !important;background-repeat: no-repeat !important;background-size: cover !important;}&#8221; el_class=&#8221;wk-header&#8221;][vc_column][vc_row_inner][vc_column_inner][vc_separator color=&#8221;custom&#8221; border_width=&#8221;7&#8243; el_width=&#8221;10&#8243; accent_color=&#8221;#197dc8&#8243;][vc_column_text el_class=&#8221;wk-header-text&#8221;] Votre interlocuteur personnel Direct et simple [\/vc_column_text][\/vc_column_inner][\/vc_row_inner][\/vc_column][\/vc_row][vc_row full_width=&#8221;stretch_row&#8221; el_class=&#8221;wk-row-grey&#8221; css=&#8221;.vc_custom_1516377136701{background-color: #eeeeee !important;}&#8221;][vc_column 0=&#8221;&#8221;][vc_row_inner][vc_column_inner width=&#8221;1\/6&#8243;][\/vc_column_inner][vc_column_inner width=&#8221;2\/3&#8243;][vc_column_text el_class=&#8221;wk-large-font&#8221;] Seulement les meilleurs des meilleurs Notre \u00e9quipe [\/vc_column_text][vc_column_text el_class=&#8221;wk-large-font&#8221;]Si vous souhaitez savoir plus \u00e0 propos de nos services, commander un [&hellip;]<\/p>\n","protected":false},"author":1,"featured_media":0,"parent":0,"menu_order":0,"comment_status":"closed","ping_status":"closed","template":"","meta":{"_relevanssi_hide_post":"","_relevanssi_pin_for_all":"","_relevanssi_pin_keywords":"","_relevanssi_unpin_keywords":"","_relevanssi_related_keywords":"","_relevanssi_related_include_ids":"","_relevanssi_related_exclude_ids":"","_relevanssi_related_no_append":"","_relevanssi_related_not_related":"","_relevanssi_related_posts":"","_relevanssi_noindex_reason":"","footnotes":""},"class_list":["post-5786","page","type-page","status-publish","hentry"],"yoast_head":"<!-- This site is optimized with the Yoast SEO Premium plugin v27.1 (Yoast SEO v27.5) - https:\/\/yoast.com\/product\/yoast-seo-premium-wordpress\/ -->\n<title>contact - FireStorm ISP<\/title>\n<meta name=\"description\" content=\"Contactez FireStorm ISP : t\u00e9l\u00e9phone, e-mail et support. Service client personnel depuis Zurich pour toutes vos questions.\" \/>\n<meta name=\"robots\" content=\"index, follow, max-snippet:-1, max-image-preview:large, max-video-preview:-1\" \/>\n<link rel=\"canonical\" href=\"https:\/\/www.firestorm.ch\/fr\/contact\/\" \/>\n<meta property=\"og:locale\" content=\"fr_FR\" \/>\n<meta property=\"og:type\" content=\"article\" \/>\n<meta property=\"og:title\" content=\"contact\" \/>\n<meta property=\"og:description\" content=\"Contactez FireStorm ISP : t\u00e9l\u00e9phone, e-mail et support. Service client personnel depuis Zurich pour toutes vos questions.\" \/>\n<meta property=\"og:url\" content=\"https:\/\/www.firestorm.ch\/fr\/contact\/\" \/>\n<meta property=\"og:site_name\" content=\"FireStorm ISP\" \/>\n<meta property=\"article:publisher\" content=\"https:\/\/www.facebook.com\/firestorm.ch\/\" \/>\n<meta property=\"article:modified_time\" content=\"2024-04-15T10:46:34+00:00\" \/>\n<meta name=\"twitter:card\" content=\"summary_large_image\" \/>\n<meta name=\"twitter:label1\" content=\"Est. reading time\" \/>\n\t<meta name=\"twitter:data1\" content=\"3 minutes\" \/>\n<script type=\"application\/ld+json\" class=\"yoast-schema-graph\">{\"@context\":\"https:\\\/\\\/schema.org\",\"@graph\":[{\"@type\":\"WebPage\",\"@id\":\"https:\\\/\\\/www.firestorm.ch\\\/fr\\\/contact\\\/\",\"url\":\"https:\\\/\\\/www.firestorm.ch\\\/fr\\\/contact\\\/\",\"name\":\"contact - FireStorm ISP\",\"isPartOf\":{\"@id\":\"https:\\\/\\\/www.firestorm.ch\\\/#website\"},\"datePublished\":\"2018-01-05T13:43:31+00:00\",\"dateModified\":\"2024-04-15T10:46:34+00:00\",\"description\":\"Contactez FireStorm ISP : t\u00e9l\u00e9phone, e-mail et support. Service client personnel depuis Zurich pour toutes vos questions.\",\"breadcrumb\":{\"@id\":\"https:\\\/\\\/www.firestorm.ch\\\/fr\\\/contact\\\/#breadcrumb\"},\"inLanguage\":\"fr-CH\",\"potentialAction\":[{\"@type\":\"ReadAction\",\"target\":[\"https:\\\/\\\/www.firestorm.ch\\\/fr\\\/contact\\\/\"]}]},{\"@type\":\"BreadcrumbList\",\"@id\":\"https:\\\/\\\/www.firestorm.ch\\\/fr\\\/contact\\\/#breadcrumb\",\"itemListElement\":[{\"@type\":\"ListItem\",\"position\":1,\"name\":\"Startseite\",\"item\":\"https:\\\/\\\/www.firestorm.ch\\\/fr\\\/\"},{\"@type\":\"ListItem\",\"position\":2,\"name\":\"contact\"}]},{\"@type\":\"WebSite\",\"@id\":\"https:\\\/\\\/www.firestorm.ch\\\/#website\",\"url\":\"https:\\\/\\\/www.firestorm.ch\\\/\",\"name\":\"FireStorm\",\"description\":\"Webhosting, Domainnamen, Server, Mailserver und Hosting mit Homepagebaukasten und Free SSL Zertifikat\",\"publisher\":{\"@id\":\"https:\\\/\\\/www.firestorm.ch\\\/#organization\"},\"potentialAction\":[{\"@type\":\"SearchAction\",\"target\":{\"@type\":\"EntryPoint\",\"urlTemplate\":\"https:\\\/\\\/www.firestorm.ch\\\/?s={search_term_string}\"},\"query-input\":{\"@type\":\"PropertyValueSpecification\",\"valueRequired\":true,\"valueName\":\"search_term_string\"}}],\"inLanguage\":\"fr-CH\"},{\"@type\":\"Organization\",\"@id\":\"https:\\\/\\\/www.firestorm.ch\\\/#organization\",\"name\":\"FireStorm\",\"url\":\"https:\\\/\\\/www.firestorm.ch\\\/\",\"logo\":{\"@type\":\"ImageObject\",\"inLanguage\":\"fr-CH\",\"@id\":\"https:\\\/\\\/www.firestorm.ch\\\/#\\\/schema\\\/logo\\\/image\\\/\",\"url\":\"https:\\\/\\\/www.firestorm.ch\\\/wp-content\\\/uploads\\\/2026\\\/03\\\/FireStormLogo.png\",\"contentUrl\":\"https:\\\/\\\/www.firestorm.ch\\\/wp-content\\\/uploads\\\/2026\\\/03\\\/FireStormLogo.png\",\"width\":589,\"height\":60,\"caption\":\"FireStorm\"},\"image\":{\"@id\":\"https:\\\/\\\/www.firestorm.ch\\\/#\\\/schema\\\/logo\\\/image\\\/\"},\"sameAs\":[\"https:\\\/\\\/www.facebook.com\\\/firestorm.ch\\\/\"]}]}<\/script>\n<!-- \/ Yoast SEO Premium plugin. -->","yoast_head_json":{"title":"contact - FireStorm ISP","description":"Contactez FireStorm ISP : t\u00e9l\u00e9phone, e-mail et support. Service client personnel depuis Zurich pour toutes vos questions.","robots":{"index":"index","follow":"follow","max-snippet":"max-snippet:-1","max-image-preview":"max-image-preview:large","max-video-preview":"max-video-preview:-1"},"canonical":"https:\/\/www.firestorm.ch\/fr\/contact\/","og_locale":"fr_FR","og_type":"article","og_title":"contact","og_description":"Contactez FireStorm ISP : t\u00e9l\u00e9phone, e-mail et support. Service client personnel depuis Zurich pour toutes vos questions.","og_url":"https:\/\/www.firestorm.ch\/fr\/contact\/","og_site_name":"FireStorm ISP","article_publisher":"https:\/\/www.facebook.com\/firestorm.ch\/","article_modified_time":"2024-04-15T10:46:34+00:00","twitter_card":"summary_large_image","twitter_misc":{"Est. reading time":"3 minutes"},"schema":{"@context":"https:\/\/schema.org","@graph":[{"@type":"WebPage","@id":"https:\/\/www.firestorm.ch\/fr\/contact\/","url":"https:\/\/www.firestorm.ch\/fr\/contact\/","name":"contact - FireStorm ISP","isPartOf":{"@id":"https:\/\/www.firestorm.ch\/#website"},"datePublished":"2018-01-05T13:43:31+00:00","dateModified":"2024-04-15T10:46:34+00:00","description":"Contactez FireStorm ISP : t\u00e9l\u00e9phone, e-mail et support. Service client personnel depuis Zurich pour toutes vos questions.","breadcrumb":{"@id":"https:\/\/www.firestorm.ch\/fr\/contact\/#breadcrumb"},"inLanguage":"fr-CH","potentialAction":[{"@type":"ReadAction","target":["https:\/\/www.firestorm.ch\/fr\/contact\/"]}]},{"@type":"BreadcrumbList","@id":"https:\/\/www.firestorm.ch\/fr\/contact\/#breadcrumb","itemListElement":[{"@type":"ListItem","position":1,"name":"Startseite","item":"https:\/\/www.firestorm.ch\/fr\/"},{"@type":"ListItem","position":2,"name":"contact"}]},{"@type":"WebSite","@id":"https:\/\/www.firestorm.ch\/#website","url":"https:\/\/www.firestorm.ch\/","name":"FireStorm","description":"Webhosting, Domainnamen, Server, Mailserver und Hosting mit Homepagebaukasten und Free SSL Zertifikat","publisher":{"@id":"https:\/\/www.firestorm.ch\/#organization"},"potentialAction":[{"@type":"SearchAction","target":{"@type":"EntryPoint","urlTemplate":"https:\/\/www.firestorm.ch\/?s={search_term_string}"},"query-input":{"@type":"PropertyValueSpecification","valueRequired":true,"valueName":"search_term_string"}}],"inLanguage":"fr-CH"},{"@type":"Organization","@id":"https:\/\/www.firestorm.ch\/#organization","name":"FireStorm","url":"https:\/\/www.firestorm.ch\/","logo":{"@type":"ImageObject","inLanguage":"fr-CH","@id":"https:\/\/www.firestorm.ch\/#\/schema\/logo\/image\/","url":"https:\/\/www.firestorm.ch\/wp-content\/uploads\/2026\/03\/FireStormLogo.png","contentUrl":"https:\/\/www.firestorm.ch\/wp-content\/uploads\/2026\/03\/FireStormLogo.png","width":589,"height":60,"caption":"FireStorm"},"image":{"@id":"https:\/\/www.firestorm.ch\/#\/schema\/logo\/image\/"},"sameAs":["https:\/\/www.facebook.com\/firestorm.ch\/"]}]}},"rttpg_featured_image_url":null,"rttpg_author":{"display_name":"FireStorm","author_link":"https:\/\/www.firestorm.ch\/fr\/news\/author\/webkoenig\/"},"rttpg_comment":0,"rttpg_category":" <a href=\"https:\/\/www.firestorm.ch\/fr\/?taxonomy=translation_priority&#038;term=facultatif\" rel=\"tag\">Facultatif<\/a>","rttpg_excerpt":"[vc_row full_width=&#8221;stretch_row_content_no_spaces&#8221; content_placement=&#8221;middle&#8221; wk_overlay=&#8221;true&#8221; css=&#8221;.vc_custom_1520926629276{background-image: url(https:\/\/www.firestorm.ch\/wp-content\/uploads\/2018\/03\/20180312_112023.jpg?id=5149) !important;background-position: center !important;background-repeat: no-repeat !important;background-size: cover !important;}&#8221; el_class=&#8221;wk-header&#8221;][vc_column][vc_row_inner][vc_column_inner][vc_separator color=&#8221;custom&#8221; border_width=&#8221;7&#8243; el_width=&#8221;10&#8243; accent_color=&#8221;#197dc8&#8243;][vc_column_text el_class=&#8221;wk-header-text&#8221;] Votre interlocuteur personnel Direct et simple [\/vc_column_text][\/vc_column_inner][\/vc_row_inner][\/vc_column][\/vc_row][vc_row full_width=&#8221;stretch_row&#8221; el_class=&#8221;wk-row-grey&#8221; css=&#8221;.vc_custom_1516377136701{background-color: #eeeeee !important;}&#8221;][vc_column 0=&#8221;&#8221;][vc_row_inner][vc_column_inner width=&#8221;1\/6&#8243;][\/vc_column_inner][vc_column_inner width=&#8221;2\/3&#8243;][vc_column_text el_class=&#8221;wk-large-font&#8221;] Seulement les meilleurs des meilleurs Notre \u00e9quipe [\/vc_column_text][vc_column_text el_class=&#8221;wk-large-font&#8221;]Si vous souhaitez savoir plus \u00e0 propos de nos services, commander un&hellip;","_links":{"self":[{"href":"https:\/\/www.firestorm.ch\/fr\/wp-json\/wp\/v2\/pages\/5786","targetHints":{"allow":["GET"]}}],"collection":[{"href":"https:\/\/www.firestorm.ch\/fr\/wp-json\/wp\/v2\/pages"}],"about":[{"href":"https:\/\/www.firestorm.ch\/fr\/wp-json\/wp\/v2\/types\/page"}],"author":[{"embeddable":true,"href":"https:\/\/www.firestorm.ch\/fr\/wp-json\/wp\/v2\/users\/1"}],"replies":[{"embeddable":true,"href":"https:\/\/www.firestorm.ch\/fr\/wp-json\/wp\/v2\/comments?post=5786"}],"version-history":[{"count":0,"href":"https:\/\/www.firestorm.ch\/fr\/wp-json\/wp\/v2\/pages\/5786\/revisions"}],"wp:attachment":[{"href":"https:\/\/www.firestorm.ch\/fr\/wp-json\/wp\/v2\/media?parent=5786"}],"curies":[{"name":"wp","href":"https:\/\/api.w.org\/{rel}","templated":true}]}}