{"id":5763,"date":"2018-01-05T10:40:23","date_gmt":"2018-01-05T10:40:23","guid":{"rendered":"https:\/\/dev.firestorm.ch\/offene-stellen\/"},"modified":"2025-05-05T07:50:56","modified_gmt":"2025-05-05T07:50:56","slug":"offres-demploi","status":"publish","type":"page","link":"https:\/\/www.firestorm.ch\/fr\/offres-demploi\/","title":{"rendered":"Offres d&#8217;emploi"},"content":{"rendered":"<p>[vc_row full_width=&#8221;stretch_row_content_no_spaces&#8221; content_placement=&#8221;middle&#8221; wk_overlay=&#8221;true&#8221; css=&#8221;.vc_custom_1603967835823{background-image: url(https:\/\/www.firestorm.ch\/wp-content\/uploads\/2018\/06\/TeamWork-gross-geschrieben.jpg?id=7510) !important;background-position: center !important;background-repeat: no-repeat !important;background-size: cover !important;}&#8221; el_class=&#8221;wk-header&#8221;][vc_column][vc_row_inner][vc_column_inner][vc_separator color=&#8221;custom&#8221; border_width=&#8221;7&#8243; el_width=&#8221;10&#8243; accent_color=&#8221;#197dc8&#8243;][vc_column_text el_class=&#8221;wk-header-text&#8221;]<\/p>\n<p style=\"text-align: center;\"><strong>Le travail en \u00e9quipe<\/strong><\/p>\n<p style=\"text-align: center;\">Est important pour nous<\/p>\n<p>[\/vc_column_text][\/vc_column_inner][\/vc_row_inner][\/vc_column][\/vc_row][vc_row full_width=&#8221;stretch_row&#8221; el_class=&#8221;rowToFix&#8221; css=&#8221;.vc_custom_1515586171403{border-bottom-width: 1px !important;padding-top: 20px !important;padding-bottom: 20px !important;border-bottom-color: #197dc8 !important;border-bottom-style: solid !important;}&#8221;][vc_column][vc_row_inner][vc_column_inner width=&#8221;1\/2&#8243;][vc_btn title=&#8221;FEMME \/ HOMME D&#8217;AFFAIRES EFZ&#8221; style=&#8221;custom&#8221; custom_background=&#8221;#197dc8&#8243; custom_text=&#8221;#ffffff&#8221; shape=&#8221;square&#8221; align=&#8221;center&#8221; button_block=&#8221;true&#8221; el_class=&#8221;navButtons&#8221; link=&#8221;url:%23kauf|||&#8221;][\/vc_column_inner][vc_column_inner width=&#8221;1\/2&#8243;][vc_btn title=&#8221;INFORMATICIEN EFZ&#8221; style=&#8221;custom&#8221; custom_background=&#8221;#197dc8&#8243; custom_text=&#8221;#ffffff&#8221; shape=&#8221;square&#8221; align=&#8221;center&#8221; button_block=&#8221;true&#8221; el_class=&#8221;navButtons&#8221; link=&#8221;url:%23informatik|||&#8221;][\/vc_column_inner][\/vc_row_inner][\/vc_column][\/vc_row][vc_row full_width=&#8221;stretch_row&#8221; el_class=&#8221;wk-row-grey&#8221;][vc_column 0=&#8221;&#8221;][vc_row_inner][vc_column_inner width=&#8221;1\/6&#8243;][\/vc_column_inner][vc_column_inner width=&#8221;2\/3&#8243;][vc_column_text el_class=&#8221;wk-large-font&#8221;]<\/p>\n<h4>Votre avenir avec FireStorm ?<\/h4>\n<h1>Les Offres d&#8217;Apprentissage \u00e0 partir de 2029<\/h1>\n<p>Aimeriez-vous vivre la p\u00e9riode la plus formatrice de votre carri\u00e8re professionnelle au sein d&#8217;une \u00e9quipe vivante et bien coordonn\u00e9e ? Est-ce que le feu FireStorm br\u00fble en vous aussi ? Alors postulez et faites-en partie ![\/vc_column_text][\/vc_column_inner][vc_column_inner width=&#8221;1\/6&#8243;][\/vc_column_inner][\/vc_row_inner][\/vc_column][\/vc_row][vc_row full_width=&#8221;stretch_row&#8221; el_class=&#8221;wk-row&#8221;][vc_column 0=&#8221;&#8221;][vc_row_inner][vc_column_inner width=&#8221;1\/2&#8243;][vc_column_text el_class=&#8221;wk-large-font&#8221;]<\/p>\n<h4>Les succ\u00e8s doivent \u00eatre c\u00e9l\u00e9br\u00e9s<\/h4>\n<h2>Certificat d&#8217;apprentissage<\/h2>\n<p>Nous f\u00e9licitons notre apprentie Gentiana pour la r\u00e9ussite de son examen de fin d&#8217;apprentissage 2022 d&#8217;employ\u00e9e de commerce CFC.<br \/>\nL&#8217;\u00e9quipe FireStorm te souhaite le meilleur pour l&#8217;avenir. Nous nous r\u00e9jouissons de continuer \u00e0 travailler avec toi.[\/vc_column_text][\/vc_column_inner][vc_column_inner width=&#8221;1\/2&#8243;][vc_single_image image=&#8221;24844&#8243; img_size=&#8221;large&#8221; alignment=&#8221;right&#8221;][\/vc_column_inner][\/vc_row_inner][\/vc_column][\/vc_row][vc_row full_width=&#8221;stretch_row&#8221; el_class=&#8221;wk-row-grey&#8221; el_id=&#8221;kauf&#8221;][vc_column 0=&#8221;&#8221;][vc_row_inner 0=&#8221;&#8221;][vc_column_inner][vc_column_text el_class=&#8221;wk-large-font&#8221;]<\/p>\n<h4>Soutenez notre Service d&#8217;Appui<\/h4>\n<h2>Femme \/ Homme d&#8217;affaires EFZ<\/h2>\n<p>[\/vc_column_text][\/vc_column_inner][\/vc_row_inner][vc_empty_space][vc_row_inner 0=&#8221;&#8221;][vc_column_inner width=&#8221;1\/2&#8243;][vc_single_image image=&#8221;5173&#8243; img_size=&#8221;full&#8221;][vc_empty_space][vc_column_text el_class=&#8221;wk-large-font&#8221;]<\/p>\n<h3>Profil\/Comp\u00e9tences Requises<\/h3>\n<ul>\n<li>Enseignement de base, \u00e9tudes primaires termin\u00e9es, Niveau interm\u00e9diaire<\/li>\n<li>Enseignement \u00e9l\u00e9mentaire de base, \u00c9cole \u00e9l\u00e9mentaire compl\u00e8te<\/li>\n<li>Enseignement de base \u00e9tendu, \u00c9cole primaire achev\u00e9e (Sek A)<\/li>\n<li>De bonnes performances scolaires<\/li>\n<li>S\u00e9rieux<\/li>\n<li>Volont\u00e9 d&#8217;apprendre ainsi que patience et endurance<\/li>\n<li>Capacit\u00e9 \u00e0 travailler en \u00e9quipe<\/li>\n<li>Volont\u00e9 de formation continue<\/li>\n<li>Capacit\u00e9s de communication<\/li>\n<li>Raisonnement logique et efficace<\/li>\n<\/ul>\n<p>[\/vc_column_text][\/vc_column_inner][vc_column_inner width=&#8221;1\/2&#8243;][vc_column_text]<\/p>\n<h3>Dur\u00e9e et type de formation<\/h3>\n<p>Nous proposons un apprentissage de 3 ans en tant que marchand de profil B, E ou M.<\/p>\n<p>Vous pouvez \u00e9galement effectuer un stage d&#8217;un an chez nous en tant qu&#8217;administrateur d&#8217;entreprise.[\/vc_column_text][vc_empty_space][vc_column_text]<\/p>\n<h3>Domaine d&#8217;activit\u00e9 et responsabilit\u00e9s<\/h3>\n<p>En tant que commer\u00e7ant, vous r\u00e9digez des lettres, des proc\u00e8s-verbaux et des contrats dans votre langue maternelle, l&#8217;allemand et dans des langues \u00e9trang\u00e8res. Vous cr\u00e9erez des rapports et conseillerez les clients. Mais ce n&#8217;est pas tout. La planification et l&#8217;organisation des r\u00e9unions est \u00e9galement l&#8217;une de vos t\u00e2ches. Bien s\u00fbr, vous vous occuperez \u00e9galement de la comptabilit\u00e9, de la compilation des statistiques, etc. Pour la plupart des travaux, vous utilisez l&#8217;ordinateur.<\/p>\n<p>Nous vous proposons un apprentissage vari\u00e9 et passionnant dans l&#8217;industrie des technologies de l&#8217;information et des services. Au cours de votre apprentissage, vous acquerrez non seulement des connaissances dans des domaines classiques, tels que l&#8217;administration, mais aussi de l&#8217;exp\u00e9rience dans les domaines de la comptabilit\u00e9, de la fiscalit\u00e9 et de l&#8217;informatique.[\/vc_column_text][\/vc_column_inner][\/vc_row_inner][vc_empty_space][\/vc_column][\/vc_row][vc_row full_width=&#8221;stretch_row&#8221; el_class=&#8221;wk-row&#8221; el_id=&#8221;informatik&#8221;][vc_column 0=&#8221;&#8221;][vc_row_inner 0=&#8221;&#8221;][vc_column_inner][vc_column_text el_class=&#8221;wk-large-font&#8221;]<\/p>\n<h4>Soutenez-nous au front<\/h4>\n<h2>Informaticien EFZ<\/h2>\n<p>[\/vc_column_text][\/vc_column_inner][\/vc_row_inner][vc_empty_space][vc_row_inner][vc_column_inner width=&#8221;1\/2&#8243;][vc_single_image image=&#8221;5184&#8243; img_size=&#8221;full&#8221;][vc_empty_space][vc_column_text]<\/p>\n<h3>Profil\/Comp\u00e9tences Requises<\/h3>\n<ul>\n<li>\u00c9tudes primaires termin\u00e9es (Sek A)<\/li>\n<li>\u00c9cole primaire termin\u00e9e (Sek A)<\/li>\n<li>De bonnes performances scolaires<\/li>\n<li>Int\u00e9ress\u00e9 par l&#8217;informatique<\/li>\n<li>Compr\u00e9hension technique<\/li>\n<li>S\u00e9rieux<\/li>\n<li>Volont\u00e9 d&#8217;apprendre, ainsi que patience et endurance<\/li>\n<li>Capacit\u00e9s \u00e0 travailler en \u00e9quipe<\/li>\n<li>Volont\u00e9 de formation continue<\/li>\n<li>Capacit\u00e9s de communication<\/li>\n<li>Raisonnement logique et efficace<\/li>\n<\/ul>\n<p>[\/vc_column_text][\/vc_column_inner][vc_column_inner width=&#8221;1\/2&#8243;][vc_column_text]<\/p>\n<h3>Dur\u00e9e et type de formation<\/h3>\n<p>Nous offrons un apprentissage de 4 ans comme informaticien (H\/F).<\/p>\n<p>Vous pouvez \u00e9galement effectuer un stage d&#8217;un an en tant qu&#8217;informaticien.[\/vc_column_text][vc_empty_space][vc_column_text]<\/p>\n<h3>Domaine d&#8217;activit\u00e9 et responsabilit\u00e9s<\/h3>\n<p>En tant qu&#8217;informaticien (H\/F), vous allez mettre en service de nouveaux appareils, v\u00e9rifier les versions des logiciels entrants et les mettre en service. Vous surveillerez les serveurs et les processus, assurerez le soutien \u00e0 la client\u00e8le et aux utilisateurs et la s\u00e9curit\u00e9 op\u00e9rationnelle. Pour ce faire, il faut aller au fond des probl\u00e8mes avec une sensibilit\u00e9 particuli\u00e8re et les r\u00e9soudre.<\/p>\n<p>Les objectifs de formation sont divis\u00e9s en six domaines de comp\u00e9tence d&#8217;action :<\/p>\n<ol>\n<li>Mise en service d&#8217;appareils TIC<\/li>\n<li>Mise en service des services et r\u00e9seaux de serveurs<\/li>\n<li>Assurer le fonctionnement des TIC<\/li>\n<li>Support aux utilisateurs<\/li>\n<li>D\u00e9veloppement d&#8217;applications en tenant compte des caract\u00e9ristiques de qualit\u00e9<\/li>\n<li>Travailler sur des projets<\/li>\n<\/ol>\n<p>[\/vc_column_text][\/vc_column_inner][\/vc_row_inner][\/vc_column][\/vc_row][vc_row full_width=&#8221;stretch_row&#8221; content_placement=&#8221;middle&#8221; iw_layout=&#8221;wide-bg&#8221; iw_parallax=&#8221;1&#8243; iw_parallax_overlay=&#8221;0&#8243; iw_parallax_speed=&#8221;0&#8243; css=&#8221;.vc_custom_1504694842404{background-image: url(https:\/\/www.firestorm.ch\/wp-content\/uploads\/2017\/04\/firestorm_sitedesigner_parallax.jpg?id=3630) !important;background-position: center !important;background-repeat: no-repeat !important;background-size: cover !important;}&#8221; el_class=&#8221;wk-parallax&#8221;][vc_column width=&#8221;1\/6&#8243;][\/vc_column][vc_column width=&#8221;2\/3&#8243;][vc_row_inner][vc_column_inner el_class=&#8221;wk-box&#8221;][vc_column_text el_class=&#8221;wk-large-font&#8221;]<\/p>\n<h3>Vous n&#8217;en \u00eates pas encore s\u00fbr ?<\/h3>\n<p>Alors, prenez une bouff\u00e9e d&#8217;air FireStorm et voyez par vous-m\u00eame.<br \/>\nVous pouvez faire une demande de stage d&#8217;apprentissage \u00e0 l&#8217;adresse lehrstelle@firestorm.ch<\/p>\n<p>Notre \u00e9quipe jeune et dynamique sera tr\u00e8s contente de vous rencontrer ![\/vc_column_text][vc_btn title=&#8221;Postulez maintenant&#8221; style=&#8221;custom&#8221; custom_background=&#8221;#197dc8&#8243; custom_text=&#8221;#ffffff&#8221; shape=&#8221;square&#8221; size=&#8221;lg&#8221; align=&#8221;center&#8221; button_block=&#8221;true&#8221; link=&#8221;url:mailto%3Alehrstelle%40firestorm.ch|title:lehrstelle%40firestorm.ch||&#8221; css=&#8221;.vc_custom_1522489545826{margin-top: 20px !important;}&#8221;][\/vc_column_inner][\/vc_row_inner][\/vc_column][vc_column width=&#8221;1\/6&#8243;][\/vc_column][\/vc_row]<\/p>\n","protected":false},"excerpt":{"rendered":"<p>[vc_row full_width=&#8221;stretch_row_content_no_spaces&#8221; content_placement=&#8221;middle&#8221; wk_overlay=&#8221;true&#8221; css=&#8221;.vc_custom_1603967835823{background-image: url(https:\/\/www.firestorm.ch\/wp-content\/uploads\/2018\/06\/TeamWork-gross-geschrieben.jpg?id=7510) !important;background-position: center !important;background-repeat: no-repeat !important;background-size: cover !important;}&#8221; el_class=&#8221;wk-header&#8221;][vc_column][vc_row_inner][vc_column_inner][vc_separator color=&#8221;custom&#8221; border_width=&#8221;7&#8243; el_width=&#8221;10&#8243; accent_color=&#8221;#197dc8&#8243;][vc_column_text el_class=&#8221;wk-header-text&#8221;] Le travail en \u00e9quipe Est important pour nous [\/vc_column_text][\/vc_column_inner][\/vc_row_inner][\/vc_column][\/vc_row][vc_row full_width=&#8221;stretch_row&#8221; el_class=&#8221;rowToFix&#8221; css=&#8221;.vc_custom_1515586171403{border-bottom-width: 1px !important;padding-top: 20px !important;padding-bottom: 20px !important;border-bottom-color: #197dc8 !important;border-bottom-style: solid !important;}&#8221;][vc_column][vc_row_inner][vc_column_inner width=&#8221;1\/2&#8243;][vc_btn title=&#8221;FEMME \/ HOMME D&#8217;AFFAIRES EFZ&#8221; style=&#8221;custom&#8221; custom_background=&#8221;#197dc8&#8243; custom_text=&#8221;#ffffff&#8221; shape=&#8221;square&#8221; align=&#8221;center&#8221; button_block=&#8221;true&#8221; el_class=&#8221;navButtons&#8221; link=&#8221;url:%23kauf|||&#8221;][\/vc_column_inner][vc_column_inner [&hellip;]<\/p>\n","protected":false},"author":1,"featured_media":0,"parent":0,"menu_order":0,"comment_status":"closed","ping_status":"closed","template":"","meta":{"_relevanssi_hide_post":"","_relevanssi_pin_for_all":"","_relevanssi_pin_keywords":"","_relevanssi_unpin_keywords":"","_relevanssi_related_keywords":"","_relevanssi_related_include_ids":"","_relevanssi_related_exclude_ids":"","_relevanssi_related_no_append":"","_relevanssi_related_not_related":"","_relevanssi_related_posts":"","_relevanssi_noindex_reason":"","footnotes":""},"class_list":["post-5763","page","type-page","status-publish","hentry"],"yoast_head":"<!-- This site is optimized with the Yoast SEO Premium plugin v27.1 (Yoast SEO v27.5) - https:\/\/yoast.com\/product\/yoast-seo-premium-wordpress\/ -->\n<title>Offres d&#039;emploi - FireStorm ISP<\/title>\n<meta name=\"description\" content=\"Offres d&#039;emploi chez FireStorm ISP. Rejoignez notre \u00e9quipe \u00e0 Zurich pour un h\u00e9bergement web suisse de qualit\u00e9.\" \/>\n<meta name=\"robots\" content=\"index, follow, max-snippet:-1, max-image-preview:large, max-video-preview:-1\" \/>\n<link rel=\"canonical\" href=\"https:\/\/www.firestorm.ch\/fr\/offres-demploi\/\" \/>\n<meta property=\"og:locale\" content=\"fr_FR\" \/>\n<meta property=\"og:type\" content=\"article\" \/>\n<meta property=\"og:title\" content=\"Offres d&#039;emploi\" \/>\n<meta property=\"og:description\" content=\"Offres d&#039;emploi chez FireStorm ISP. Rejoignez notre \u00e9quipe \u00e0 Zurich pour un h\u00e9bergement web suisse de qualit\u00e9.\" \/>\n<meta property=\"og:url\" content=\"https:\/\/www.firestorm.ch\/fr\/offres-demploi\/\" \/>\n<meta property=\"og:site_name\" content=\"FireStorm ISP\" \/>\n<meta property=\"article:publisher\" content=\"https:\/\/www.facebook.com\/firestorm.ch\/\" \/>\n<meta property=\"article:modified_time\" content=\"2025-05-05T07:50:56+00:00\" \/>\n<meta name=\"twitter:card\" content=\"summary_large_image\" \/>\n<meta name=\"twitter:label1\" content=\"Est. reading time\" \/>\n\t<meta name=\"twitter:data1\" content=\"6 minutes\" \/>\n<script type=\"application\/ld+json\" class=\"yoast-schema-graph\">{\"@context\":\"https:\\\/\\\/schema.org\",\"@graph\":[{\"@type\":\"WebPage\",\"@id\":\"https:\\\/\\\/www.firestorm.ch\\\/fr\\\/offres-demploi\\\/\",\"url\":\"https:\\\/\\\/www.firestorm.ch\\\/fr\\\/offres-demploi\\\/\",\"name\":\"Offres d'emploi - FireStorm ISP\",\"isPartOf\":{\"@id\":\"https:\\\/\\\/www.firestorm.ch\\\/#website\"},\"datePublished\":\"2018-01-05T10:40:23+00:00\",\"dateModified\":\"2025-05-05T07:50:56+00:00\",\"description\":\"Offres d'emploi chez FireStorm ISP. Rejoignez notre \u00e9quipe \u00e0 Zurich pour un h\u00e9bergement web suisse de qualit\u00e9.\",\"breadcrumb\":{\"@id\":\"https:\\\/\\\/www.firestorm.ch\\\/fr\\\/offres-demploi\\\/#breadcrumb\"},\"inLanguage\":\"fr-CH\",\"potentialAction\":[{\"@type\":\"ReadAction\",\"target\":[\"https:\\\/\\\/www.firestorm.ch\\\/fr\\\/offres-demploi\\\/\"]}]},{\"@type\":\"BreadcrumbList\",\"@id\":\"https:\\\/\\\/www.firestorm.ch\\\/fr\\\/offres-demploi\\\/#breadcrumb\",\"itemListElement\":[{\"@type\":\"ListItem\",\"position\":1,\"name\":\"Startseite\",\"item\":\"https:\\\/\\\/www.firestorm.ch\\\/fr\\\/\"},{\"@type\":\"ListItem\",\"position\":2,\"name\":\"Offres d&#8217;emploi\"}]},{\"@type\":\"WebSite\",\"@id\":\"https:\\\/\\\/www.firestorm.ch\\\/#website\",\"url\":\"https:\\\/\\\/www.firestorm.ch\\\/\",\"name\":\"FireStorm\",\"description\":\"Webhosting, Domainnamen, Server, Mailserver und Hosting mit Homepagebaukasten und Free SSL Zertifikat\",\"publisher\":{\"@id\":\"https:\\\/\\\/www.firestorm.ch\\\/#organization\"},\"potentialAction\":[{\"@type\":\"SearchAction\",\"target\":{\"@type\":\"EntryPoint\",\"urlTemplate\":\"https:\\\/\\\/www.firestorm.ch\\\/?s={search_term_string}\"},\"query-input\":{\"@type\":\"PropertyValueSpecification\",\"valueRequired\":true,\"valueName\":\"search_term_string\"}}],\"inLanguage\":\"fr-CH\"},{\"@type\":\"Organization\",\"@id\":\"https:\\\/\\\/www.firestorm.ch\\\/#organization\",\"name\":\"FireStorm\",\"url\":\"https:\\\/\\\/www.firestorm.ch\\\/\",\"logo\":{\"@type\":\"ImageObject\",\"inLanguage\":\"fr-CH\",\"@id\":\"https:\\\/\\\/www.firestorm.ch\\\/#\\\/schema\\\/logo\\\/image\\\/\",\"url\":\"https:\\\/\\\/www.firestorm.ch\\\/wp-content\\\/uploads\\\/2026\\\/03\\\/FireStormLogo.png\",\"contentUrl\":\"https:\\\/\\\/www.firestorm.ch\\\/wp-content\\\/uploads\\\/2026\\\/03\\\/FireStormLogo.png\",\"width\":589,\"height\":60,\"caption\":\"FireStorm\"},\"image\":{\"@id\":\"https:\\\/\\\/www.firestorm.ch\\\/#\\\/schema\\\/logo\\\/image\\\/\"},\"sameAs\":[\"https:\\\/\\\/www.facebook.com\\\/firestorm.ch\\\/\"]}]}<\/script>\n<!-- \/ Yoast SEO Premium plugin. -->","yoast_head_json":{"title":"Offres d'emploi - FireStorm ISP","description":"Offres d'emploi chez FireStorm ISP. Rejoignez notre \u00e9quipe \u00e0 Zurich pour un h\u00e9bergement web suisse de qualit\u00e9.","robots":{"index":"index","follow":"follow","max-snippet":"max-snippet:-1","max-image-preview":"max-image-preview:large","max-video-preview":"max-video-preview:-1"},"canonical":"https:\/\/www.firestorm.ch\/fr\/offres-demploi\/","og_locale":"fr_FR","og_type":"article","og_title":"Offres d'emploi","og_description":"Offres d'emploi chez FireStorm ISP. Rejoignez notre \u00e9quipe \u00e0 Zurich pour un h\u00e9bergement web suisse de qualit\u00e9.","og_url":"https:\/\/www.firestorm.ch\/fr\/offres-demploi\/","og_site_name":"FireStorm ISP","article_publisher":"https:\/\/www.facebook.com\/firestorm.ch\/","article_modified_time":"2025-05-05T07:50:56+00:00","twitter_card":"summary_large_image","twitter_misc":{"Est. reading time":"6 minutes"},"schema":{"@context":"https:\/\/schema.org","@graph":[{"@type":"WebPage","@id":"https:\/\/www.firestorm.ch\/fr\/offres-demploi\/","url":"https:\/\/www.firestorm.ch\/fr\/offres-demploi\/","name":"Offres d'emploi - FireStorm ISP","isPartOf":{"@id":"https:\/\/www.firestorm.ch\/#website"},"datePublished":"2018-01-05T10:40:23+00:00","dateModified":"2025-05-05T07:50:56+00:00","description":"Offres d'emploi chez FireStorm ISP. Rejoignez notre \u00e9quipe \u00e0 Zurich pour un h\u00e9bergement web suisse de qualit\u00e9.","breadcrumb":{"@id":"https:\/\/www.firestorm.ch\/fr\/offres-demploi\/#breadcrumb"},"inLanguage":"fr-CH","potentialAction":[{"@type":"ReadAction","target":["https:\/\/www.firestorm.ch\/fr\/offres-demploi\/"]}]},{"@type":"BreadcrumbList","@id":"https:\/\/www.firestorm.ch\/fr\/offres-demploi\/#breadcrumb","itemListElement":[{"@type":"ListItem","position":1,"name":"Startseite","item":"https:\/\/www.firestorm.ch\/fr\/"},{"@type":"ListItem","position":2,"name":"Offres d&#8217;emploi"}]},{"@type":"WebSite","@id":"https:\/\/www.firestorm.ch\/#website","url":"https:\/\/www.firestorm.ch\/","name":"FireStorm","description":"Webhosting, Domainnamen, Server, Mailserver und Hosting mit Homepagebaukasten und Free SSL Zertifikat","publisher":{"@id":"https:\/\/www.firestorm.ch\/#organization"},"potentialAction":[{"@type":"SearchAction","target":{"@type":"EntryPoint","urlTemplate":"https:\/\/www.firestorm.ch\/?s={search_term_string}"},"query-input":{"@type":"PropertyValueSpecification","valueRequired":true,"valueName":"search_term_string"}}],"inLanguage":"fr-CH"},{"@type":"Organization","@id":"https:\/\/www.firestorm.ch\/#organization","name":"FireStorm","url":"https:\/\/www.firestorm.ch\/","logo":{"@type":"ImageObject","inLanguage":"fr-CH","@id":"https:\/\/www.firestorm.ch\/#\/schema\/logo\/image\/","url":"https:\/\/www.firestorm.ch\/wp-content\/uploads\/2026\/03\/FireStormLogo.png","contentUrl":"https:\/\/www.firestorm.ch\/wp-content\/uploads\/2026\/03\/FireStormLogo.png","width":589,"height":60,"caption":"FireStorm"},"image":{"@id":"https:\/\/www.firestorm.ch\/#\/schema\/logo\/image\/"},"sameAs":["https:\/\/www.facebook.com\/firestorm.ch\/"]}]}},"rttpg_featured_image_url":null,"rttpg_author":{"display_name":"FireStorm","author_link":"https:\/\/www.firestorm.ch\/fr\/news\/author\/webkoenig\/"},"rttpg_comment":0,"rttpg_category":" <a href=\"https:\/\/www.firestorm.ch\/fr\/?taxonomy=translation_priority&#038;term=facultatif\" rel=\"tag\">Facultatif<\/a>","rttpg_excerpt":"[vc_row full_width=&#8221;stretch_row_content_no_spaces&#8221; content_placement=&#8221;middle&#8221; wk_overlay=&#8221;true&#8221; css=&#8221;.vc_custom_1603967835823{background-image: url(https:\/\/www.firestorm.ch\/wp-content\/uploads\/2018\/06\/TeamWork-gross-geschrieben.jpg?id=7510) !important;background-position: center !important;background-repeat: no-repeat !important;background-size: cover !important;}&#8221; el_class=&#8221;wk-header&#8221;][vc_column][vc_row_inner][vc_column_inner][vc_separator color=&#8221;custom&#8221; border_width=&#8221;7&#8243; el_width=&#8221;10&#8243; accent_color=&#8221;#197dc8&#8243;][vc_column_text el_class=&#8221;wk-header-text&#8221;] Le travail en \u00e9quipe Est important pour nous [\/vc_column_text][\/vc_column_inner][\/vc_row_inner][\/vc_column][\/vc_row][vc_row full_width=&#8221;stretch_row&#8221; el_class=&#8221;rowToFix&#8221; css=&#8221;.vc_custom_1515586171403{border-bottom-width: 1px !important;padding-top: 20px !important;padding-bottom: 20px !important;border-bottom-color: #197dc8 !important;border-bottom-style: solid !important;}&#8221;][vc_column][vc_row_inner][vc_column_inner width=&#8221;1\/2&#8243;][vc_btn title=&#8221;FEMME \/ HOMME D&#8217;AFFAIRES EFZ&#8221; style=&#8221;custom&#8221; custom_background=&#8221;#197dc8&#8243; custom_text=&#8221;#ffffff&#8221; shape=&#8221;square&#8221; align=&#8221;center&#8221; button_block=&#8221;true&#8221; el_class=&#8221;navButtons&#8221; link=&#8221;url:%23kauf|||&#8221;][\/vc_column_inner][vc_column_inner&hellip;","_links":{"self":[{"href":"https:\/\/www.firestorm.ch\/fr\/wp-json\/wp\/v2\/pages\/5763","targetHints":{"allow":["GET"]}}],"collection":[{"href":"https:\/\/www.firestorm.ch\/fr\/wp-json\/wp\/v2\/pages"}],"about":[{"href":"https:\/\/www.firestorm.ch\/fr\/wp-json\/wp\/v2\/types\/page"}],"author":[{"embeddable":true,"href":"https:\/\/www.firestorm.ch\/fr\/wp-json\/wp\/v2\/users\/1"}],"replies":[{"embeddable":true,"href":"https:\/\/www.firestorm.ch\/fr\/wp-json\/wp\/v2\/comments?post=5763"}],"version-history":[{"count":0,"href":"https:\/\/www.firestorm.ch\/fr\/wp-json\/wp\/v2\/pages\/5763\/revisions"}],"wp:attachment":[{"href":"https:\/\/www.firestorm.ch\/fr\/wp-json\/wp\/v2\/media?parent=5763"}],"curies":[{"name":"wp","href":"https:\/\/api.w.org\/{rel}","templated":true}]}}