{"id":30147,"date":"2026-02-06T19:02:19","date_gmt":"2026-02-06T18:02:19","guid":{"rendered":""},"modified":"2026-02-06T19:02:19","modified_gmt":"2026-02-06T18:02:19","slug":"tools","status":"publish","type":"page","link":"https:\/\/www.firestorm.ch\/fr\/tools\/","title":{"rendered":"Tools"},"content":{"rendered":"<style>\n    .fs-tools-nav { max-width: 900px; margin: 30px auto 0; padding: 0 20px; }\n    .fs-tools-nav-inner {\n        display: flex; flex-wrap: wrap; gap: 6px;\n        background: #f8fafc; border: 1px solid #e2e8f0; border-radius: 10px; padding: 6px;\n    }\n    .fs-tools-nav a {\n        display: inline-flex; align-items: center; gap: 6px;\n        padding: 8px 16px; border-radius: 6px; font-size: 0.9em; font-weight: 500;\n        color: #555 !important; text-decoration: none !important; transition: all 0.2s;\n        white-space: nowrap;\n    }\n    .fs-tools-nav a:hover { background: #e2e8f0; color: #333 !important; }\n    .fs-tools-nav a.fs-tools-nav-active {\n        background: #197dc8; color: #fff !important; font-weight: 600;\n    }\n    .fs-tools-nav a.fs-tools-nav-active:hover { background: #1565a0; }\n    .fs-tools-nav a.fs-tools-nav-overview svg { width: 14px; height: 14px; flex-shrink: 0; }\n    @media (max-width: 600px) {\n        .fs-tools-nav-inner { gap: 4px; padding: 4px; }\n        .fs-tools-nav a { padding: 7px 10px; font-size: 0.82em; }\n    }\n    <\/style><nav class=\"fs-tools-nav\"><div class=\"fs-tools-nav-inner\"><a href=\"\/fr\/tools\/\" class=\"fs-tools-nav-active fs-tools-nav-overview\"><svg viewBox=\"0 0 24 24\" fill=\"none\" stroke=\"currentColor\" stroke-width=\"2.5\" stroke-linecap=\"round\" stroke-linejoin=\"round\"><path d=\"M15 18l-6-6 6-6\"\/><\/svg>Tous les outils<\/a><a href=\"\/fr\/tools\/whois-lookup\/\" class=\"\">WHOIS<\/a><a href=\"\/fr\/tools\/dns-check\/\" class=\"\">Domain Check<\/a><a href=\"\/fr\/tools\/dane-checker\/\" class=\"\">Mail Check<\/a><a href=\"\/fr\/tools\/hosting-check\/\" class=\"\">Hosting Check<\/a><a href=\"\/fr\/tools\/ssl-converter\/\" class=\"\">SSL Converter<\/a><a href=\"\/fr\/tools\/dns-catcher\/\" class=\"\">DNS Catcher<\/a><\/div><\/nav>    <style>\n    .fs-tools-section { max-width: 1000px; margin: 40px auto; padding: 0 20px; }\n    .fs-tools-header {\n        text-align: center;\n        margin-bottom: 40px;\n    }\n    .fs-tools-header h2 { font-size: 1.8em; margin-bottom: 8px; color: #333; font-weight: 700; }\n    .fs-tools-header p { color: #666; font-size: 1.05em; }\n    .fs-tools-grid {\n        display: grid;\n        grid-template-columns: repeat(3, 1fr);\n        gap: 24px;\n    }\n    .fs-tools-card {\n        background: #fff;\n        border: 1px solid #e2e8f0;\n        border-radius: 12px;\n        padding: 32px 24px;\n        text-align: center;\n        transition: border-color 0.2s, box-shadow 0.2s;\n        display: flex;\n        flex-direction: column;\n        align-items: center;\n    }\n    .fs-tools-card:hover {\n        border-color: #197dc8;\n        box-shadow: 0 4px 12px rgba(25, 125, 200, 0.1);\n    }\n    .fs-tools-card p {\n        flex: 1;\n    }\n    .fs-tools-icon {\n        width: 48px;\n        height: 48px;\n        margin: 0 auto 16px;\n        color: #197dc8;\n    }\n    .fs-tools-icon svg { width: 100%; height: 100%; }\n    .fs-tools-card h3 {\n        font-size: 1.2em;\n        color: #333;\n        margin-bottom: 8px;\n        font-weight: 700;\n    }\n    .fs-tools-card p {\n        color: #666;\n        font-size: 0.95em;\n        line-height: 1.5;\n        margin-bottom: 20px;\n    }\n    .fs-tools-btn {\n        display: inline-block;\n        padding: 10px 24px;\n        background: #197dc8;\n        color: #fff !important;\n        border-radius: 8px;\n        font-weight: 600;\n        font-size: 0.95em;\n        text-decoration: none !important;\n        transition: background 0.2s;\n    }\n    .fs-tools-btn:hover { background: #1565a0; }\n    @media (max-width: 900px) {\n        .fs-tools-grid { grid-template-columns: repeat(2, 1fr); }\n    }\n    @media (max-width: 600px) {\n        .fs-tools-grid { grid-template-columns: 1fr; }\n        .fs-tools-card { padding: 24px 20px; }\n    }\n    <\/style>\n\n    <div class=\"fs-tools-section\">\n        <div class=\"fs-tools-header\">\n            <h2>FireStorm Tools<\/h2>\n            <p>Outils d&#039;analyse gratuits pour votre domaine, e-mail et h\u00e9bergement<\/p>\n        <\/div>\n        <div class=\"fs-tools-grid\">\n                        <div class=\"fs-tools-card\">\n                <div class=\"fs-tools-icon\"><svg viewBox=\"0 0 24 24\" fill=\"none\" stroke=\"currentColor\" stroke-width=\"2\" stroke-linecap=\"round\" stroke-linejoin=\"round\"><circle cx=\"11\" cy=\"11\" r=\"8\"\/><path d=\"M21 21l-4.35-4.35\"\/><path d=\"M11 8v6\"\/><path d=\"M8 11h6\"\/><\/svg><\/div>\n                <h3>WHOIS Lookup<\/h3>\n                <p>\u00c0 qui appartient un domaine ou une IP? Consultez le propri\u00e9taire, le registrar et la date d&#039;expiration.<\/p>\n                <a href=\"\/fr\/tools\/whois-lookup\/\" class=\"fs-tools-btn\">Ouvrir l&#039;outil<\/a>\n            <\/div>\n                        <div class=\"fs-tools-card\">\n                <div class=\"fs-tools-icon\"><svg viewBox=\"0 0 24 24\" fill=\"none\" stroke=\"currentColor\" stroke-width=\"2\" stroke-linecap=\"round\" stroke-linejoin=\"round\"><circle cx=\"12\" cy=\"12\" r=\"10\"\/><path d=\"M2 12h20\"\/><path d=\"M12 2a15.3 15.3 0 0 1 4 10 15.3 15.3 0 0 1-4 10 15.3 15.3 0 0 1-4-10 15.3 15.3 0 0 1 4-10z\"\/><\/svg><\/div>\n                <h3>DNS Check<\/h3>\n                <p>Affichez et v\u00e9rifiez tous les enregistrements DNS de votre domaine en un coup d&#039;\u0153il.<\/p>\n                <a href=\"\/fr\/tools\/dns-check\/\" class=\"fs-tools-btn\">Ouvrir l&#039;outil<\/a>\n            <\/div>\n                        <div class=\"fs-tools-card\">\n                <div class=\"fs-tools-icon\"><svg viewBox=\"0 0 24 24\" fill=\"none\" stroke=\"currentColor\" stroke-width=\"2\" stroke-linecap=\"round\" stroke-linejoin=\"round\"><rect x=\"2\" y=\"4\" width=\"20\" height=\"16\" rx=\"2\"\/><path d=\"M22 7l-10 7L2 7\"\/><path d=\"M12 22s5-2.5 5-6.5V11l-5-2-5 2v4.5c0 4 5 6.5 5 6.5z\"\/><\/svg><\/div>\n                <h3>Mail Check<\/h3>\n                <p>Votre e-mail est-il s\u00e9curis\u00e9? V\u00e9rifiez la protection de l&#039;exp\u00e9diteur (SPF, DMARC, DKIM) et le chiffrement (DANE).<\/p>\n                <a href=\"\/fr\/tools\/dane-checker\/\" class=\"fs-tools-btn\">Ouvrir l&#039;outil<\/a>\n            <\/div>\n                        <div class=\"fs-tools-card\">\n                <div class=\"fs-tools-icon\"><svg viewBox=\"0 0 24 24\" fill=\"none\" stroke=\"currentColor\" stroke-width=\"2\" stroke-linecap=\"round\" stroke-linejoin=\"round\"><rect x=\"2\" y=\"2\" width=\"20\" height=\"8\" rx=\"2\"\/><rect x=\"2\" y=\"14\" width=\"20\" height=\"8\" rx=\"2\"\/><circle cx=\"6\" cy=\"6\" r=\"1\"\/><circle cx=\"6\" cy=\"18\" r=\"1\"\/><\/svg><\/div>\n                <h3>Hosting Check<\/h3>\n                <p>O\u00f9 tourne votre site web? D\u00e9couvrez qui h\u00e9berge votre web, e-mail et DNS.<\/p>\n                <a href=\"\/fr\/tools\/hosting-check\/\" class=\"fs-tools-btn\">Ouvrir l&#039;outil<\/a>\n            <\/div>\n                        <div class=\"fs-tools-card\">\n                <div class=\"fs-tools-icon\"><svg viewBox=\"0 0 24 24\" fill=\"none\" stroke=\"currentColor\" stroke-width=\"2\" stroke-linecap=\"round\" stroke-linejoin=\"round\"><path d=\"M12 22s8-4 8-10V5l-8-3-8 3v7c0 6 8 10 8 10z\"\/><polyline points=\"8 11 10 13 16 9\"\/><\/svg><\/div>\n                <h3>SSL Converter<\/h3>\n                <p>Convertissez les certificats SSL entre les formats PEM, DER, P7B et PFX.<\/p>\n                <a href=\"\/fr\/tools\/ssl-converter\/\" class=\"fs-tools-btn\">Ouvrir l&#039;outil<\/a>\n            <\/div>\n                        <div class=\"fs-tools-card\">\n                <div class=\"fs-tools-icon\"><svg viewBox=\"0 0 24 24\" fill=\"none\" stroke=\"currentColor\" stroke-width=\"2\" stroke-linecap=\"round\" stroke-linejoin=\"round\"><rect x=\"3\" y=\"3\" width=\"18\" height=\"18\" rx=\"3\"\/><line x1=\"3\" y1=\"9\" x2=\"21\" y2=\"9\"\/><circle cx=\"12\" cy=\"15\" r=\"3\"\/><path d=\"M15 18l2 2\"\/><circle cx=\"7\" cy=\"6\" r=\"1\"\/><circle cx=\"10\" cy=\"6\" r=\"1\"\/><\/svg><\/div>\n                <h3>DNS Catcher<\/h3>\n                <p>Capturer tous les enregistrements DNS d&#039;une zone et exporter en fichier BIND.<\/p>\n                <a href=\"\/fr\/tools\/dns-catcher\/\" class=\"fs-tools-btn\">Ouvrir l&#039;outil<\/a>\n            <\/div>\n                    <\/div>\n    <\/div>\n    \n","protected":false},"excerpt":{"rendered":"Tous les outilsWHOISDomain CheckMail CheckHosting CheckSSL ConverterDNS Catcher FireStorm Tools Outils d&#039;analyse gratuits pour votre domaine, e-mail et h\u00e9bergement WHOIS Lookup \u00c0 qui appartient un domaine ou une IP? Consultez le propri\u00e9taire, le registrar et la date d&#039;expiration. Ouvrir l&#039;outil DNS Check Affichez et v\u00e9rifiez tous les enregistrements DNS de votre domaine en un coup [...]","protected":false},"author":1,"featured_media":0,"parent":0,"menu_order":0,"comment_status":"closed","ping_status":"closed","template":"","meta":{"_relevanssi_hide_post":"","_relevanssi_pin_for_all":"","_relevanssi_pin_keywords":"","_relevanssi_unpin_keywords":"","_relevanssi_related_keywords":"","_relevanssi_related_include_ids":"","_relevanssi_related_exclude_ids":"","_relevanssi_related_no_append":"","_relevanssi_related_not_related":"","_relevanssi_related_posts":"","_relevanssi_noindex_reason":"","footnotes":""},"class_list":["post-30147","page","type-page","status-publish","hentry"],"yoast_head":"<!-- This site is optimized with the Yoast SEO Premium plugin v27.1 (Yoast SEO v27.3) - https:\/\/yoast.com\/product\/yoast-seo-premium-wordpress\/ -->\n<title>Tools - FireStorm ISP<\/title>\n<meta name=\"description\" content=\"Outils webmaster gratuits de FireStorm : DNS Check, WHOIS Lookup, SSL Converter, SMTP TLS Checker, Hosting Check et plus.\" \/>\n<meta name=\"robots\" content=\"index, follow, max-snippet:-1, max-image-preview:large, max-video-preview:-1\" \/>\n<link rel=\"canonical\" href=\"https:\/\/www.firestorm.ch\/fr\/tools\/\" \/>\n<meta property=\"og:locale\" content=\"fr_FR\" \/>\n<meta property=\"og:type\" content=\"article\" \/>\n<meta property=\"og:title\" content=\"Tools\" \/>\n<meta property=\"og:description\" content=\"Outils webmaster gratuits de FireStorm : DNS Check, WHOIS Lookup, SSL Converter, SMTP TLS Checker, Hosting Check et plus.\" \/>\n<meta property=\"og:url\" content=\"https:\/\/www.firestorm.ch\/fr\/tools\/\" \/>\n<meta property=\"og:site_name\" content=\"FireStorm ISP\" \/>\n<meta property=\"article:publisher\" content=\"https:\/\/www.facebook.com\/firestorm.ch\/\" \/>\n<meta name=\"twitter:card\" content=\"summary_large_image\" \/>\n<script type=\"application\/ld+json\" class=\"yoast-schema-graph\">{\"@context\":\"https:\\\/\\\/schema.org\",\"@graph\":[{\"@type\":\"WebPage\",\"@id\":\"https:\\\/\\\/www.firestorm.ch\\\/fr\\\/tools\\\/\",\"url\":\"https:\\\/\\\/www.firestorm.ch\\\/fr\\\/tools\\\/\",\"name\":\"Tools - FireStorm ISP\",\"isPartOf\":{\"@id\":\"https:\\\/\\\/www.firestorm.ch\\\/#website\"},\"datePublished\":\"2026-02-06T18:02:19+00:00\",\"description\":\"Outils webmaster gratuits de FireStorm : DNS Check, WHOIS Lookup, SSL Converter, SMTP TLS Checker, Hosting Check et plus.\",\"breadcrumb\":{\"@id\":\"https:\\\/\\\/www.firestorm.ch\\\/fr\\\/tools\\\/#breadcrumb\"},\"inLanguage\":\"fr-CH\",\"potentialAction\":[{\"@type\":\"ReadAction\",\"target\":[\"https:\\\/\\\/www.firestorm.ch\\\/fr\\\/tools\\\/\"]}]},{\"@type\":\"BreadcrumbList\",\"@id\":\"https:\\\/\\\/www.firestorm.ch\\\/fr\\\/tools\\\/#breadcrumb\",\"itemListElement\":[{\"@type\":\"ListItem\",\"position\":1,\"name\":\"Startseite\",\"item\":\"https:\\\/\\\/www.firestorm.ch\\\/fr\\\/\"},{\"@type\":\"ListItem\",\"position\":2,\"name\":\"Tools\"}]},{\"@type\":\"WebSite\",\"@id\":\"https:\\\/\\\/www.firestorm.ch\\\/#website\",\"url\":\"https:\\\/\\\/www.firestorm.ch\\\/\",\"name\":\"FireStorm\",\"description\":\"Webhosting, Domainnamen, Server, Mailserver und Hosting mit Homepagebaukasten und Free SSL Zertifikat\",\"publisher\":{\"@id\":\"https:\\\/\\\/www.firestorm.ch\\\/#organization\"},\"potentialAction\":[{\"@type\":\"SearchAction\",\"target\":{\"@type\":\"EntryPoint\",\"urlTemplate\":\"https:\\\/\\\/www.firestorm.ch\\\/?s={search_term_string}\"},\"query-input\":{\"@type\":\"PropertyValueSpecification\",\"valueRequired\":true,\"valueName\":\"search_term_string\"}}],\"inLanguage\":\"fr-CH\"},{\"@type\":\"Organization\",\"@id\":\"https:\\\/\\\/www.firestorm.ch\\\/#organization\",\"name\":\"FireStorm\",\"url\":\"https:\\\/\\\/www.firestorm.ch\\\/\",\"logo\":{\"@type\":\"ImageObject\",\"inLanguage\":\"fr-CH\",\"@id\":\"https:\\\/\\\/www.firestorm.ch\\\/#\\\/schema\\\/logo\\\/image\\\/\",\"url\":\"https:\\\/\\\/www.firestorm.ch\\\/wp-content\\\/uploads\\\/2026\\\/03\\\/FireStormLogo.png\",\"contentUrl\":\"https:\\\/\\\/www.firestorm.ch\\\/wp-content\\\/uploads\\\/2026\\\/03\\\/FireStormLogo.png\",\"width\":589,\"height\":60,\"caption\":\"FireStorm\"},\"image\":{\"@id\":\"https:\\\/\\\/www.firestorm.ch\\\/#\\\/schema\\\/logo\\\/image\\\/\"},\"sameAs\":[\"https:\\\/\\\/www.facebook.com\\\/firestorm.ch\\\/\"]}]}<\/script>\n<!-- \/ Yoast SEO Premium plugin. -->","yoast_head_json":{"title":"Tools - FireStorm ISP","description":"Outils webmaster gratuits de FireStorm : DNS Check, WHOIS Lookup, SSL Converter, SMTP TLS Checker, Hosting Check et plus.","robots":{"index":"index","follow":"follow","max-snippet":"max-snippet:-1","max-image-preview":"max-image-preview:large","max-video-preview":"max-video-preview:-1"},"canonical":"https:\/\/www.firestorm.ch\/fr\/tools\/","og_locale":"fr_FR","og_type":"article","og_title":"Tools","og_description":"Outils webmaster gratuits de FireStorm : DNS Check, WHOIS Lookup, SSL Converter, SMTP TLS Checker, Hosting Check et plus.","og_url":"https:\/\/www.firestorm.ch\/fr\/tools\/","og_site_name":"FireStorm ISP","article_publisher":"https:\/\/www.facebook.com\/firestorm.ch\/","twitter_card":"summary_large_image","schema":{"@context":"https:\/\/schema.org","@graph":[{"@type":"WebPage","@id":"https:\/\/www.firestorm.ch\/fr\/tools\/","url":"https:\/\/www.firestorm.ch\/fr\/tools\/","name":"Tools - FireStorm ISP","isPartOf":{"@id":"https:\/\/www.firestorm.ch\/#website"},"datePublished":"2026-02-06T18:02:19+00:00","description":"Outils webmaster gratuits de FireStorm : DNS Check, WHOIS Lookup, SSL Converter, SMTP TLS Checker, Hosting Check et plus.","breadcrumb":{"@id":"https:\/\/www.firestorm.ch\/fr\/tools\/#breadcrumb"},"inLanguage":"fr-CH","potentialAction":[{"@type":"ReadAction","target":["https:\/\/www.firestorm.ch\/fr\/tools\/"]}]},{"@type":"BreadcrumbList","@id":"https:\/\/www.firestorm.ch\/fr\/tools\/#breadcrumb","itemListElement":[{"@type":"ListItem","position":1,"name":"Startseite","item":"https:\/\/www.firestorm.ch\/fr\/"},{"@type":"ListItem","position":2,"name":"Tools"}]},{"@type":"WebSite","@id":"https:\/\/www.firestorm.ch\/#website","url":"https:\/\/www.firestorm.ch\/","name":"FireStorm","description":"Webhosting, Domainnamen, Server, Mailserver und Hosting mit Homepagebaukasten und Free SSL Zertifikat","publisher":{"@id":"https:\/\/www.firestorm.ch\/#organization"},"potentialAction":[{"@type":"SearchAction","target":{"@type":"EntryPoint","urlTemplate":"https:\/\/www.firestorm.ch\/?s={search_term_string}"},"query-input":{"@type":"PropertyValueSpecification","valueRequired":true,"valueName":"search_term_string"}}],"inLanguage":"fr-CH"},{"@type":"Organization","@id":"https:\/\/www.firestorm.ch\/#organization","name":"FireStorm","url":"https:\/\/www.firestorm.ch\/","logo":{"@type":"ImageObject","inLanguage":"fr-CH","@id":"https:\/\/www.firestorm.ch\/#\/schema\/logo\/image\/","url":"https:\/\/www.firestorm.ch\/wp-content\/uploads\/2026\/03\/FireStormLogo.png","contentUrl":"https:\/\/www.firestorm.ch\/wp-content\/uploads\/2026\/03\/FireStormLogo.png","width":589,"height":60,"caption":"FireStorm"},"image":{"@id":"https:\/\/www.firestorm.ch\/#\/schema\/logo\/image\/"},"sameAs":["https:\/\/www.facebook.com\/firestorm.ch\/"]}]}},"rttpg_featured_image_url":null,"rttpg_author":{"display_name":"FireStorm","author_link":"https:\/\/www.firestorm.ch\/fr\/news\/author\/webkoenig\/"},"rttpg_comment":0,"rttpg_category":false,"rttpg_excerpt":null,"_links":{"self":[{"href":"https:\/\/www.firestorm.ch\/fr\/wp-json\/wp\/v2\/pages\/30147","targetHints":{"allow":["GET"]}}],"collection":[{"href":"https:\/\/www.firestorm.ch\/fr\/wp-json\/wp\/v2\/pages"}],"about":[{"href":"https:\/\/www.firestorm.ch\/fr\/wp-json\/wp\/v2\/types\/page"}],"author":[{"embeddable":true,"href":"https:\/\/www.firestorm.ch\/fr\/wp-json\/wp\/v2\/users\/1"}],"replies":[{"embeddable":true,"href":"https:\/\/www.firestorm.ch\/fr\/wp-json\/wp\/v2\/comments?post=30147"}],"version-history":[{"count":0,"href":"https:\/\/www.firestorm.ch\/fr\/wp-json\/wp\/v2\/pages\/30147\/revisions"}],"wp:attachment":[{"href":"https:\/\/www.firestorm.ch\/fr\/wp-json\/wp\/v2\/media?parent=30147"}],"curies":[{"name":"wp","href":"https:\/\/api.w.org\/{rel}","templated":true}]}}