{"id":28965,"date":"2025-06-03T12:21:56","date_gmt":"2025-06-03T12:21:56","guid":{"rendered":"https:\/\/www.firestorm.ch\/evaluation\/"},"modified":"2025-06-03T12:21:57","modified_gmt":"2025-06-03T12:21:57","slug":"evaluation","status":"publish","type":"page","link":"https:\/\/www.firestorm.ch\/fr\/evaluation\/","title":{"rendered":"\u00c9valuation"},"content":{"rendered":"<p>[vc_row full_width=&#8221;stretch_row_content_no_spaces&#8221; content_placement=&#8221;middle&#8221; wk_overlay=&#8221;true&#8221; css=&#8221;.vc_custom_1748951900690{background-image: url(https:\/\/www.firestorm.ch\/wp-content\/uploads\/2025\/06\/bewertung.png?id=28957) !important;background-position: center !important;background-repeat: no-repeat !important;background-size: cover !important;}&#8221; el_class=&#8221;wk-header&#8221;][vc_column][vc_row_inner][vc_column_inner][vc_separator color=&#8221;custom&#8221; border_width=&#8221;7&#8243; el_width=&#8221;10&#8243; accent_color=&#8221;#197dc8&#8243;][vc_column_text el_class=&#8221;wk-header-text&#8221;]<\/p>\n<p style=\"text-align: center;\"><strong>\u00c9valuez-nous<\/strong><\/p>\n<p style=\"text-align: center;\">Nous sommes heureux de recevoir vos commentaires !<\/p>\n<p>[\/vc_column_text][\/vc_column_inner][\/vc_row_inner][\/vc_column][\/vc_row][vc_row full_width=&#8221;stretch_row&#8221; el_class=&#8221;wk-row-grey&#8221; css=&#8221;.vc_custom_1516377136701{background-color: #eeeeee !important;}&#8221;][vc_column 0=&#8221;&#8221;][vc_row_inner][vc_column_inner width=&#8221;1\/6&#8243;][\/vc_column_inner][vc_column_inner width=&#8221;2\/3&#8243;][vc_column_text el_class=&#8221;wk-large-font&#8221;]<\/p>\n<h2 style=\"text-align: center;\">Choisissez la plateforme sur laquelle vous souhaitez nous \u00e9valuer<\/h2>\n<p>[\/vc_column_text][vc_column_text el_class=&#8221;wk-large-font&#8221;][\/vc_column_text][\/vc_column_inner][vc_column_inner width=&#8221;1\/6&#8243;][\/vc_column_inner][\/vc_row_inner][\/vc_column][\/vc_row][vc_row][vc_column][vc_empty_space height=&#8221;40px&#8221;][\/vc_column][\/vc_row][vc_row][vc_column][vc_row_inner][vc_column_inner width=&#8221;1\/3&#8243;][vc_single_image image=&#8221;28891&#8243; img_size=&#8221;200&#215;200&#8243; add_caption=&#8221;yes&#8221; alignment=&#8221;center&#8221; onclick=&#8221;custom_link&#8221; link=&#8221;https:\/\/g.page\/r\/CXGYrUNRr8XXEAg\/review?rc&#8221;][\/vc_column_inner][vc_column_inner width=&#8221;1\/3&#8243;][vc_single_image image=&#8221;28896&#8243; img_size=&#8221;200&#215;200&#8243; alignment=&#8221;center&#8221; onclick=&#8221;custom_link&#8221; link=&#8221;https:\/\/www.whtop.com\/review\/firestorm.ch#reviews-open&#8221;][\/vc_column_inner][vc_column_inner width=&#8221;1\/3&#8243;][vc_single_image image=&#8221;28908&#8243; img_size=&#8221;200&#215;200&#8243; alignment=&#8221;center&#8221; onclick=&#8221;custom_link&#8221; link=&#8221;https:\/\/www.hosttest.ch\/webhoster\/firestorm-gmbh\/bewerten&#8221;][\/vc_column_inner][\/vc_row_inner][vc_empty_space height=&#8221;80px&#8221;][vc_row_inner][vc_column_inner width=&#8221;1\/2&#8243;][vc_single_image image=&#8221;28927&#8243; img_size=&#8221;200&#215;200&#8243; alignment=&#8221;center&#8221; onclick=&#8221;custom_link&#8221; link=&#8221;https:\/\/www.facebook.com\/firestorm.ch\/reviews&#8221;][\/vc_column_inner][vc_column_inner width=&#8221;1\/2&#8243;][vc_single_image image=&#8221;28919&#8243; img_size=&#8221;200&#215;200&#8243; alignment=&#8221;center&#8221; onclick=&#8221;custom_link&#8221; link=&#8221;https:\/\/ch.trustpilot.com\/evaluate\/firestorm.ch&#8221;][\/vc_column_inner][\/vc_row_inner][\/vc_column][\/vc_row]<\/p>\n","protected":false},"excerpt":{"rendered":"<p>[vc_row full_width=&#8221;stretch_row_content_no_spaces&#8221; content_placement=&#8221;middle&#8221; wk_overlay=&#8221;true&#8221; css=&#8221;.vc_custom_1748951900690{background-image: url(https:\/\/www.firestorm.ch\/wp-content\/uploads\/2025\/06\/bewertung.png?id=28957) !important;background-position: center !important;background-repeat: no-repeat !important;background-size: cover !important;}&#8221; el_class=&#8221;wk-header&#8221;][vc_column][vc_row_inner][vc_column_inner][vc_separator color=&#8221;custom&#8221; border_width=&#8221;7&#8243; el_width=&#8221;10&#8243; accent_color=&#8221;#197dc8&#8243;][vc_column_text el_class=&#8221;wk-header-text&#8221;] \u00c9valuez-nous Nous sommes heureux de recevoir vos commentaires ! [\/vc_column_text][\/vc_column_inner][\/vc_row_inner][\/vc_column][\/vc_row][vc_row full_width=&#8221;stretch_row&#8221; el_class=&#8221;wk-row-grey&#8221; css=&#8221;.vc_custom_1516377136701{background-color: #eeeeee !important;}&#8221;][vc_column 0=&#8221;&#8221;][vc_row_inner][vc_column_inner width=&#8221;1\/6&#8243;][\/vc_column_inner][vc_column_inner width=&#8221;2\/3&#8243;][vc_column_text el_class=&#8221;wk-large-font&#8221;] Choisissez la plateforme sur laquelle vous souhaitez nous \u00e9valuer [\/vc_column_text][vc_column_text el_class=&#8221;wk-large-font&#8221;][\/vc_column_text][\/vc_column_inner][vc_column_inner width=&#8221;1\/6&#8243;][\/vc_column_inner][\/vc_row_inner][\/vc_column][\/vc_row][vc_row][vc_column][vc_empty_space height=&#8221;40px&#8221;][\/vc_column][\/vc_row][vc_row][vc_column][vc_row_inner][vc_column_inner width=&#8221;1\/3&#8243;][vc_single_image image=&#8221;28891&#8243; img_size=&#8221;200&#215;200&#8243; add_caption=&#8221;yes&#8221; [&hellip;]<\/p>\n","protected":false},"author":1,"featured_media":0,"parent":0,"menu_order":0,"comment_status":"closed","ping_status":"closed","template":"","meta":{"_relevanssi_hide_post":"","_relevanssi_pin_for_all":"","_relevanssi_pin_keywords":"","_relevanssi_unpin_keywords":"","_relevanssi_related_keywords":"","_relevanssi_related_include_ids":"","_relevanssi_related_exclude_ids":"","_relevanssi_related_no_append":"","_relevanssi_related_not_related":"","_relevanssi_related_posts":"","_relevanssi_noindex_reason":"","footnotes":""},"class_list":["post-28965","page","type-page","status-publish","hentry"],"yoast_head":"<!-- This site is optimized with the Yoast SEO Premium plugin v27.1 (Yoast SEO v27.4) - https:\/\/yoast.com\/product\/yoast-seo-premium-wordpress\/ -->\n<title>\u00c9valuation - FireStorm ISP<\/title>\n<meta name=\"description\" content=\"\u00c9valuez FireStorm Hosting : partagez votre exp\u00e9rience avec notre h\u00e9bergement, support et service. Vos retours nous aident \u00e0 progresser.\" \/>\n<meta name=\"robots\" content=\"index, follow, max-snippet:-1, max-image-preview:large, max-video-preview:-1\" \/>\n<link rel=\"canonical\" href=\"https:\/\/www.firestorm.ch\/fr\/evaluation\/\" \/>\n<meta property=\"og:locale\" content=\"fr_FR\" \/>\n<meta property=\"og:type\" content=\"article\" \/>\n<meta property=\"og:title\" content=\"\u00c9valuation\" \/>\n<meta property=\"og:description\" content=\"\u00c9valuez FireStorm Hosting : partagez votre exp\u00e9rience avec notre h\u00e9bergement, support et service. Vos retours nous aident \u00e0 progresser.\" \/>\n<meta property=\"og:url\" content=\"https:\/\/www.firestorm.ch\/fr\/evaluation\/\" \/>\n<meta property=\"og:site_name\" content=\"FireStorm ISP\" \/>\n<meta property=\"article:publisher\" content=\"https:\/\/www.facebook.com\/firestorm.ch\/\" \/>\n<meta property=\"article:modified_time\" content=\"2025-06-03T12:21:57+00:00\" \/>\n<meta name=\"twitter:card\" content=\"summary_large_image\" \/>\n<meta name=\"twitter:label1\" content=\"Est. reading time\" \/>\n\t<meta name=\"twitter:data1\" content=\"2 minutes\" \/>\n<script type=\"application\/ld+json\" class=\"yoast-schema-graph\">{\"@context\":\"https:\\\/\\\/schema.org\",\"@graph\":[{\"@type\":\"WebPage\",\"@id\":\"https:\\\/\\\/www.firestorm.ch\\\/fr\\\/evaluation\\\/\",\"url\":\"https:\\\/\\\/www.firestorm.ch\\\/fr\\\/evaluation\\\/\",\"name\":\"\u00c9valuation - FireStorm ISP\",\"isPartOf\":{\"@id\":\"https:\\\/\\\/www.firestorm.ch\\\/#website\"},\"datePublished\":\"2025-06-03T12:21:56+00:00\",\"dateModified\":\"2025-06-03T12:21:57+00:00\",\"description\":\"\u00c9valuez FireStorm Hosting : partagez votre exp\u00e9rience avec notre h\u00e9bergement, support et service. Vos retours nous aident \u00e0 progresser.\",\"breadcrumb\":{\"@id\":\"https:\\\/\\\/www.firestorm.ch\\\/fr\\\/evaluation\\\/#breadcrumb\"},\"inLanguage\":\"fr-CH\",\"potentialAction\":[{\"@type\":\"ReadAction\",\"target\":[\"https:\\\/\\\/www.firestorm.ch\\\/fr\\\/evaluation\\\/\"]}]},{\"@type\":\"BreadcrumbList\",\"@id\":\"https:\\\/\\\/www.firestorm.ch\\\/fr\\\/evaluation\\\/#breadcrumb\",\"itemListElement\":[{\"@type\":\"ListItem\",\"position\":1,\"name\":\"Startseite\",\"item\":\"https:\\\/\\\/www.firestorm.ch\\\/fr\\\/\"},{\"@type\":\"ListItem\",\"position\":2,\"name\":\"\u00c9valuation\"}]},{\"@type\":\"WebSite\",\"@id\":\"https:\\\/\\\/www.firestorm.ch\\\/#website\",\"url\":\"https:\\\/\\\/www.firestorm.ch\\\/\",\"name\":\"FireStorm\",\"description\":\"Webhosting, Domainnamen, Server, Mailserver und Hosting mit Homepagebaukasten und Free SSL Zertifikat\",\"publisher\":{\"@id\":\"https:\\\/\\\/www.firestorm.ch\\\/#organization\"},\"potentialAction\":[{\"@type\":\"SearchAction\",\"target\":{\"@type\":\"EntryPoint\",\"urlTemplate\":\"https:\\\/\\\/www.firestorm.ch\\\/?s={search_term_string}\"},\"query-input\":{\"@type\":\"PropertyValueSpecification\",\"valueRequired\":true,\"valueName\":\"search_term_string\"}}],\"inLanguage\":\"fr-CH\"},{\"@type\":\"Organization\",\"@id\":\"https:\\\/\\\/www.firestorm.ch\\\/#organization\",\"name\":\"FireStorm\",\"url\":\"https:\\\/\\\/www.firestorm.ch\\\/\",\"logo\":{\"@type\":\"ImageObject\",\"inLanguage\":\"fr-CH\",\"@id\":\"https:\\\/\\\/www.firestorm.ch\\\/#\\\/schema\\\/logo\\\/image\\\/\",\"url\":\"https:\\\/\\\/www.firestorm.ch\\\/wp-content\\\/uploads\\\/2026\\\/03\\\/FireStormLogo.png\",\"contentUrl\":\"https:\\\/\\\/www.firestorm.ch\\\/wp-content\\\/uploads\\\/2026\\\/03\\\/FireStormLogo.png\",\"width\":589,\"height\":60,\"caption\":\"FireStorm\"},\"image\":{\"@id\":\"https:\\\/\\\/www.firestorm.ch\\\/#\\\/schema\\\/logo\\\/image\\\/\"},\"sameAs\":[\"https:\\\/\\\/www.facebook.com\\\/firestorm.ch\\\/\"]}]}<\/script>\n<!-- \/ Yoast SEO Premium plugin. -->","yoast_head_json":{"title":"\u00c9valuation - FireStorm ISP","description":"\u00c9valuez FireStorm Hosting : partagez votre exp\u00e9rience avec notre h\u00e9bergement, support et service. Vos retours nous aident \u00e0 progresser.","robots":{"index":"index","follow":"follow","max-snippet":"max-snippet:-1","max-image-preview":"max-image-preview:large","max-video-preview":"max-video-preview:-1"},"canonical":"https:\/\/www.firestorm.ch\/fr\/evaluation\/","og_locale":"fr_FR","og_type":"article","og_title":"\u00c9valuation","og_description":"\u00c9valuez FireStorm Hosting : partagez votre exp\u00e9rience avec notre h\u00e9bergement, support et service. Vos retours nous aident \u00e0 progresser.","og_url":"https:\/\/www.firestorm.ch\/fr\/evaluation\/","og_site_name":"FireStorm ISP","article_publisher":"https:\/\/www.facebook.com\/firestorm.ch\/","article_modified_time":"2025-06-03T12:21:57+00:00","twitter_card":"summary_large_image","twitter_misc":{"Est. reading time":"2 minutes"},"schema":{"@context":"https:\/\/schema.org","@graph":[{"@type":"WebPage","@id":"https:\/\/www.firestorm.ch\/fr\/evaluation\/","url":"https:\/\/www.firestorm.ch\/fr\/evaluation\/","name":"\u00c9valuation - FireStorm ISP","isPartOf":{"@id":"https:\/\/www.firestorm.ch\/#website"},"datePublished":"2025-06-03T12:21:56+00:00","dateModified":"2025-06-03T12:21:57+00:00","description":"\u00c9valuez FireStorm Hosting : partagez votre exp\u00e9rience avec notre h\u00e9bergement, support et service. Vos retours nous aident \u00e0 progresser.","breadcrumb":{"@id":"https:\/\/www.firestorm.ch\/fr\/evaluation\/#breadcrumb"},"inLanguage":"fr-CH","potentialAction":[{"@type":"ReadAction","target":["https:\/\/www.firestorm.ch\/fr\/evaluation\/"]}]},{"@type":"BreadcrumbList","@id":"https:\/\/www.firestorm.ch\/fr\/evaluation\/#breadcrumb","itemListElement":[{"@type":"ListItem","position":1,"name":"Startseite","item":"https:\/\/www.firestorm.ch\/fr\/"},{"@type":"ListItem","position":2,"name":"\u00c9valuation"}]},{"@type":"WebSite","@id":"https:\/\/www.firestorm.ch\/#website","url":"https:\/\/www.firestorm.ch\/","name":"FireStorm","description":"Webhosting, Domainnamen, Server, Mailserver und Hosting mit Homepagebaukasten und Free SSL Zertifikat","publisher":{"@id":"https:\/\/www.firestorm.ch\/#organization"},"potentialAction":[{"@type":"SearchAction","target":{"@type":"EntryPoint","urlTemplate":"https:\/\/www.firestorm.ch\/?s={search_term_string}"},"query-input":{"@type":"PropertyValueSpecification","valueRequired":true,"valueName":"search_term_string"}}],"inLanguage":"fr-CH"},{"@type":"Organization","@id":"https:\/\/www.firestorm.ch\/#organization","name":"FireStorm","url":"https:\/\/www.firestorm.ch\/","logo":{"@type":"ImageObject","inLanguage":"fr-CH","@id":"https:\/\/www.firestorm.ch\/#\/schema\/logo\/image\/","url":"https:\/\/www.firestorm.ch\/wp-content\/uploads\/2026\/03\/FireStormLogo.png","contentUrl":"https:\/\/www.firestorm.ch\/wp-content\/uploads\/2026\/03\/FireStormLogo.png","width":589,"height":60,"caption":"FireStorm"},"image":{"@id":"https:\/\/www.firestorm.ch\/#\/schema\/logo\/image\/"},"sameAs":["https:\/\/www.facebook.com\/firestorm.ch\/"]}]}},"rttpg_featured_image_url":null,"rttpg_author":{"display_name":"FireStorm","author_link":"https:\/\/www.firestorm.ch\/fr\/news\/author\/webkoenig\/"},"rttpg_comment":0,"rttpg_category":" <a href=\"https:\/\/www.firestorm.ch\/fr\/?taxonomy=translation_priority&#038;term=facultatif\" rel=\"tag\">Facultatif<\/a>","rttpg_excerpt":"[vc_row full_width=&#8221;stretch_row_content_no_spaces&#8221; content_placement=&#8221;middle&#8221; wk_overlay=&#8221;true&#8221; css=&#8221;.vc_custom_1748951900690{background-image: url(https:\/\/www.firestorm.ch\/wp-content\/uploads\/2025\/06\/bewertung.png?id=28957) !important;background-position: center !important;background-repeat: no-repeat !important;background-size: cover !important;}&#8221; el_class=&#8221;wk-header&#8221;][vc_column][vc_row_inner][vc_column_inner][vc_separator color=&#8221;custom&#8221; border_width=&#8221;7&#8243; el_width=&#8221;10&#8243; accent_color=&#8221;#197dc8&#8243;][vc_column_text el_class=&#8221;wk-header-text&#8221;] \u00c9valuez-nous Nous sommes heureux de recevoir vos commentaires ! [\/vc_column_text][\/vc_column_inner][\/vc_row_inner][\/vc_column][\/vc_row][vc_row full_width=&#8221;stretch_row&#8221; el_class=&#8221;wk-row-grey&#8221; css=&#8221;.vc_custom_1516377136701{background-color: #eeeeee !important;}&#8221;][vc_column 0=&#8221;&#8221;][vc_row_inner][vc_column_inner width=&#8221;1\/6&#8243;][\/vc_column_inner][vc_column_inner width=&#8221;2\/3&#8243;][vc_column_text el_class=&#8221;wk-large-font&#8221;] Choisissez la plateforme sur laquelle vous souhaitez nous \u00e9valuer [\/vc_column_text][vc_column_text el_class=&#8221;wk-large-font&#8221;][\/vc_column_text][\/vc_column_inner][vc_column_inner width=&#8221;1\/6&#8243;][\/vc_column_inner][\/vc_row_inner][\/vc_column][\/vc_row][vc_row][vc_column][vc_empty_space height=&#8221;40px&#8221;][\/vc_column][\/vc_row][vc_row][vc_column][vc_row_inner][vc_column_inner width=&#8221;1\/3&#8243;][vc_single_image image=&#8221;28891&#8243; img_size=&#8221;200&#215;200&#8243; add_caption=&#8221;yes&#8221;&hellip;","_links":{"self":[{"href":"https:\/\/www.firestorm.ch\/fr\/wp-json\/wp\/v2\/pages\/28965","targetHints":{"allow":["GET"]}}],"collection":[{"href":"https:\/\/www.firestorm.ch\/fr\/wp-json\/wp\/v2\/pages"}],"about":[{"href":"https:\/\/www.firestorm.ch\/fr\/wp-json\/wp\/v2\/types\/page"}],"author":[{"embeddable":true,"href":"https:\/\/www.firestorm.ch\/fr\/wp-json\/wp\/v2\/users\/1"}],"replies":[{"embeddable":true,"href":"https:\/\/www.firestorm.ch\/fr\/wp-json\/wp\/v2\/comments?post=28965"}],"version-history":[{"count":0,"href":"https:\/\/www.firestorm.ch\/fr\/wp-json\/wp\/v2\/pages\/28965\/revisions"}],"wp:attachment":[{"href":"https:\/\/www.firestorm.ch\/fr\/wp-json\/wp\/v2\/media?parent=28965"}],"curies":[{"name":"wp","href":"https:\/\/api.w.org\/{rel}","templated":true}]}}