{"id":28707,"date":"2025-06-02T12:34:33","date_gmt":"2025-06-02T12:34:33","guid":{"rendered":"https:\/\/www.firestorm.ch\/?page_id=28707"},"modified":"2025-06-02T12:34:34","modified_gmt":"2025-06-02T12:34:34","slug":"changelog-2","status":"publish","type":"page","link":"https:\/\/www.firestorm.ch\/fr\/changelog-2\/","title":{"rendered":"Changelog 2024"},"content":{"rendered":"<p>[vc_row full_width=&#8221;stretch_row_content_no_spaces&#8221; content_placement=&#8221;middle&#8221; wk_overlay=&#8221;true&#8221; css=&#8221;.vc_custom_1530191496071{background-image: url(https:\/\/www.firestorm.ch\/wp-content\/uploads\/2018\/06\/immer-auf-neustem-Stand.jpg?id=7495) !important;background-position: center !important;background-repeat: no-repeat !important;background-size: cover !important;}&#8221; el_class=&#8221;wk-header&#8221;][vc_column][vc_row_inner][vc_column_inner][vc_separator color=&#8221;custom&#8221; border_width=&#8221;7&#8243; el_width=&#8221;10&#8243; accent_color=&#8221;#197dc8&#8243;][vc_column_text el_class=&#8221;wk-header-text&#8221;]<\/p>\n<p style=\"text-align: center;\"><strong>Quoi de neuf?<br \/>\n<\/strong><\/p>\n<p style=\"text-align: center;\">Nous te tiendrons au courant<\/p>\n<p>[\/vc_column_text][\/vc_column_inner][\/vc_row_inner][\/vc_column][\/vc_row][vc_row full_width=&#8221;stretch_row&#8221; el_class=&#8221;wk-row&#8221;][vc_column][vc_column_text]<\/p>\n<h4>Tout d&#8217;un coup d&#8217;\u0153il<\/h4>\n<h1>Changelog<\/h1>\n<p>[\/vc_column_text][vc_row_inner][vc_column_inner width=&#8221;1\/6&#8243;]<div class=\"info-item  style2\"><div class=\"icon\"><i class=\"theme-color fas fa-plus-circle\"><\/i><\/div><div class=\"info-item-content\"><div class=\"info-item-desc\"><p>Nouveau<\/p>\n<\/div><\/div><\/div>[\/vc_column_inner][vc_column_inner width=&#8221;1\/6&#8243;]<div class=\"info-item  style2\"><div class=\"icon\"><i class=\"theme-color fas fa-sync\"><\/i><\/div><div class=\"info-item-content\"><div class=\"info-item-desc\"><p>Mise \u00e0 jour<\/p>\n<\/div><\/div><\/div>[\/vc_column_inner][vc_column_inner width=&#8221;1\/6&#8243;]<div class=\"info-item  style2\"><div class=\"icon\"><i class=\"theme-color fas fa-check-circle\"><\/i><\/div><div class=\"info-item-content\"><div class=\"info-item-desc\"><p>D\u00e9pannage<\/p>\n<\/div><\/div><\/div>[\/vc_column_inner][\/vc_row_inner]<div class=\"info-item  style1\"><div class=\"info-item-content\"><div class=\"info-item-desc\"><p style=\"text-align: left;\">Weitere News: <a href=\"https:\/\/www.firestorm.ch\/changelog2023\/\">2023<\/a> <a href=\"https:\/\/www.firestorm.ch\/changelog-2022\/\">2022 <\/a><a href=\"https:\/\/www.firestorm.ch\/changelog-2021\/\">2021<\/a> <a href=\"https:\/\/www.firestorm.ch\/changelog-2020\/\">2020<\/a> <a href=\"https:\/\/www.firestorm.ch\/changelog-2019\/\" rel=\"noopener noreferrer\">2019<\/a><\/p>\n<\/div><\/div><\/div>[\/vc_column][\/vc_row][vc_row][vc_column][vc_empty_space height=&#8221;40px&#8221;]<div class=\"info-item  style2\"><div class=\"icon\"><i class=\"theme-color fas fa-sync-alt\"><\/i><\/div><div class=\"info-item-content\"><h4 class=\"theme-color info-item-title\">PHP Update<\/h4><div class=\"info-item-desc\"><p><strong>01. Septembre 2024<\/strong><\/p>\n<p>PHP 8.2 a \u00e9t\u00e9 mis \u00e0 jour \u00e0 la version 8.2.23.<br \/>\nPHP 8.3 a \u00e9t\u00e9 mis \u00e0 jour \u00e0 la version 8.3.11.<\/p>\n<\/div><\/div><\/div>[vc_empty_space height=&#8221;40px&#8221;]<div class=\"info-item  style2\"><div class=\"icon\"><i class=\"theme-color fas fa-sync-alt\"><\/i><\/div><div class=\"info-item-content\"><h4 class=\"theme-color info-item-title\">PHP Update<\/h4><div class=\"info-item-desc\"><p><strong>05. Ao\u00fbt 2024<\/strong><\/p>\n<p>PHP 8.2 a \u00e9t\u00e9 mis \u00e0 jour \u00e0 la version 8.2.22.<br \/>\nPHP 8.3 a \u00e9t\u00e9 mis \u00e0 jour \u00e0 la version 8.3.10.<\/p>\n<\/div><\/div><\/div>[vc_empty_space height=&#8221;40px&#8221;]<div class=\"info-item  style2\"><div class=\"icon\"><i class=\"theme-color fas fa-sync-alt\"><\/i><\/div><div class=\"info-item-content\"><h4 class=\"theme-color info-item-title\">PHP Update<\/h4><div class=\"info-item-desc\"><p><strong>8. Juillet 2024<\/strong><\/p>\n<p>PHP 8.3 a \u00e9t\u00e9 mis \u00e0 jour \u00e0 la version 8.3.9.<\/p>\n<p>PHP 8.2 a \u00e9t\u00e9 mis \u00e0 jour \u00e0 la version 8.2.21.<\/p>\n<p>\n<\/div><\/div><\/div>[vc_empty_space height=&#8221;40px&#8221;]<div class=\"info-item  style2\"><div class=\"icon\"><i class=\"theme-color fas fa-sync-alt\"><\/i><\/div><div class=\"info-item-content\"><h4 class=\"theme-color info-item-title\">PHP Update<\/h4><div class=\"info-item-desc\"><p><strong>10. Juin 2024<\/strong><\/p>\n<p>PHP 8.3 a \u00e9t\u00e9 mis \u00e0 jour \u00e0 la version 8.3.8.<\/p>\n<p>PHP 8.1 a \u00e9t\u00e9 mis \u00e0 jour \u00e0 la version 8.1.29.<\/p>\n<p>PHP 8.2 a \u00e9t\u00e9 mis \u00e0 jour \u00e0 la version 8.2.20.<\/p>\n<p>\n<\/div><\/div><\/div>[vc_empty_space height=&#8221;40px&#8221;]<div class=\"info-item  style2\"><div class=\"icon\"><i class=\"theme-color fas fa-sync-alt\"><\/i><\/div><div class=\"info-item-content\"><h4 class=\"theme-color info-item-title\">Logiciel de stockage en nuage mis \u00e0 jour<\/h4><div class=\"info-item-desc\"><p><strong>3. Juin 2024<\/strong><\/p>\n<p>Nous avons mis \u00e0 jour notre logiciel de stockage en nuage avec la derni\u00e8re version. La gestion d&#8217;\u00e9quipe Hub8 est d\u00e9sormais disponible.<\/p>\n<\/div><\/div><\/div>[vc_empty_space height=&#8221;40px&#8221;]<div class=\"info-item  style2\"><div class=\"icon\"><i class=\"theme-color fas fa-sync-alt\"><\/i><\/div><div class=\"info-item-content\"><h4 class=\"theme-color info-item-title\">Windows Server Updated<\/h4><div class=\"info-item-desc\"><p><strong>30. Mai 2024<\/strong><\/p>\n<p>Nous avons mis \u00e0 jour tous les serveurs Windows vers ASP .Net 4.8.1.<\/p>\n<\/div><\/div><\/div>[vc_empty_space height=&#8221;40px&#8221;]<div class=\"info-item  style2\"><div class=\"icon\"><i class=\"theme-color fas fa-plus-circle\"><\/i><\/div><div class=\"info-item-content\"><h4 class=\"theme-color info-item-title\">Logiciel de stockage dans le cloud Updated<\/h4><div class=\"info-item-desc\"><p><strong>19. Avril 2024<\/strong><\/p>\n<p>Nous avons am\u00e9lior\u00e9 l&#8217;interface utilisateur, corrig\u00e9 des bugs et ajout\u00e9 de nouvelles fonctionnalit\u00e9s afin d&#8217;optimiser votre exp\u00e9rience.<\/p>\n<\/div><\/div><\/div>[vc_empty_space height=&#8221;40px&#8221;]<div class=\"info-item  style2\"><div class=\"icon\"><i class=\"theme-color fas fa-plus-circle\"><\/i><\/div><div class=\"info-item-content\"><h4 class=\"theme-color info-item-title\">WP Forms<\/h4><div class=\"info-item-desc\"><p><strong>15. Avril 2024<\/strong><\/p>\n<p>WPForms est d\u00e9sormais disponible dans la zone de t\u00e9l\u00e9chargement du portail client. WPForms est l&#8217;un des programmes de cr\u00e9ation de formulaires WordPress les plus puissants du march\u00e9.<\/p>\n<\/div><\/div><\/div>[vc_empty_space height=&#8221;40px&#8221;]<div class=\"info-item  style2\"><div class=\"icon\"><i class=\"theme-color fas fa-plus-circle\"><\/i><\/div><div class=\"info-item-content\"><h4 class=\"theme-color info-item-title\">Paneau d'administration<\/h4><div class=\"info-item-desc\"><p><strong>27. Mars 2024<\/strong><\/p>\n<p>Nous avons repeint le panneau d&#8217;administration admin.firestorm.ch. <\/p>\n<\/div><\/div><\/div>[vc_empty_space height=&#8221;40px&#8221;]<div class=\"info-item  style2\"><div class=\"icon\"><i class=\"theme-color fas fa-plus-circle\"><\/i><\/div><div class=\"info-item-content\"><h4 class=\"theme-color info-item-title\">SiteDesigner - Des descriptions de produits uniques, soutenues par l'IA<\/h4><div class=\"info-item-desc\"><p><strong>15. Mars 2024<\/strong><\/p>\n<p>Nous sommes heureux de pr\u00e9senter une fonctionnalit\u00e9 r\u00e9volutionnaire qui utilise l&#8217;intelligence artificielle pour g\u00e9n\u00e9rer automatiquement des descriptions de produits uniques. Cette innovation permet aux entreprises de pr\u00e9senter leurs produits de mani\u00e8re plus efficace et plus attrayante, ce qui se traduit par des taux de conversion plus \u00e9lev\u00e9s et une plus grande fid\u00e9lisation des clients. Gr\u00e2ce \u00e0 cette solution automatis\u00e9e, les entreprises peuvent se concentrer sur des t\u00e2ches cr\u00e9atives et strat\u00e9giques, tout en garantissant la qualit\u00e9 et la pertinence de leurs descriptions de produits.<\/p>\n<p>Version 1.0.0<\/p>\n<ul>\n<li><strong>Introduction de descriptions de produits guid\u00e9es par l&#8217;IA<\/strong>: G\u00e9n\u00e9ration automatique de descriptions uniques et convaincantes pour chaque produit.<\/li>\n<li><strong>Am\u00e9lioration de la repr\u00e9sentation des produits<\/strong>: des descriptions individuelles bas\u00e9es sur des caract\u00e9ristiques et des propri\u00e9t\u00e9s uniques.<\/li>\n<li><strong>Am\u00e9liortion du r\u00e9f\u00e9rencement<\/strong>: positionnement et visibilit\u00e9 plus \u00e9lev\u00e9s gr\u00e2ce \u00e0 des contenus pertinents et uniques.<\/li>\n<li><strong>Gain de temps<\/strong>: l&#8217;automatisation r\u00e9duit la charge de travail manuel pour les descriptions.<\/li>\n<li><strong>Possibilit\u00e9s de personnalisation<\/strong>: Adaptation flexible de la langue, du ton et du style \u00e0 l&#8217;identit\u00e9 de la marque.<\/li>\n<li><strong>Feedback souhait\u00e9<\/strong>: am\u00e9lioration continue bas\u00e9e sur le feedback des utilisateurs.<\/li>\n<li><strong>Mises \u00e0 jour continues<\/strong>: autres am\u00e9liorations pr\u00e9vues pour les versions futures.<\/li>\n<li><strong>Correction de bugs et optimisation des perfomances<\/strong>: Pour une exp\u00e9rience utilisateur sans faille.<\/li>\n<\/ul>\n<p>\n<\/div><\/div><\/div>[vc_empty_space height=&#8221;40px&#8221;]<div class=\"info-item  style2\"><div class=\"icon\"><i class=\"theme-color fas fa-sync\"><\/i><\/div><div class=\"info-item-content\"><h4 class=\"theme-color info-item-title\">Redirection de domaine<\/h4><div class=\"info-item-desc\"><p><strong>15. Mars 2024<\/strong><\/p>\n<p>Nous avons \u00e9tendu et optimis\u00e9 notre redirection de domaine gratuite.<\/p>\n<p>\n<\/div><\/div><\/div>[vc_empty_space height=&#8221;40px&#8221;]<div class=\"info-item  style2\"><div class=\"icon\"><i class=\"theme-color fas fa-sync\"><\/i><\/div><div class=\"info-item-content\"><h4 class=\"theme-color info-item-title\">MariaDB 10.11<\/h4><div class=\"info-item-desc\"><p><strong>28. F\u00e9vrier 2024<\/strong><\/p>\n<p>MariaDB 10.11 a \u00e9t\u00e9 activ\u00e9 dans tous les packs d&#8217;h\u00e9bergement Linux, ce qui signifie une augmentation de la s\u00e9curit\u00e9 et de la vitesse pour tous les sites web.<\/p>\n<\/div><\/div><\/div>[vc_empty_space height=&#8221;40px&#8221;]<div class=\"info-item  style2\"><div class=\"icon\"><i class=\"theme-color fas fa-sync\"><\/i><\/div><div class=\"info-item-content\"><h4 class=\"theme-color info-item-title\">SMS<\/h4><div class=\"info-item-desc\"><p><strong>15. F\u00e9vrier 2024<\/strong><\/p>\n<p>D\u00e8s maintenant, tu trouveras dans l&#8217;interface d&#8217;administration le journal d&#8217;envoi pour les SMS. Tu peux ainsi v\u00e9rifier le statut de tous tes messages SMS.<\/p>\n<\/div><\/div><\/div>[vc_empty_space height=&#8221;40px&#8221;]<div class=\"info-item  style2\"><div class=\"icon\"><i class=\"theme-color fas fa-sync\"><\/i><\/div><div class=\"info-item-content\"><h4 class=\"theme-color info-item-title\">PHP Update<\/h4><div class=\"info-item-desc\"><p><strong>2. Janvier 2024<\/strong><\/p>\n<p>PHP 8.3 a \u00e9t\u00e9 mis \u00e0 jour \u00e0 la version 8.3.1.<\/p>\n<\/div><\/div><\/div>[vc_empty_space height=&#8221;40px&#8221;][\/vc_column][\/vc_row]<\/p>\n","protected":false},"excerpt":{"rendered":"<p>[vc_row full_width=&#8221;stretch_row_content_no_spaces&#8221; content_placement=&#8221;middle&#8221; wk_overlay=&#8221;true&#8221; css=&#8221;.vc_custom_1530191496071{background-image: url(https:\/\/www.firestorm.ch\/wp-content\/uploads\/2018\/06\/immer-auf-neustem-Stand.jpg?id=7495) !important;background-position: center !important;background-repeat: no-repeat !important;background-size: cover !important;}&#8221; el_class=&#8221;wk-header&#8221;][vc_column][vc_row_inner][vc_column_inner][vc_separator color=&#8221;custom&#8221; border_width=&#8221;7&#8243; el_width=&#8221;10&#8243; accent_color=&#8221;#197dc8&#8243;][vc_column_text el_class=&#8221;wk-header-text&#8221;] Quoi de neuf? Nous te tiendrons au courant [\/vc_column_text][\/vc_column_inner][\/vc_row_inner][\/vc_column][\/vc_row][vc_row full_width=&#8221;stretch_row&#8221; el_class=&#8221;wk-row&#8221;][vc_column][vc_column_text] Tout d&#8217;un coup d&#8217;\u0153il Changelog [\/vc_column_text][vc_row_inner][vc_column_inner width=&#8221;1\/6&#8243;][\/vc_column_inner][vc_column_inner width=&#8221;1\/6&#8243;][\/vc_column_inner][vc_column_inner width=&#8221;1\/6&#8243;][\/vc_column_inner][\/vc_row_inner][\/vc_column][\/vc_row][vc_row][vc_column][vc_empty_space height=&#8221;40px&#8221;][vc_empty_space height=&#8221;40px&#8221;][vc_empty_space height=&#8221;40px&#8221;][vc_empty_space height=&#8221;40px&#8221;][vc_empty_space height=&#8221;40px&#8221;][vc_empty_space height=&#8221;40px&#8221;][vc_empty_space height=&#8221;40px&#8221;][vc_empty_space height=&#8221;40px&#8221;][vc_empty_space height=&#8221;40px&#8221;][vc_empty_space height=&#8221;40px&#8221;][vc_empty_space height=&#8221;40px&#8221;][vc_empty_space height=&#8221;40px&#8221;][vc_empty_space height=&#8221;40px&#8221;][vc_empty_space height=&#8221;40px&#8221;][vc_empty_space height=&#8221;40px&#8221;][\/vc_column][\/vc_row]<\/p>\n","protected":false},"author":1,"featured_media":0,"parent":0,"menu_order":0,"comment_status":"closed","ping_status":"closed","template":"","meta":{"_relevanssi_hide_post":"","_relevanssi_pin_for_all":"","_relevanssi_pin_keywords":"","_relevanssi_unpin_keywords":"","_relevanssi_related_keywords":"","_relevanssi_related_include_ids":"","_relevanssi_related_exclude_ids":"","_relevanssi_related_no_append":"","_relevanssi_related_not_related":"","_relevanssi_related_posts":"","_relevanssi_noindex_reason":"","footnotes":""},"class_list":["post-28707","page","type-page","status-publish","hentry"],"yoast_head":"<!-- This site is optimized with the Yoast SEO Premium plugin v27.1 (Yoast SEO v27.3) - https:\/\/yoast.com\/product\/yoast-seo-premium-wordpress\/ -->\n<title>Changelog 2024 - Aper\u00e7u de tous les changements - FireStorm ISP de Zurich<\/title>\n<meta name=\"description\" content=\"Liste des principales modifications, nouveaut\u00e9s et mises \u00e0 jour de FireStorm dans le domaine de l&#039;h\u00e9bergement, des serveurs, des domaines, des serveurs racine, du SiteDesigner et bien plus encore.\" \/>\n<meta name=\"robots\" content=\"index, follow, max-snippet:-1, max-image-preview:large, max-video-preview:-1\" \/>\n<link rel=\"canonical\" href=\"https:\/\/www.firestorm.ch\/fr\/changelog-2\/\" \/>\n<meta property=\"og:locale\" content=\"fr_FR\" \/>\n<meta property=\"og:type\" content=\"article\" \/>\n<meta property=\"og:title\" content=\"Changelog 2024\" \/>\n<meta property=\"og:description\" content=\"Liste des principales modifications, nouveaut\u00e9s et mises \u00e0 jour de FireStorm dans le domaine de l&#039;h\u00e9bergement, des serveurs, des domaines, des serveurs racine, du SiteDesigner et bien plus encore.\" \/>\n<meta property=\"og:url\" content=\"https:\/\/www.firestorm.ch\/fr\/changelog-2\/\" \/>\n<meta property=\"og:site_name\" content=\"FireStorm ISP\" \/>\n<meta property=\"article:publisher\" content=\"https:\/\/www.facebook.com\/firestorm.ch\/\" \/>\n<meta property=\"article:modified_time\" content=\"2025-06-02T12:34:34+00:00\" \/>\n<meta name=\"twitter:card\" content=\"summary_large_image\" \/>\n<meta name=\"twitter:label1\" content=\"Est. reading time\" \/>\n\t<meta name=\"twitter:data1\" content=\"5 minutes\" \/>\n<script type=\"application\/ld+json\" class=\"yoast-schema-graph\">{\"@context\":\"https:\\\/\\\/schema.org\",\"@graph\":[{\"@type\":\"WebPage\",\"@id\":\"https:\\\/\\\/www.firestorm.ch\\\/fr\\\/changelog-2\\\/\",\"url\":\"https:\\\/\\\/www.firestorm.ch\\\/fr\\\/changelog-2\\\/\",\"name\":\"Changelog 2024 - Aper\u00e7u de tous les changements - FireStorm ISP de Zurich\",\"isPartOf\":{\"@id\":\"https:\\\/\\\/www.firestorm.ch\\\/#website\"},\"datePublished\":\"2025-06-02T12:34:33+00:00\",\"dateModified\":\"2025-06-02T12:34:34+00:00\",\"description\":\"Liste des principales modifications, nouveaut\u00e9s et mises \u00e0 jour de FireStorm dans le domaine de l'h\u00e9bergement, des serveurs, des domaines, des serveurs racine, du SiteDesigner et bien plus encore.\",\"breadcrumb\":{\"@id\":\"https:\\\/\\\/www.firestorm.ch\\\/fr\\\/changelog-2\\\/#breadcrumb\"},\"inLanguage\":\"fr-CH\",\"potentialAction\":[{\"@type\":\"ReadAction\",\"target\":[\"https:\\\/\\\/www.firestorm.ch\\\/fr\\\/changelog-2\\\/\"]}]},{\"@type\":\"BreadcrumbList\",\"@id\":\"https:\\\/\\\/www.firestorm.ch\\\/fr\\\/changelog-2\\\/#breadcrumb\",\"itemListElement\":[{\"@type\":\"ListItem\",\"position\":1,\"name\":\"Startseite\",\"item\":\"https:\\\/\\\/www.firestorm.ch\\\/fr\\\/\"},{\"@type\":\"ListItem\",\"position\":2,\"name\":\"Changelog 2024\"}]},{\"@type\":\"WebSite\",\"@id\":\"https:\\\/\\\/www.firestorm.ch\\\/#website\",\"url\":\"https:\\\/\\\/www.firestorm.ch\\\/\",\"name\":\"FireStorm\",\"description\":\"Webhosting, Domainnamen, Server, Mailserver und Hosting mit Homepagebaukasten und Free SSL Zertifikat\",\"publisher\":{\"@id\":\"https:\\\/\\\/www.firestorm.ch\\\/#organization\"},\"potentialAction\":[{\"@type\":\"SearchAction\",\"target\":{\"@type\":\"EntryPoint\",\"urlTemplate\":\"https:\\\/\\\/www.firestorm.ch\\\/?s={search_term_string}\"},\"query-input\":{\"@type\":\"PropertyValueSpecification\",\"valueRequired\":true,\"valueName\":\"search_term_string\"}}],\"inLanguage\":\"fr-CH\"},{\"@type\":\"Organization\",\"@id\":\"https:\\\/\\\/www.firestorm.ch\\\/#organization\",\"name\":\"FireStorm\",\"url\":\"https:\\\/\\\/www.firestorm.ch\\\/\",\"logo\":{\"@type\":\"ImageObject\",\"inLanguage\":\"fr-CH\",\"@id\":\"https:\\\/\\\/www.firestorm.ch\\\/#\\\/schema\\\/logo\\\/image\\\/\",\"url\":\"https:\\\/\\\/www.firestorm.ch\\\/wp-content\\\/uploads\\\/2026\\\/03\\\/FireStormLogo.png\",\"contentUrl\":\"https:\\\/\\\/www.firestorm.ch\\\/wp-content\\\/uploads\\\/2026\\\/03\\\/FireStormLogo.png\",\"width\":589,\"height\":60,\"caption\":\"FireStorm\"},\"image\":{\"@id\":\"https:\\\/\\\/www.firestorm.ch\\\/#\\\/schema\\\/logo\\\/image\\\/\"},\"sameAs\":[\"https:\\\/\\\/www.facebook.com\\\/firestorm.ch\\\/\"]}]}<\/script>\n<!-- \/ Yoast SEO Premium plugin. -->","yoast_head_json":{"title":"Changelog 2024 - Aper\u00e7u de tous les changements - FireStorm ISP de Zurich","description":"Liste des principales modifications, nouveaut\u00e9s et mises \u00e0 jour de FireStorm dans le domaine de l'h\u00e9bergement, des serveurs, des domaines, des serveurs racine, du SiteDesigner et bien plus encore.","robots":{"index":"index","follow":"follow","max-snippet":"max-snippet:-1","max-image-preview":"max-image-preview:large","max-video-preview":"max-video-preview:-1"},"canonical":"https:\/\/www.firestorm.ch\/fr\/changelog-2\/","og_locale":"fr_FR","og_type":"article","og_title":"Changelog 2024","og_description":"Liste des principales modifications, nouveaut\u00e9s et mises \u00e0 jour de FireStorm dans le domaine de l'h\u00e9bergement, des serveurs, des domaines, des serveurs racine, du SiteDesigner et bien plus encore.","og_url":"https:\/\/www.firestorm.ch\/fr\/changelog-2\/","og_site_name":"FireStorm ISP","article_publisher":"https:\/\/www.facebook.com\/firestorm.ch\/","article_modified_time":"2025-06-02T12:34:34+00:00","twitter_card":"summary_large_image","twitter_misc":{"Est. reading time":"5 minutes"},"schema":{"@context":"https:\/\/schema.org","@graph":[{"@type":"WebPage","@id":"https:\/\/www.firestorm.ch\/fr\/changelog-2\/","url":"https:\/\/www.firestorm.ch\/fr\/changelog-2\/","name":"Changelog 2024 - Aper\u00e7u de tous les changements - FireStorm ISP de Zurich","isPartOf":{"@id":"https:\/\/www.firestorm.ch\/#website"},"datePublished":"2025-06-02T12:34:33+00:00","dateModified":"2025-06-02T12:34:34+00:00","description":"Liste des principales modifications, nouveaut\u00e9s et mises \u00e0 jour de FireStorm dans le domaine de l'h\u00e9bergement, des serveurs, des domaines, des serveurs racine, du SiteDesigner et bien plus encore.","breadcrumb":{"@id":"https:\/\/www.firestorm.ch\/fr\/changelog-2\/#breadcrumb"},"inLanguage":"fr-CH","potentialAction":[{"@type":"ReadAction","target":["https:\/\/www.firestorm.ch\/fr\/changelog-2\/"]}]},{"@type":"BreadcrumbList","@id":"https:\/\/www.firestorm.ch\/fr\/changelog-2\/#breadcrumb","itemListElement":[{"@type":"ListItem","position":1,"name":"Startseite","item":"https:\/\/www.firestorm.ch\/fr\/"},{"@type":"ListItem","position":2,"name":"Changelog 2024"}]},{"@type":"WebSite","@id":"https:\/\/www.firestorm.ch\/#website","url":"https:\/\/www.firestorm.ch\/","name":"FireStorm","description":"Webhosting, Domainnamen, Server, Mailserver und Hosting mit Homepagebaukasten und Free SSL Zertifikat","publisher":{"@id":"https:\/\/www.firestorm.ch\/#organization"},"potentialAction":[{"@type":"SearchAction","target":{"@type":"EntryPoint","urlTemplate":"https:\/\/www.firestorm.ch\/?s={search_term_string}"},"query-input":{"@type":"PropertyValueSpecification","valueRequired":true,"valueName":"search_term_string"}}],"inLanguage":"fr-CH"},{"@type":"Organization","@id":"https:\/\/www.firestorm.ch\/#organization","name":"FireStorm","url":"https:\/\/www.firestorm.ch\/","logo":{"@type":"ImageObject","inLanguage":"fr-CH","@id":"https:\/\/www.firestorm.ch\/#\/schema\/logo\/image\/","url":"https:\/\/www.firestorm.ch\/wp-content\/uploads\/2026\/03\/FireStormLogo.png","contentUrl":"https:\/\/www.firestorm.ch\/wp-content\/uploads\/2026\/03\/FireStormLogo.png","width":589,"height":60,"caption":"FireStorm"},"image":{"@id":"https:\/\/www.firestorm.ch\/#\/schema\/logo\/image\/"},"sameAs":["https:\/\/www.facebook.com\/firestorm.ch\/"]}]}},"rttpg_featured_image_url":null,"rttpg_author":{"display_name":"FireStorm","author_link":"https:\/\/www.firestorm.ch\/fr\/news\/author\/webkoenig\/"},"rttpg_comment":0,"rttpg_category":" <a href=\"https:\/\/www.firestorm.ch\/fr\/?taxonomy=translation_priority&#038;term=facultatif\" rel=\"tag\">Facultatif<\/a>","rttpg_excerpt":"[vc_row full_width=&#8221;stretch_row_content_no_spaces&#8221; content_placement=&#8221;middle&#8221; wk_overlay=&#8221;true&#8221; css=&#8221;.vc_custom_1530191496071{background-image: url(https:\/\/www.firestorm.ch\/wp-content\/uploads\/2018\/06\/immer-auf-neustem-Stand.jpg?id=7495) !important;background-position: center !important;background-repeat: no-repeat !important;background-size: cover !important;}&#8221; el_class=&#8221;wk-header&#8221;][vc_column][vc_row_inner][vc_column_inner][vc_separator color=&#8221;custom&#8221; border_width=&#8221;7&#8243; el_width=&#8221;10&#8243; accent_color=&#8221;#197dc8&#8243;][vc_column_text el_class=&#8221;wk-header-text&#8221;] Quoi de neuf? Nous te tiendrons au courant [\/vc_column_text][\/vc_column_inner][\/vc_row_inner][\/vc_column][\/vc_row][vc_row full_width=&#8221;stretch_row&#8221; el_class=&#8221;wk-row&#8221;][vc_column][vc_column_text] Tout d&#8217;un coup d&#8217;\u0153il Changelog [\/vc_column_text][vc_row_inner][vc_column_inner width=&#8221;1\/6&#8243;][\/vc_column_inner][vc_column_inner width=&#8221;1\/6&#8243;][\/vc_column_inner][vc_column_inner width=&#8221;1\/6&#8243;][\/vc_column_inner][\/vc_row_inner][\/vc_column][\/vc_row][vc_row][vc_column][vc_empty_space height=&#8221;40px&#8221;][vc_empty_space height=&#8221;40px&#8221;][vc_empty_space height=&#8221;40px&#8221;][vc_empty_space height=&#8221;40px&#8221;][vc_empty_space height=&#8221;40px&#8221;][vc_empty_space height=&#8221;40px&#8221;][vc_empty_space height=&#8221;40px&#8221;][vc_empty_space height=&#8221;40px&#8221;][vc_empty_space height=&#8221;40px&#8221;][vc_empty_space height=&#8221;40px&#8221;][vc_empty_space height=&#8221;40px&#8221;][vc_empty_space height=&#8221;40px&#8221;][vc_empty_space height=&#8221;40px&#8221;][vc_empty_space height=&#8221;40px&#8221;][vc_empty_space height=&#8221;40px&#8221;][\/vc_column][\/vc_row]","_links":{"self":[{"href":"https:\/\/www.firestorm.ch\/fr\/wp-json\/wp\/v2\/pages\/28707","targetHints":{"allow":["GET"]}}],"collection":[{"href":"https:\/\/www.firestorm.ch\/fr\/wp-json\/wp\/v2\/pages"}],"about":[{"href":"https:\/\/www.firestorm.ch\/fr\/wp-json\/wp\/v2\/types\/page"}],"author":[{"embeddable":true,"href":"https:\/\/www.firestorm.ch\/fr\/wp-json\/wp\/v2\/users\/1"}],"replies":[{"embeddable":true,"href":"https:\/\/www.firestorm.ch\/fr\/wp-json\/wp\/v2\/comments?post=28707"}],"version-history":[{"count":0,"href":"https:\/\/www.firestorm.ch\/fr\/wp-json\/wp\/v2\/pages\/28707\/revisions"}],"wp:attachment":[{"href":"https:\/\/www.firestorm.ch\/fr\/wp-json\/wp\/v2\/media?parent=28707"}],"curies":[{"name":"wp","href":"https:\/\/api.w.org\/{rel}","templated":true}]}}