{"id":26828,"date":"2024-06-12T14:08:18","date_gmt":"2024-06-12T14:08:18","guid":{"rendered":"https:\/\/www.firestorm.ch\/?page_id=26828"},"modified":"2024-06-12T15:03:27","modified_gmt":"2024-06-12T15:03:27","slug":"changelog2023","status":"publish","type":"page","link":"https:\/\/www.firestorm.ch\/fr\/changelog2023\/","title":{"rendered":"Changelog 2023"},"content":{"rendered":"<p>[vc_row full_width=&#8221;stretch_row_content_no_spaces&#8221; content_placement=&#8221;middle&#8221; wk_overlay=&#8221;true&#8221; css=&#8221;.vc_custom_1530191496071{background-image: url(https:\/\/www.firestorm.ch\/wp-content\/uploads\/2018\/06\/immer-auf-neustem-Stand.jpg?id=7495) !important;background-position: center !important;background-repeat: no-repeat !important;background-size: cover !important;}&#8221; el_class=&#8221;wk-header&#8221;][vc_column][vc_row_inner][vc_column_inner][vc_separator color=&#8221;custom&#8221; border_width=&#8221;7&#8243; el_width=&#8221;10&#8243; accent_color=&#8221;#197dc8&#8243;][vc_column_text el_class=&#8221;wk-header-text&#8221;]<\/p>\n<p style=\"text-align: center;\"><strong>Comment \u00e7a va ?<\/strong><\/p>\n<p style=\"text-align: center;\">Nous te tenons au courant<\/p>\n<p>[\/vc_column_text][\/vc_column_inner][\/vc_row_inner][\/vc_column][\/vc_row][vc_row full_width=&#8221;stretch_row&#8221; el_class=&#8221;wk-row&#8221;][vc_column][vc_column_text]<\/p>\n<h4>Alles auf einen Blick<\/h4>\n<h1>Changelog<\/h1>\n<p>[\/vc_column_text][vc_row_inner][vc_column_inner width=&#8221;1\/6&#8243;]<div class=\"info-item  style2\"><div class=\"icon\"><i class=\"theme-color fas fa-plus-circle\"><\/i><\/div><div class=\"info-item-content\"><div class=\"info-item-desc\"><p>Nouveau<\/p>\n<\/div><\/div><\/div>[\/vc_column_inner][vc_column_inner width=&#8221;1\/6&#8243;]<div class=\"info-item  style2\"><div class=\"icon\"><i class=\"theme-color fas fa-sync\"><\/i><\/div><div class=\"info-item-content\"><div class=\"info-item-desc\"><p>Mise \u00e0 jour<\/p>\n<\/div><\/div><\/div>[\/vc_column_inner][vc_column_inner width=&#8221;1\/6&#8243;]<div class=\"info-item  style2\"><div class=\"icon\"><i class=\"theme-color fas fa-check-circle\"><\/i><\/div><div class=\"info-item-content\"><div class=\"info-item-desc\"><p>D\u00e9pannage<\/p>\n<\/div><\/div><\/div>[\/vc_column_inner][\/vc_row_inner]<div class=\"info-item  style1\"><div class=\"info-item-content\"><div class=\"info-item-desc\"><p style=\"text-align: left;\"><a href=\"https:\/\/www.firestorm.ch\/fr\/changelog-2022\/\">Autres nouvelles : 2022 <\/a><a href=\"https:\/\/www.firestorm.ch\/fr\/changelog-2021\/\">2021<\/a> <a href=\"https:\/\/www.firestorm.ch\/fr\/changelog-2020\/\">2020<\/a> <a href=\"https:\/\/www.firestorm.ch\/fr\/changelog-2019\/\" rel=\"noopener noreferrer\">2019<\/a><\/p>\n<\/div><\/div><\/div>[\/vc_column][\/vc_row][vc_row][vc_column]<div class=\"info-item  style2\"><div class=\"icon\"><i class=\"theme-color fas fa-sync\"><\/i><\/div><div class=\"info-item-content\"><h4 class=\"theme-color info-item-title\">Mise \u00e0 jour SiteDesigner<\/h4><div class=\"info-item-desc\"><p><strong>13. September 2023<\/strong><\/p>\n<p>Nous sommes heureux de pr\u00e9senter une nouvelle fonctionnalit\u00e9 qui permet aux utilisateurs d&#8217;ajouter plus facilement des tableaux \u00e0 chaque zone de texte. Pour ce faire, il existe deux possibilit\u00e9s simples.<\/p>\n<ul>\n<li><strong>Il suffit de cliquer sur l&#8217;ic\u00f4ne &#8220;Tableau&#8221; dans n&#8217;importe quel bloc de texte pour ins\u00e9rer un tableau avec autant de lignes ou de colonnes que vous le souhaitez.<\/strong><\/li>\n<li><strong>Copier et coller des donn\u00e9es \u00e0 partir d&#8217;une feuille de calcul &#8211; Les utilisateurs peuvent simplement se rendre dans une feuille de calcul, s\u00e9lectionner le texte souhait\u00e9, cliquer dans le bloc de la feuille de calcul et coller le texte.<\/strong><\/li>\n<\/ul>\n<p>&nbsp;<\/p>\n<div style=\"width: 1024px;\" class=\"wp-video\"><video class=\"wp-video-shortcode\" id=\"video-26828-1\" width=\"1024\" height=\"576\" preload=\"metadata\" controls=\"controls\"><source type=\"video\/mp4\" src=\"https:\/\/www.firestorm.ch\/wp-content\/uploads\/2023\/09\/Add-text-block.mp4?_=1\" \/><a href=\"https:\/\/www.firestorm.ch\/wp-content\/uploads\/2023\/09\/Add-text-block.mp4\">https:\/\/www.firestorm.ch\/wp-content\/uploads\/2023\/09\/Add-text-block.mp4<\/a><\/video><\/div>\n<p>\n<\/div><\/div><\/div>[vc_empty_space height=&#8221;40px&#8221;]<div class=\"info-item  style2\"><div class=\"icon\"><i class=\"theme-color fas fa-sync\"><\/i><\/div><div class=\"info-item-content\"><h4 class=\"theme-color info-item-title\">API DNS Mis \u00e0 jour<\/h4><div class=\"info-item-desc\"><p><strong>16. September 2023<\/strong><\/p>\n<p>Nous avons mis \u00e0 jour l&#8217;API DNS \u00e0 la version b\u00eata 0.5 et corrig\u00e9 quelques petites erreurs. De plus, la page KB a \u00e9t\u00e9 compl\u00e8tement remani\u00e9e et toutes les fonctions d\u00e9crites en d\u00e9tail :<a href=\"https:\/\/www.firestorm.ch\/fr\/kb\/api-dns\/\" target=\"_blank\" rel=\"noopener\"> https:\/\/www.firestorm.ch\/kb\/dns-api\/<\/a><\/p>\n<p>Si vous avez d&#8217;autres souhaits, n&#8217;h\u00e9sitez pas \u00e0 nous en faire part.<\/p>\n<\/div><\/div><\/div>[vc_empty_space height=&#8221;40px&#8221;]<div class=\"info-item  style2\"><div class=\"icon\"><i class=\"theme-color fas fa-sync\"><\/i><\/div><div class=\"info-item-content\"><h4 class=\"theme-color info-item-title\">Mise \u00e0 jour SiteDesigner<\/h4><div class=\"info-item-desc\"><p><strong>01. Septembre 2023<\/strong><\/p>\n<p>Les clients peuvent d\u00e9sormais ajouter des messages \u00e0 leur commande dans la boutique SiteDesigner.<\/p>\n<p><img decoding=\"async\" class=\" wp-image-25998 alignleft\" src=\"https:\/\/www.firestorm.ch\/wp-content\/uploads\/2023\/09\/Screenshot-2023-09-01-090203-300x266.png\" alt=\"\" width=\"968\" height=\"858\" srcset=\"https:\/\/www.firestorm.ch\/wp-content\/uploads\/2023\/09\/Screenshot-2023-09-01-090203-300x266.png 300w, https:\/\/www.firestorm.ch\/wp-content\/uploads\/2023\/09\/Screenshot-2023-09-01-090203-1024x907.png 1024w, https:\/\/www.firestorm.ch\/wp-content\/uploads\/2023\/09\/Screenshot-2023-09-01-090203-768x680.png 768w, https:\/\/www.firestorm.ch\/wp-content\/uploads\/2023\/09\/Screenshot-2023-09-01-090203.png 1181w\" sizes=\"(max-width: 968px) 100vw, 968px\" \/><\/p>\n<\/div><\/div><\/div>[vc_empty_space height=&#8221;40px&#8221;]<div class=\"info-item  style2\"><div class=\"icon\"><i class=\"theme-color fas fa-sync\"><\/i><\/div><div class=\"info-item-content\"><h4 class=\"theme-color info-item-title\">Mise \u00e0 jour SiteDesigner<\/h4><div class=\"info-item-desc\"><p><strong>31. Ao\u00fbt 2023<\/strong><\/p>\n<p>Il est d\u00e9sormais possible d&#8217;activer ou de d\u00e9sactiver les pop-ups dans les images.<\/p>\n<p><img decoding=\"async\" class=\" wp-image-25979 alignnone\" src=\"https:\/\/www.firestorm.ch\/wp-content\/uploads\/2023\/08\/Screenshot-2023-08-31-140126-300x131.png\" alt=\"\" width=\"923\" height=\"403\" srcset=\"https:\/\/www.firestorm.ch\/wp-content\/uploads\/2023\/08\/Screenshot-2023-08-31-140126-300x131.png 300w, https:\/\/www.firestorm.ch\/wp-content\/uploads\/2023\/08\/Screenshot-2023-08-31-140126-1024x447.png 1024w, https:\/\/www.firestorm.ch\/wp-content\/uploads\/2023\/08\/Screenshot-2023-08-31-140126-768x335.png 768w, https:\/\/www.firestorm.ch\/wp-content\/uploads\/2023\/08\/Screenshot-2023-08-31-140126-1536x671.png 1536w, https:\/\/www.firestorm.ch\/wp-content\/uploads\/2023\/08\/Screenshot-2023-08-31-140126-2048x894.png 2048w\" sizes=\"(max-width: 923px) 100vw, 923px\" \/><\/p>\n<\/div><\/div><\/div>[vc_empty_space height=&#8221;40px&#8221;]<div class=\"info-item  style2\"><div class=\"icon\"><i class=\"theme-color fas fa-sync\"><\/i><\/div><div class=\"info-item-content\"><h4 class=\"theme-color info-item-title\">Mise \u00e0 jour Plesk<\/h4><div class=\"info-item-desc\"><p><strong>15. Ao\u00fbt 2023<\/strong><\/p>\n<p>Nouvelle interface Plesk Dashboard :<\/p>\n<p><strong>Quoi de neuf ?<\/strong><\/p>\n<ul>\n<li><strong>Design moderne:<\/strong> une interface plus fra\u00eeche et plus intuitive avec une navigation facilit\u00e9e.<\/li>\n<li><strong>Am\u00e9lioration des performances:<\/strong> temps de chargement plus rapides et interaction optimis\u00e9e.<\/li>\n<li><strong>Nouvelles fonctionnalit\u00e9s:<\/strong> des fonctionnalit\u00e9s avanc\u00e9es pour un travail plus efficace et un meilleur contr\u00f4le.<\/li>\n<\/ul>\n<p><img decoding=\"async\" class=\" wp-image-25963 aligncenter\" src=\"https:\/\/www.firestorm.ch\/wp-content\/uploads\/2023\/08\/Unbenannt-300x247.png\" alt=\"\" width=\"1076\" height=\"885\" srcset=\"https:\/\/www.firestorm.ch\/wp-content\/uploads\/2023\/08\/Unbenannt-300x247.png 300w, https:\/\/www.firestorm.ch\/wp-content\/uploads\/2023\/08\/Unbenannt-1024x843.png 1024w, https:\/\/www.firestorm.ch\/wp-content\/uploads\/2023\/08\/Unbenannt-768x632.png 768w, https:\/\/www.firestorm.ch\/wp-content\/uploads\/2023\/08\/Unbenannt.png 1263w\" sizes=\"(max-width: 1076px) 100vw, 1076px\" \/><\/p>\n<\/div><\/div><\/div>[vc_empty_space height=&#8221;40px&#8221;]<div class=\"info-item  style2\"><div class=\"icon\"><i class=\"theme-color fas fa-plus-circle\"><\/i><\/div><div class=\"info-item-content\"><h4 class=\"theme-color info-item-title\">VServer<\/h4><div class=\"info-item-desc\"><p><strong>10. Ao\u00fbt 2023<\/strong><\/p>\n<p>D\u00e8s maintenant sur tous les VServer :<\/p>\n<p>Notifications : Envoyer des notifications par e-mail d\u00e8s qu&#8217;une ressource sp\u00e9cifique est d\u00e9pass\u00e9e.<\/p>\n<p>T\u00e2ches d&#8217;alimentation des machines virtuelles : Permet de red\u00e9marrer, d&#8217;\u00e9teindre ou de mettre en route ton serveur \u00e0 une heure donn\u00e9e.<\/p>\n<\/div><\/div><\/div>[vc_empty_space height=&#8221;40px&#8221;]<div class=\"info-item  style2\"><div class=\"icon\"><i class=\"theme-color fas fa-sync\"><\/i><\/div><div class=\"info-item-content\"><h4 class=\"theme-color info-item-title\">SiteBooking Logo<\/h4><div class=\"info-item-desc\"><p><strong>13. Juillet 2023<\/strong><\/p>\n<p>Lorsqu&#8217;une commande est pass\u00e9e, le logo de l&#8217;entreprise ajout\u00e9 aux donn\u00e9es commerciales appara\u00eet sur les pages de confirmation de r\u00e9servation et dans tous les e-mails envoy\u00e9s aux clients.<\/p>\n<\/div><\/div><\/div>[vc_empty_space height=&#8221;40px&#8221;]<div class=\"info-item  style2\"><div class=\"icon\"><i class=\"theme-color fas fa-sync\"><\/i><\/div><div class=\"info-item-content\"><h4 class=\"theme-color info-item-title\">Mise \u00e0 jour PHP<\/h4><div class=\"info-item-desc\"><p><strong>10. janvier 2023<\/strong><\/p>\n<p>PHP 8.2 a \u00e9t\u00e9 mis \u00e0 jour \u00e0 la version 8.2.1.<\/p>\n<p>PHP 8.1 a \u00e9t\u00e9 mis \u00e0 jour \u00e0 la version 8.1.14.<\/p>\n<p>PHP 8.0 a \u00e9t\u00e9 mis \u00e0 jour \u00e0 la version 8.0.27.<\/p>\n<\/div><\/div><\/div>[vc_empty_space height=&#8221;40px&#8221;]<div class=\"info-item  style2\"><div class=\"icon\"><i class=\"theme-color fas fa-sync\"><\/i><\/div><div class=\"info-item-content\"><h4 class=\"theme-color info-item-title\">Mise \u00e0 jour PHP<\/h4><div class=\"info-item-desc\"><p><strong>11. D\u00e9cembre 2023<\/strong><\/p>\n<p>PHP 8.3 a \u00e9t\u00e9 activ\u00e9 sur tous les serveurs. Toujours actif exclusivement sur FireStorm :<\/p>\n<p>PHP 8.2<br \/>\nPHP 8.1<br \/>\nPHP 8.0<br \/>\nPHP 7.4<br \/>\nPHP 7.3<br \/>\nPHP 7.2<br \/>\nPHP 7.1<br \/>\nPHP 7.0<br \/>\nPHP 5.6<\/p>\n<\/div><\/div><\/div>[vc_empty_space height=&#8221;40px&#8221;][\/vc_column][\/vc_row]<\/p>\n","protected":false},"excerpt":{"rendered":"<p>[vc_row full_width=&#8221;stretch_row_content_no_spaces&#8221; content_placement=&#8221;middle&#8221; wk_overlay=&#8221;true&#8221; css=&#8221;.vc_custom_1530191496071{background-image: url(https:\/\/www.firestorm.ch\/wp-content\/uploads\/2018\/06\/immer-auf-neustem-Stand.jpg?id=7495) !important;background-position: center !important;background-repeat: no-repeat !important;background-size: cover !important;}&#8221; el_class=&#8221;wk-header&#8221;][vc_column][vc_row_inner][vc_column_inner][vc_separator color=&#8221;custom&#8221; border_width=&#8221;7&#8243; el_width=&#8221;10&#8243; accent_color=&#8221;#197dc8&#8243;][vc_column_text el_class=&#8221;wk-header-text&#8221;] Comment \u00e7a va ? Nous te tenons au courant [\/vc_column_text][\/vc_column_inner][\/vc_row_inner][\/vc_column][\/vc_row][vc_row full_width=&#8221;stretch_row&#8221; el_class=&#8221;wk-row&#8221;][vc_column][vc_column_text] Alles auf einen Blick Changelog [\/vc_column_text][vc_row_inner][vc_column_inner width=&#8221;1\/6&#8243;][\/vc_column_inner][vc_column_inner width=&#8221;1\/6&#8243;][\/vc_column_inner][vc_column_inner width=&#8221;1\/6&#8243;][\/vc_column_inner][\/vc_row_inner][\/vc_column][\/vc_row][vc_row][vc_column][vc_empty_space height=&#8221;40px&#8221;][vc_empty_space height=&#8221;40px&#8221;][vc_empty_space height=&#8221;40px&#8221;][vc_empty_space height=&#8221;40px&#8221;][vc_empty_space height=&#8221;40px&#8221;][vc_empty_space height=&#8221;40px&#8221;][vc_empty_space height=&#8221;40px&#8221;][vc_empty_space height=&#8221;40px&#8221;][vc_empty_space height=&#8221;40px&#8221;][\/vc_column][\/vc_row]<\/p>\n","protected":false},"author":1,"featured_media":0,"parent":0,"menu_order":0,"comment_status":"closed","ping_status":"closed","template":"","meta":{"_relevanssi_hide_post":"","_relevanssi_pin_for_all":"","_relevanssi_pin_keywords":"","_relevanssi_unpin_keywords":"","_relevanssi_related_keywords":"","_relevanssi_related_include_ids":"","_relevanssi_related_exclude_ids":"","_relevanssi_related_no_append":"","_relevanssi_related_not_related":"","_relevanssi_related_posts":"","_relevanssi_noindex_reason":"","footnotes":""},"class_list":["post-26828","page","type-page","status-publish","hentry"],"yoast_head":"<!-- This site is optimized with the Yoast SEO Premium plugin v27.1 (Yoast SEO v27.4) - https:\/\/yoast.com\/product\/yoast-seo-premium-wordpress\/ -->\n<title>Changelog 2023 - Aper\u00e7u de tous les changements - FireStorm ISP de Zurich<\/title>\n<meta name=\"description\" content=\"Liste des principales modifications, nouveaut\u00e9s et mises \u00e0 jour de FireStorm dans le domaine de l&#039;h\u00e9bergement, des serveurs, des domaines, des serveurs racine, du SiteDesigner et bien plus encore.\" \/>\n<meta name=\"robots\" content=\"index, follow, max-snippet:-1, max-image-preview:large, max-video-preview:-1\" \/>\n<link rel=\"canonical\" href=\"https:\/\/www.firestorm.ch\/fr\/changelog2023\/\" \/>\n<meta property=\"og:locale\" content=\"fr_FR\" \/>\n<meta property=\"og:type\" content=\"article\" \/>\n<meta property=\"og:title\" content=\"Changelog 2023\" \/>\n<meta property=\"og:description\" content=\"Liste des principales modifications, nouveaut\u00e9s et mises \u00e0 jour de FireStorm dans le domaine de l&#039;h\u00e9bergement, des serveurs, des domaines, des serveurs racine, du SiteDesigner et bien plus encore.\" \/>\n<meta property=\"og:url\" content=\"https:\/\/www.firestorm.ch\/fr\/changelog2023\/\" \/>\n<meta property=\"og:site_name\" content=\"FireStorm ISP\" \/>\n<meta property=\"article:publisher\" content=\"https:\/\/www.facebook.com\/firestorm.ch\/\" \/>\n<meta property=\"article:modified_time\" content=\"2024-06-12T15:03:27+00:00\" \/>\n<meta property=\"og:image\" content=\"https:\/\/www.firestorm.ch\/wp-content\/uploads\/2023\/09\/Screenshot-2023-09-01-090203.png\" \/>\n\t<meta property=\"og:image:width\" content=\"1181\" \/>\n\t<meta property=\"og:image:height\" content=\"1046\" \/>\n\t<meta property=\"og:image:type\" content=\"image\/png\" \/>\n<meta name=\"twitter:card\" content=\"summary_large_image\" \/>\n<meta name=\"twitter:label1\" content=\"Est. reading time\" \/>\n\t<meta name=\"twitter:data1\" content=\"4 minutes\" \/>\n<script type=\"application\/ld+json\" class=\"yoast-schema-graph\">{\"@context\":\"https:\\\/\\\/schema.org\",\"@graph\":[{\"@type\":\"WebPage\",\"@id\":\"https:\\\/\\\/www.firestorm.ch\\\/fr\\\/changelog2023\\\/\",\"url\":\"https:\\\/\\\/www.firestorm.ch\\\/fr\\\/changelog2023\\\/\",\"name\":\"Changelog 2023 - Aper\u00e7u de tous les changements - FireStorm ISP de Zurich\",\"isPartOf\":{\"@id\":\"https:\\\/\\\/www.firestorm.ch\\\/#website\"},\"primaryImageOfPage\":{\"@id\":\"https:\\\/\\\/www.firestorm.ch\\\/fr\\\/changelog2023\\\/#primaryimage\"},\"image\":{\"@id\":\"https:\\\/\\\/www.firestorm.ch\\\/fr\\\/changelog2023\\\/#primaryimage\"},\"thumbnailUrl\":\"https:\\\/\\\/www.firestorm.ch\\\/wp-content\\\/uploads\\\/2023\\\/09\\\/Screenshot-2023-09-01-090203-300x266.png\",\"datePublished\":\"2024-06-12T14:08:18+00:00\",\"dateModified\":\"2024-06-12T15:03:27+00:00\",\"description\":\"Liste des principales modifications, nouveaut\u00e9s et mises \u00e0 jour de FireStorm dans le domaine de l'h\u00e9bergement, des serveurs, des domaines, des serveurs racine, du SiteDesigner et bien plus encore.\",\"breadcrumb\":{\"@id\":\"https:\\\/\\\/www.firestorm.ch\\\/fr\\\/changelog2023\\\/#breadcrumb\"},\"inLanguage\":\"fr-CH\",\"potentialAction\":[{\"@type\":\"ReadAction\",\"target\":[\"https:\\\/\\\/www.firestorm.ch\\\/fr\\\/changelog2023\\\/\"]}]},{\"@type\":\"ImageObject\",\"inLanguage\":\"fr-CH\",\"@id\":\"https:\\\/\\\/www.firestorm.ch\\\/fr\\\/changelog2023\\\/#primaryimage\",\"url\":\"https:\\\/\\\/www.firestorm.ch\\\/wp-content\\\/uploads\\\/2023\\\/09\\\/Screenshot-2023-09-01-090203-300x266.png\",\"contentUrl\":\"https:\\\/\\\/www.firestorm.ch\\\/wp-content\\\/uploads\\\/2023\\\/09\\\/Screenshot-2023-09-01-090203-300x266.png\"},{\"@type\":\"BreadcrumbList\",\"@id\":\"https:\\\/\\\/www.firestorm.ch\\\/fr\\\/changelog2023\\\/#breadcrumb\",\"itemListElement\":[{\"@type\":\"ListItem\",\"position\":1,\"name\":\"Startseite\",\"item\":\"https:\\\/\\\/www.firestorm.ch\\\/fr\\\/\"},{\"@type\":\"ListItem\",\"position\":2,\"name\":\"Changelog 2023\"}]},{\"@type\":\"WebSite\",\"@id\":\"https:\\\/\\\/www.firestorm.ch\\\/#website\",\"url\":\"https:\\\/\\\/www.firestorm.ch\\\/\",\"name\":\"FireStorm\",\"description\":\"Webhosting, Domainnamen, Server, Mailserver und Hosting mit Homepagebaukasten und Free SSL Zertifikat\",\"publisher\":{\"@id\":\"https:\\\/\\\/www.firestorm.ch\\\/#organization\"},\"potentialAction\":[{\"@type\":\"SearchAction\",\"target\":{\"@type\":\"EntryPoint\",\"urlTemplate\":\"https:\\\/\\\/www.firestorm.ch\\\/?s={search_term_string}\"},\"query-input\":{\"@type\":\"PropertyValueSpecification\",\"valueRequired\":true,\"valueName\":\"search_term_string\"}}],\"inLanguage\":\"fr-CH\"},{\"@type\":\"Organization\",\"@id\":\"https:\\\/\\\/www.firestorm.ch\\\/#organization\",\"name\":\"FireStorm\",\"url\":\"https:\\\/\\\/www.firestorm.ch\\\/\",\"logo\":{\"@type\":\"ImageObject\",\"inLanguage\":\"fr-CH\",\"@id\":\"https:\\\/\\\/www.firestorm.ch\\\/#\\\/schema\\\/logo\\\/image\\\/\",\"url\":\"https:\\\/\\\/www.firestorm.ch\\\/wp-content\\\/uploads\\\/2026\\\/03\\\/FireStormLogo.png\",\"contentUrl\":\"https:\\\/\\\/www.firestorm.ch\\\/wp-content\\\/uploads\\\/2026\\\/03\\\/FireStormLogo.png\",\"width\":589,\"height\":60,\"caption\":\"FireStorm\"},\"image\":{\"@id\":\"https:\\\/\\\/www.firestorm.ch\\\/#\\\/schema\\\/logo\\\/image\\\/\"},\"sameAs\":[\"https:\\\/\\\/www.facebook.com\\\/firestorm.ch\\\/\"]}]}<\/script>\n<!-- \/ Yoast SEO Premium plugin. -->","yoast_head_json":{"title":"Changelog 2023 - Aper\u00e7u de tous les changements - FireStorm ISP de Zurich","description":"Liste des principales modifications, nouveaut\u00e9s et mises \u00e0 jour de FireStorm dans le domaine de l'h\u00e9bergement, des serveurs, des domaines, des serveurs racine, du SiteDesigner et bien plus encore.","robots":{"index":"index","follow":"follow","max-snippet":"max-snippet:-1","max-image-preview":"max-image-preview:large","max-video-preview":"max-video-preview:-1"},"canonical":"https:\/\/www.firestorm.ch\/fr\/changelog2023\/","og_locale":"fr_FR","og_type":"article","og_title":"Changelog 2023","og_description":"Liste des principales modifications, nouveaut\u00e9s et mises \u00e0 jour de FireStorm dans le domaine de l'h\u00e9bergement, des serveurs, des domaines, des serveurs racine, du SiteDesigner et bien plus encore.","og_url":"https:\/\/www.firestorm.ch\/fr\/changelog2023\/","og_site_name":"FireStorm ISP","article_publisher":"https:\/\/www.facebook.com\/firestorm.ch\/","article_modified_time":"2024-06-12T15:03:27+00:00","og_image":[{"width":1181,"height":1046,"url":"https:\/\/www.firestorm.ch\/wp-content\/uploads\/2023\/09\/Screenshot-2023-09-01-090203.png","type":"image\/png"}],"twitter_card":"summary_large_image","twitter_misc":{"Est. reading time":"4 minutes"},"schema":{"@context":"https:\/\/schema.org","@graph":[{"@type":"WebPage","@id":"https:\/\/www.firestorm.ch\/fr\/changelog2023\/","url":"https:\/\/www.firestorm.ch\/fr\/changelog2023\/","name":"Changelog 2023 - Aper\u00e7u de tous les changements - FireStorm ISP de Zurich","isPartOf":{"@id":"https:\/\/www.firestorm.ch\/#website"},"primaryImageOfPage":{"@id":"https:\/\/www.firestorm.ch\/fr\/changelog2023\/#primaryimage"},"image":{"@id":"https:\/\/www.firestorm.ch\/fr\/changelog2023\/#primaryimage"},"thumbnailUrl":"https:\/\/www.firestorm.ch\/wp-content\/uploads\/2023\/09\/Screenshot-2023-09-01-090203-300x266.png","datePublished":"2024-06-12T14:08:18+00:00","dateModified":"2024-06-12T15:03:27+00:00","description":"Liste des principales modifications, nouveaut\u00e9s et mises \u00e0 jour de FireStorm dans le domaine de l'h\u00e9bergement, des serveurs, des domaines, des serveurs racine, du SiteDesigner et bien plus encore.","breadcrumb":{"@id":"https:\/\/www.firestorm.ch\/fr\/changelog2023\/#breadcrumb"},"inLanguage":"fr-CH","potentialAction":[{"@type":"ReadAction","target":["https:\/\/www.firestorm.ch\/fr\/changelog2023\/"]}]},{"@type":"ImageObject","inLanguage":"fr-CH","@id":"https:\/\/www.firestorm.ch\/fr\/changelog2023\/#primaryimage","url":"https:\/\/www.firestorm.ch\/wp-content\/uploads\/2023\/09\/Screenshot-2023-09-01-090203-300x266.png","contentUrl":"https:\/\/www.firestorm.ch\/wp-content\/uploads\/2023\/09\/Screenshot-2023-09-01-090203-300x266.png"},{"@type":"BreadcrumbList","@id":"https:\/\/www.firestorm.ch\/fr\/changelog2023\/#breadcrumb","itemListElement":[{"@type":"ListItem","position":1,"name":"Startseite","item":"https:\/\/www.firestorm.ch\/fr\/"},{"@type":"ListItem","position":2,"name":"Changelog 2023"}]},{"@type":"WebSite","@id":"https:\/\/www.firestorm.ch\/#website","url":"https:\/\/www.firestorm.ch\/","name":"FireStorm","description":"Webhosting, Domainnamen, Server, Mailserver und Hosting mit Homepagebaukasten und Free SSL Zertifikat","publisher":{"@id":"https:\/\/www.firestorm.ch\/#organization"},"potentialAction":[{"@type":"SearchAction","target":{"@type":"EntryPoint","urlTemplate":"https:\/\/www.firestorm.ch\/?s={search_term_string}"},"query-input":{"@type":"PropertyValueSpecification","valueRequired":true,"valueName":"search_term_string"}}],"inLanguage":"fr-CH"},{"@type":"Organization","@id":"https:\/\/www.firestorm.ch\/#organization","name":"FireStorm","url":"https:\/\/www.firestorm.ch\/","logo":{"@type":"ImageObject","inLanguage":"fr-CH","@id":"https:\/\/www.firestorm.ch\/#\/schema\/logo\/image\/","url":"https:\/\/www.firestorm.ch\/wp-content\/uploads\/2026\/03\/FireStormLogo.png","contentUrl":"https:\/\/www.firestorm.ch\/wp-content\/uploads\/2026\/03\/FireStormLogo.png","width":589,"height":60,"caption":"FireStorm"},"image":{"@id":"https:\/\/www.firestorm.ch\/#\/schema\/logo\/image\/"},"sameAs":["https:\/\/www.facebook.com\/firestorm.ch\/"]}]}},"rttpg_featured_image_url":null,"rttpg_author":{"display_name":"FireStorm","author_link":"https:\/\/www.firestorm.ch\/fr\/news\/author\/webkoenig\/"},"rttpg_comment":0,"rttpg_category":" <a href=\"https:\/\/www.firestorm.ch\/fr\/?taxonomy=translation_priority&#038;term=facultatif\" rel=\"tag\">Facultatif<\/a><a href=\"https:\/\/www.firestorm.ch\/?taxonomy=translation_priority&#038;term=optional\" rel=\"tag\">Optional<\/a>","rttpg_excerpt":"[vc_row full_width=&#8221;stretch_row_content_no_spaces&#8221; content_placement=&#8221;middle&#8221; wk_overlay=&#8221;true&#8221; css=&#8221;.vc_custom_1530191496071{background-image: url(https:\/\/www.firestorm.ch\/wp-content\/uploads\/2018\/06\/immer-auf-neustem-Stand.jpg?id=7495) !important;background-position: center !important;background-repeat: no-repeat !important;background-size: cover !important;}&#8221; el_class=&#8221;wk-header&#8221;][vc_column][vc_row_inner][vc_column_inner][vc_separator color=&#8221;custom&#8221; border_width=&#8221;7&#8243; el_width=&#8221;10&#8243; accent_color=&#8221;#197dc8&#8243;][vc_column_text el_class=&#8221;wk-header-text&#8221;] Comment \u00e7a va ? Nous te tenons au courant [\/vc_column_text][\/vc_column_inner][\/vc_row_inner][\/vc_column][\/vc_row][vc_row full_width=&#8221;stretch_row&#8221; el_class=&#8221;wk-row&#8221;][vc_column][vc_column_text] Alles auf einen Blick Changelog [\/vc_column_text][vc_row_inner][vc_column_inner width=&#8221;1\/6&#8243;][\/vc_column_inner][vc_column_inner width=&#8221;1\/6&#8243;][\/vc_column_inner][vc_column_inner width=&#8221;1\/6&#8243;][\/vc_column_inner][\/vc_row_inner][\/vc_column][\/vc_row][vc_row][vc_column][vc_empty_space height=&#8221;40px&#8221;][vc_empty_space height=&#8221;40px&#8221;][vc_empty_space height=&#8221;40px&#8221;][vc_empty_space height=&#8221;40px&#8221;][vc_empty_space height=&#8221;40px&#8221;][vc_empty_space height=&#8221;40px&#8221;][vc_empty_space height=&#8221;40px&#8221;][vc_empty_space height=&#8221;40px&#8221;][vc_empty_space height=&#8221;40px&#8221;][\/vc_column][\/vc_row]","_links":{"self":[{"href":"https:\/\/www.firestorm.ch\/fr\/wp-json\/wp\/v2\/pages\/26828","targetHints":{"allow":["GET"]}}],"collection":[{"href":"https:\/\/www.firestorm.ch\/fr\/wp-json\/wp\/v2\/pages"}],"about":[{"href":"https:\/\/www.firestorm.ch\/fr\/wp-json\/wp\/v2\/types\/page"}],"author":[{"embeddable":true,"href":"https:\/\/www.firestorm.ch\/fr\/wp-json\/wp\/v2\/users\/1"}],"replies":[{"embeddable":true,"href":"https:\/\/www.firestorm.ch\/fr\/wp-json\/wp\/v2\/comments?post=26828"}],"version-history":[{"count":0,"href":"https:\/\/www.firestorm.ch\/fr\/wp-json\/wp\/v2\/pages\/26828\/revisions"}],"wp:attachment":[{"href":"https:\/\/www.firestorm.ch\/fr\/wp-json\/wp\/v2\/media?parent=26828"}],"curies":[{"name":"wp","href":"https:\/\/api.w.org\/{rel}","templated":true}]}}