{"id":26507,"date":"2024-01-04T16:26:50","date_gmt":"2024-01-04T16:26:50","guid":{"rendered":"https:\/\/www.firestorm.ch\/?page_id=26507"},"modified":"2024-01-23T08:50:13","modified_gmt":"2024-01-23T08:50:13","slug":"transfertdeclients","status":"publish","type":"page","link":"https:\/\/www.firestorm.ch\/fr\/transfertdeclients\/","title":{"rendered":"Transfert De Clients"},"content":{"rendered":"<p>[vc_row full_width=&#8221;stretch_row_content_no_spaces&#8221; content_placement=&#8221;middle&#8221; wk_overlay=&#8221;true&#8221; css=&#8221;.vc_custom_1704361756211{background-image: url(https:\/\/www.firestorm.ch\/wp-content\/uploads\/2024\/01\/maranda-vandergriff-7aakZdIl4vg-unsplash-scaled.jpg?id=26517) !important;background-position: center !important;background-repeat: no-repeat !important;background-size: cover !important;}&#8221; el_class=&#8221;wk-header&#8221;][vc_column][vc_row_inner][vc_column_inner][vc_separator color=&#8221;custom&#8221; border_width=&#8221;7&#8243; el_width=&#8221;10&#8243; accent_color=&#8221;#197dc8&#8243;][vc_column_text el_class=&#8221;wk-header-text&#8221;]<\/p>\n<p style=\"text-align: center;\"><strong>Transfert De Clients En Toute Transparence<\/strong><\/p>\n<p style=\"text-align: center;\">Un avenir s\u00fbr pour tes clients chez FireStormFormulaire de transfert de client<\/p>\n<p>[\/vc_column_text][\/vc_column_inner][\/vc_row_inner][\/vc_column][\/vc_row][vc_row full_width=&#8221;stretch_row&#8221; el_class=&#8221;wk-row-grey&#8221; css=&#8221;.vc_custom_1516377136701{background-color: #eeeeee !important;}&#8221;][vc_column 0=&#8221;&#8221; width=&#8221;1\/6&#8243;][\/vc_column][vc_column width=&#8221;2\/3&#8243;][vc_column_text el_class=&#8221;wk-large-font&#8221;]<\/p>\n<h4>Transfert de Clients<\/h4>\n<h1>Une Transition En Douceur En Cas De Cessation D&#8217;activit\u00e9<\/h1>\n<p>[\/vc_column_text][vc_column_text el_class=&#8221;wk-large-font&#8221;]Si tu ne peux plus t&#8217;occuper de tes clients d&#8217;h\u00e9bergement ou si tu entames une nouvelle \u00e9tape de ta vie, nous te soutenons volontiers. Quel que soit le fournisseur chez qui tu es actuellement, nous reprenons volontiers ta client\u00e8le et te soutenons lors de la transition. Outre la reprise technique, nous accordons une grande importance \u00e0 un service client\u00e8le fiable et personnalis\u00e9. N&#8217;h\u00e9site pas \u00e0 nous contacter et \u00e0 veiller ensemble \u00e0 ce que le suivi de ta client\u00e8le se poursuive sans probl\u00e8me.[\/vc_column_text][\/vc_column][vc_column width=&#8221;1\/6&#8243;][\/vc_column][\/vc_row][vc_row full_width=&#8221;stretch_row&#8221; el_class=&#8221;wk-row&#8221;][vc_column][vc_column_text el_class=&#8221;wk-large-font&#8221;]<\/p>\n<h4>Nous Te Soutenons<\/h4>\n<h1>Que signifie pour toi un transfert de client\u00e8le ?<\/h1>\n<p>Si tu t&#8217;occupes actuellement d&#8217;un site web ou d&#8217;un service en ligne et que tu ne souhaites plus poursuivre ces t\u00e2ches pour des raisons personnelles, FireStorm te propose de le faire \u00e0 ta place. Qu&#8217;il s&#8217;agisse d&#8217;un d\u00e9sir de partir \u00e0 la retraite ou en cas d&#8217;accident, de maladie ou d&#8217;autres \u00e9v\u00e9nements impr\u00e9vus, nous nous occupons de l&#8217;assistance de tes clients et du bon fonctionnement du service.<\/p>\n<p>Cela signifie que nous nous assurons que tes services continuent \u00e0 fonctionner sans probl\u00e8me et que tes clients continuent \u00e0 \u00eatre servis au mieux. Nous veillons donc \u00e0 ce que tout se poursuive sans probl\u00e8me. En bref, c&#8217;est comme un simple changement de personne de contact pour tes clients. Si tu souhaites parler de ton transfert de client\u00e8le ou si tu as besoin de plus d&#8217;informations, nous nous tenons volontiers \u00e0 ta disposition chez FireStorm. Tu es int\u00e9ress\u00e9(e)? Contacte-nous via le formulaire de contact ci-dessous, par t\u00e9l\u00e9phone ou par e-mail.[\/vc_column_text][\/vc_column][\/vc_row][vc_row full_width=&#8221;stretch_row&#8221; el_class=&#8221;wk-row-grey&#8221; el_id=&#8221;callback&#8221;][vc_column width=&#8221;1\/4&#8243;][\/vc_column][vc_column width=&#8221;1\/2&#8243;][vc_column_text el_class=&#8221;wk-header-text&#8221;]<\/p>\n<h2>Formulaire de contact pour le transfert de clients<\/h2>\n<p>[\/vc_column_text][vc_empty_space][contact-form-7 id=&#8221;26512&#8243;][\/vc_column][vc_column width=&#8221;1\/4&#8243;][\/vc_column][\/vc_row]<\/p>\n","protected":false},"excerpt":{"rendered":"<p>[vc_row full_width=&#8221;stretch_row_content_no_spaces&#8221; content_placement=&#8221;middle&#8221; wk_overlay=&#8221;true&#8221; css=&#8221;.vc_custom_1704361756211{background-image: url(https:\/\/www.firestorm.ch\/wp-content\/uploads\/2024\/01\/maranda-vandergriff-7aakZdIl4vg-unsplash-scaled.jpg?id=26517) !important;background-position: center !important;background-repeat: no-repeat !important;background-size: cover !important;}&#8221; el_class=&#8221;wk-header&#8221;][vc_column][vc_row_inner][vc_column_inner][vc_separator color=&#8221;custom&#8221; border_width=&#8221;7&#8243; el_width=&#8221;10&#8243; accent_color=&#8221;#197dc8&#8243;][vc_column_text el_class=&#8221;wk-header-text&#8221;] Transfert De Clients En Toute Transparence Un avenir s\u00fbr pour tes clients chez FireStormFormulaire de transfert de client [\/vc_column_text][\/vc_column_inner][\/vc_row_inner][\/vc_column][\/vc_row][vc_row full_width=&#8221;stretch_row&#8221; el_class=&#8221;wk-row-grey&#8221; css=&#8221;.vc_custom_1516377136701{background-color: #eeeeee !important;}&#8221;][vc_column 0=&#8221;&#8221; width=&#8221;1\/6&#8243;][\/vc_column][vc_column width=&#8221;2\/3&#8243;][vc_column_text el_class=&#8221;wk-large-font&#8221;] Transfert de Clients Une Transition En Douceur En [&hellip;]<\/p>\n","protected":false},"author":1,"featured_media":0,"parent":0,"menu_order":0,"comment_status":"closed","ping_status":"closed","template":"","meta":{"_relevanssi_hide_post":"","_relevanssi_pin_for_all":"","_relevanssi_pin_keywords":"","_relevanssi_unpin_keywords":"","_relevanssi_related_keywords":"","_relevanssi_related_include_ids":"","_relevanssi_related_exclude_ids":"","_relevanssi_related_no_append":"","_relevanssi_related_not_related":"","_relevanssi_related_posts":"","_relevanssi_noindex_reason":"","footnotes":""},"class_list":["post-26507","page","type-page","status-publish","hentry"],"yoast_head":"<!-- This site is optimized with the Yoast SEO Premium plugin v27.1 (Yoast SEO v27.4) - https:\/\/yoast.com\/product\/yoast-seo-premium-wordpress\/ -->\n<title>Transfert De Clients - FireStorm ISP<\/title>\n<meta name=\"description\" content=\"Wenn Sie mehr \u00fcber unsere Services erfahren, Hosting bestellen oder Fragen stellen m\u00f6chten, k\u00f6nnen Sie uns gerne anrufen, uns eine E-Mail senden oder....\" \/>\n<meta name=\"robots\" content=\"index, follow, max-snippet:-1, max-image-preview:large, max-video-preview:-1\" \/>\n<link rel=\"canonical\" href=\"https:\/\/www.firestorm.ch\/fr\/transfertdeclients\/\" \/>\n<meta property=\"og:locale\" content=\"fr_FR\" \/>\n<meta property=\"og:type\" content=\"article\" \/>\n<meta property=\"og:title\" content=\"Transfert De Clients\" \/>\n<meta property=\"og:description\" content=\"Wenn Sie mehr \u00fcber unsere Services erfahren, Hosting bestellen oder Fragen stellen m\u00f6chten, k\u00f6nnen Sie uns gerne anrufen, uns eine E-Mail senden oder....\" \/>\n<meta property=\"og:url\" content=\"https:\/\/www.firestorm.ch\/fr\/transfertdeclients\/\" \/>\n<meta property=\"og:site_name\" content=\"FireStorm ISP\" \/>\n<meta property=\"article:publisher\" content=\"https:\/\/www.facebook.com\/firestorm.ch\/\" \/>\n<meta property=\"article:modified_time\" content=\"2024-01-23T08:50:13+00:00\" \/>\n<meta name=\"twitter:card\" content=\"summary_large_image\" \/>\n<meta name=\"twitter:label1\" content=\"Est. reading time\" \/>\n\t<meta name=\"twitter:data1\" content=\"2 minutes\" \/>\n<script type=\"application\/ld+json\" class=\"yoast-schema-graph\">{\"@context\":\"https:\\\/\\\/schema.org\",\"@graph\":[{\"@type\":\"WebPage\",\"@id\":\"https:\\\/\\\/www.firestorm.ch\\\/fr\\\/transfertdeclients\\\/\",\"url\":\"https:\\\/\\\/www.firestorm.ch\\\/fr\\\/transfertdeclients\\\/\",\"name\":\"Transfert De Clients - FireStorm ISP\",\"isPartOf\":{\"@id\":\"https:\\\/\\\/www.firestorm.ch\\\/#website\"},\"datePublished\":\"2024-01-04T16:26:50+00:00\",\"dateModified\":\"2024-01-23T08:50:13+00:00\",\"description\":\"Wenn Sie mehr \u00fcber unsere Services erfahren, Hosting bestellen oder Fragen stellen m\u00f6chten, k\u00f6nnen Sie uns gerne anrufen, uns eine E-Mail senden oder....\",\"breadcrumb\":{\"@id\":\"https:\\\/\\\/www.firestorm.ch\\\/fr\\\/transfertdeclients\\\/#breadcrumb\"},\"inLanguage\":\"fr-CH\",\"potentialAction\":[{\"@type\":\"ReadAction\",\"target\":[\"https:\\\/\\\/www.firestorm.ch\\\/fr\\\/transfertdeclients\\\/\"]}]},{\"@type\":\"BreadcrumbList\",\"@id\":\"https:\\\/\\\/www.firestorm.ch\\\/fr\\\/transfertdeclients\\\/#breadcrumb\",\"itemListElement\":[{\"@type\":\"ListItem\",\"position\":1,\"name\":\"Startseite\",\"item\":\"https:\\\/\\\/www.firestorm.ch\\\/fr\\\/\"},{\"@type\":\"ListItem\",\"position\":2,\"name\":\"Transfert De Clients\"}]},{\"@type\":\"WebSite\",\"@id\":\"https:\\\/\\\/www.firestorm.ch\\\/#website\",\"url\":\"https:\\\/\\\/www.firestorm.ch\\\/\",\"name\":\"FireStorm\",\"description\":\"Webhosting, Domainnamen, Server, Mailserver und Hosting mit Homepagebaukasten und Free SSL Zertifikat\",\"publisher\":{\"@id\":\"https:\\\/\\\/www.firestorm.ch\\\/#organization\"},\"potentialAction\":[{\"@type\":\"SearchAction\",\"target\":{\"@type\":\"EntryPoint\",\"urlTemplate\":\"https:\\\/\\\/www.firestorm.ch\\\/?s={search_term_string}\"},\"query-input\":{\"@type\":\"PropertyValueSpecification\",\"valueRequired\":true,\"valueName\":\"search_term_string\"}}],\"inLanguage\":\"fr-CH\"},{\"@type\":\"Organization\",\"@id\":\"https:\\\/\\\/www.firestorm.ch\\\/#organization\",\"name\":\"FireStorm\",\"url\":\"https:\\\/\\\/www.firestorm.ch\\\/\",\"logo\":{\"@type\":\"ImageObject\",\"inLanguage\":\"fr-CH\",\"@id\":\"https:\\\/\\\/www.firestorm.ch\\\/#\\\/schema\\\/logo\\\/image\\\/\",\"url\":\"https:\\\/\\\/www.firestorm.ch\\\/wp-content\\\/uploads\\\/2026\\\/03\\\/FireStormLogo.png\",\"contentUrl\":\"https:\\\/\\\/www.firestorm.ch\\\/wp-content\\\/uploads\\\/2026\\\/03\\\/FireStormLogo.png\",\"width\":589,\"height\":60,\"caption\":\"FireStorm\"},\"image\":{\"@id\":\"https:\\\/\\\/www.firestorm.ch\\\/#\\\/schema\\\/logo\\\/image\\\/\"},\"sameAs\":[\"https:\\\/\\\/www.facebook.com\\\/firestorm.ch\\\/\"]}]}<\/script>\n<!-- \/ Yoast SEO Premium plugin. -->","yoast_head_json":{"title":"Transfert De Clients - FireStorm ISP","description":"Wenn Sie mehr \u00fcber unsere Services erfahren, Hosting bestellen oder Fragen stellen m\u00f6chten, k\u00f6nnen Sie uns gerne anrufen, uns eine E-Mail senden oder....","robots":{"index":"index","follow":"follow","max-snippet":"max-snippet:-1","max-image-preview":"max-image-preview:large","max-video-preview":"max-video-preview:-1"},"canonical":"https:\/\/www.firestorm.ch\/fr\/transfertdeclients\/","og_locale":"fr_FR","og_type":"article","og_title":"Transfert De Clients","og_description":"Wenn Sie mehr \u00fcber unsere Services erfahren, Hosting bestellen oder Fragen stellen m\u00f6chten, k\u00f6nnen Sie uns gerne anrufen, uns eine E-Mail senden oder....","og_url":"https:\/\/www.firestorm.ch\/fr\/transfertdeclients\/","og_site_name":"FireStorm ISP","article_publisher":"https:\/\/www.facebook.com\/firestorm.ch\/","article_modified_time":"2024-01-23T08:50:13+00:00","twitter_card":"summary_large_image","twitter_misc":{"Est. reading time":"2 minutes"},"schema":{"@context":"https:\/\/schema.org","@graph":[{"@type":"WebPage","@id":"https:\/\/www.firestorm.ch\/fr\/transfertdeclients\/","url":"https:\/\/www.firestorm.ch\/fr\/transfertdeclients\/","name":"Transfert De Clients - FireStorm ISP","isPartOf":{"@id":"https:\/\/www.firestorm.ch\/#website"},"datePublished":"2024-01-04T16:26:50+00:00","dateModified":"2024-01-23T08:50:13+00:00","description":"Wenn Sie mehr \u00fcber unsere Services erfahren, Hosting bestellen oder Fragen stellen m\u00f6chten, k\u00f6nnen Sie uns gerne anrufen, uns eine E-Mail senden oder....","breadcrumb":{"@id":"https:\/\/www.firestorm.ch\/fr\/transfertdeclients\/#breadcrumb"},"inLanguage":"fr-CH","potentialAction":[{"@type":"ReadAction","target":["https:\/\/www.firestorm.ch\/fr\/transfertdeclients\/"]}]},{"@type":"BreadcrumbList","@id":"https:\/\/www.firestorm.ch\/fr\/transfertdeclients\/#breadcrumb","itemListElement":[{"@type":"ListItem","position":1,"name":"Startseite","item":"https:\/\/www.firestorm.ch\/fr\/"},{"@type":"ListItem","position":2,"name":"Transfert De Clients"}]},{"@type":"WebSite","@id":"https:\/\/www.firestorm.ch\/#website","url":"https:\/\/www.firestorm.ch\/","name":"FireStorm","description":"Webhosting, Domainnamen, Server, Mailserver und Hosting mit Homepagebaukasten und Free SSL Zertifikat","publisher":{"@id":"https:\/\/www.firestorm.ch\/#organization"},"potentialAction":[{"@type":"SearchAction","target":{"@type":"EntryPoint","urlTemplate":"https:\/\/www.firestorm.ch\/?s={search_term_string}"},"query-input":{"@type":"PropertyValueSpecification","valueRequired":true,"valueName":"search_term_string"}}],"inLanguage":"fr-CH"},{"@type":"Organization","@id":"https:\/\/www.firestorm.ch\/#organization","name":"FireStorm","url":"https:\/\/www.firestorm.ch\/","logo":{"@type":"ImageObject","inLanguage":"fr-CH","@id":"https:\/\/www.firestorm.ch\/#\/schema\/logo\/image\/","url":"https:\/\/www.firestorm.ch\/wp-content\/uploads\/2026\/03\/FireStormLogo.png","contentUrl":"https:\/\/www.firestorm.ch\/wp-content\/uploads\/2026\/03\/FireStormLogo.png","width":589,"height":60,"caption":"FireStorm"},"image":{"@id":"https:\/\/www.firestorm.ch\/#\/schema\/logo\/image\/"},"sameAs":["https:\/\/www.facebook.com\/firestorm.ch\/"]}]}},"rttpg_featured_image_url":null,"rttpg_author":{"display_name":"FireStorm","author_link":"https:\/\/www.firestorm.ch\/fr\/news\/author\/webkoenig\/"},"rttpg_comment":0,"rttpg_category":" <a href=\"https:\/\/www.firestorm.ch\/fr\/?taxonomy=translation_priority&#038;term=facultatif\" rel=\"tag\">Facultatif<\/a>","rttpg_excerpt":"[vc_row full_width=&#8221;stretch_row_content_no_spaces&#8221; content_placement=&#8221;middle&#8221; wk_overlay=&#8221;true&#8221; css=&#8221;.vc_custom_1704361756211{background-image: url(https:\/\/www.firestorm.ch\/wp-content\/uploads\/2024\/01\/maranda-vandergriff-7aakZdIl4vg-unsplash-scaled.jpg?id=26517) !important;background-position: center !important;background-repeat: no-repeat !important;background-size: cover !important;}&#8221; el_class=&#8221;wk-header&#8221;][vc_column][vc_row_inner][vc_column_inner][vc_separator color=&#8221;custom&#8221; border_width=&#8221;7&#8243; el_width=&#8221;10&#8243; accent_color=&#8221;#197dc8&#8243;][vc_column_text el_class=&#8221;wk-header-text&#8221;] Transfert De Clients En Toute Transparence Un avenir s\u00fbr pour tes clients chez FireStormFormulaire de transfert de client [\/vc_column_text][\/vc_column_inner][\/vc_row_inner][\/vc_column][\/vc_row][vc_row full_width=&#8221;stretch_row&#8221; el_class=&#8221;wk-row-grey&#8221; css=&#8221;.vc_custom_1516377136701{background-color: #eeeeee !important;}&#8221;][vc_column 0=&#8221;&#8221; width=&#8221;1\/6&#8243;][\/vc_column][vc_column width=&#8221;2\/3&#8243;][vc_column_text el_class=&#8221;wk-large-font&#8221;] Transfert de Clients Une Transition En Douceur En&hellip;","_links":{"self":[{"href":"https:\/\/www.firestorm.ch\/fr\/wp-json\/wp\/v2\/pages\/26507","targetHints":{"allow":["GET"]}}],"collection":[{"href":"https:\/\/www.firestorm.ch\/fr\/wp-json\/wp\/v2\/pages"}],"about":[{"href":"https:\/\/www.firestorm.ch\/fr\/wp-json\/wp\/v2\/types\/page"}],"author":[{"embeddable":true,"href":"https:\/\/www.firestorm.ch\/fr\/wp-json\/wp\/v2\/users\/1"}],"replies":[{"embeddable":true,"href":"https:\/\/www.firestorm.ch\/fr\/wp-json\/wp\/v2\/comments?post=26507"}],"version-history":[{"count":0,"href":"https:\/\/www.firestorm.ch\/fr\/wp-json\/wp\/v2\/pages\/26507\/revisions"}],"wp:attachment":[{"href":"https:\/\/www.firestorm.ch\/fr\/wp-json\/wp\/v2\/media?parent=26507"}],"curies":[{"name":"wp","href":"https:\/\/api.w.org\/{rel}","templated":true}]}}