{"id":25382,"date":"2023-01-03T12:42:50","date_gmt":"2023-01-03T12:42:50","guid":{"rendered":"https:\/\/www.firestorm.ch\/?page_id=25382"},"modified":"2023-01-03T12:42:50","modified_gmt":"2023-01-03T12:42:50","slug":"changelog-2022","status":"publish","type":"page","link":"https:\/\/www.firestorm.ch\/fr\/changelog-2022\/","title":{"rendered":"Changelog 2022"},"content":{"rendered":"<p>[vc_row full_width=&#8221;stretch_row_content_no_spaces&#8221; content_placement=&#8221;middle&#8221; wk_overlay=&#8221;true&#8221; css=&#8221;.vc_custom_1530191496071{background-image: url(https:\/\/www.firestorm.ch\/wp-content\/uploads\/2018\/06\/immer-auf-neustem-Stand.jpg?id=7495) !important;background-position: center !important;background-repeat: no-repeat !important;background-size: cover !important;}&#8221; el_class=&#8221;wk-header&#8221;][vc_column][vc_row_inner][vc_column_inner][vc_separator color=&#8221;custom&#8221; border_width=&#8221;7&#8243; el_width=&#8221;10&#8243; accent_color=&#8221;#197dc8&#8243;][vc_column_text el_class=&#8221;wk-header-text&#8221;]<\/p>\n<p style=\"text-align: center;\"><strong>Qu&#8217;est-ce qui se passe ?<\/strong><\/p>\n<p style=\"text-align: center;\">Nous vous tiendrons inform\u00e9s<\/p>\n<p>[\/vc_column_text][\/vc_column_inner][\/vc_row_inner][\/vc_column][\/vc_row][vc_row full_width=&#8221;stretch_row&#8221; el_class=&#8221;wk-row&#8221;][vc_column][vc_column_text]<\/p>\n<h4>Tout en un coup d&#8217;\u0153il<\/h4>\n<h1>Changelog<\/h1>\n<p>[\/vc_column_text][vc_row_inner][vc_column_inner width=&#8221;1\/6&#8243;]<div class=\"info-item  style2\"><div class=\"icon\"><i class=\"theme-color fas fa-plus-circle\"><\/i><\/div><div class=\"info-item-content\"><div class=\"info-item-desc\"><p>Nouveau<\/p>\n<\/div><\/div><\/div>[\/vc_column_inner][vc_column_inner width=&#8221;1\/6&#8243;]<div class=\"info-item  style2\"><div class=\"icon\"><i class=\"theme-color fas fa-sync\"><\/i><\/div><div class=\"info-item-content\"><div class=\"info-item-desc\"><p>Mise \u00e0 jour<\/p>\n<\/div><\/div><\/div>[\/vc_column_inner][vc_column_inner width=&#8221;1\/6&#8243;]<div class=\"info-item  style2\"><div class=\"icon\"><i class=\"theme-color fas fa-check-circle\"><\/i><\/div><div class=\"info-item-content\"><div class=\"info-item-desc\"><p>Correction de bogues<\/p>\n<\/div><\/div><\/div>[\/vc_column_inner][\/vc_row_inner]<div class=\"info-item  style2\"><div class=\"info-item-content\"><div class=\"info-item-desc\"><p>Autres nouvelles : <a href=\"https:\/\/www.firestorm.ch\/fr\/changelog-2021\/\">2021,<\/a> <a href=\"https:\/\/www.firestorm.ch\/fr\/changelog-2020\/\">2020<\/a>, <a href=\"https:\/\/www.firestorm.ch\/fr\/changelog-2019\/\" rel=\"noopener noreferrer\">2019<\/a><\/p>\n<\/div><\/div><\/div>[\/vc_column][\/vc_row][vc_row][vc_column][\/vc_column][\/vc_row][vc_row][vc_column]<div class=\"info-item  style2\"><div class=\"icon\"><i class=\"theme-color fas fa-sync\"><\/i><\/div><div class=\"info-item-content\"><h4 class=\"theme-color info-item-title\">Optimisations des bases de donn\u00e9es et du SSD<\/h4><div class=\"info-item-desc\"><p><strong>30. d\u00e9cembre 2022<\/strong><\/p>\n<p>Nous avons effectu\u00e9 des optimisations sur les bases de donn\u00e9es et le SSD pour augmenter la vitesse des sites web.<\/p>\n<\/div><\/div><\/div>[vc_empty_space height=&#8221;40px&#8221;]<div class=\"info-item  style2\"><div class=\"icon\"><i class=\"theme-color fas fa-plus-circle\"><\/i><\/div><div class=\"info-item-content\"><h4 class=\"theme-color info-item-title\">L'environnement de programmation Laravel est disponible d\u00e8s maintenant<\/h4><div class=\"info-item-desc\"><p><strong>14. Octobre 2022<\/strong><\/p>\n<p>Tous les h\u00e9bergements Linux incluent Laravel comme environnement de programmation. Plus d&#8217;informations :\u00a0 https:\/\/www.plesk.com\/extensions\/laravel\/<\/p>\n<\/div><\/div><\/div>[vc_empty_space height=&#8221;40px&#8221;]<div class=\"info-item  style2\"><div class=\"icon\"><i class=\"theme-color fas fa-sync\"><\/i><\/div><div class=\"info-item-content\"><h4 class=\"theme-color info-item-title\">Serveur d'entr\u00e9e et de sortie du courrier<\/h4><div class=\"info-item-desc\"><p><strong>29. Septembre 2022<\/strong><\/p>\n<p>Nous effectuons une mise \u00e0 niveau d&#8217;Ubuntu 20 vers Ubuntu 22 sur tous nos serveurs. La mise \u00e0 niveau sera effectu\u00e9e dans la nuit du 1er octobre. Il n&#8217;y aura pas d&#8217;interruption de service.<\/p>\n<\/div><\/div><\/div>[vc_empty_space height=&#8221;40px&#8221;]<div class=\"info-item  style2\"><div class=\"icon\"><i class=\"theme-color fas fa-plus-circle\"><\/i><\/div><div class=\"info-item-content\"><h4 class=\"theme-color info-item-title\">Serveur d'entr\u00e9e et de sortie du courrier<\/h4><div class=\"info-item-desc\"><p><strong>29. Septembre 2022<\/strong><\/p>\n<p>Vous pouvez maintenant utiliser les serveurs d&#8217;entr\u00e9e\/sortie de courrier suivants au lieu de &#8220;sr00.firestorm.ch&#8221; :<\/p>\n<p>&#8211; SMTP : smtp.firestorm.ch (465 \/ SSL)<\/p>\n<p>&#8211; IMAP : imap.firestorm.ch (993 \/ SSL)<\/p>\n<p>&#8211; POP3 : pop3.firestorm.ch (995 \/ SSL)<\/p>\n<p>&nbsp;<\/p>\n<p>Cela ne fonctionne que si le domaine de l&#8217;adresse mail est configur\u00e9 correctement (MX &amp; *.domain.tld A entry) et pointe vers un h\u00e9bergement \/ serveur chez nous.<\/p>\n<p>Les instructions ont d\u00e9j\u00e0 \u00e9t\u00e9 adapt\u00e9es en cons\u00e9quence : <a href=\"https:\/\/www.firestorm.ch\/fr\/kb\/configurer-outlook\/\">https:\/\/www.firestorm.ch\/fr\/kb\/configurer-outlook\/<\/a><\/p>\n<\/div><\/div><\/div>[vc_empty_space height=&#8221;40px&#8221;]<div class=\"info-item  style2\"><div class=\"icon\"><i class=\"theme-color fas fa-plus-circle\"><\/i><\/div><div class=\"info-item-content\"><h4 class=\"theme-color info-item-title\">Installation de .Net Core<\/h4><div class=\"info-item-desc\"><p><strong>02. Septembre 2022<\/strong><\/p>\n<p>Nouveaut\u00e9 : tous les packs d&#8217;h\u00e9bergement Linux incluent gratuitement .Net Core 3.1, 5.0 ainsi que 6.0.<\/p>\n<\/div><\/div><\/div>[vc_empty_space height=&#8221;40px&#8221;]<div class=\"info-item  style2\"><div class=\"icon\"><i class=\"theme-color fas fa-plus-circle\"><\/i><\/div><div class=\"info-item-content\"><h4 class=\"theme-color info-item-title\">HA Syst\u00e8me<\/h4><div class=\"info-item-desc\"><p><strong>17. ao\u00fbt 2022<\/strong><\/p>\n<p>Pour que tout continue \u00e0 fonctionner en cas de panne de votre serveur principal, vous pouvez d\u00e8s maintenant commander un syst\u00e8me HA suppl\u00e9mentaire pour votre serveur existant.<\/p>\n<\/div><\/div><\/div>[vc_empty_space height=&#8221;40px&#8221;]<div class=\"info-item  style2\"><div class=\"icon\"><i class=\"theme-color fas fa-sync\"><\/i><\/div><div class=\"info-item-content\"><h4 class=\"theme-color info-item-title\">PHP Update<\/h4><div class=\"info-item-desc\"><p><strong>15. Juin 2022<\/strong><\/p>\n<p>Mise \u00e0 jour de PHP 8.1 vers la version 8.1.6.<\/p>\n<p>Mise \u00e0 jour de PHP 8.0 vers la version 8.0.19.<\/p>\n<\/div><\/div><\/div>[vc_empty_space height=&#8221;40px&#8221;]<div class=\"info-item  style2\"><div class=\"icon\"><i class=\"theme-color fas fa-sync\"><\/i><\/div><div class=\"info-item-content\"><h4 class=\"theme-color info-item-title\">PHP Update<\/h4><div class=\"info-item-desc\"><p><strong>14. Juin 2022<\/strong><\/p>\n<p>Mise \u00e0 jour de PHP 8.1 vers la version 8.1.5.<\/p>\n<p>Mise \u00e0 jour de PHP 8.0 vers la version 8.0.18.<\/p>\n<p>Mise \u00e0 jour de PHP 7.4 vers la version 7.4.29.<\/p>\n<\/div><\/div><\/div>[vc_empty_space height=&#8221;40px&#8221;]<div class=\"info-item  style2\"><div class=\"icon\"><i class=\"theme-color fas fa-sync\"><\/i><\/div><div class=\"info-item-content\"><h4 class=\"theme-color info-item-title\">DNS Manager<\/h4><div class=\"info-item-desc\"><p><strong>29. avril 2022<\/strong><\/p>\n<p>Nous avons mis \u00e0 jour le gestionnaire DNS.<br \/>\nD\u00e9sormais, vous n&#8217;avez plus besoin d&#8217;entrer le domaine entier, une fonction de masse ainsi qu&#8217;une fonction de sauvegarde sont disponibles. En outre, plusieurs am\u00e9liorations ont \u00e9t\u00e9 ajout\u00e9es.<\/p>\n<\/div><\/div><\/div>[vc_empty_space height=&#8221;40px&#8221;]<div class=\"info-item  style2\"><div class=\"icon\"><i class=\"theme-color fas fa-sync\"><\/i><\/div><div class=\"info-item-content\"><h4 class=\"theme-color info-item-title\">MariaDB<\/h4><div class=\"info-item-desc\"><p><strong>19. avril 2022<\/strong><\/p>\n<p>Nous avons mis \u00e0 jour le serveur de base de donn\u00e9es de MariaDB 10.5 \u00e0 10.6 sur tous les serveurs Windows.<\/p>\n<\/div><\/div><\/div>[vc_empty_space height=&#8221;40px&#8221;]<div class=\"info-item  style2\"><div class=\"icon\"><i class=\"theme-color fas fa-plus-circle\"><\/i><\/div><div class=\"info-item-content\"><h4 class=\"theme-color info-item-title\">SiteDesigner<\/h4><div class=\"info-item-desc\"><p><strong>11. avril 2022<\/strong><\/p>\n<p>Vous pouvez d\u00e9sormais afficher vos images sous diff\u00e9rentes formes en ajoutant simplement une image \u00e0 la page et en s\u00e9lectionnant la forme souhait\u00e9e dans le menu d\u00e9roulant des param\u00e8tres. Cette fonctionnalit\u00e9 offre une plus grande vari\u00e9t\u00e9 et plus de souplesse pour concevoir votre offre de produits ou de services avec 10 formes diff\u00e9rentes.<\/p>\n\n<p>\n<\/div><\/div><\/div>[vc_empty_space height=&#8221;40px&#8221;]<div class=\"info-item  style2\"><div class=\"icon\"><i class=\"theme-color fas fa-sync\"><\/i><\/div><div class=\"info-item-content\"><h4 class=\"theme-color info-item-title\">SPAM Filter<\/h4><div class=\"info-item-desc\"><p><strong>08. avril 2022<\/strong><\/p>\n<p>Nous avons mis \u00e0 jour et am\u00e9lior\u00e9 la version de notre filtre anti-spam sur les serveurs Linux et Windows. Vous recevrez donc encore moins de messages SPAM \u00e0 l&#8217;avenir.<\/p>\n<\/div><\/div><\/div>[vc_empty_space height=&#8221;40px&#8221;]<div class=\"info-item  style2\"><div class=\"icon\"><i class=\"theme-color fas fa-sync\"><\/i><\/div><div class=\"info-item-content\"><h4 class=\"theme-color info-item-title\">SPAM Filter<\/h4><div class=\"info-item-desc\"><p><strong>14. Mars 2022<\/strong><\/p>\n<p>Nous avons mis \u00e0 jour et am\u00e9lior\u00e9 le filtre anti-spam.<\/p>\n<\/div><\/div><\/div>[vc_empty_space height=&#8221;40px&#8221;]<div class=\"info-item  style2\"><div class=\"icon\"><i class=\"theme-color fas fa-sync\"><\/i><\/div><div class=\"info-item-content\"><h4 class=\"theme-color info-item-title\">SiteDesigner Update<\/h4><div class=\"info-item-desc\"><p><strong>22. F\u00e9vrier 2022<\/strong><\/p>\n<p>Nous avons install\u00e9 des mises \u00e0 jour dans SiteDesigner. Certains bogues dans les mod\u00e8les ont \u00e9t\u00e9 corrig\u00e9s et les fonctions ont \u00e9t\u00e9 am\u00e9lior\u00e9es.<\/p>\n<\/div><\/div><\/div>[vc_empty_space height=&#8221;40px&#8221;]<div class=\"info-item  style2\"><div class=\"icon\"><i class=\"theme-color fas fa-sync\"><\/i><\/div><div class=\"info-item-content\"><h4 class=\"theme-color info-item-title\">SPAM Filter<\/h4><div class=\"info-item-desc\"><p><strong>16. F\u00e9vrier 2022<\/strong><\/p>\n<p>Nous avons optimis\u00e9 le filtre anti-spam afin qu&#8217;encore moins de courriers ind\u00e9sirables vous parviennent et que vous puissiez vous concentrer sur votre travail.<\/p>\n<\/div><\/div><\/div>[vc_empty_space height=&#8221;40px&#8221;]<div class=\"info-item  style2\"><div class=\"icon\"><i class=\"theme-color fas fa-sync\"><\/i><\/div><div class=\"info-item-content\"><h4 class=\"theme-color info-item-title\">SiteDesigner Update<\/h4><div class=\"info-item-desc\"><p><strong>14. F\u00e9vrier 2022<\/strong><\/p>\n<p>Nous avons install\u00e9 des mises \u00e0 jour dans SiteDesigner. Certains bogues dans les mod\u00e8les ont \u00e9t\u00e9 corrig\u00e9s et les fonctions ont \u00e9t\u00e9 am\u00e9lior\u00e9es.<\/p>\n<\/div><\/div><\/div>[vc_empty_space height=&#8221;40px&#8221;]<div class=\"info-item  style2\"><div class=\"icon\"><i class=\"theme-color fas fa-sync\"><\/i><\/div><div class=\"info-item-content\"><h4 class=\"theme-color info-item-title\">PHP Update<\/h4><div class=\"info-item-desc\"><p><strong>14. janvier 2022<\/strong><\/p>\n<p>La version 8.1 de PHP est d\u00e9sormais disponible sur tous nos serveurs. Vous pouvez donc choisir parmi les versions PHP suivantes :<\/p>\n<p>PHP 5.0<br \/>\nPHP 7.0<br \/>\nPHP 7.1<br \/>\nPHP 7.2<br \/>\nPHP 7.3<br \/>\nPHP 7.4<br \/>\nPHP 8.0<br \/>\nPHP 8.1<\/p>\n<\/div><\/div><\/div>[vc_empty_space height=&#8221;40px&#8221;][\/vc_column][\/vc_row]<\/p>\n","protected":false},"excerpt":{"rendered":"<p>[vc_row full_width=&#8221;stretch_row_content_no_spaces&#8221; content_placement=&#8221;middle&#8221; wk_overlay=&#8221;true&#8221; css=&#8221;.vc_custom_1530191496071{background-image: url(https:\/\/www.firestorm.ch\/wp-content\/uploads\/2018\/06\/immer-auf-neustem-Stand.jpg?id=7495) !important;background-position: center !important;background-repeat: no-repeat !important;background-size: cover !important;}&#8221; el_class=&#8221;wk-header&#8221;][vc_column][vc_row_inner][vc_column_inner][vc_separator color=&#8221;custom&#8221; border_width=&#8221;7&#8243; el_width=&#8221;10&#8243; accent_color=&#8221;#197dc8&#8243;][vc_column_text el_class=&#8221;wk-header-text&#8221;] Qu&#8217;est-ce qui se passe ? Nous vous tiendrons inform\u00e9s [\/vc_column_text][\/vc_column_inner][\/vc_row_inner][\/vc_column][\/vc_row][vc_row full_width=&#8221;stretch_row&#8221; el_class=&#8221;wk-row&#8221;][vc_column][vc_column_text] Tout en un coup d&#8217;\u0153il Changelog [\/vc_column_text][vc_row_inner][vc_column_inner width=&#8221;1\/6&#8243;][\/vc_column_inner][vc_column_inner width=&#8221;1\/6&#8243;][\/vc_column_inner][vc_column_inner width=&#8221;1\/6&#8243;][\/vc_column_inner][\/vc_row_inner][\/vc_column][\/vc_row][vc_row][vc_column][\/vc_column][\/vc_row][vc_row][vc_column][vc_empty_space height=&#8221;40px&#8221;][vc_empty_space height=&#8221;40px&#8221;][vc_empty_space height=&#8221;40px&#8221;][vc_empty_space height=&#8221;40px&#8221;][vc_empty_space height=&#8221;40px&#8221;][vc_empty_space height=&#8221;40px&#8221;][vc_empty_space height=&#8221;40px&#8221;][vc_empty_space height=&#8221;40px&#8221;][vc_empty_space height=&#8221;40px&#8221;][vc_empty_space height=&#8221;40px&#8221;][vc_empty_space height=&#8221;40px&#8221;][vc_empty_space height=&#8221;40px&#8221;][vc_empty_space height=&#8221;40px&#8221;][vc_empty_space height=&#8221;40px&#8221;][vc_empty_space [&hellip;]<\/p>\n","protected":false},"author":1,"featured_media":0,"parent":0,"menu_order":0,"comment_status":"closed","ping_status":"closed","template":"","meta":{"_relevanssi_hide_post":"","_relevanssi_pin_for_all":"","_relevanssi_pin_keywords":"","_relevanssi_unpin_keywords":"","_relevanssi_related_keywords":"","_relevanssi_related_include_ids":"","_relevanssi_related_exclude_ids":"","_relevanssi_related_no_append":"","_relevanssi_related_not_related":"","_relevanssi_related_posts":"","_relevanssi_noindex_reason":"","footnotes":""},"class_list":["post-25382","page","type-page","status-publish","hentry"],"yoast_head":"<!-- This site is optimized with the Yoast SEO Premium plugin v27.1 (Yoast SEO v27.4) - https:\/\/yoast.com\/product\/yoast-seo-premium-wordpress\/ -->\n<title>Changelog 2022 - FireStorm ISP<\/title>\n<meta name=\"description\" content=\"Liste des changements les plus importants de FireStorm dans le domaine de l&#039;h\u00e9bergement, des serveurs et des domaines\" \/>\n<meta name=\"robots\" content=\"index, follow, max-snippet:-1, max-image-preview:large, max-video-preview:-1\" \/>\n<link rel=\"canonical\" href=\"https:\/\/www.firestorm.ch\/fr\/changelog-2022\/\" \/>\n<meta property=\"og:locale\" content=\"fr_FR\" \/>\n<meta property=\"og:type\" content=\"article\" \/>\n<meta property=\"og:title\" content=\"Changelog 2022\" \/>\n<meta property=\"og:description\" content=\"Liste des changements les plus importants de FireStorm dans le domaine de l&#039;h\u00e9bergement, des serveurs et des domaines\" \/>\n<meta property=\"og:url\" content=\"https:\/\/www.firestorm.ch\/fr\/changelog-2022\/\" \/>\n<meta property=\"og:site_name\" content=\"FireStorm ISP\" \/>\n<meta property=\"article:publisher\" content=\"https:\/\/www.facebook.com\/firestorm.ch\/\" \/>\n<meta name=\"twitter:card\" content=\"summary_large_image\" \/>\n<meta name=\"twitter:label1\" content=\"Est. reading time\" \/>\n\t<meta name=\"twitter:data1\" content=\"5 minutes\" \/>\n<script type=\"application\/ld+json\" class=\"yoast-schema-graph\">{\"@context\":\"https:\\\/\\\/schema.org\",\"@graph\":[{\"@type\":\"WebPage\",\"@id\":\"https:\\\/\\\/www.firestorm.ch\\\/fr\\\/changelog-2022\\\/\",\"url\":\"https:\\\/\\\/www.firestorm.ch\\\/fr\\\/changelog-2022\\\/\",\"name\":\"Changelog 2022 - FireStorm ISP\",\"isPartOf\":{\"@id\":\"https:\\\/\\\/www.firestorm.ch\\\/#website\"},\"datePublished\":\"2023-01-03T12:42:50+00:00\",\"description\":\"Liste des changements les plus importants de FireStorm dans le domaine de l'h\u00e9bergement, des serveurs et des domaines\",\"breadcrumb\":{\"@id\":\"https:\\\/\\\/www.firestorm.ch\\\/fr\\\/changelog-2022\\\/#breadcrumb\"},\"inLanguage\":\"fr-CH\",\"potentialAction\":[{\"@type\":\"ReadAction\",\"target\":[\"https:\\\/\\\/www.firestorm.ch\\\/fr\\\/changelog-2022\\\/\"]}]},{\"@type\":\"BreadcrumbList\",\"@id\":\"https:\\\/\\\/www.firestorm.ch\\\/fr\\\/changelog-2022\\\/#breadcrumb\",\"itemListElement\":[{\"@type\":\"ListItem\",\"position\":1,\"name\":\"Startseite\",\"item\":\"https:\\\/\\\/www.firestorm.ch\\\/fr\\\/\"},{\"@type\":\"ListItem\",\"position\":2,\"name\":\"Changelog 2022\"}]},{\"@type\":\"WebSite\",\"@id\":\"https:\\\/\\\/www.firestorm.ch\\\/#website\",\"url\":\"https:\\\/\\\/www.firestorm.ch\\\/\",\"name\":\"FireStorm\",\"description\":\"Webhosting, Domainnamen, Server, Mailserver und Hosting mit Homepagebaukasten und Free SSL Zertifikat\",\"publisher\":{\"@id\":\"https:\\\/\\\/www.firestorm.ch\\\/#organization\"},\"potentialAction\":[{\"@type\":\"SearchAction\",\"target\":{\"@type\":\"EntryPoint\",\"urlTemplate\":\"https:\\\/\\\/www.firestorm.ch\\\/?s={search_term_string}\"},\"query-input\":{\"@type\":\"PropertyValueSpecification\",\"valueRequired\":true,\"valueName\":\"search_term_string\"}}],\"inLanguage\":\"fr-CH\"},{\"@type\":\"Organization\",\"@id\":\"https:\\\/\\\/www.firestorm.ch\\\/#organization\",\"name\":\"FireStorm\",\"url\":\"https:\\\/\\\/www.firestorm.ch\\\/\",\"logo\":{\"@type\":\"ImageObject\",\"inLanguage\":\"fr-CH\",\"@id\":\"https:\\\/\\\/www.firestorm.ch\\\/#\\\/schema\\\/logo\\\/image\\\/\",\"url\":\"https:\\\/\\\/www.firestorm.ch\\\/wp-content\\\/uploads\\\/2026\\\/03\\\/FireStormLogo.png\",\"contentUrl\":\"https:\\\/\\\/www.firestorm.ch\\\/wp-content\\\/uploads\\\/2026\\\/03\\\/FireStormLogo.png\",\"width\":589,\"height\":60,\"caption\":\"FireStorm\"},\"image\":{\"@id\":\"https:\\\/\\\/www.firestorm.ch\\\/#\\\/schema\\\/logo\\\/image\\\/\"},\"sameAs\":[\"https:\\\/\\\/www.facebook.com\\\/firestorm.ch\\\/\"]}]}<\/script>\n<!-- \/ Yoast SEO Premium plugin. -->","yoast_head_json":{"title":"Changelog 2022 - FireStorm ISP","description":"Liste des changements les plus importants de FireStorm dans le domaine de l'h\u00e9bergement, des serveurs et des domaines","robots":{"index":"index","follow":"follow","max-snippet":"max-snippet:-1","max-image-preview":"max-image-preview:large","max-video-preview":"max-video-preview:-1"},"canonical":"https:\/\/www.firestorm.ch\/fr\/changelog-2022\/","og_locale":"fr_FR","og_type":"article","og_title":"Changelog 2022","og_description":"Liste des changements les plus importants de FireStorm dans le domaine de l'h\u00e9bergement, des serveurs et des domaines","og_url":"https:\/\/www.firestorm.ch\/fr\/changelog-2022\/","og_site_name":"FireStorm ISP","article_publisher":"https:\/\/www.facebook.com\/firestorm.ch\/","twitter_card":"summary_large_image","twitter_misc":{"Est. reading time":"5 minutes"},"schema":{"@context":"https:\/\/schema.org","@graph":[{"@type":"WebPage","@id":"https:\/\/www.firestorm.ch\/fr\/changelog-2022\/","url":"https:\/\/www.firestorm.ch\/fr\/changelog-2022\/","name":"Changelog 2022 - FireStorm ISP","isPartOf":{"@id":"https:\/\/www.firestorm.ch\/#website"},"datePublished":"2023-01-03T12:42:50+00:00","description":"Liste des changements les plus importants de FireStorm dans le domaine de l'h\u00e9bergement, des serveurs et des domaines","breadcrumb":{"@id":"https:\/\/www.firestorm.ch\/fr\/changelog-2022\/#breadcrumb"},"inLanguage":"fr-CH","potentialAction":[{"@type":"ReadAction","target":["https:\/\/www.firestorm.ch\/fr\/changelog-2022\/"]}]},{"@type":"BreadcrumbList","@id":"https:\/\/www.firestorm.ch\/fr\/changelog-2022\/#breadcrumb","itemListElement":[{"@type":"ListItem","position":1,"name":"Startseite","item":"https:\/\/www.firestorm.ch\/fr\/"},{"@type":"ListItem","position":2,"name":"Changelog 2022"}]},{"@type":"WebSite","@id":"https:\/\/www.firestorm.ch\/#website","url":"https:\/\/www.firestorm.ch\/","name":"FireStorm","description":"Webhosting, Domainnamen, Server, Mailserver und Hosting mit Homepagebaukasten und Free SSL Zertifikat","publisher":{"@id":"https:\/\/www.firestorm.ch\/#organization"},"potentialAction":[{"@type":"SearchAction","target":{"@type":"EntryPoint","urlTemplate":"https:\/\/www.firestorm.ch\/?s={search_term_string}"},"query-input":{"@type":"PropertyValueSpecification","valueRequired":true,"valueName":"search_term_string"}}],"inLanguage":"fr-CH"},{"@type":"Organization","@id":"https:\/\/www.firestorm.ch\/#organization","name":"FireStorm","url":"https:\/\/www.firestorm.ch\/","logo":{"@type":"ImageObject","inLanguage":"fr-CH","@id":"https:\/\/www.firestorm.ch\/#\/schema\/logo\/image\/","url":"https:\/\/www.firestorm.ch\/wp-content\/uploads\/2026\/03\/FireStormLogo.png","contentUrl":"https:\/\/www.firestorm.ch\/wp-content\/uploads\/2026\/03\/FireStormLogo.png","width":589,"height":60,"caption":"FireStorm"},"image":{"@id":"https:\/\/www.firestorm.ch\/#\/schema\/logo\/image\/"},"sameAs":["https:\/\/www.facebook.com\/firestorm.ch\/"]}]}},"rttpg_featured_image_url":null,"rttpg_author":{"display_name":"FireStorm","author_link":"https:\/\/www.firestorm.ch\/fr\/news\/author\/webkoenig\/"},"rttpg_comment":0,"rttpg_category":" <a href=\"https:\/\/www.firestorm.ch\/fr\/?taxonomy=translation_priority&#038;term=facultatif\" rel=\"tag\">Facultatif<\/a><a href=\"https:\/\/www.firestorm.ch\/?taxonomy=translation_priority&#038;term=optional\" rel=\"tag\">Optional<\/a>","rttpg_excerpt":"[vc_row full_width=&#8221;stretch_row_content_no_spaces&#8221; content_placement=&#8221;middle&#8221; wk_overlay=&#8221;true&#8221; css=&#8221;.vc_custom_1530191496071{background-image: url(https:\/\/www.firestorm.ch\/wp-content\/uploads\/2018\/06\/immer-auf-neustem-Stand.jpg?id=7495) !important;background-position: center !important;background-repeat: no-repeat !important;background-size: cover !important;}&#8221; el_class=&#8221;wk-header&#8221;][vc_column][vc_row_inner][vc_column_inner][vc_separator color=&#8221;custom&#8221; border_width=&#8221;7&#8243; el_width=&#8221;10&#8243; accent_color=&#8221;#197dc8&#8243;][vc_column_text el_class=&#8221;wk-header-text&#8221;] Qu&#8217;est-ce qui se passe ? Nous vous tiendrons inform\u00e9s [\/vc_column_text][\/vc_column_inner][\/vc_row_inner][\/vc_column][\/vc_row][vc_row full_width=&#8221;stretch_row&#8221; el_class=&#8221;wk-row&#8221;][vc_column][vc_column_text] Tout en un coup d&#8217;\u0153il Changelog [\/vc_column_text][vc_row_inner][vc_column_inner width=&#8221;1\/6&#8243;][\/vc_column_inner][vc_column_inner width=&#8221;1\/6&#8243;][\/vc_column_inner][vc_column_inner width=&#8221;1\/6&#8243;][\/vc_column_inner][\/vc_row_inner][\/vc_column][\/vc_row][vc_row][vc_column][\/vc_column][\/vc_row][vc_row][vc_column][vc_empty_space height=&#8221;40px&#8221;][vc_empty_space height=&#8221;40px&#8221;][vc_empty_space height=&#8221;40px&#8221;][vc_empty_space height=&#8221;40px&#8221;][vc_empty_space height=&#8221;40px&#8221;][vc_empty_space height=&#8221;40px&#8221;][vc_empty_space height=&#8221;40px&#8221;][vc_empty_space height=&#8221;40px&#8221;][vc_empty_space height=&#8221;40px&#8221;][vc_empty_space height=&#8221;40px&#8221;][vc_empty_space height=&#8221;40px&#8221;][vc_empty_space height=&#8221;40px&#8221;][vc_empty_space height=&#8221;40px&#8221;][vc_empty_space height=&#8221;40px&#8221;][vc_empty_space&hellip;","_links":{"self":[{"href":"https:\/\/www.firestorm.ch\/fr\/wp-json\/wp\/v2\/pages\/25382","targetHints":{"allow":["GET"]}}],"collection":[{"href":"https:\/\/www.firestorm.ch\/fr\/wp-json\/wp\/v2\/pages"}],"about":[{"href":"https:\/\/www.firestorm.ch\/fr\/wp-json\/wp\/v2\/types\/page"}],"author":[{"embeddable":true,"href":"https:\/\/www.firestorm.ch\/fr\/wp-json\/wp\/v2\/users\/1"}],"replies":[{"embeddable":true,"href":"https:\/\/www.firestorm.ch\/fr\/wp-json\/wp\/v2\/comments?post=25382"}],"version-history":[{"count":0,"href":"https:\/\/www.firestorm.ch\/fr\/wp-json\/wp\/v2\/pages\/25382\/revisions"}],"wp:attachment":[{"href":"https:\/\/www.firestorm.ch\/fr\/wp-json\/wp\/v2\/media?parent=25382"}],"curies":[{"name":"wp","href":"https:\/\/api.w.org\/{rel}","templated":true}]}}