{"id":24036,"date":"2022-05-13T13:01:37","date_gmt":"2022-05-13T13:01:37","guid":{"rendered":"https:\/\/www.firestorm.ch\/?page_id=24036"},"modified":"2023-12-05T16:22:51","modified_gmt":"2023-12-05T16:22:51","slug":"sitebooking","status":"publish","type":"page","link":"https:\/\/www.firestorm.ch\/fr\/sitebooking\/","title":{"rendered":"SiteBooking"},"content":{"rendered":"<p>[vc_row full_width=&#8221;stretch_row_content_no_spaces&#8221; content_placement=&#8221;middle&#8221; wk_overlay=&#8221;true&#8221; css=&#8221;.vc_custom_1652442074985{background-image: url(https:\/\/www.firestorm.ch\/wp-content\/uploads\/2022\/05\/Termine-Onlinebuchungen-1-1.jpg?id=24638) !important;}&#8221; el_class=&#8221;wk-header&#8221;][vc_column][vc_row_inner][vc_column_inner][vc_separator color=&#8221;custom&#8221; border_width=&#8221;7&#8243; el_width=&#8221;10&#8243; accent_color=&#8221;#197dc8&#8243;][vc_column_text el_class=&#8221;wk-header-text&#8221;]<\/p>\n<p style=\"text-align: center;\"><strong>SITEBOOKING ADDON<\/strong><\/p>\n<p style=\"text-align: center;\">DATES &amp; R\u00c9SERVATIONS EN LIGNE POUR SITEDESIGNER<\/p>\n<p>[\/vc_column_text][\/vc_column_inner][\/vc_row_inner][\/vc_column][\/vc_row][vc_row full_width=&#8221;stretch_row&#8221; el_class=&#8221;rowToFix&#8221; css=&#8221;.vc_custom_1633511711804{border-bottom-width: 1px !important;padding-top: 20px !important;padding-bottom: 20px !important;border-bottom-color: #197dc8 !important;border-bottom-style: solid !important;}&#8221;][vc_column width=&#8221;1\/2&#8243;][vc_btn title=&#8221;Les questions les plus importantes&#8221; style=&#8221;custom&#8221; custom_background=&#8221;#197dc8&#8243; custom_text=&#8221;#ffffff&#8221; shape=&#8221;square&#8221; align=&#8221;center&#8221; button_block=&#8221;true&#8221; link=&#8221;url:%23demandez%20%C3%A0&#8243; el_class=&#8221;navButtons&#8221;][\/vc_column][vc_column width=&#8221;1\/2&#8243;][vc_btn title=&#8221;Offres&#8221; style=&#8221;custom&#8221; custom_background=&#8221;#197dc8&#8243; custom_text=&#8221;#ffffff&#8221; shape=&#8221;square&#8221; align=&#8221;center&#8221; button_block=&#8221;true&#8221; link=&#8221;url:%23offres&#8221; el_class=&#8221;navButtons&#8221;][\/vc_column][\/vc_row][vc_row full_width=&#8221;stretch_row&#8221; el_class=&#8221;wk-row-grey&#8221;][vc_column width=&#8221;1\/6&#8243;][\/vc_column][vc_column width=&#8221;2\/3&#8243;][vc_column_text el_class=&#8221;wk-large-font&#8221;]<\/p>\n<h4>SiteBooking<\/h4>\n<h1>Planificateur de rendez-vous<\/h1>\n<p>[\/vc_column_text][vc_column_text el_class=&#8221;wk-large-font&#8221;]Tout en vous faisant gagner du temps, SiteBooking rendra votre entreprise plus efficace en recherchant dans votre calendrier les rendez-vous disponibles. Ce produit vous permet de g\u00e9rer facilement les disponibilit\u00e9s avec votre calendrier. Vous laissez SiteBooking organiser vos r\u00e9servations pendant que vous continuez \u00e0 travailler en toute tranquillit\u00e9. Choisissez l&#8217;heure \u00e0 laquelle vous \u00eates disponible pour les rendez-vous, et vos clients choisissent une heure. SiteBooking utilise votre calendrier pour d\u00e9terminer quand vous \u00eates disponible.[\/vc_column_text][vc_empty_space][vc_column_text el_class=&#8221;wk-large-font&#8221;]<\/p>\n<div style=\"width: 1024px;\" class=\"wp-video\"><video class=\"wp-video-shortcode\" id=\"video-24036-1\" width=\"1024\" height=\"576\" preload=\"metadata\" controls=\"controls\"><source type=\"video\/mp4\" src=\"https:\/\/www.firestorm.ch\/wp-content\/uploads\/2022\/05\/Go-Connect-Bookings-DE-01c1-1.mp4?_=1\" \/><a href=\"https:\/\/www.firestorm.ch\/wp-content\/uploads\/2022\/05\/Go-Connect-Bookings-DE-01c1-1.mp4\">https:\/\/www.firestorm.ch\/wp-content\/uploads\/2022\/05\/Go-Connect-Bookings-DE-01c1-1.mp4<\/a><\/video><\/div>\n<p>[\/vc_column_text][vc_empty_space][vc_btn title=&#8221;COMMANDEZ MAINTENANT&#8221; style=&#8221;custom&#8221; custom_background=&#8221;#197dc8&#8243; custom_text=&#8221;#ffffff&#8221; shape=&#8221;square&#8221; size=&#8221;lg&#8221; align=&#8221;center&#8221; link=&#8221;url:https%3A%2F%2Fadmin.firestorm.ch%2Fcart.php%3Fgid%3Daddons|title:https%3A%2F%2Fadmin.firestorm.ch%2Fcart.php%3Fgid%3Daddons|rel:nofollow&#8221;][\/vc_column][vc_column width=&#8221;1\/6&#8243;][\/vc_column][\/vc_row][vc_row full_width=&#8221;stretch_row&#8221; el_class=&#8221;wk-row&#8221; el_id=&#8221;offre&#8221;][vc_column][vc_row_inner][vc_column_inner width=&#8221;1\/4&#8243;][\/vc_column_inner][vc_column_inner width=&#8221;1\/2&#8243;]                    <div class=\"pricebox  style1\">\r\n                        <div class=\"pricebox-header\">\r\n                            <div class=\"pricebox-header-content theme-bg\">\r\n                                <div class=\"pricebox-icon\">\r\n                                    <i style=\"font-size:36px\" class=\"theme-color \"><\/i>                                <\/div>\r\n                                <h3 class=\"pricebox-title\">SiteBooking start<\/h3>\r\n\r\n                                <div class=\"pricebox-edge\"><\/div>\r\n                            <\/div>\r\n                            <div class=\"pricebox-shadow theme-bg\"><\/div>\r\n                        <\/div>\r\n                        <div class=\"pricebox-body\">\r\n                            <div class=\"pricebox-body-content\">\r\n                                                                    <div class=\"pricebox-price\">\r\n                                        CHF 6.90                                         <span class=\"old-price\"><\/span>\r\n                                    <\/div>\r\n\r\n                                                                                                    <div\r\n                                    class=\"pricebox-description\">\n<ul>\n<li>\n<h5><strong>Mise en place rapide<\/strong><\/h5>\n<\/li>\n<li>\n<h5><strong>R\u00e9servations illimit\u00e9es<\/strong><\/h5>\n<\/li>\n<li>\n<h5><strong>Three payment methods<\/strong><\/h5>\n<\/li>\n<li>\n<h5><strong>Synchronisation compl\u00e8te du calendrier<\/strong><\/h5>\n<\/li>\n<\/ul>\n<\/div>\r\n\r\n                                                                    <div class=\"pricebox-purchased-link\"><a class=\"ibutton ibutton1 ibutton-small ibutton-effect1\"                                                                             href=\"https:\/\/admin.firestorm.ch\/cart.php?gid=addons\"><span>Commandez maintenant<\/span><\/a>\r\n                                    <\/div>\r\n                                    \r\n                            <\/div>\r\n                            <div class=\"pricebox-shadow\"><\/div>\r\n                        <\/div>\r\n                    <\/div>\r\n                    [\/vc_column_inner][vc_column_inner width=&#8221;1\/4&#8243;][\/vc_column_inner][\/vc_row_inner][\/vc_column][\/vc_row][vc_row full_width=&#8221;stretch_row&#8221; el_class=&#8221;wk-row-grey&#8221;][vc_column][vc_empty_space][vc_empty_space][vc_column_text]<\/p>\n<h4>Mode de paiement<\/h4>\n<h1>SiteBooking prend en charge 3 modes de paiement<\/h1>\n<p>[\/vc_column_text][vc_row_inner][vc_column_inner width=&#8221;1\/3&#8243;]<div class=\"info-item  style1\"><div class=\"icon\"><i style=\"font-size:70px\" class=\"theme-color fas fa-globe\"><\/i><\/div><div class=\"info-item-content\"><h4 class=\"info-item-title\">En ligne<\/h4><div class=\"info-item-desc\"><p>Le paiement est requis au moment de la r\u00e9servation. PayPal et Stripe sont disponibles, d&#8217;autres passerelles suivront ult\u00e9rieurement.<\/p>\n<\/div><\/div><\/div>[\/vc_column_inner][vc_column_inner width=&#8221;1\/3&#8243;]<div class=\"info-item  style1\"><div class=\"icon\"><i style=\"font-size:70px\" class=\"theme-color fas fa-hand-holding-usd\"><\/i><\/div><div class=\"info-item-content\"><h4 class=\"info-item-title\">Hors ligne<\/h4><div class=\"info-item-desc\"><p>Vous prenez le paiement directement dans votre magasin. Le paiement est ensuite g\u00e9r\u00e9 en dehors de l&#8217;application.<\/p>\n<\/div><\/div><\/div>[\/vc_column_inner][vc_column_inner width=&#8221;1\/3&#8243;]<div class=\"info-item  style1\"><div class=\"icon\"><i style=\"font-size:70px\" class=\"theme-color fas fa-receipt\"><\/i><\/div><div class=\"info-item-content\"><h4 class=\"info-item-title\">gratuit<\/h4><div class=\"info-item-desc\"><p>Offer free appointments without your client having to pay anything. No payments are then required.<\/p>\n<\/div><\/div><\/div>[\/vc_column_inner][\/vc_row_inner][vc_empty_space][vc_empty_space][vc_empty_space][\/vc_column][\/vc_row][vc_row full_width=&#8221;stretch_row&#8221; el_class=&#8221;wk-row&#8221; el_id=&#8221;demandez \u00e0&#8221;][vc_column][vc_column_text]<\/p>\n<h4>SiteBooking<\/h4>\n<h1>prendre simplement des rendez-vous<\/h1>\n<p>[\/vc_column_text][vc_empty_space][vc_column_text]<\/p>\n<h3><strong>Qu&#8217;est-ce que SiteBooking ?<\/strong><\/h3>\n<p>SiteBooking est une nouvelle application pour les r\u00e9servations. La prise de rendez-vous et les ajustements associ\u00e9s peuvent \u00eatre fastidieux. Cependant, avec SiteBooking, vous pouvez facilement et commod\u00e9ment organiser vos r\u00e9servations pendant que vous continuez \u00e0 travailler en paix. SiteBooking aidera les clients \u00e0 accepter, g\u00e9rer et payer les r\u00e9servations. SiteBooking s&#8217;adresse \u00e0 toute personne qui fournit un service. La synchronisation compl\u00e8te du calendrier est incluse. Le meilleur de tous, c&#8217;est qu&#8217;il fonctionnera comme un add-on pour SiteDesigner et plus tard comme un produit autonome.[\/vc_column_text][vc_empty_space][vc_column_text]<\/p>\n<h3><strong>A qui s&#8217;adresse SiteBooking ?<\/strong><\/h3>\n<p>SiteBooking s&#8217;adresse \u00e0 toute personne qui offre un service. Dans certains pays, la plupart des nouvelles petites entreprises sont des entreprises de services, il s&#8217;agit donc d&#8217;un march\u00e9 en pleine croissance. SiteBooking permet de g\u00e9rer facilement les disponibilit\u00e9s avec vos calendriers existants. De nombreuses nouvelles entreprises sont cr\u00e9\u00e9es par des personnes qui souhaitent adapter leurs horaires de travail en fonction de leurs obligations familiales ou d&#8217;autres emplois.[\/vc_column_text][\/vc_column][\/vc_row][vc_row][vc_column][vc_row_inner][vc_column_inner width=&#8221;1\/3&#8243;]<div class=\"info-item  style5\"><div class=\"icon theme-color\"><i style=\"font-size:70px\" class=\"fas fa-mouse-pointer\"><\/i><\/div><div class=\"info-item-content\"><h4 class=\"info-item-title\">1. s\u00e9lectionnez la r\u00e9servation<\/h4><div class=\"info-item-desc\"><p>Choisis ta r\u00e9servation en un clic.<\/p>\n<\/div><\/div><\/div>[\/vc_column_inner][vc_column_inner width=&#8221;1\/3&#8243;]<div class=\"info-item  style5\"><div class=\"icon theme-color\"><i style=\"font-size:70px\" class=\"fas fa-calendar-alt\"><\/i><\/div><div class=\"info-item-content\"><h4 class=\"info-item-title\">2. s\u00e9lectionnez la date<\/h4><div class=\"info-item-desc\"><p>Choisissez l&#8217;heure, la date, la fr\u00e9quence et la dur\u00e9e.<\/p>\n<\/div><\/div><\/div>[\/vc_column_inner][vc_column_inner width=&#8221;1\/3&#8243;]<div class=\"info-item  style5\"><div class=\"icon theme-color\"><i style=\"font-size:70px\" class=\"far fa-credit-card\"><\/i><\/div><div class=\"info-item-content\"><h4 class=\"info-item-title\">3. payer la facture - fait<\/h4><div class=\"info-item-desc\"><p>Enfin, vous ne devez payer que la facture. Pour cela, vous avez le choix entre 3 modes de paiement diff\u00e9rents.<\/p>\n<\/div><\/div><\/div>[\/vc_column_inner][\/vc_row_inner][vc_empty_space]<div id=\"iwt-46949\" class=\"iw-tabs  fade-slide layout1\"><div class=\"iw-tab-items\"><\/div><div class=\"iw-tab-content\"><div class=\"iw-tab-content-inner\"><\/div><\/div><div style=\"clear:both;\"><\/div><\/div><script type=\"text\/javascript\">(function($){$(document).ready(function(){$(\"#iwt-46949\").iwTabs(\"tab\");});})(jQuery);<\/script>[vc_gallery interval=&#8221;3&#8243; images=&#8221;24534,24538,24542&#8243; img_size=&#8221;full&#8221;][vc_btn title=&#8221;COMMANDEZ MAINTENANT ET B\u00c9N\u00c9FICIEZ&#8221; style=&#8221;custom&#8221; custom_background=&#8221;#197dc8&#8243; custom_text=&#8221;#ffffff&#8221; shape=&#8221;square&#8221; size=&#8221;lg&#8221; align=&#8221;center&#8221; link=&#8221;url:https%3A%2F%2Fadmin.firestorm.ch%2Fcart.php%3Fgid%3Daddons|title:https%3A%2F%2Fadmin.firestorm.ch%2Fcart.php%3Fgid%3Daddons|rel:nofollow&#8221;][vc_empty_space][vc_empty_space][vc_empty_space][\/vc_column][\/vc_row]<\/p>\n","protected":false},"excerpt":{"rendered":"<p>[vc_row full_width=&#8221;stretch_row_content_no_spaces&#8221; content_placement=&#8221;middle&#8221; wk_overlay=&#8221;true&#8221; css=&#8221;.vc_custom_1652442074985{background-image: url(https:\/\/www.firestorm.ch\/wp-content\/uploads\/2022\/05\/Termine-Onlinebuchungen-1-1.jpg?id=24638) !important;}&#8221; el_class=&#8221;wk-header&#8221;][vc_column][vc_row_inner][vc_column_inner][vc_separator color=&#8221;custom&#8221; border_width=&#8221;7&#8243; el_width=&#8221;10&#8243; accent_color=&#8221;#197dc8&#8243;][vc_column_text el_class=&#8221;wk-header-text&#8221;] SITEBOOKING ADDON DATES &amp; R\u00c9SERVATIONS EN LIGNE POUR SITEDESIGNER [\/vc_column_text][\/vc_column_inner][\/vc_row_inner][\/vc_column][\/vc_row][vc_row full_width=&#8221;stretch_row&#8221; el_class=&#8221;rowToFix&#8221; css=&#8221;.vc_custom_1633511711804{border-bottom-width: 1px !important;padding-top: 20px !important;padding-bottom: 20px !important;border-bottom-color: #197dc8 !important;border-bottom-style: solid !important;}&#8221;][vc_column width=&#8221;1\/2&#8243;][vc_btn title=&#8221;Les questions les plus importantes&#8221; style=&#8221;custom&#8221; custom_background=&#8221;#197dc8&#8243; custom_text=&#8221;#ffffff&#8221; shape=&#8221;square&#8221; align=&#8221;center&#8221; button_block=&#8221;true&#8221; link=&#8221;url:%23demandez%20%C3%A0&#8243; el_class=&#8221;navButtons&#8221;][\/vc_column][vc_column width=&#8221;1\/2&#8243;][vc_btn title=&#8221;Offres&#8221; style=&#8221;custom&#8221; custom_background=&#8221;#197dc8&#8243; custom_text=&#8221;#ffffff&#8221; [&hellip;]<\/p>\n","protected":false},"author":1,"featured_media":0,"parent":0,"menu_order":0,"comment_status":"closed","ping_status":"closed","template":"","meta":{"_relevanssi_hide_post":"","_relevanssi_pin_for_all":"","_relevanssi_pin_keywords":"","_relevanssi_unpin_keywords":"","_relevanssi_related_keywords":"","_relevanssi_related_include_ids":"","_relevanssi_related_exclude_ids":"","_relevanssi_related_no_append":"","_relevanssi_related_not_related":"","_relevanssi_related_posts":"","_relevanssi_noindex_reason":"","footnotes":""},"class_list":["post-24036","page","type-page","status-publish","hentry"],"yoast_head":"<!-- This site is optimized with the Yoast SEO Premium plugin v27.1 (Yoast SEO v27.5) - https:\/\/yoast.com\/product\/yoast-seo-premium-wordpress\/ -->\n<title>SiteBooking - FireStorm ISP<\/title>\n<meta name=\"description\" content=\"travaillez en toute tranquillit\u00e9. Choisissez l&#039;heure \u00e0 laquelle vous \u00eates disponible pour les rendez-vous, et vos clients choisissent une heure. SiteBooking utilise votre calendrier pour d\u00e9terminer quand vous \u00eates disponible.\" \/>\n<meta name=\"robots\" content=\"index, follow, max-snippet:-1, max-image-preview:large, max-video-preview:-1\" \/>\n<link rel=\"canonical\" href=\"https:\/\/www.firestorm.ch\/fr\/sitebooking\/\" \/>\n<meta property=\"og:locale\" content=\"fr_FR\" \/>\n<meta property=\"og:type\" content=\"article\" \/>\n<meta property=\"og:title\" content=\"SiteBooking\" \/>\n<meta property=\"og:description\" content=\"travaillez en toute tranquillit\u00e9. Choisissez l&#039;heure \u00e0 laquelle vous \u00eates disponible pour les rendez-vous, et vos clients choisissent une heure. SiteBooking utilise votre calendrier pour d\u00e9terminer quand vous \u00eates disponible.\" \/>\n<meta property=\"og:url\" content=\"https:\/\/www.firestorm.ch\/fr\/sitebooking\/\" \/>\n<meta property=\"og:site_name\" content=\"FireStorm ISP\" \/>\n<meta property=\"article:publisher\" content=\"https:\/\/www.facebook.com\/firestorm.ch\/\" \/>\n<meta property=\"article:modified_time\" content=\"2023-12-05T16:22:51+00:00\" \/>\n<meta name=\"twitter:card\" content=\"summary_large_image\" \/>\n<meta name=\"twitter:label1\" content=\"Est. reading time\" \/>\n\t<meta name=\"twitter:data1\" content=\"5 minutes\" \/>\n<script type=\"application\/ld+json\" class=\"yoast-schema-graph\">{\"@context\":\"https:\\\/\\\/schema.org\",\"@graph\":[{\"@type\":\"WebPage\",\"@id\":\"https:\\\/\\\/www.firestorm.ch\\\/fr\\\/sitebooking\\\/\",\"url\":\"https:\\\/\\\/www.firestorm.ch\\\/fr\\\/sitebooking\\\/\",\"name\":\"SiteBooking - FireStorm ISP\",\"isPartOf\":{\"@id\":\"https:\\\/\\\/www.firestorm.ch\\\/#website\"},\"datePublished\":\"2022-05-13T13:01:37+00:00\",\"dateModified\":\"2023-12-05T16:22:51+00:00\",\"description\":\"travaillez en toute tranquillit\u00e9. Choisissez l'heure \u00e0 laquelle vous \u00eates disponible pour les rendez-vous, et vos clients choisissent une heure. SiteBooking utilise votre calendrier pour d\u00e9terminer quand vous \u00eates disponible.\",\"breadcrumb\":{\"@id\":\"https:\\\/\\\/www.firestorm.ch\\\/fr\\\/sitebooking\\\/#breadcrumb\"},\"inLanguage\":\"fr-CH\",\"potentialAction\":[{\"@type\":\"ReadAction\",\"target\":[\"https:\\\/\\\/www.firestorm.ch\\\/fr\\\/sitebooking\\\/\"]}]},{\"@type\":\"BreadcrumbList\",\"@id\":\"https:\\\/\\\/www.firestorm.ch\\\/fr\\\/sitebooking\\\/#breadcrumb\",\"itemListElement\":[{\"@type\":\"ListItem\",\"position\":1,\"name\":\"Startseite\",\"item\":\"https:\\\/\\\/www.firestorm.ch\\\/fr\\\/\"},{\"@type\":\"ListItem\",\"position\":2,\"name\":\"SiteBooking\"}]},{\"@type\":\"WebSite\",\"@id\":\"https:\\\/\\\/www.firestorm.ch\\\/#website\",\"url\":\"https:\\\/\\\/www.firestorm.ch\\\/\",\"name\":\"FireStorm\",\"description\":\"Webhosting, Domainnamen, Server, Mailserver und Hosting mit Homepagebaukasten und Free SSL Zertifikat\",\"publisher\":{\"@id\":\"https:\\\/\\\/www.firestorm.ch\\\/#organization\"},\"potentialAction\":[{\"@type\":\"SearchAction\",\"target\":{\"@type\":\"EntryPoint\",\"urlTemplate\":\"https:\\\/\\\/www.firestorm.ch\\\/?s={search_term_string}\"},\"query-input\":{\"@type\":\"PropertyValueSpecification\",\"valueRequired\":true,\"valueName\":\"search_term_string\"}}],\"inLanguage\":\"fr-CH\"},{\"@type\":\"Organization\",\"@id\":\"https:\\\/\\\/www.firestorm.ch\\\/#organization\",\"name\":\"FireStorm\",\"url\":\"https:\\\/\\\/www.firestorm.ch\\\/\",\"logo\":{\"@type\":\"ImageObject\",\"inLanguage\":\"fr-CH\",\"@id\":\"https:\\\/\\\/www.firestorm.ch\\\/#\\\/schema\\\/logo\\\/image\\\/\",\"url\":\"https:\\\/\\\/www.firestorm.ch\\\/wp-content\\\/uploads\\\/2026\\\/03\\\/FireStormLogo.png\",\"contentUrl\":\"https:\\\/\\\/www.firestorm.ch\\\/wp-content\\\/uploads\\\/2026\\\/03\\\/FireStormLogo.png\",\"width\":589,\"height\":60,\"caption\":\"FireStorm\"},\"image\":{\"@id\":\"https:\\\/\\\/www.firestorm.ch\\\/#\\\/schema\\\/logo\\\/image\\\/\"},\"sameAs\":[\"https:\\\/\\\/www.facebook.com\\\/firestorm.ch\\\/\"]}]}<\/script>\n<!-- \/ Yoast SEO Premium plugin. -->","yoast_head_json":{"title":"SiteBooking - FireStorm ISP","description":"travaillez en toute tranquillit\u00e9. Choisissez l'heure \u00e0 laquelle vous \u00eates disponible pour les rendez-vous, et vos clients choisissent une heure. SiteBooking utilise votre calendrier pour d\u00e9terminer quand vous \u00eates disponible.","robots":{"index":"index","follow":"follow","max-snippet":"max-snippet:-1","max-image-preview":"max-image-preview:large","max-video-preview":"max-video-preview:-1"},"canonical":"https:\/\/www.firestorm.ch\/fr\/sitebooking\/","og_locale":"fr_FR","og_type":"article","og_title":"SiteBooking","og_description":"travaillez en toute tranquillit\u00e9. Choisissez l'heure \u00e0 laquelle vous \u00eates disponible pour les rendez-vous, et vos clients choisissent une heure. SiteBooking utilise votre calendrier pour d\u00e9terminer quand vous \u00eates disponible.","og_url":"https:\/\/www.firestorm.ch\/fr\/sitebooking\/","og_site_name":"FireStorm ISP","article_publisher":"https:\/\/www.facebook.com\/firestorm.ch\/","article_modified_time":"2023-12-05T16:22:51+00:00","twitter_card":"summary_large_image","twitter_misc":{"Est. reading time":"5 minutes"},"schema":{"@context":"https:\/\/schema.org","@graph":[{"@type":"WebPage","@id":"https:\/\/www.firestorm.ch\/fr\/sitebooking\/","url":"https:\/\/www.firestorm.ch\/fr\/sitebooking\/","name":"SiteBooking - FireStorm ISP","isPartOf":{"@id":"https:\/\/www.firestorm.ch\/#website"},"datePublished":"2022-05-13T13:01:37+00:00","dateModified":"2023-12-05T16:22:51+00:00","description":"travaillez en toute tranquillit\u00e9. Choisissez l'heure \u00e0 laquelle vous \u00eates disponible pour les rendez-vous, et vos clients choisissent une heure. SiteBooking utilise votre calendrier pour d\u00e9terminer quand vous \u00eates disponible.","breadcrumb":{"@id":"https:\/\/www.firestorm.ch\/fr\/sitebooking\/#breadcrumb"},"inLanguage":"fr-CH","potentialAction":[{"@type":"ReadAction","target":["https:\/\/www.firestorm.ch\/fr\/sitebooking\/"]}]},{"@type":"BreadcrumbList","@id":"https:\/\/www.firestorm.ch\/fr\/sitebooking\/#breadcrumb","itemListElement":[{"@type":"ListItem","position":1,"name":"Startseite","item":"https:\/\/www.firestorm.ch\/fr\/"},{"@type":"ListItem","position":2,"name":"SiteBooking"}]},{"@type":"WebSite","@id":"https:\/\/www.firestorm.ch\/#website","url":"https:\/\/www.firestorm.ch\/","name":"FireStorm","description":"Webhosting, Domainnamen, Server, Mailserver und Hosting mit Homepagebaukasten und Free SSL Zertifikat","publisher":{"@id":"https:\/\/www.firestorm.ch\/#organization"},"potentialAction":[{"@type":"SearchAction","target":{"@type":"EntryPoint","urlTemplate":"https:\/\/www.firestorm.ch\/?s={search_term_string}"},"query-input":{"@type":"PropertyValueSpecification","valueRequired":true,"valueName":"search_term_string"}}],"inLanguage":"fr-CH"},{"@type":"Organization","@id":"https:\/\/www.firestorm.ch\/#organization","name":"FireStorm","url":"https:\/\/www.firestorm.ch\/","logo":{"@type":"ImageObject","inLanguage":"fr-CH","@id":"https:\/\/www.firestorm.ch\/#\/schema\/logo\/image\/","url":"https:\/\/www.firestorm.ch\/wp-content\/uploads\/2026\/03\/FireStormLogo.png","contentUrl":"https:\/\/www.firestorm.ch\/wp-content\/uploads\/2026\/03\/FireStormLogo.png","width":589,"height":60,"caption":"FireStorm"},"image":{"@id":"https:\/\/www.firestorm.ch\/#\/schema\/logo\/image\/"},"sameAs":["https:\/\/www.facebook.com\/firestorm.ch\/"]}]}},"rttpg_featured_image_url":null,"rttpg_author":{"display_name":"FireStorm","author_link":"https:\/\/www.firestorm.ch\/fr\/news\/author\/webkoenig\/"},"rttpg_comment":0,"rttpg_category":" <a href=\"https:\/\/www.firestorm.ch\/fr\/?taxonomy=translation_priority&#038;term=facultatif\" rel=\"tag\">Facultatif<\/a><a href=\"https:\/\/www.firestorm.ch\/?taxonomy=translation_priority&#038;term=optional\" rel=\"tag\">Optional<\/a>","rttpg_excerpt":"[vc_row full_width=&#8221;stretch_row_content_no_spaces&#8221; content_placement=&#8221;middle&#8221; wk_overlay=&#8221;true&#8221; css=&#8221;.vc_custom_1652442074985{background-image: url(https:\/\/www.firestorm.ch\/wp-content\/uploads\/2022\/05\/Termine-Onlinebuchungen-1-1.jpg?id=24638) !important;}&#8221; el_class=&#8221;wk-header&#8221;][vc_column][vc_row_inner][vc_column_inner][vc_separator color=&#8221;custom&#8221; border_width=&#8221;7&#8243; el_width=&#8221;10&#8243; accent_color=&#8221;#197dc8&#8243;][vc_column_text el_class=&#8221;wk-header-text&#8221;] SITEBOOKING ADDON DATES &amp; R\u00c9SERVATIONS EN LIGNE POUR SITEDESIGNER [\/vc_column_text][\/vc_column_inner][\/vc_row_inner][\/vc_column][\/vc_row][vc_row full_width=&#8221;stretch_row&#8221; el_class=&#8221;rowToFix&#8221; css=&#8221;.vc_custom_1633511711804{border-bottom-width: 1px !important;padding-top: 20px !important;padding-bottom: 20px !important;border-bottom-color: #197dc8 !important;border-bottom-style: solid !important;}&#8221;][vc_column width=&#8221;1\/2&#8243;][vc_btn title=&#8221;Les questions les plus importantes&#8221; style=&#8221;custom&#8221; custom_background=&#8221;#197dc8&#8243; custom_text=&#8221;#ffffff&#8221; shape=&#8221;square&#8221; align=&#8221;center&#8221; button_block=&#8221;true&#8221; link=&#8221;url:%23demandez%20%C3%A0&#8243; el_class=&#8221;navButtons&#8221;][\/vc_column][vc_column width=&#8221;1\/2&#8243;][vc_btn title=&#8221;Offres&#8221; style=&#8221;custom&#8221; custom_background=&#8221;#197dc8&#8243; custom_text=&#8221;#ffffff&#8221;&hellip;","_links":{"self":[{"href":"https:\/\/www.firestorm.ch\/fr\/wp-json\/wp\/v2\/pages\/24036","targetHints":{"allow":["GET"]}}],"collection":[{"href":"https:\/\/www.firestorm.ch\/fr\/wp-json\/wp\/v2\/pages"}],"about":[{"href":"https:\/\/www.firestorm.ch\/fr\/wp-json\/wp\/v2\/types\/page"}],"author":[{"embeddable":true,"href":"https:\/\/www.firestorm.ch\/fr\/wp-json\/wp\/v2\/users\/1"}],"replies":[{"embeddable":true,"href":"https:\/\/www.firestorm.ch\/fr\/wp-json\/wp\/v2\/comments?post=24036"}],"version-history":[{"count":0,"href":"https:\/\/www.firestorm.ch\/fr\/wp-json\/wp\/v2\/pages\/24036\/revisions"}],"wp:attachment":[{"href":"https:\/\/www.firestorm.ch\/fr\/wp-json\/wp\/v2\/media?parent=24036"}],"curies":[{"name":"wp","href":"https:\/\/api.w.org\/{rel}","templated":true}]}}